{"id":903,"date":"2016-01-10T20:26:10","date_gmt":"2016-01-10T20:26:10","guid":{"rendered":"http:\/\/linux\/?page_id=903"},"modified":"2016-02-10T20:48:22","modified_gmt":"2016-02-10T20:48:22","slug":"capablanca","status":"publish","type":"page","link":"http:\/\/schachclub-emmendingen.badischer-schachverband.de\/index.php\/sonstiges\/meisterpartien\/capablanca\/","title":{"rendered":"Jos\u00e9 Ra\u00fal Capablanca"},"content":{"rendered":"<p>Capablanca war der Sohn eines spanischen Kolonialbeamten. Er galt als Wunderkind und erlernte das Schachspielen schon mit vier Jahren. Angeblich soll er dies durch blo\u00dfes Zusehen bei den Spielen seines Vaters sich selbst beigebracht haben, was von Capablanca selbst in sp\u00e4teren Jahren jedoch ins Reich der Fabel verwiesen wurde. Tatsache ist jedoch, dass er bereits in sehr jungen Jahren \u00fcber eine beachtliche Spielst\u00e4rke verf\u00fcgte.<\/p>\n<p>{Nimzo &#8211; Indian Defence Capablanca was the World Chess Champion from 1921 to 1927. The Greatest compliment one can pay a master is to compare his play to Capablanca. He was a genius, the greatest ever produced by chess.<br \/>\nSee what other World Champions say about him :- &#8222;You cannot play chess unless you have studied his games.&#8220; &#8211; Mikhail Botvinnik. &#8222;Capablanca was possibly the greatest player in the entire history of chess.&#8220; &#8211; Bobby Fischer. &#8222;Capablanca invariably chose the right option, no matter how intricate the position.&#8220; &#8211; Garry Kasparov. The following is an impeccably played game by the Former World Champion, typical of his seemingly effortless simplicity.}<\/p>\n<p><a name=\"golombek\"><\/a><\/p>\n<hr>\n\n\n<p class=\"rpbchessboard-spacerBefore\"><\/p>\n\n<div class=\"rpbchessboard-chessgame\">\n    <noscript>\n        <div class=\"rpbchessboard-javascriptWarning\">\n            Sie m\u00fcssen JavaScript aktivieren, um die Notation zu verbessern.        <\/div>\n    <\/noscript>\n    <div id=\"rpbchessboard-69e9e5d860c2b-1\"><\/div>\n    <script type=\"text\/javascript\">\n        (function() {\n            function renderThisPGN() {\n                RPBChessboard.renderPGN(\"rpbchessboard-69e9e5d860c2b-1\", {\"pgn\":\"[Event \\\"?\\\"]\\r\\n[Site \\\"?\\\"]\\r\\n[Date \\\"1939.??.??\\\"]\\r\\n[Round \\\"?\\\"]\\r\\n[White \\\"Capablanca\\\"]\\r\\n[Black \\\"Golombek, H\\\"]\\r\\n[Result \\\"1-0\\\"]\\r\\n[ECO \\\"E35\\\"]\\r\\n[Opening \\\"Nimzo-Indisch mit 4. Dc2, Noa, Abtausch, 6.Bg5\\\"]\\r\\n[TimeControl \\\"40\\\/300:40\\\/300:40\\\/300\\\"]\\r\\n[Termination \\\"normal\\\"]\\r\\n[PlyCount \\\"57\\\"]\\r\\n[WhiteType \\\"human\\\"]\\r\\n[BlackType \\\"human\\\"]\\r\\n\\r\\n1. d4 Nf6 2. c4 e6 3. Nc3 Bb4 4. Qc2 d5 5. cxd5\\r\\nexd5 6. Bg5 c6 7. e3 Nbd7 8. Bd3 h6 9. Bh4 O-O 10. Nf3 Re8 11. O-O Be7 12.\\r\\nBg3 {Preventing Black&#8217;s Ne4, liquidating.} Nf8 {Now Black forms a plan to exchange his light squared Bishop for White&#8217;s active piece on d3.} 13. h3 Be6 14. Rab1 {Now commences the famous and formidable minority attack on the Queen side.} Nh5 15. Bh2 g6 16. Ne5 Ng7 17. b4 Bf5 18. Na4 Bxd3 19. Qxd3 Nd7 20. Rfc1 Nxe5 21. Bxe5 Bd6 22. Bxd6 Qxd6 {It seems as though Black, by his numerous exchanges has eased his position. But&#8230;} 23. b5 $1\\r\\ncxb5 24. Qxb5 Ne6 {If 24&#8230; Re7, 25 Rc5 Rd8 26 Nc3 and the &#8218;d&#8216; Pawn falls.\\r\\nIf 24&#8230; b6, 25 Rc6 Qd7 26 Rxb6 and if 25&#8230; Qd8, 26 Nc3} 25. Nc3 {$1\\r\\nBetter than 25 Qb7 which gives Black chances by 25&#8230; Reb8 26 Qc6 Qxc6 27 Rxb8+ Rxb8 28 Rxc6 Rb1+ etc.} Red8 26. Qxb7 Qa3 $6 27. Nxd5 Qxa2 28. Nb4 Qa4 29. Nc6 {$1 White not only threatens to capture the Rook but also to win the Queen by 30. Ra1!} 1-0\",\"pieceSymbols\":\"localized\",\"navigationBoard\":\"floatLeft\",\"withPlayButton\":true,\"withFlipButton\":true,\"withDownloadButton\":true,\"nboSquareSize\":32,\"nboCoordinateVisible\":true,\"nboTurnVisible\":true,\"nboColorset\":\"original\",\"nboPieceset\":\"cburnett\",\"nboAnimated\":true,\"nboMoveArrowVisible\":true,\"nboMoveArrowColor\":\"b\",\"idoSquareSize\":32,\"idoCoordinateVisible\":true,\"idoTurnVisible\":true,\"idoColorset\":\"original\",\"idoPieceset\":\"cburnett\"});\n            }\n            if (document.readyState === 'loading') {\n                document.addEventListener('DOMContentLoaded', renderThisPGN);\n            }\n            else {\n                renderThisPGN();\n            }\n        })();\n    <\/script>\n<\/div>\n\n<p class=\"rpbchessboard-spacerAfter\"><\/p>\n\n","protected":false},"excerpt":{"rendered":"<p>Capablanca war der Sohn eines spanischen Kolonialbeamten. Er galt als Wunderkind und erlernte das Schachspielen schon mit vier Jahren. Angeblich soll er dies durch blo\u00dfes Zusehen bei den Spielen seines Vaters sich selbst beigebracht haben, was von Capablanca selbst in sp\u00e4teren Jahren jedoch ins Reich der Fabel verwiesen wurde. Tatsache ist jedoch, dass er bereits &hellip; <a href=\"http:\/\/schachclub-emmendingen.badischer-schachverband.de\/index.php\/sonstiges\/meisterpartien\/capablanca\/\" class=\"more-link\"><span class=\"screen-reader-text\">Jos\u00e9 Ra\u00fal Capablanca<\/span> weiterlesen <span class=\"meta-nav\">&rarr;<\/span><\/a><\/p>\n","protected":false},"author":3,"featured_media":0,"parent":850,"menu_order":3,"comment_status":"closed","ping_status":"closed","template":"","meta":{"footnotes":""},"class_list":["post-903","page","type-page","status-publish","hentry"],"_links":{"self":[{"href":"http:\/\/schachclub-emmendingen.badischer-schachverband.de\/index.php\/wp-json\/wp\/v2\/pages\/903","targetHints":{"allow":["GET"]}}],"collection":[{"href":"http:\/\/schachclub-emmendingen.badischer-schachverband.de\/index.php\/wp-json\/wp\/v2\/pages"}],"about":[{"href":"http:\/\/schachclub-emmendingen.badischer-schachverband.de\/index.php\/wp-json\/wp\/v2\/types\/page"}],"author":[{"embeddable":true,"href":"http:\/\/schachclub-emmendingen.badischer-schachverband.de\/index.php\/wp-json\/wp\/v2\/users\/3"}],"replies":[{"embeddable":true,"href":"http:\/\/schachclub-emmendingen.badischer-schachverband.de\/index.php\/wp-json\/wp\/v2\/comments?post=903"}],"version-history":[{"count":10,"href":"http:\/\/schachclub-emmendingen.badischer-schachverband.de\/index.php\/wp-json\/wp\/v2\/pages\/903\/revisions"}],"predecessor-version":[{"id":2249,"href":"http:\/\/schachclub-emmendingen.badischer-schachverband.de\/index.php\/wp-json\/wp\/v2\/pages\/903\/revisions\/2249"}],"up":[{"embeddable":true,"href":"http:\/\/schachclub-emmendingen.badischer-schachverband.de\/index.php\/wp-json\/wp\/v2\/pages\/850"}],"wp:attachment":[{"href":"http:\/\/schachclub-emmendingen.badischer-schachverband.de\/index.php\/wp-json\/wp\/v2\/media?parent=903"}],"curies":[{"name":"wp","href":"https:\/\/api.w.org\/{rel}","templated":true}]}}