{"id":896,"date":"2016-01-10T20:17:13","date_gmt":"2016-01-10T20:17:13","guid":{"rendered":"http:\/\/linux\/?page_id=896"},"modified":"2016-02-10T20:49:26","modified_gmt":"2016-02-10T20:49:26","slug":"bobby-fischer","status":"publish","type":"page","link":"http:\/\/schachclub-emmendingen.badischer-schachverband.de\/index.php\/sonstiges\/meisterpartien\/bobby-fischer\/","title":{"rendered":"Bobby Fischer"},"content":{"rendered":"<p>Robert James \u201eBobby\u201c Fischer (* 9. M\u00e4rz 1943 in Chicago, Illinois; \u2020 17. Januar 2008 in Reykjav\u00edk, Island) war ein US-amerikanischer Schachspieler. Er war von 1972 bis 1975 der 11. Schachweltmeister. Als 16-j\u00e4hriger nahm er am Kandidatenturnier teil, dessen Sieger den Weltmeister herausfordern durfte. Den Titel gewann er 1972 in einem als Match des Jahrhunderts bezeichneten Wettkampf gegen Boris Spasski.<\/p>\n<p>Danach zog sich Fischer vom Turnierschach zur\u00fcck. Als er 1975 gegen den sowjetischen Herausforderer Anatoli Karpow nicht antrat, entzog der Weltschachbund (FIDE) Fischer den Weltmeistertitel. Es folgte nur noch ein einziger \u00f6ffentlicher Schachauftritt 1992 in einem privat organisierten Wettkampf gegen Spasski. Daneben machte Fischer vermehrt mit antisemitischen und antiamerikanischen \u00c4u\u00dferungen Schlagzeilen. Seine letzten Lebensjahre verbrachte er in Island, dessen Staatsb\u00fcrgerschaft er angenommen hatte. Angesichts seiner unbestrittenen Leistungen gilt Fischer als eine herausragende Gestalt der Schachgeschichte.<\/p>\n<p><a name=\"rbyrne\"><\/a><\/p>\n<hr>\n\n\n<p class=\"rpbchessboard-spacerBefore\"><\/p>\n\n<div class=\"rpbchessboard-chessgame\">\n    <noscript>\n        <div class=\"rpbchessboard-javascriptWarning\">\n            Sie m\u00fcssen JavaScript aktivieren, um die Notation zu verbessern.        <\/div>\n    <\/noscript>\n    <div id=\"rpbchessboard-69e4cc3887af1-1\"><\/div>\n    <script type=\"text\/javascript\">\n        (function() {\n            function renderThisPGN() {\n                RPBChessboard.renderPGN(\"rpbchessboard-69e4cc3887af1-1\", {\"pgn\":\"[Event \\\"US Championship\\\"]\\r\\n[Site \\\"?\\\"]\\r\\n[Date \\\"1963.??.??\\\"]\\r\\n[Round \\\"?\\\"]\\r\\n[White \\\"Byrne, R\\\"]\\r\\n[Black \\\"Fischer\\\"]\\r\\n[Result \\\"0-1\\\"]\\r\\n[ECO \\\"D70\\\"]\\r\\n[Opening \\\"Gr\\u00fcnfeld-Verteidigung (Abweichungen im 3. Zug)\\\"]\\r\\n[Variation \\\"4.Bg2 c6\\\"]\\r\\n[TimeControl \\\"40\\\/300:40\\\/300:40\\\/300\\\"]\\r\\n[Termination \\\"normal\\\"]\\r\\n[PlyCount \\\"42\\\"]\\r\\n[WhiteType \\\"human\\\"]\\r\\n[BlackType \\\"human\\\"]\\r\\n\\r\\n1. d4 Nf6 2. c4 g6 3. g3 c6 4. Bg2 d5 5. cxd5 cxd5 6. Nc3 Bg7 7. e3 O-O 8.\\r\\nNge2 Nc6 9. O-O b6 10. b3 Ba6 11. Ba3 Re8 12. Qd2 e5 {Opening the center.\\r\\nBlack&#8217;s piece activity offsets the resulting isolani.} 13. dxe5 Nxe5 14.\\r\\nRfd1 {The wrong Rook!} Nd3 15. Qc2 Nxf2 16. Kxf2 Ng4+ 17. Kg1 Nxe3 18. Qd2\\r\\nNxg2 {A brilliant attack now ensues.} 19. Kxg2 d4 20. Nxd4 Bb7+ 21. Kf1\\r\\n{There is a great story that accompanies this game. In a hall adjacent to\\r\\nthe playing room, Grandmaster Rossolimo was commenting on the games for a\\r\\nlarge audience. He had been completely mystified by this game; at this\\r\\npoint, in fact, he told his audience that there was obviously nothing left\\r\\nfor Fischer to do but give up. Suddenly, the messenger came with the next\\r\\nreport, and announced that Byrne had resigned! Can you guess Fischer&#8217;s\\r\\ndeadly final stroke?} Qd7 0-1\",\"pieceSymbols\":\"localized\",\"navigationBoard\":\"floatLeft\",\"withPlayButton\":true,\"withFlipButton\":true,\"withDownloadButton\":true,\"nboSquareSize\":32,\"nboCoordinateVisible\":true,\"nboTurnVisible\":true,\"nboColorset\":\"original\",\"nboPieceset\":\"cburnett\",\"nboAnimated\":true,\"nboMoveArrowVisible\":true,\"nboMoveArrowColor\":\"b\",\"idoSquareSize\":32,\"idoCoordinateVisible\":true,\"idoTurnVisible\":true,\"idoColorset\":\"original\",\"idoPieceset\":\"cburnett\"});\n            }\n            if (document.readyState === 'loading') {\n                document.addEventListener('DOMContentLoaded', renderThisPGN);\n            }\n            else {\n                renderThisPGN();\n            }\n        })();\n    <\/script>\n<\/div>\n\n<p class=\"rpbchessboard-spacerAfter\"><\/p>\n\n<p><a name=\"dbyrne\"><\/a><br \/>\n\n\n<p class=\"rpbchessboard-spacerBefore\"><\/p>\n\n<div class=\"rpbchessboard-chessgame\">\n    <noscript>\n        <div class=\"rpbchessboard-javascriptWarning\">\n            Sie m\u00fcssen JavaScript aktivieren, um die Notation zu verbessern.        <\/div>\n    <\/noscript>\n    <div id=\"rpbchessboard-69e4cc3887af1-2\"><\/div>\n    <script type=\"text\/javascript\">\n        (function() {\n            function renderThisPGN() {\n                RPBChessboard.renderPGN(\"rpbchessboard-69e4cc3887af1-2\", {\"pgn\":\"[Event \\\"New York Rosenwald\\\"]\\r\\n[Site \\\"?\\\"]\\r\\n[Date \\\"1956.10.17\\\"]\\r\\n[Round \\\"8\\\"]\\r\\n[White \\\"Byrne, Donald\\\"]\\r\\n[Black \\\"Fischer, Robert James\\\"]\\r\\n[Result \\\"0-1\\\"]\\r\\n[ECO \\\"D97\\\"]\\r\\n[Annotator \\\"Mueller,Karsten\\\"]\\r\\n[PlyCount \\\"82\\\"]\\r\\n[EventDate \\\"1956.10.07\\\"]\\r\\n[Source \\\"ChessBase\\\"]\\r\\n[SourceDate \\\"2003.06.01\\\"]\\r\\n\\r\\n{Beispielpartie von der ChessBase Trainings-CD &#8222;Weltmeister Bobby Fischer&#8220;\\r\\nvon Robert Huebner\\r\\nDer Aufstieg von Robert James &#8211; genannt Bobby &#8211; Fischer\\r\\nbis zum Gewinn der Weltmeisterschaft gegen Spasskij 1972 in Reykjavik loeste\\r\\nweltweit einen grossen Schachboom aus. Er hatte sich bereits in fruehester\\r\\nJugend dem koeniglichen Spiel verschrieben und arbeitete sehr hart an seinem\\r\\nErfolg. &#8222;Im November 1956 erschien dann Fischers Name zum ersten Mal in den\\r\\nbedeutendsten Schachzeitschriften der Welt, als er Donald Byrne &#8230; in einem\\r\\nSpiel grosser Klarheit und Brillanz schlug. Hans Kmoch nannte es in seinem\\r\\n&#8222;Chess Review&#8220; &#8222;das Spiel des Jahrhunderts&#8220; und schrieb: &#8222;&#8230;ein erstaunliches\\r\\nMeisterstueck im Kombinationsspiel, von einem dreizehnjaehrigen Jungen gegen\\r\\neinen maechtigen Gegner gefuehrt, das den schoensten Grosstaten in der uns\\r\\nbekannten Schachgeschichte gleichkommt&#8230;&#8220; (Gligoric in &#8222;Fischer-Spasskij&#8220;, S.\\r\\n160f). } 1. Nf3 Nf6 2. c4 g6 3. Nc3 Bg7 4. d4 O-O 5. Bf4 d5 6. Qb3 dxc4 7.\\r\\nQxc4 c6 8. e4 Nbd7 (8... Bg4 9. Be2 Nfd7 10. Rd1 Bxf3 11. Bxf3 e5 12. dxe5 Bxe5\\r\\n13. Bxe5 Nxe5 14. Rxd8 Nxc4 15. Rxf8+ Kxf8 16. Be2 $1 Nb6 17. Kd2 {mit leichtem\\r\\nVorteil fuer Weiss (Shipov) in der Partie Dydyshko-Dorfman, Minsk 1986}) (8...\\r\\nb5 $5 9. Qb3 Qa5 10. Bd3 Be6 11. Qd1 c5 {mit Gegenspiel (Shipov).}) 9. Rd1 Nb6\\r\\n10. Qc5 (10. Qd3 $5 Be6 11. Be2 Bc4 12. Qc2 Bxe2 13. Qxe2 {\\r\\nund Weiss steht etwas besser.}) 10... Bg4 11. Bg5 $2 {\\r\\n\\r\\nByrne uebersieht den folgenden brillanten Schlag.} ({Besser ist} 11. Be2 Nfd7\\r\\n12. Qa3 Bxf3 13. Bxf3 e5 14. dxe5 Qe8 15. Be2 Nxe5 16. O-O $14 {\\r\\nmit leichtem weissen Vorteil (Shipov) in der Partie Flear-Morris, Dublin 1991})\\r\\n11... Na4 $3 { Dynamische Fortsetzungen dieser Art liess sich Fischer auch\\r\\nspaeter so gut wie nie entgehen. } 12. Qa3 { Die Taktik funktioniert aus\\r\\nschwarzer Sicht, wie die folgenden Varianten zeigen:} (12. Nxa4 Nxe4 13. Qc1 (\\r\\n13. Qxe7 Qa5+ 14. b4 Qxa4 15. Qxe4 Rfe8 16. Be7 Bxf3 17. gxf3 Bf8 $19) (13.\\r\\nBxe7 Nxc5 14. Bxd8 Re8+ 15. Be2 Nxa4 $19) (13. Qb4 Nxg5 14. Nxg5 Bxd1 15. Kxd1\\r\\nBxd4 {und Schwarz steht besser.}) 13... Qa5+ 14. Nc3 Bxf3 15. gxf3 Nxg5 $19) (\\r\\n12. Qb4 Nxc3 13. bxc3 Nxe4 14. Bxe7 Qe8 15. Rd3 c5 $1 16. Qxb7 Nd6 17. Qc7 Nf5\\r\\n$19) 12... Nxc3 13. bxc3 Nxe4 $1 { Erneut ist es ein Springerausfall, der dem\\r\\nin der Entwicklung zurueckgebliebenen Weissen Probleme bereitet. } 14. Bxe7\\r\\nQb6 $1 ({Schlecht ist} 14... Qe8 $2 15. Rd3 $1 {\\r\\nund Weiss ist noch voll im Spiel.}) 15. Bc4 {\\r\\n\\r\\nByrne setzt auf schnellstmoeglichen Abschluss seiner Entwicklung.} ({Mit} 15.\\r\\nBxf8 $5 {die Qualitaet zu gewinnen, haette zwar nach} 15... Bxf8 16. Qb3 (16.\\r\\nQc1 Re8 17. Be2 $6 Nxc3 $19) 16... Nxc3 17. Qxb6 axb6 18. Ra1 (18. Rd2 Bb4 19.\\r\\nRb2 Ba5 $19) 18... Re8+ 19. Kd2 (19. Ne5 f6 20. f3 fxe5 21. fxg4 exd4+ 22. Kd2\\r\\nb5 $19) 19... Ne4+ 20. Kc2 Nxf2 21. Rg1 Re3 {in ein schlechtes Endspiel\\r\\ngefuehrt, kam aber aus praktischer Sicht auch in Betracht.}) (15. Be2 Rfe8 16.\\r\\nO-O $6 Qc7 17. Bh4 g5 $19) (15. Bd3 Nxc3 $1 16. Qxc3 (16. Bxf8 $2 Bxf8 $19)\\r\\n16... Rfe8 $19) 15... Nxc3 $1 (15... Rfe8 $2 {\\r\\nermoeglicht die Evakuierung des weissen Koenigs mit} 16. O-O {\\r\\nwonach Schwarz nur noch etwas besser steht.}) 16. Bc5 ({Byrne ahnt wohl noch\\r\\nnicht, welch schrecklicher Schlag im siebzehnten Zug noch auf ihn wartet,\\r\\nsonst haette er vermutlich} 16. Qxc3 $5 {gezogen:} 16... Rfe8 17. Qe3 $5 (17.\\r\\nBxf7+ $2 Kxf7 18. Ng5+ Kxe7 19. O-O Bxd1 20. Rxd1 Qb5 $19) 17... Bxf3 18. gxf3\\r\\nQc7 {und die ungleichfarbigen Laeufer geben Weiss noch etwas Hoffnung, obwohl\\r\\nSchwarz meiner Meinung nach auch hier auf Gewinn steht.}) 16... Rfe8+ 17. Kf1 (\\r\\n17. Kd2 Ne4+ $19) (17. Ne5 Bxe5 18. Bxb6 Bd6+ $19) 17... Be6 $3 {\\r\\n\\r\\nDieser Laeuferrueckzug ist die eigentliche Pointe der ganzen Kombination.} ({\\r\\nNach} 17... Nb5 $2 {\\r\\nhaette Weiss indessen das Blatt zu seinen Gunsten wenden koennen:} 18. Bxf7+ $1\\r\\nKh8 (18... Kxf7 $2 19. Qb3+ Be6 20. Ng5+ Kg8 21. Nxe6 Nxd4 22. Nxd4+ Qxb3 23.\\r\\nNxb3 {und Weiss gewinnt (Fischer).}) 19. Bxb6 Nxa3 20. Bxe8 {\\r\\nund Weiss steht etwas besser (Shipov).}) 18. Bxb6 $6 { Danach spielt sich die\\r\\nStellung fuer Schwarz leicht. Rueckzuege des Laeufers c4 waren zaeher.} (18.\\r\\nBxe6 $2 {fuehrt zu einem sehr huebschen erstickten Matt:} 18... Qb5+ 19. Kg1\\r\\nNe2+ 20. Kf1 Ng3+ 21. Kg1 Qf1+ 22. Rxf1 Ne2#) (18. Qxc3 Qxc5 19. dxc5 Bxc3 20.\\r\\nBxe6 Rxe6 $19) (18. Bd3 $5 Nb5 19. Qb4 Qd8 $19) (18. Be2 $5 Nb5 19. Qb4 Qd8 20.\\r\\na4 a5 21. Qb2 Nd6 $19) (18. d5 $2 Bxd5 19. Rxd5 $2 Qb1+ 20. Ne1 Qxe1#) 18...\\r\\nBxc4+ 19. Kg1 Ne2+ 20. Kf1 Nxd4+ 21. Kg1 (21. Rd3 $2 axb6 22. Qc3 Nxf3 $19 23.\\r\\nQxc4 $2 Re1#) 21... Ne2+ 22. Kf1 Nc3+ 23. Kg1 axb6 24. Qb4 (24. Qd6 Rad8 (24...\\r\\nNxd1 25. Qxd1 Rxa2 $19) 25. Qxd8 Ne2+ 26. Kf1 Nd4+ 27. Kg1 Rxd8 $19) 24... Ra4\\r\\n25. Qxb6 (25. Qd6 Nxd1 26. Qxd1 Rxa2 27. h3 Ra1 $19) 25... Nxd1 26. h3 Rxa2 27.\\r\\nKh2 Nxf2 28. Re1 Rxe1 29. Qd8+ Bf8 30. Nxe1 Bd5 31. Nf3 Ne4 32. Qb8 b5 33. h4\\r\\nh5 34. Ne5 Kg7 35. Kg1 Bc5+ 36. Kf1 (36. Kh1 Ng3+ 37. Kh2 Nf1+ 38. Kh3 Bxg2#) (\\r\\n36. Kh2 Bd6 $19) 36... Ng3+ 37. Ke1 Bb4+ 38. Kd1 Bb3+ 39. Kc1 Ne2+ 40. Kb1 Nc3+\\r\\n41. Kc1 Rc2# { Dieser Sieg bewirkt, dass Fischer im Rosenwaldturnier mit 4.5\\\/\\r\\n11 am Ende den achten Platz teilt, fuer einen Dreizehnjaehrigen zweifellos ein\\r\\nsehr grosser Erfolg. Quellen: &#8222;Das grosse Schachbuch&#8220;, Martin Beheim\\r\\nSchwarzbach, Droemer Verlag, S. 214. &#8222;Fischer-Spasskij, Schachmatch des\\r\\nJahrhunderts&#8220;, Svetozar Gligoric, Droemer Knaur Verlag 1972. Kommentar von\\r\\nShipov aus der ChessBase MEGABASE 99 (MCL 07)} 0-1\",\"pieceSymbols\":\"localized\",\"navigationBoard\":\"frame\",\"withPlayButton\":true,\"withFlipButton\":true,\"withDownloadButton\":true,\"nboSquareSize\":32,\"nboCoordinateVisible\":true,\"nboTurnVisible\":true,\"nboColorset\":\"original\",\"nboPieceset\":\"cburnett\",\"nboAnimated\":true,\"nboMoveArrowVisible\":true,\"nboMoveArrowColor\":\"b\",\"idoSquareSize\":32,\"idoCoordinateVisible\":true,\"idoTurnVisible\":true,\"idoColorset\":\"original\",\"idoPieceset\":\"cburnett\"});\n            }\n            if (document.readyState === 'loading') {\n                document.addEventListener('DOMContentLoaded', renderThisPGN);\n            }\n            else {\n                renderThisPGN();\n            }\n        })();\n    <\/script>\n<\/div>\n\n<p class=\"rpbchessboard-spacerAfter\"><\/p>\n<\/p>\n","protected":false},"excerpt":{"rendered":"<p>Robert James \u201eBobby\u201c Fischer (* 9. M\u00e4rz 1943 in Chicago, Illinois; \u2020 17. Januar 2008 in Reykjav\u00edk, Island) war ein US-amerikanischer Schachspieler. Er war von 1972 bis 1975 der 11. Schachweltmeister. Als 16-j\u00e4hriger nahm er am Kandidatenturnier teil, dessen Sieger den Weltmeister herausfordern durfte. Den Titel gewann er 1972 in einem als Match des Jahrhunderts &hellip; <a href=\"http:\/\/schachclub-emmendingen.badischer-schachverband.de\/index.php\/sonstiges\/meisterpartien\/bobby-fischer\/\" class=\"more-link\"><span class=\"screen-reader-text\">Bobby Fischer<\/span> weiterlesen <span class=\"meta-nav\">&rarr;<\/span><\/a><\/p>\n","protected":false},"author":3,"featured_media":0,"parent":850,"menu_order":5,"comment_status":"closed","ping_status":"closed","template":"","meta":{"footnotes":""},"class_list":["post-896","page","type-page","status-publish","hentry"],"_links":{"self":[{"href":"http:\/\/schachclub-emmendingen.badischer-schachverband.de\/index.php\/wp-json\/wp\/v2\/pages\/896","targetHints":{"allow":["GET"]}}],"collection":[{"href":"http:\/\/schachclub-emmendingen.badischer-schachverband.de\/index.php\/wp-json\/wp\/v2\/pages"}],"about":[{"href":"http:\/\/schachclub-emmendingen.badischer-schachverband.de\/index.php\/wp-json\/wp\/v2\/types\/page"}],"author":[{"embeddable":true,"href":"http:\/\/schachclub-emmendingen.badischer-schachverband.de\/index.php\/wp-json\/wp\/v2\/users\/3"}],"replies":[{"embeddable":true,"href":"http:\/\/schachclub-emmendingen.badischer-schachverband.de\/index.php\/wp-json\/wp\/v2\/comments?post=896"}],"version-history":[{"count":10,"href":"http:\/\/schachclub-emmendingen.badischer-schachverband.de\/index.php\/wp-json\/wp\/v2\/pages\/896\/revisions"}],"predecessor-version":[{"id":2250,"href":"http:\/\/schachclub-emmendingen.badischer-schachverband.de\/index.php\/wp-json\/wp\/v2\/pages\/896\/revisions\/2250"}],"up":[{"embeddable":true,"href":"http:\/\/schachclub-emmendingen.badischer-schachverband.de\/index.php\/wp-json\/wp\/v2\/pages\/850"}],"wp:attachment":[{"href":"http:\/\/schachclub-emmendingen.badischer-schachverband.de\/index.php\/wp-json\/wp\/v2\/media?parent=896"}],"curies":[{"name":"wp","href":"https:\/\/api.w.org\/{rel}","templated":true}]}}