{"id":850,"date":"2016-01-08T23:06:06","date_gmt":"2016-01-08T23:06:06","guid":{"rendered":"http:\/\/schachclub-emmendingen.badischer-schachverband.de\/?page_id=850"},"modified":"2017-04-19T18:44:35","modified_gmt":"2017-04-19T18:44:35","slug":"meisterpartien","status":"publish","type":"page","link":"http:\/\/schachclub-emmendingen.badischer-schachverband.de\/index.php\/sonstiges\/meisterpartien\/","title":{"rendered":"Meisterpartien"},"content":{"rendered":"<p>Unter dieser Seite sind einige Partien von ber\u00fchmten Schachspielern hinterlegt, die ausf\u00fchrlich kommentiert sind und jederzeit nachgespielt werden k\u00f6nnen.<\/p>\n<p>Nach Anklicken der einzelnen Z\u00fcge \u00f6ffnet sich ein Schachbrett, das per Drag and Drop (Anklicken im Kopfbereich) frei verschoben und geschlossen werden kann. Auch das direkte Aufrufen einer Stellung der angew\u00e4hlten Partie ist auf die gleiche Weise m\u00f6glich.<\/p>\n<p>Beginnen wir mit <a href=\"https:\/\/de.wikipedia.org\/wiki\/Paul_Morphy\" target=\"_blank\">Paul Morphy<\/a>, der im 19. Jahrhundert in New Orleans, Louisiana gelebt hat und als Schach-Genie galt. Einige seiner bemerkenswerten Partien k\u00f6nnen Sie <a href=\"http:\/\/schachclub-emmendingen.badischer-schachverband.de\/index.php\/sonstiges\/meisterpartien\/morphy\/\">hier<\/a> nachspielen.<\/p>\n<p><a href=\"https:\/\/de.wikipedia.org\/wiki\/Adolf_Anderssen\" target=\"_blank\">Adolf Anderssen<\/a> war ein Zeitgenosse von Morphy und neben jenem einer der st\u00e4rksten Schachspieler des 19. Jahrhunderts. Von ihm stammt die sogenannte <a href=\"http:\/\/schachclub-emmendingen.badischer-schachverband.de\/index.php\/sonstiges\/meisterpartien\/anderssen\/\">Unsterbliche Partie<\/a>, die darin gipfelt, dass er mit 3 verbleibenden Figuren gegen die \u00dcbermacht seines Gegners triumphiert.<\/p>\n<p><a href=\"https:\/\/de.wikipedia.org\/wiki\/Wilhelm_Steinitz\" target=\"_blank\">Wilhelm Steinitz<\/a>\u00a0gilt als der erste allgemein anerkannte\u00a0<a href=\"https:\/\/de.wikipedia.org\/wiki\/Schachweltmeister\" target=\"_blank\">Weltmeister<\/a>, der keine Auseinandersetzung scheute und mit seiner wissenschaftlichen Herangehensweise Grundsteine legte, die noch heute G\u00fcltigkeit haben.\u00a0Seine bekannteste Partie d\u00fcrfte die 1895 im Turnier von Hastings gespielte <a href=\"http:\/\/schachclub-emmendingen.badischer-schachverband.de\/index.php\/sonstiges\/meisterpartien\/steinitz\/\">Partie gegen von\u00a0Bardeleben<\/a> sein.<\/p>\n<p><a href=\"https:\/\/de.wikipedia.org\/wiki\/Emanuel_Lasker\">Emanuel Lasker<\/a> war ein deutscher Schachspieler, der Wilhelm Steinitz als Schachweltmeister abl\u00f6ste und\u00a0diesen Titel \u00fcber einen Zeitraum von 27 Jahren behielt, l\u00e4nger als jeder andere Weltmeister. Zugleich ist er der einzige Deutsche, der jemals Weltmeister im Schachspiel wurde. Er brachte die psychologische Komponente mit ins Spiel und spielte manchmal\u00a0nicht den objektiv besten Zug, sondern denjenigen, der seinem Gegner am wenigsten lag. <a href=\"http:\/\/schachclub-emmendingen.badischer-schachverband.de\/index.php\/sonstiges\/meisterpartien\/lasker\/\">Partien von ihm<\/a> sind ein Lehrbeispiel f\u00fcr Kampfeswillen.<\/p>\n<p><a href=\"https:\/\/de.wikipedia.org\/wiki\/Jos%C3%A9_Ra%C3%BAl_Capablanca\" target=\"_blank\">Jos\u00e9 Ra\u00fal Capablanca<\/a> war ein kubanischer Schachspieler, der das Schachspielen angeblich durch blo\u00dfes Zusehen mit 4 Jahren gelernt hat. Er beendete die 27-j\u00e4hrige Herrschaft von Lasker. Sein Stil war grundsolide und wie aus einem Gu\u00df. Aufgrund seinem intuitiven Verst\u00e4ndnis des Schachspiels war er \u00e4u\u00dferst schwer zu besiegen. Ein Beispiel dieses\u00a0Spielstils k\u00f6nnen Sie <a href=\"http:\/\/schachclub-emmendingen.badischer-schachverband.de\/index.php\/sonstiges\/meisterpartien\/capablanca\/\" target=\"_blank\">in der Partie gegen Golombek<\/a> nachspielen.<\/p>\n<p><a href=\"https:\/\/de.wikipedia.org\/wiki\/Bobby_Fischer\" target=\"_blank\">Bobby Fischer<\/a> war ein amerikanischer Staatsb\u00fcrger, der 11. Schachweltmeister wurde und damit eine jahrelange Herrschaft der sowjetischen Schule beendete, die\u00a0fast schon als unschlagbar galt. Sein Kampf gegen Boris Spasski erregte 1972 so viel Aufsehen, dass\u00a0sogar Nichtschachspieler begeistert mitfieberten, wie der Kampf wohl ausgehen w\u00fcrde. Nachdem er seinen Titel nicht verteidigte, ging er 1975 wieder an einen Sowjet namens Anatoli Karpow und\u00a0Fischer zog sich vom Wettkampfschach zur\u00fcck.\u00a0<a href=\"http:\/\/schachclub-emmendingen.badischer-schachverband.de\/index.php\/sonstiges\/meisterpartien\/bobby-fischer\/\">Seine Partie gegen Donald Byrne<\/a> um die amerikanische Meisterschaft, die er im Alter von 13 Jahren \u00a0gespielt hat, gilt als die <a href=\"https:\/\/de.wikipedia.org\/wiki\/Partie_des_Jahrhunderts\" target=\"_blank\">Partie des Jahrhunderts<\/a>.<\/p>\n<p><a href=\"https:\/\/de.wikipedia.org\/wiki\/Garri_Kimowitsch_Kasparow\" target=\"_blank\">Garri Kasparov<\/a> ist der 13. Weltmeister, der Anatoli Karpow wieder vom Thron stie\u00df und\u00a0im Gegensatz zu Karpow nicht mit dem Regime kungelte. <a href=\"http:\/\/schachclub-emmendingen.badischer-schachverband.de\/index.php\/sonstiges\/meisterpartien\/kasparov\/#topalov\">Seine Partie gegen Topalov<\/a> beeindruckt durch eine K\u00f6nigshatz \u00fcbers ganze Feld, bei der seine Majest\u00e4t schlie\u00dflich auf der Grundreihe zur Strecke gebracht wird. <a href=\"\/index.php\/sonstiges\/meisterpartien\/kasparov\/#deepthought\">Eine weitere Partie<\/a> von ihm zeigt, wie er sich gegen den damals besten Computer\u00a0<a href=\"https:\/\/de.wikipedia.org\/wiki\/Deep_Thought_%28Schachcomputer%29\" target=\"_blank\">Deep Thought<\/a> behaupten konnte. Allerdings war dies nicht von Dauer, denn\u00a01997 gelang es erstmalig einem Computer, dem elektronischen Nachfolger von Deep Thought, <a href=\"https:\/\/de.wikipedia.org\/wiki\/Deep_Blue\" target=\"_blank\">Deep Blue<\/a> einen amtierenden Schachweltmeister in einem offiziellen Wettkampf zu besiegen.<\/p>\n","protected":false},"excerpt":{"rendered":"<p>Unter dieser Seite sind einige Partien von ber\u00fchmten Schachspielern hinterlegt, die ausf\u00fchrlich kommentiert sind und jederzeit nachgespielt werden k\u00f6nnen. Nach Anklicken der einzelnen Z\u00fcge \u00f6ffnet sich ein Schachbrett, das per Drag and Drop (Anklicken im Kopfbereich) frei verschoben und geschlossen werden kann. Auch das direkte Aufrufen einer Stellung der angew\u00e4hlten Partie ist auf die gleiche &hellip; <a href=\"http:\/\/schachclub-emmendingen.badischer-schachverband.de\/index.php\/sonstiges\/meisterpartien\/\" class=\"more-link\"><span class=\"screen-reader-text\">Meisterpartien<\/span> weiterlesen <span class=\"meta-nav\">&rarr;<\/span><\/a><\/p>\n","protected":false},"author":4,"featured_media":0,"parent":2203,"menu_order":8,"comment_status":"closed","ping_status":"closed","template":"","meta":{"footnotes":""},"class_list":["post-850","page","type-page","status-publish","hentry"],"_links":{"self":[{"href":"http:\/\/schachclub-emmendingen.badischer-schachverband.de\/index.php\/wp-json\/wp\/v2\/pages\/850","targetHints":{"allow":["GET"]}}],"collection":[{"href":"http:\/\/schachclub-emmendingen.badischer-schachverband.de\/index.php\/wp-json\/wp\/v2\/pages"}],"about":[{"href":"http:\/\/schachclub-emmendingen.badischer-schachverband.de\/index.php\/wp-json\/wp\/v2\/types\/page"}],"author":[{"embeddable":true,"href":"http:\/\/schachclub-emmendingen.badischer-schachverband.de\/index.php\/wp-json\/wp\/v2\/users\/4"}],"replies":[{"embeddable":true,"href":"http:\/\/schachclub-emmendingen.badischer-schachverband.de\/index.php\/wp-json\/wp\/v2\/comments?post=850"}],"version-history":[{"count":10,"href":"http:\/\/schachclub-emmendingen.badischer-schachverband.de\/index.php\/wp-json\/wp\/v2\/pages\/850\/revisions"}],"predecessor-version":[{"id":2627,"href":"http:\/\/schachclub-emmendingen.badischer-schachverband.de\/index.php\/wp-json\/wp\/v2\/pages\/850\/revisions\/2627"}],"up":[{"embeddable":true,"href":"http:\/\/schachclub-emmendingen.badischer-schachverband.de\/index.php\/wp-json\/wp\/v2\/pages\/2203"}],"wp:attachment":[{"href":"http:\/\/schachclub-emmendingen.badischer-schachverband.de\/index.php\/wp-json\/wp\/v2\/media?parent=850"}],"curies":[{"name":"wp","href":"https:\/\/api.w.org\/{rel}","templated":true}]}}