{"id":841,"date":"2010-01-08T22:53:54","date_gmt":"2010-01-08T22:53:54","guid":{"rendered":"http:\/\/schachclub-emmendingen.badischer-schachverband.de\/?page_id=841"},"modified":"2019-10-09T13:51:37","modified_gmt":"2019-10-09T13:51:37","slug":"saison-2010","status":"publish","type":"page","link":"http:\/\/schachclub-emmendingen.badischer-schachverband.de\/index.php\/mannschaften\/4-mannschaft-bis-2024\/saison-2010\/","title":{"rendered":"Saison 2010"},"content":{"rendered":"<h1>Nach R\u00fcckzug anderer Vereine erh\u00e4lt auch die 4. Mannschaft eine Option zum Aufstieg<\/h1>\n<h5>25.04.2010<\/h5>\n<p>Die gegnerische Mannschaft Freiburg-Wiehre 4 reiste in der 9. Runde erheblich verst\u00e4rkt an. Offenbar wollten sie noch ihre Aufstiegschance nutzen. So hatte <b>Emmendingen 4<\/b> an den ersten 4 Brettern nur Au\u00dfenseiterchancen. Die Partien an Brett 1 bis 3 gingen verloren. Bernhard Frank konnte an Brett 5 einen Siegpunkt einfahren. Zuletzt lief noch die Partie an Brett 4 mit Stefan B\u00fchler. Er hatte bei seinem Gegner von der Gewinnerwartung her nur eine Gewinnchance von 5 %. Gegen Ende der Partie hatte er eine Leichtfigur und einige Bauern weniger als sein Gegner und dachte bereits ans Aufgeben. Doch gerade da erkannte er eine letzte M\u00f6glichkeit. In einer sehr sch\u00f6nen Kombination griff Stefan B\u00fchler die K\u00f6nigsstellung an und zwang letztlich seinen Gegner zur Aufgabe. Der Mannschaftskampf endete 2:3.<br \/>\nDadurch rutschte die Mannschaft auf Rang 9 der Tabelle.<\/p>\n<h5>28.03.2010<\/h5>\n<p><b>Emmendingen 4<\/b> musste in Runde 8 zum Ausw\u00e4rtsspiel gegen die 4. Mannschaft nach Merzhausen. Leider konnte sie nur 0,5 Punkte mit nach Hause bringen. Der Kampf endete 4,5:0,5. Das bedeutet Abrutschen auf Rang 7.<\/p>\n<h5>07.03.2010<\/h5>\n<p>In Runde 7 empfing <b>Emmendingen 4<\/b> die 4. Mannschaft aus Waldkirch. Bereits nach k\u00fcrzester Zeit lag Emmendingen durch Verluste an Brett 3 und Brett 1 mit 0:2 zur\u00fcck. Durch starkes Spiel konnten Miriam Sch\u00e4fer an Brett 5 und Stefan B\u00fchler an Brett 4 zum 2:2 ausgleichen. In einem \u00e4u\u00dferst z\u00e4hen Kampf konnte schlie\u00dflich Aryan Dehgan nach fast 3 Stunden seinen Gegner endg\u00fcltig zur Aufgabe zwingen. so dass ihm der 3:2-Sieg zu verdanken ist. Die Mannschaft konnte sich um 2 Pl\u00e4tze auf Rang 5 verbessern.<\/p>\n<h5>31.01.2010<\/h5>\n<p><b>Emmendingen 4<\/b> musste in der 6. Runde im Ausw\u00e4rtsspiel gegen Umkirch 2 antreten und brachte einen hervorragenden 1:4-Sieg (1 Brettpunkt kampflos) mit nach Hause. Der Sieg bedeutete eine Rangverbesserung auf Platz 7, punktgleich mit West 2 und 3 mit den besseren Brettpunkten.<\/p>\n<h5>10.01.2010<\/h5>\n<p>Runde 5 brachte f\u00fcr <b>Emmendingen 4<\/b> im Heimspiel gegen West 2 eine 1,5:3,5-Niederlage. Damit rutschte die Mannschaft auf den 8. Tabellenplatz.<\/p>\n<h5>13.12.2009<\/h5>\n<p><b>Emmendingen 4<\/b> musste in Runde 4 gegen Emmendingen 3 antreten und konnte sich gegen die aufstrebende, junge Mannschaft nicht durchsetzen. Die 1:4-Niederlage ergab Rang 4 der Tabelle.<\/p>\n<h5>22.11.2009<\/h5>\n<p>Im Heimspiel der 3. Runde gegen Oberwinden 6 war <b>Emmendingen 4<\/b> an allen Brettern erfolgreich und errang einen klaren 5:0-Sieg und kletterte auf Rang 3 der Tabelle. Ein tolles Ergebnis.<\/p>\n<h5>25.10.2009<\/h5>\n<p>In Runde 2 konnte sich <b>Emmendingen 4<\/b> im Ausw\u00e4rtsspiel gegen Endingen 4 mit einem 2:3-Sieg durchsetzen und auf den 5. Tabellenplatz verbessern.<\/p>\n<h5>11.10.2009<\/h5>\n<p><b>Emmendingen 4 <\/b> erreichte in Runde 1 gegen Horben 5 einen knappen 3:2-Sieg und setzte sich damit auf Rang 9.<\/p>\n","protected":false},"excerpt":{"rendered":"<p>Nach R\u00fcckzug anderer Vereine erh\u00e4lt auch die 4. Mannschaft eine Option zum Aufstieg 25.04.2010 Die gegnerische Mannschaft Freiburg-Wiehre 4 reiste in der 9. Runde erheblich verst\u00e4rkt an. Offenbar wollten sie noch ihre Aufstiegschance nutzen. So hatte Emmendingen 4 an den ersten 4 Brettern nur Au\u00dfenseiterchancen. Die Partien an Brett 1 bis 3 gingen verloren. Bernhard &hellip; <a href=\"http:\/\/schachclub-emmendingen.badischer-schachverband.de\/index.php\/mannschaften\/4-mannschaft-bis-2024\/saison-2010\/\" class=\"more-link\"><span class=\"screen-reader-text\">Saison 2010<\/span> weiterlesen <span class=\"meta-nav\">&rarr;<\/span><\/a><\/p>\n","protected":false},"author":4,"featured_media":0,"parent":143,"menu_order":10,"comment_status":"closed","ping_status":"closed","template":"","meta":{"footnotes":""},"class_list":["post-841","page","type-page","status-publish","hentry"],"_links":{"self":[{"href":"http:\/\/schachclub-emmendingen.badischer-schachverband.de\/index.php\/wp-json\/wp\/v2\/pages\/841","targetHints":{"allow":["GET"]}}],"collection":[{"href":"http:\/\/schachclub-emmendingen.badischer-schachverband.de\/index.php\/wp-json\/wp\/v2\/pages"}],"about":[{"href":"http:\/\/schachclub-emmendingen.badischer-schachverband.de\/index.php\/wp-json\/wp\/v2\/types\/page"}],"author":[{"embeddable":true,"href":"http:\/\/schachclub-emmendingen.badischer-schachverband.de\/index.php\/wp-json\/wp\/v2\/users\/4"}],"replies":[{"embeddable":true,"href":"http:\/\/schachclub-emmendingen.badischer-schachverband.de\/index.php\/wp-json\/wp\/v2\/comments?post=841"}],"version-history":[{"count":5,"href":"http:\/\/schachclub-emmendingen.badischer-schachverband.de\/index.php\/wp-json\/wp\/v2\/pages\/841\/revisions"}],"predecessor-version":[{"id":2634,"href":"http:\/\/schachclub-emmendingen.badischer-schachverband.de\/index.php\/wp-json\/wp\/v2\/pages\/841\/revisions\/2634"}],"up":[{"embeddable":true,"href":"http:\/\/schachclub-emmendingen.badischer-schachverband.de\/index.php\/wp-json\/wp\/v2\/pages\/143"}],"wp:attachment":[{"href":"http:\/\/schachclub-emmendingen.badischer-schachverband.de\/index.php\/wp-json\/wp\/v2\/media?parent=841"}],"curies":[{"name":"wp","href":"https:\/\/api.w.org\/{rel}","templated":true}]}}