{"id":819,"date":"2012-01-08T21:51:26","date_gmt":"2012-01-08T21:51:26","guid":{"rendered":"http:\/\/schachclub-emmendingen.badischer-schachverband.de\/?page_id=819"},"modified":"2019-10-09T13:21:54","modified_gmt":"2019-10-09T13:21:54","slug":"saison-2012","status":"publish","type":"page","link":"http:\/\/schachclub-emmendingen.badischer-schachverband.de\/index.php\/mannschaften\/3-mannschaft\/saison-2012\/","title":{"rendered":"Saison 2012"},"content":{"rendered":"<h1>Auch die Dritte schafft den Aufstieg in die Kreisklasse A<\/h1>\n<figure id=\"attachment_304\" aria-describedby=\"caption-attachment-304\" style=\"width: 448px\" class=\"wp-caption alignnone\"><a href=\"\/wp-content\/uploads\/2015\/10\/schachdritte2012.jpg\" rel=\"attachment wp-att-304\"><img loading=\"lazy\" decoding=\"async\" class=\"size-full wp-image-304\" src=\"\/wp-content\/uploads\/2015\/10\/schachdritte2012.jpg\" alt=\"Die 3. Mannschaft 2012 als Aufsteiger in die Kreisklasse A v. links: Andreas Heidenreich, Aryan Dehgan, Andreas Haas, Ulrich Steinke, R\u00fcdiger Schmedding, Karl Ziegler, Bernd Zimmermann und Bruno Savkovic Nicht im Bild: Franz Sifnatsch, Bruno Grohm\u00fcller, Fritz Schneider, Hans Homeier, Mohamed Salou, G\u00fcnter Mench, Thomas M\u00e4dler, Bernhard Frank, Udo Berger und Stefan B\u00fchler (Foto: Bernd Zimmermann) \" width=\"448\" height=\"278\" srcset=\"http:\/\/schachclub-emmendingen.badischer-schachverband.de\/wp-content\/uploads\/2015\/10\/schachdritte2012.jpg 448w, http:\/\/schachclub-emmendingen.badischer-schachverband.de\/wp-content\/uploads\/2015\/10\/schachdritte2012-300x186.jpg 300w, http:\/\/schachclub-emmendingen.badischer-schachverband.de\/wp-content\/uploads\/2015\/10\/schachdritte2012-242x150.jpg 242w, http:\/\/schachclub-emmendingen.badischer-schachverband.de\/wp-content\/uploads\/2015\/10\/schachdritte2012-150x93.jpg 150w\" sizes=\"auto, (max-width: 448px) 100vw, 448px\" \/><\/a><figcaption id=\"caption-attachment-304\" class=\"wp-caption-text\">Die 3. Mannschaft 2012 als Aufsteiger in die Kreisklasse A<br \/>v. links:<br \/>Andreas Heidenreich, Aryan Dehgan, Andreas Haas, Ulrich Steinke, R\u00fcdiger Schmedding, Karl Ziegler, Bernd Zimmermann und Bruno Savkovic<br \/>Nicht im Bild:<br \/>Franz Sifnatsch, Bruno Grohm\u00fcller, Fritz Schneider, Hans Homeier, Mohamed Salou, G\u00fcnter Mench, Thomas M\u00e4dler, Bernhard Frank, Udo Berger und Stefan B\u00fchler<br \/>(Foto: Bernd Zimmermann)<\/figcaption><\/figure>\n<h5>29.04.2012 Runde 9<\/h5>\n<h6>Freiburg-West 3 &#8211; Emmendingen 3 (Ausw\u00e4rtsspiel) 1 1\/2:6 1\/2<\/h6>\n<p>Die Dritte musste in der letzten Runde in Freiburg-West antreten. Ein Sieg konnte unter Mithilfe anderer Mannschaften den Aufstieg bedeuten. So fuhr man mit Zuversicht und Kampfgeist dort hin. Der Kampf war aber kein Geschenk. Einige Emmendinger hatten zeitweise Nachteile, konnten aber am Ende den Brettpunkt f\u00fcr sich verbuchen. Andreas Haas, Ulrich Steinke, Karl Ziegler, R\u00fcdiger Schmedding und Bernd Zimmermann gewannen ihre Partien. Bruno Savkovic, Aryan Dehgan und Andreas Heidenreich steuerten je einen 1\/2 Punkt zum klaren Mannschaftserfolg bei. Keiner hatte seine Partie verloren. Am Ende war der dritte Tabellenrang erreicht, was den <span class=\"auto-style10\">Aufstieg in die Kreisklasse A<\/span> bedeutet. Wir gratulieren unserer Mannschaft. Ein toller Erfolg.<\/p>\n<p>In der Saison haben R\u00fcdiger Schmedding (1) und Mohamed Salou (1) keinen Punkt abgegeben. Franz Sifnatsch (3), Aryan Dehgan (2), Hans Homeier (5), Andreas Heidenreich (2) und Udo Berger (1) haben insgesamt keine Partie verloren.<br \/>\nMit je 4,5 BP haben Ulrich Steinke (7), Bruno Grohm\u00fcller (6) und Hans Homeier (5) am st\u00e4rksten zum Saisonerfolg der Mannschaft beigetragen. Sie konnten sich mit diesem Ergebnis in der Kreisklasse B unter den Top15-Spielern einreihen.<\/p>\n<h5>25.03.2012 Runde 8<\/h5>\n<p>Emmendingen 3 war spielfrei.<\/p>\n<h5>04.03.2012 Runde 7<\/h5>\n<h6>Endingen 3 &#8211; Emmendingen 3 (Ausw\u00e4rtsspiel) 0:5<\/h6>\n<p>Die Endinger bem\u00fchten sich um eine Verlegung des Kampfes. Leider ist es nicht dazu gekommen. Endingen 3 konnte nicht termingerecht antreten. Damit gewann Emmendingen 3 kampflos. Erfolgreich f\u00fcr Emmendingen, aber schade um die vers\u00e4umte Begegnung. Es w\u00e4re sicher ein hei\u00dfer Kampf geworden. Zu bedenken bleibt, dass Emmendingen 3 in der 8. Runde spielfrei ist und keine Punkte bekommt. Trotzdem kann der Klassenerhalt als gesichert gelten.<\/p>\n<h5>12.02.2012 Runde 6<\/h5>\n<h6>Emmendingen 3 &#8211; Endingen 2 (Heimspiel) 4:4<\/h6>\n<p>Im Derby gegen die Schachfreunde aus Endingen waren durchaus M\u00f6glichkeiten vorhanden, den Kampf f\u00fcr sich zu entscheiden. Doch der Sieg von Bruno Grohm\u00fcller an Brett 4 reichte bei sonstigen Remis an den Brettern 1 bis 7 nicht f\u00fcr einen Erfolg aus. Unsere Dritte war an diesem Tag nicht k\u00e4mpferisch genug. Die Begegnung endete remis. Rang 5 blieb erhalten.<\/p>\n<h5>29.01.2012 Runde 5<\/h4>\n<h6>Waldkirch 3 &#8211; Emmendingen 3 (Ausw\u00e4rtsspiel) 4 1\/2:3 1\/2<\/h6>\n<p>Im Wettkampf gegen Waldkirch 3 hatte Emmendingen 3 an den vorderen Brettern erheblichen DWZ-Vorteil und erreichte hier auch 3 Punkte nach Siegen von Bruno Grohm\u00fcller (Brett 2) und Karl Ziegler (Brett 3). Ulrich Steinke und Fritz Schneider remisierten. Leider konnte an den hinteren Brettern nur Udo Berger (Brett 7) ein Remis erreichen. Bei diesen 3 1\/2 Punkten verblieb es. Die Mannschaft rutschte gleich um 2 Pl\u00e4tze auf Rang 5 ab.<\/p>\n<h5>11.12.2011 Runde 4<\/h5>\n<h6>Emmendingen 3 &#8211; Heitersheim 3 (Heimspiel) 4:4<\/h6>\n<p>Die G\u00e4ste aus Heitersheim waren stark aufgestellt. Trotzdem hatte Emmendingen 3 leichten DWZ-Vorteil und h\u00e4tte auch gewinnen k\u00f6nnen. So wurde der Kampf unentschieden. Volle Brettpunkte erreichten Bruno Grohm\u00fcller, Hans Homeier und Guenter Mench. Ulrich Steinke und Bruno Savkovic remisierten. Das ergab Rang 3 der Tabelle.<\/p>\n<h5>27.11.2011 Runde 3<\/h5>\n<h6>Emmendingen 3 &#8211; Z\u00e4hringen 5 (Heimspiel) 4:4<\/h6>\n<p>Gegen die G\u00e4ste aus Z\u00e4hringen w\u00e4re heute sicher noch etwas mehr drin gewesen. Karl Ziegler, Aryan Dehgan, Hans Homeier und Andreas Heidenreich gewannen ihre Partien. Am Ende war der Kampf unentschieden und Rang 2.<\/p>\n<h5>06.11.2011 Runde 2<\/h5>\n<h6>Simonswald &#8211; Emmendingen 3 (Ausw\u00e4rtsspiel) 2:6<\/h6>\n<p>Durch kurzfristige Absagen musste umdisponiert werden, damit die Mannschaft vollst\u00e4ndig antreten konnte. Sie war sehr erfolgreich, weil kein Spieler verlor. Hans Homeier, Mohamed Salou, Bernd Zimmermann und Ulrich Steinke holten volle Brettpunkte f\u00fcr die Mannschaft. Am Ende stand es 2:6 f\u00fcr Emmendingen. Rang 1 konnte gehalten werden.<\/p>\n<h5>10.09.2011 Runde 1<\/h5>\n<h6>Emmendingen 3 &#8211; Horben 4 (Heimspiel) 6:2<\/h6>\n<p>Horben 4 hatte gegen die stark aufgestellten Emmendinger keine wirkliche Chance. Der DWZ-Mannschaftsdurchschnitt war zu gro\u00df. Trotzdem gab es f\u00fcr die Horbener Achtungserfolge vor allem an den Brettern 5 und 7. Karl Ziegler w\u00e4hlte mit Schwarz eine ungew\u00f6hnliche Er\u00f6ffnung und kam schnell in Nachteil, aus dem er sich nicht mehr befreien konnte. Das Endergebnis der Mannschaft mit 6:2 ergab f\u00fcr Emmendingen 3 Rang 1 der Tabelle.<\/p>\n","protected":false},"excerpt":{"rendered":"<p>Auch die Dritte schafft den Aufstieg in die Kreisklasse A 29.04.2012 Runde 9 Freiburg-West 3 &#8211; Emmendingen 3 (Ausw\u00e4rtsspiel) 1 1\/2:6 1\/2 Die Dritte musste in der letzten Runde in Freiburg-West antreten. Ein Sieg konnte unter Mithilfe anderer Mannschaften den Aufstieg bedeuten. So fuhr man mit Zuversicht und Kampfgeist dort hin. Der Kampf war aber &hellip; <a href=\"http:\/\/schachclub-emmendingen.badischer-schachverband.de\/index.php\/mannschaften\/3-mannschaft\/saison-2012\/\" class=\"more-link\"><span class=\"screen-reader-text\">Saison 2012<\/span> weiterlesen <span class=\"meta-nav\">&rarr;<\/span><\/a><\/p>\n","protected":false},"author":4,"featured_media":0,"parent":141,"menu_order":8,"comment_status":"closed","ping_status":"closed","template":"","meta":{"footnotes":""},"class_list":["post-819","page","type-page","status-publish","hentry"],"_links":{"self":[{"href":"http:\/\/schachclub-emmendingen.badischer-schachverband.de\/index.php\/wp-json\/wp\/v2\/pages\/819","targetHints":{"allow":["GET"]}}],"collection":[{"href":"http:\/\/schachclub-emmendingen.badischer-schachverband.de\/index.php\/wp-json\/wp\/v2\/pages"}],"about":[{"href":"http:\/\/schachclub-emmendingen.badischer-schachverband.de\/index.php\/wp-json\/wp\/v2\/types\/page"}],"author":[{"embeddable":true,"href":"http:\/\/schachclub-emmendingen.badischer-schachverband.de\/index.php\/wp-json\/wp\/v2\/users\/4"}],"replies":[{"embeddable":true,"href":"http:\/\/schachclub-emmendingen.badischer-schachverband.de\/index.php\/wp-json\/wp\/v2\/comments?post=819"}],"version-history":[{"count":8,"href":"http:\/\/schachclub-emmendingen.badischer-schachverband.de\/index.php\/wp-json\/wp\/v2\/pages\/819\/revisions"}],"predecessor-version":[{"id":2622,"href":"http:\/\/schachclub-emmendingen.badischer-schachverband.de\/index.php\/wp-json\/wp\/v2\/pages\/819\/revisions\/2622"}],"up":[{"embeddable":true,"href":"http:\/\/schachclub-emmendingen.badischer-schachverband.de\/index.php\/wp-json\/wp\/v2\/pages\/141"}],"wp:attachment":[{"href":"http:\/\/schachclub-emmendingen.badischer-schachverband.de\/index.php\/wp-json\/wp\/v2\/media?parent=819"}],"curies":[{"name":"wp","href":"https:\/\/api.w.org\/{rel}","templated":true}]}}