{"id":812,"date":"2015-01-08T21:48:30","date_gmt":"2015-01-08T21:48:30","guid":{"rendered":"http:\/\/schachclub-emmendingen.badischer-schachverband.de\/?page_id=812"},"modified":"2019-10-09T13:24:20","modified_gmt":"2019-10-09T13:24:20","slug":"saison-2015","status":"publish","type":"page","link":"http:\/\/schachclub-emmendingen.badischer-schachverband.de\/index.php\/mannschaften\/3-mannschaft\/saison-2015\/","title":{"rendered":"Saison 2015"},"content":{"rendered":"<h5>19.04.2015 Runde 9<\/h5>\n<h3>Vizemeister der Kreisklasse A und sofortiger Wiederaufstieg<\/h3>\n<h6>Emmendingen 3 &#8211; West 3 (Heimspiel) 6:2<\/h6>\n<p>West 3 trat mit einer stark geschw\u00e4chten Mannschaft an. Wegen dieser Unterbesetzung startete Emmendingen mit plus 2 Brettpunkten. Peter Sikolenko und Richard Schweizer hatten kampflos gewonnen. Kurz nach Beginn meldete Andreas Heidenreich seinen Sieg. Nach dem Remis von Andreas Haas konnte auch Torsten Frank seine Partie siegreich beenden. Emmendingen hatte mit 4,5:0,5 Brettpunkten bereits den Mannschaftssieg.<br \/>\nMarkus Roos trug ein Remis bei und R\u00fcdiger Schmedding konnte nach einer wechselvollen Partie am Ende die Oberhand gewinnen und punkten.<\/p>\n<p>Der deutliche Sieg brachte Emmendingen die Vizemeisterschaft in der Kreisklasse A und den sofortigen Wiederaufstieg in die Bezirksklasse. \u00dcbrigens hat die Dritte nur einen Kampf verloren.<br \/>\nIn der gesamten Saison haben Boris Litfin (1), Toni Gens (2), Joachim Fleischer (2), Axel Wolf (2), Andreas Haas (8), R\u00fcdiger Schmedding (1), Peter Sikolenko (5), Stefan B\u00fchler (1), Richard Schweizer (1) und Jonas V\u00f6gtlin (2) kein Spiel verloren, soweit sie f\u00fcr die Dritte gespielt haben.<br \/>\nDie meisten Brettpunkte zum Mannschaftserfolg hat Andreas Haas (6\/8) beigetragen, gefolgt von Peter Sikolenko (4,5\/5) und Markus Roos (4,5\/7). Andreas schaffte es damit unter die Top10 der Kreisklasse A.<\/p>\n<h5>22.03.2015 Runde 8<\/h5>\n<h3>Emmendingen bewahrt Chance zum Aufstieg<\/h3>\n<h6>West 1 &#8211; Emmendingen 3 (Ausw\u00e4rtsspiel) 4:4<\/h6>\n<p>Emmendingen hatte in Freiburg-West kein leichtes Spiel erwartet. So war es ausgezeichnet, dass Karl Ziegler mit einem Sieg nach anfangs gedr\u00fcckter Stellung den ersten Brettpunkt f\u00fcr Emmendingen vorlegte. Doch Aryan Dehgan untersch\u00e4tzte seinen Gegner und gab den Punkt zur\u00fcck. Wieder einmal brachte Peter Sikolenko eine hervorragende Partie aufs Brett und rang seinen Gegner nieder, was Andreas Heidenreich nach erfolgreichem Beginn durch zu schnelles Spiel wieder vergab. Zwischenstand 2:2.<br \/>\nNun musste die Erfahrung der noch spielenden Emmendinger den Kampf entscheiden. Leider kam Andreas Haas nicht \u00fcber ein Remis hinaus. Die Partie von Torsten Frank verlief sehr turbulent. Sein Gegner \u00fcbersah schlie\u00dflich den Damenverlust und verlor. Ulrich Steinke in aussichtsreicher Stellung \u00fcbersah eine Damenattacke und musste am Ende aufgeben. Zwischenstand 3,5:3,5.<br \/>\nNun hing alles an Markus Roos. F\u00fcr beide Mannschaften ging es um Sieg oder Niederlage. So wurde verbissen gek\u00e4mpft. Markus mit Springer und Mehrbauer gegen L\u00e4ufer, fehlte ihm nach Abtausch der Leichtfiguren ein Tempo zum Erfolg und es kam zur Punkteteilung. F\u00fcr Emmendingen durchaus ein Erfolg.<br \/>\nIn der Tabelle haben momentan noch 4 Mannschaften (Emmendingen auf Rang 2) Aussicht auf die Spitze. In der letzten Runde empf\u00e4ngt Emmendingen den Tabellenletzten West 3 und hat durchaus gute Chancen.<\/p>\n<h5>01.03.2015 Runde 7<\/h5>\n<h3>Emmendingen \u00fcbernimmt die Tabellenf\u00fchrung<\/h3>\n<h6>Emmendingen 3 &#8211; S\u00f6lden 2 (Heimspiel) 5,5:2,5<\/h6>\n<p>Eine verst\u00e4rkte S\u00f6ldener Zweite war angereist und konnte an den vorderen Brettern davon profitieren. Allerdings mussten sie hinten alle Bretter abgeben, was eindeutig f\u00fcr unseren Nachwuchs mit Andreas Heidenreich, Peter Sikolenko und Jonas V\u00f6gtlin spricht. Auch Ulrich Steinke konnte einen Siegpunkt einbringen.<br \/>\nDer Spielverlauf war allerdings nicht so eindeutig. Schon fr\u00fch geriet Emmendingen in R\u00fcckstand, was aber Ulrich Steinke schnell ausgleichen konnte. Dann brachte Jonas V\u00f6gtlin die Emmendinger in F\u00fchrung. Kurz darauf remisierten Torsten Frank und Andreas Haas. Zwischenstand 3:2.<br \/>\nDie letzten laufenden Partien an den Brettern 3, 6 und 7 sahen sehr positiv f\u00fcr Emmendingen aus. Insbesondere Jugendspieler Peter Sikolenko hatte eine eindeutige Gewinnstellung, was sein Gegner aber nicht wahrhaben wollte. Doch Peter lie\u00df sich nicht irritieren und spulte gelassen seine Z\u00fcge bis zum Sieg ab. Bravo, Peter! Auch Andreas Heidenreich k\u00e4mpfte routiniert und sicher bis zum Punktgewinn. Nur an Brett 3 gab es \u00fcberraschend noch eine Wende, doch letztlich endete die Partie remis.<\/p>\n<p>Nach der \u00fcberraschenden Niederlage des Tabellenf\u00fchrers Horben 2 gegen die starke Mannschaft von Freiburg-West hat Emmendingen 3 nun mit 11 MP den Rangplatz 1 \u00fcbernommen.<\/p>\n<h5>08.02.2015 Runde 6<\/h5>\n<h3>Kantersieg bei West 2<\/h3>\n<h6>West 2 &#8211; Emmendingen 3 (Ausw\u00e4rtsspiel) 1:7<\/h6>\n<p>Gegen Freiburg-West 2 konnte Emmendingen mit einer starken 3. Mannschaft antreten. Doch die Gastgeber leisteten heftigen Widerstand, so dass die Ergebnisse nur z\u00f6gernd eintraten.<br \/>\nDieses Mal er\u00f6ffnete Markus Roos mit einem Sieg an Brett 5, gefolgt von Andreas Haas an Brett 6. Dann hatte Joachim Fleischer einen Figurenvorteil aus der Er\u00f6ffnung in einen Sieg umm\u00fcnzen k\u00f6nnen. Nach dem klaren Sieg von Bernhard Frank war der Zwischenstand bereits 4:0 f\u00fcr Emmendingen. Nahezu zeitgleich konnten auch Boris Litfin an Brett 1 und Toni Gens an Brett 2 ihre Partien erfolgreich beenden. Jetzt liefen noch die Partien von Torsten Frank und Ulrich Steinke, die am Ende beide ein Remis zum Mannschaftserfolg beitragen konnten. Es hatte niemand verloren.<br \/>\nDas Endergebnis von 7-1 Brettpunkten ergab 2 Mannschaftspunkte und Rang 2 in der Tabelle.<br \/>\nDamit war die Runde 6 f\u00fcr den Schachclub Emmendingen mit 3 Siegen an diesem Spieltag \u00fcberaus erfolgreich.<\/p>\n<h5>25.01.2015 Runde 5<\/h5>\n<h3>Grandioses Remis in Horben<\/h3>\n<h6>Horben 2 &#8211; Emmendingen 3 (Ausw\u00e4rtsspiel) 4:4<\/h6>\n<p>Das war f\u00fcr Emmendingen 3 ein unerwarteter und letztlich grandioser Erfolg, obwohl das Ergebnis ein Remis war.<br \/>\nZwar hatten wir eine starke Mannschaft erwartet, aber Horben hatte zus\u00e4tzlich noch verst\u00e4rkt und war nach DWZ deutlich \u00fcberlegen. Doch manchmal kommt es wie \u00f6fter im Fu\u00dfball. Unsere Dritte k\u00e4mpfte \u00fcberragend und h\u00e4tte am Ende sogar noch gewinnen k\u00f6nnen. Joachim Fleischer brachte den ersten vollen Brettpunkt ein. \u00dcberraschend stark spielte Stefan B\u00fchler und konnte seinen nominal 500 DWZ st\u00e4rkeren Gegner ebenfalls bezwingen. Toni Gens, Bruno Grohm\u00fcller, Bernd Zimmermann und Jonas V\u00f6gtlin trugen jeweils ein Remis zum Mannschaftserfolg bei, wobei die beiden letztgenannten den Sieg vor Augen hatten.<br \/>\nNach dem erk\u00e4mpften Remis der Mannschaft konnte man zufrieden die Heimfahrt antreten. Der 3. Rang wurde abgesichert, punktgleich mit Horben 2 und S\u00f6lden 2.<\/p>\n<h5>14.12.2014 Runde 4<\/h5>\n<h3>Deutlicher Erfolg trotz Handikap<\/h3>\n<h6>Emmendingen 3 &#8211; Z\u00e4hringen 5 (Heimspiel) 5:3<\/h6>\n<p>Leider begann der Spieltag wieder mit einem gro\u00dfen Handikap, weil der vorgesehene Spieler von Brett 1 nicht antrat. So mussten alle folgenden Spieler aufr\u00fccken und ein Ersatzspieler einspringen.<br \/>\nTrotzdem konnte Emmendingen die G\u00e4ste aus Freiburg mit einer starken Mannschaft empfangen.<br \/>\nUnd es lief gut f\u00fcr Emmendingen. Franz Sifnatsch und Peter Sikolenko erreichten ein schnelles Remis und Andreas Heidenreich und Aryan Dehgan volle Brettpunkte. Die hinteren Bretter waren alle entschieden. Das ergab einen Zwischenstand von 3:1.<br \/>\nNach dem souver\u00e4nen Sieg von Andreas Haas an Brett 2 und dem gl\u00fccklichen von Markus Roos an Brett 1 war der Mannschaftserfolg mit 5:3 deutlich gesichert.<br \/>\nDie Mannschaft konnte sich um einen Rangplatz verbessern und steht zum Jahresabschluss auf Rang 3 punktgleich mit Freiburg-West (Rang 1) und Horben 2 (Rang 2), alle mit 6:2 MP.<\/p>\n<p>Insgesamt war der Jahresabschluss 2014 mit dem Sieg von 3 Mannschaften (Erste, Zweite und Dritte) am letzten Spieltag sehr erfolgreich und er\u00f6ffnet f\u00fcr 2015 weitere Chancen.<\/p>\n<h5>23.11.2014 Runde 3<\/h5>\n<h3>Knapper Erfolg in Endingen<\/h3>\n<h6>Endingen 2 &#8211; Emmendingen 3 (Ausw\u00e4rtsspiel) 3,5:4,5<\/h6>\n<p>Emmendingen startete furios durch die Attacken der Nachwuchsspieler Andreas Heidenreich und Peter Sikolenko. Aber auch die Routine von Andreas Haas setzte sich durch zum Zwischenstand von 0:3 zugunsten von Emmendingen. Dann holte der Gastgeber auf und verk\u00fcrzte durch 2 Siege. Ausschlaggebend waren die Remis von Markus Roos, Ulrich Steinke und Bernd Zimmermann zum Endstand von 3,5:4,5.<br \/>\nEin knapper, aber wichtiger Erfolg bei leichter DWZ-\u00dcberlegenheit, Emmendingen setzt sich damit vorerst auf Rangplatz 4 fest.<\/p>\n<h5>02.11.2014 Runde 2<\/h5>\n<h3>Niederlage mit Handikap<\/h3>\n<h6>Emmendingen 3 &#8211; Merzhausen 3 (Heimspiel) 2,5:5,5<\/h6>\n<p>Emmendingen 3 empfing die stark aufgestellten G\u00e4ste aus Merzhausen mit einem Handikap. An Brett 1 war ein unvorhersehbarer Ausfall zu verkraften. So mussten alle Spieler ein Brett aufr\u00fccken. Der an Brett 1 nachr\u00fcckende Markus Roos hatte schnell das Nachsehen. F\u00fcr eine besondere \u00dcberraschung sorgte der an Brett 8 eingesprungene Thomas M\u00e4dler, der die Partie f\u00fcr sich und die Mannschaft entscheiden konnte.<br \/>\nBernd Zimmermann musste sich nach einem Springerfehlzug schlie\u00dflich dem Druck beugen. Bernhard Frank hatte im Turmendspiel mit Schwarz eine deutlich bessere Stellung, \u00fcbersah aber die Deckung der 7. Reihe, so dass der Gegner in Vorteil kam und siegte. Zwischenstand 3:1 gegen Emmendingen.<br \/>\nAryan Dehgan remisierte an Brett 5, und Andreas Haas konnte an Brett 2 souver\u00e4n noch einen Mannschaftspunkt ausgleichen. Zwischenstand 3,5:2,5.<br \/>\nNun hing alles an den Brettern 3 und 4. Ulrich Steinke \u00fcbersah einen Springerabzug mit Schachgebot bei gleichzeitigem Angriff der ungedeckten Dame und verlor diese und die Partie. Die Mannschaft hatte bereits verloren. Wolfgang Dederichs k\u00e4mpfte zwar noch, musste sich aber am Ende auch beugen. Die Mannschaft hatte damit eine deutliche Niederlage hinzunehmen.<\/p>\n<h5>12.10.2014 Runde 1<\/h5>\n<h3>Auftakt gelungen<\/h3>\n<h6>Waldkirch 2 &#8211; Emmendingen 3 (Ausw\u00e4rtsspiel) 2,5:5,5<\/h6>\n<p>Emmendingen 3 traf in Waldkirch auf eine stark ersatzgeschw\u00e4chte Mannschaft. Trotzdem wurde an allen Brettern hart gerungen. Den ersten halben Punkt brachte schon nach 1 1\/2 Stunden Franz Sifnatsch ein. Eine halbe Stunde sp\u00e4ter folgten der halbe Punkt von Bernd Zimmermann und der erste Siegpunkt von Markus Roos an Brett 2. Andreas Haas kam in ein Bauernendspiel mit Springer gegen einen eingeschr\u00e4nkten L\u00e4ufer in aussichtreicher Stellung, akzeptierte aber das Remisangebot seines Gegners. Damit waren alle Schwarzpartien beendet mit 2,5 Punkten und keinem Verlust. Zwischenstand 1,5:2,5. Bei den Wei\u00dfpartien folgte an Brett 1 ein weiterer Siegpunkt von Torsten Frank. Axel Wolf erhielt durch seine Er\u00f6ffnung ein starkes Mittelfeld, das er halte konnte, untersch\u00e4tzte einen vorst\u00fcrmenden Springer im 14. Zug, den er gew\u00e4hren lie\u00df, ihm aber erhebliche Probleme bereitete. Erst gegen Ende der Partie glich sich das wieder aus, so dass er dem Remisangebot einwilligte. Zwischenstand 2:4. Die beiden letzten Wei\u00dfpartien f\u00fchrten Ulrich Steinke und Aryan Dehgan. Ersterer kam in schwieriges Endspiel mit L\u00e4ufer + Springer gegen 2 Springer bei einem Doppelbauern. Die Partie endete remis. Letzterer errang schnell erheblichen Vorteil, musste sich aber immer wieder den Nadelstichen seines Gegners erwehren. So zog sich die Partie in die L\u00e4nge. Aryan behielt den \u00dcberblick und siegte souver\u00e4n.<\/p>\n","protected":false},"excerpt":{"rendered":"<p>19.04.2015 Runde 9 Vizemeister der Kreisklasse A und sofortiger Wiederaufstieg Emmendingen 3 &#8211; West 3 (Heimspiel) 6:2 West 3 trat mit einer stark geschw\u00e4chten Mannschaft an. Wegen dieser Unterbesetzung startete Emmendingen mit plus 2 Brettpunkten. Peter Sikolenko und Richard Schweizer hatten kampflos gewonnen. Kurz nach Beginn meldete Andreas Heidenreich seinen Sieg. Nach dem Remis von &hellip; <a href=\"http:\/\/schachclub-emmendingen.badischer-schachverband.de\/index.php\/mannschaften\/3-mannschaft\/saison-2015\/\" class=\"more-link\"><span class=\"screen-reader-text\">Saison 2015<\/span> weiterlesen <span class=\"meta-nav\">&rarr;<\/span><\/a><\/p>\n","protected":false},"author":4,"featured_media":0,"parent":141,"menu_order":4,"comment_status":"closed","ping_status":"closed","template":"","meta":{"footnotes":""},"class_list":["post-812","page","type-page","status-publish","hentry"],"_links":{"self":[{"href":"http:\/\/schachclub-emmendingen.badischer-schachverband.de\/index.php\/wp-json\/wp\/v2\/pages\/812","targetHints":{"allow":["GET"]}}],"collection":[{"href":"http:\/\/schachclub-emmendingen.badischer-schachverband.de\/index.php\/wp-json\/wp\/v2\/pages"}],"about":[{"href":"http:\/\/schachclub-emmendingen.badischer-schachverband.de\/index.php\/wp-json\/wp\/v2\/types\/page"}],"author":[{"embeddable":true,"href":"http:\/\/schachclub-emmendingen.badischer-schachverband.de\/index.php\/wp-json\/wp\/v2\/users\/4"}],"replies":[{"embeddable":true,"href":"http:\/\/schachclub-emmendingen.badischer-schachverband.de\/index.php\/wp-json\/wp\/v2\/comments?post=812"}],"version-history":[{"count":5,"href":"http:\/\/schachclub-emmendingen.badischer-schachverband.de\/index.php\/wp-json\/wp\/v2\/pages\/812\/revisions"}],"predecessor-version":[{"id":2611,"href":"http:\/\/schachclub-emmendingen.badischer-schachverband.de\/index.php\/wp-json\/wp\/v2\/pages\/812\/revisions\/2611"}],"up":[{"embeddable":true,"href":"http:\/\/schachclub-emmendingen.badischer-schachverband.de\/index.php\/wp-json\/wp\/v2\/pages\/141"}],"wp:attachment":[{"href":"http:\/\/schachclub-emmendingen.badischer-schachverband.de\/index.php\/wp-json\/wp\/v2\/media?parent=812"}],"curies":[{"name":"wp","href":"https:\/\/api.w.org\/{rel}","templated":true}]}}