{"id":8108,"date":"2022-12-19T20:26:45","date_gmt":"2022-12-19T20:26:45","guid":{"rendered":"http:\/\/schachclub-emmendingen.badischer-schachverband.de\/?page_id=8108"},"modified":"2023-05-03T12:16:05","modified_gmt":"2023-05-03T12:16:05","slug":"2023-2","status":"publish","type":"page","link":"http:\/\/schachclub-emmendingen.badischer-schachverband.de\/index.php\/turniere\/vereinsmeister\/2023-2\/","title":{"rendered":"2023"},"content":{"rendered":"<p>Um auch unseren jugendlichen Spielerinnen und Spielern die Teilnahme am Vereinsturnier zu erm\u00f6glichen, wurde die Bedenkzeit weiter verk\u00fcrzt. Sie betr\u00e4gt 60 min f\u00fcr 40 Z\u00fcge und weitere 15 min f\u00fcr den Rest der Partie. Es gibt keinerlei Zeitzuschl\u00e4ge.<br \/>\nDamit ist die H\u00f6chstdauer einer Partie auf 3 Stunden begrenzt.<\/p>\n<p>Die Vereinsmeisterschaft 2023 hat am 20.12.2022 begonnen.<\/p>\n<p>Es haben sich 20 Teilnehmer gemeldet, die nach ihrer aktuellen DWZ in 2 Gruppen (A und B) eingeteilt wurden. In jeder Gruppe spielen in 9 Runden Jeder gegen Jeden nach den FIDE-Paarungsregeln.<\/p>\n<p>Die Termine sind Fixtermine, damit an diesen Spieltagen m\u00f6glichst viel Ruhe herrscht, und s\u00e4mtliche Aktivit\u00e4ten auf diese Partien konzentriert sind. Alle Termine sind zu Beginn des Turniers bekannt. Das Vorziehen der Partien ist immer m\u00f6glich, wenn der gew\u00fcnschte Gegner anwesend ist und keine geplante Partie Vorrang hat. Ansonsten stehen bei Verhinderung alle ausgewiesenen Ausweichtermine zur Verf\u00fcgung. Die Spielpartner verst\u00e4ndigen sich untereinander.<br \/>\nHaben bis Ende April 2023 Termine nicht stattgefunden, werden diese Partien genullt.<\/p>\n<p>Nach Abschluss der 9. Runde stehen die Sieger jeder Gruppe fest. Der Sieger der Gruppe A spielt in einer separaten Runde gegen den Sieger der Gruppe B um den Titel &#8222;Vereinsmeister 2023&#8220;. Als Termin ist der 09.05.2023 vorgesehen. Die Farben werden zu Spielbeginn gelost. Gleichzeitig spielen auch die Zweiten jeder Gruppe um den dritten Platz gegeneinander.<\/p>\n<table width=\"340\">\n<tbody>\n<tr>\n<td width=\"80\"><\/td>\n<td class=\"green\" width=\"100\">Gruppe A<\/td>\n<td width=\"100\"><\/td>\n<td width=\"60\"><\/td>\n<\/tr>\n<tr>\n<td>Paarungen nach FIDE<\/td>\n<td><\/td>\n<td><\/td>\n<td>Ergebnis<\/td>\n<\/tr>\n<tr>\n<td>Runde 1<\/td>\n<td>Kiefer (1)<\/td>\n<td>Alsamman (10)<\/td>\n<td>1-0<\/td>\n<\/tr>\n<tr>\n<td>20.12.2022<\/td>\n<td>Dederichs (2)<\/td>\n<td>Sayeedi (9)<\/td>\n<td>1-0<\/td>\n<\/tr>\n<tr>\n<td><\/td>\n<td>Ziegler K. (3)<\/td>\n<td>Sch\u00e4chtele (8)<\/td>\n<td>1-0<\/td>\n<\/tr>\n<tr>\n<td><\/td>\n<td>Synytskyi (4)<\/td>\n<td>Mench (7)<\/td>\n<td>0-1<\/td>\n<\/tr>\n<tr>\n<td><\/td>\n<td>Hipp (5)<\/td>\n<td>Schweizer (6)<\/td>\n<td>1-0<\/td>\n<\/tr>\n<tr>\n<td>oder 03.01.2023<\/td>\n<td><\/td>\n<td><\/td>\n<td><\/td>\n<\/tr>\n<tr>\n<td><\/td>\n<td><\/td>\n<td><\/td>\n<td><\/td>\n<\/tr>\n<tr>\n<td>Runde 2<\/td>\n<td>Alsamman (10)<\/td>\n<td>Schweizer (6)<\/td>\n<td>1-0<\/td>\n<\/tr>\n<tr>\n<td>10.01.2023<\/td>\n<td>Mench (7)<\/td>\n<td>Hipp (5)<\/td>\n<td>1-0<\/td>\n<\/tr>\n<tr>\n<td><\/td>\n<td>Sch\u00e4chtele (8)<\/td>\n<td>Synytskyi (4)<\/td>\n<td>1-0<\/td>\n<\/tr>\n<tr>\n<td><\/td>\n<td>Sayeedi (9)<\/td>\n<td>Ziegler K. (3)<\/td>\n<td>1-0<\/td>\n<\/tr>\n<tr>\n<td><\/td>\n<td>Kiefer (1)<\/td>\n<td>Dederichs (2)<\/td>\n<td>1-0<\/td>\n<\/tr>\n<tr>\n<td>oder 17.01.2023<\/td>\n<td><\/td>\n<td><\/td>\n<td><\/td>\n<\/tr>\n<tr>\n<td><\/td>\n<td><\/td>\n<td><\/td>\n<td><\/td>\n<\/tr>\n<tr>\n<td>Runde 3<\/td>\n<td>Dederichs (2)<\/td>\n<td>Alsamman (10)<\/td>\n<td><span style=\"color: #000000;\">0-1<\/span><\/td>\n<\/tr>\n<tr>\n<td>24.01.2023<\/td>\n<td>Ziegler K. (3)<\/td>\n<td>Kiefer (1)<\/td>\n<td>0-1<\/td>\n<\/tr>\n<tr>\n<td><\/td>\n<td>Synytskyi (4)<\/td>\n<td>Sayeedi (9)<\/td>\n<td>1-0<\/td>\n<\/tr>\n<tr>\n<td><\/td>\n<td>Hipp (5)<\/td>\n<td>Sch\u00e4chtele (8)<\/td>\n<td>1-0<\/td>\n<\/tr>\n<tr>\n<td><\/td>\n<td>Schweizer (6)<\/td>\n<td>Mench (7)<\/td>\n<td>1-0<\/td>\n<\/tr>\n<tr>\n<td>oder 31.01.2023<\/td>\n<td><\/td>\n<td><\/td>\n<td><\/td>\n<\/tr>\n<tr>\n<td><\/td>\n<td><\/td>\n<td><\/td>\n<td><\/td>\n<\/tr>\n<tr>\n<td>Runde 4<\/td>\n<td>Alsamman (10)<\/td>\n<td>Mench (7)<\/td>\n<td>1-0<\/td>\n<\/tr>\n<tr>\n<td>07.02.2023<\/td>\n<td>Sch\u00e4chtele (8)<\/td>\n<td>Schweizer (6)<\/td>\n<td>1-0<\/td>\n<\/tr>\n<tr>\n<td><\/td>\n<td>Sayeedi (9)<\/td>\n<td>Hipp (5)<\/td>\n<td>1-0<\/td>\n<\/tr>\n<tr>\n<td><\/td>\n<td>Kiefer (1)<\/td>\n<td>Synytskyi (4)<\/td>\n<td>1-0<\/td>\n<\/tr>\n<tr>\n<td><\/td>\n<td>Dederichs (2)<\/td>\n<td>Ziegler K. (3)<\/td>\n<td>\u00bd-\u00bd<\/td>\n<\/tr>\n<tr>\n<td>oder 14.02.2023<\/td>\n<td><\/td>\n<td><\/td>\n<td><\/td>\n<\/tr>\n<tr>\n<td><\/td>\n<td><\/td>\n<td><\/td>\n<td><\/td>\n<\/tr>\n<tr>\n<td>Runde 5<\/td>\n<td>Ziegler K. (3)<\/td>\n<td>Alsamman (10)<\/td>\n<td>0-1<\/td>\n<\/tr>\n<tr>\n<td>21.02.2023<\/td>\n<td>Synytskyi (4)<\/td>\n<td>Dederichs (2)<\/td>\n<td>0-1<span style=\"color: #008000;\"><br \/>\n<\/span><\/td>\n<\/tr>\n<tr>\n<td><\/td>\n<td>Hipp (5)<\/td>\n<td>Kiefer (1)<\/td>\n<td>0-1<\/td>\n<\/tr>\n<tr>\n<td><\/td>\n<td>Schweizer (6)<\/td>\n<td>Sayeedi (9)<\/td>\n<td>1-0<\/td>\n<\/tr>\n<tr>\n<td><\/td>\n<td>Mench (7)<\/td>\n<td>Sch\u00e4chtele (8)<\/td>\n<td>1-0<\/td>\n<\/tr>\n<tr>\n<td>oder 28.02.2023<\/td>\n<td><\/td>\n<td><\/td>\n<td><\/td>\n<\/tr>\n<tr>\n<td><\/td>\n<td><\/td>\n<td><\/td>\n<td><\/td>\n<\/tr>\n<tr>\n<td>Runde 6<\/td>\n<td>Alsamman (10)<\/td>\n<td>Sch\u00e4chtele (8)<\/td>\n<td>1-0<span style=\"color: #008000;\"><br \/>\n<\/span><\/td>\n<\/tr>\n<tr>\n<td>07.03.2023<\/td>\n<td>Sayeedi (9)<\/td>\n<td>Mench (7)<\/td>\n<td>1-0<\/td>\n<\/tr>\n<tr>\n<td><\/td>\n<td>Kiefer (1)<\/td>\n<td>Schweizer (6)<\/td>\n<td>1-0<\/td>\n<\/tr>\n<tr>\n<td><\/td>\n<td>Dederichs (2)<\/td>\n<td>Hipp (5)<\/td>\n<td>1-0<span style=\"color: #008000;\"><br \/>\n<\/span><\/td>\n<\/tr>\n<tr>\n<td><\/td>\n<td>Ziegler K. (3)<\/td>\n<td>Synytskyi (4)<\/td>\n<td>1-0<\/td>\n<\/tr>\n<tr>\n<td>oder 14.03.2023<\/td>\n<td><\/td>\n<td><\/td>\n<td><\/td>\n<\/tr>\n<tr>\n<td><\/td>\n<td><\/td>\n<td><\/td>\n<td><\/td>\n<\/tr>\n<tr>\n<td>Runde 7<\/td>\n<td>Synytskyi (4)<\/td>\n<td>Alsamman (10)<\/td>\n<td>0-1<\/td>\n<\/tr>\n<tr>\n<td><span style=\"color: #333333;\">21.03.2023<\/span><\/td>\n<td>Hipp (5)<\/td>\n<td>Ziegler K. (3)<\/td>\n<td>0-1<\/td>\n<\/tr>\n<tr>\n<td><\/td>\n<td>Schweizer (6)<\/td>\n<td>Dederichs (2)<\/td>\n<td>0-1<\/td>\n<\/tr>\n<tr>\n<td><\/td>\n<td>Mench (7)<\/td>\n<td>Kiefer (1)<\/td>\n<td><span style=\"color: #333333;\">0-1<\/span><\/td>\n<\/tr>\n<tr>\n<td><\/td>\n<td>Sch\u00e4chtele (8)<\/td>\n<td>Sayeedi (9)<\/td>\n<td><span style=\"color: #333333;\">0-1<\/span><\/td>\n<\/tr>\n<tr>\n<td>oder <span style=\"color: #333333;\">28.03.2023<\/span><\/td>\n<td><\/td>\n<td><\/td>\n<td><\/td>\n<\/tr>\n<tr>\n<td><\/td>\n<td><\/td>\n<td><\/td>\n<td><\/td>\n<\/tr>\n<tr>\n<td>Runde 8<\/td>\n<td>Alsamman (10)<\/td>\n<td>Sayeedi (9)<\/td>\n<td><span style=\"color: #333333;\">1-0<\/span><\/td>\n<\/tr>\n<tr>\n<td>04.04.2023<\/td>\n<td>Kiefer (1)<\/td>\n<td>Sch\u00e4chtele (8)<\/td>\n<td>1-0<\/td>\n<\/tr>\n<tr>\n<td><\/td>\n<td>Dederichs (2)<\/td>\n<td>Mench (7)<\/td>\n<td>1-0<\/td>\n<\/tr>\n<tr>\n<td><\/td>\n<td>Ziegler K. (3)<\/td>\n<td>Schweizer (6)<\/td>\n<td>1-0<\/td>\n<\/tr>\n<tr>\n<td><\/td>\n<td>Synytskyi (4)<\/td>\n<td>Hipp (5)<\/td>\n<td><span style=\"color: #333333;\">1-0<\/span><\/td>\n<\/tr>\n<tr>\n<td>oder 11.04.2023<\/td>\n<td><\/td>\n<td><\/td>\n<td><\/td>\n<\/tr>\n<tr>\n<td><\/td>\n<td><\/td>\n<td><\/td>\n<td><\/td>\n<\/tr>\n<tr>\n<td>Runde 9<\/td>\n<td>Hipp (5)<\/td>\n<td>Alsamman (10)<\/td>\n<td><span style=\"color: #008000;\"><span style=\"color: #333333;\">0-1<\/span><br \/>\n<\/span><\/td>\n<\/tr>\n<tr>\n<td>18.04.2023<\/td>\n<td>Schweizer (6)<\/td>\n<td>Synytskyi (4)<\/td>\n<td>0-1<\/td>\n<\/tr>\n<tr>\n<td><\/td>\n<td>Mench (7)<\/td>\n<td>Ziegler K. (3)<\/td>\n<td>0-0<\/td>\n<\/tr>\n<tr>\n<td><\/td>\n<td>Sch\u00e4chtele (8)<\/td>\n<td>Dederichs (2)<\/td>\n<td>1-0<\/td>\n<\/tr>\n<tr>\n<td><\/td>\n<td>Sayeedi (9)<\/td>\n<td>Kiefer (1)<\/td>\n<td>0-0<span style=\"color: #008000;\"><br \/>\n<\/span><\/td>\n<\/tr>\n<tr>\n<td>oder <span style=\"color: #008000;\">25.04.2023<\/span><\/td>\n<td><\/td>\n<td><\/td>\n<td><\/td>\n<\/tr>\n<\/tbody>\n<\/table>\n<p>&nbsp;<\/p>\n<table width=\"340\">\n<tbody>\n<tr>\n<td width=\"80\"><\/td>\n<td class=\"green\" width=\"100\">Gruppe B<\/td>\n<td width=\"100\"><\/td>\n<td width=\"60\"><\/td>\n<\/tr>\n<tr>\n<td>Paarungen nach FIDE<\/td>\n<td><\/td>\n<td><\/td>\n<td>Ergebnis<\/td>\n<\/tr>\n<tr>\n<td>Runde 1<\/td>\n<td>Haxhiaj (1)<\/td>\n<td>M\u00e4dler (10)<\/td>\n<td>1-0<\/td>\n<\/tr>\n<tr>\n<td>20.12.2022<\/td>\n<td>Lewien (2)<\/td>\n<td>Ziegler A. (9)<\/td>\n<td>1-0<\/td>\n<\/tr>\n<tr>\n<td><\/td>\n<td>Wolf (3)<\/td>\n<td>Hoffmann (8)<\/td>\n<td>1-0<\/td>\n<\/tr>\n<tr>\n<td><\/td>\n<td>Mohr (4)<\/td>\n<td>Maier (7)<\/td>\n<td>+\/- (1-0)<\/td>\n<\/tr>\n<tr>\n<td><\/td>\n<td>Ziganenko (5)<\/td>\n<td>Kohl (6)<\/td>\n<td>1-0<\/td>\n<\/tr>\n<tr>\n<td>oder 03.01.2023<\/td>\n<td><\/td>\n<td><\/td>\n<td><\/td>\n<\/tr>\n<tr>\n<td><\/td>\n<td><\/td>\n<td><\/td>\n<td><\/td>\n<\/tr>\n<tr>\n<td>Runde 2<\/td>\n<td>M\u00e4dler (10)<\/td>\n<td>Kohl (6)<\/td>\n<td>0-1<\/td>\n<\/tr>\n<tr>\n<td>10.01.2023<\/td>\n<td>Maier (7)<\/td>\n<td>Ziganenko (5)<\/td>\n<td>-\/+ (0-1)<\/td>\n<\/tr>\n<tr>\n<td><\/td>\n<td>Hoffmann (8)<\/td>\n<td>Mohr (4)<\/td>\n<td>1-0<\/td>\n<\/tr>\n<tr>\n<td><\/td>\n<td>Ziegler A. (9)<\/td>\n<td>Wolf (3)<\/td>\n<td>\u00bd-\u00bd<\/td>\n<\/tr>\n<tr>\n<td><\/td>\n<td>Haxhiaj (1)<\/td>\n<td>Lewien (2)<\/td>\n<td>1-0<\/td>\n<\/tr>\n<tr>\n<td>oder 17.01.2023<\/td>\n<td><\/td>\n<td><\/td>\n<td><\/td>\n<\/tr>\n<tr>\n<td><\/td>\n<td><\/td>\n<td><\/td>\n<td><\/td>\n<\/tr>\n<tr>\n<td>Runde 3<\/td>\n<td>Lewien (2)<\/td>\n<td>M\u00e4dler (10)<\/td>\n<td>1-0<\/td>\n<\/tr>\n<tr>\n<td>24.01.2023<\/td>\n<td>Wolf (3)<\/td>\n<td>Haxhiaj (1)<\/td>\n<td>0-1<\/td>\n<\/tr>\n<tr>\n<td><\/td>\n<td>Mohr (4)<\/td>\n<td>Ziegler A. (9)<\/td>\n<td>\u00bd-\u00bd<\/td>\n<\/tr>\n<tr>\n<td><\/td>\n<td>Ziganenko (5)<\/td>\n<td>Hoffmann (8)<\/td>\n<td>0-1<\/td>\n<\/tr>\n<tr>\n<td><\/td>\n<td>Kohl (6)<\/td>\n<td>Maier (7)<\/td>\n<td>+\/-<\/td>\n<\/tr>\n<tr>\n<td>oder 31.01.2023<\/td>\n<td><\/td>\n<td><\/td>\n<td><\/td>\n<\/tr>\n<tr>\n<td><\/td>\n<td><\/td>\n<td><\/td>\n<td><\/td>\n<\/tr>\n<tr>\n<td>Runde 4<\/td>\n<td>M\u00e4dler (10)<\/td>\n<td>Maier (7)<\/td>\n<td>+\/-<\/td>\n<\/tr>\n<tr>\n<td>07.02.2023<\/td>\n<td>Hoffmann (8)<\/td>\n<td>Kohl (6)<\/td>\n<td>0-1<\/td>\n<\/tr>\n<tr>\n<td><\/td>\n<td>Ziegler A. (9)<\/td>\n<td>Ziganenko (5)<\/td>\n<td>0-1<\/td>\n<\/tr>\n<tr>\n<td><\/td>\n<td>Haxhiaj (1)<\/td>\n<td>Mohr (4)<\/td>\n<td>1-0<\/td>\n<\/tr>\n<tr>\n<td><\/td>\n<td>Lewien (2)<\/td>\n<td>Wolf (3)<\/td>\n<td>0-1<\/td>\n<\/tr>\n<tr>\n<td>oder 14.02.2023<\/td>\n<td><\/td>\n<td><\/td>\n<td><\/td>\n<\/tr>\n<tr>\n<td><\/td>\n<td><\/td>\n<td><\/td>\n<td><\/td>\n<\/tr>\n<tr>\n<td>Runde 5<\/td>\n<td>Wolf (3)<\/td>\n<td>M\u00e4dler (10)<\/td>\n<td>1-0<\/td>\n<\/tr>\n<tr>\n<td>21.02.2023<\/td>\n<td>Mohr (4)<\/td>\n<td>Lewien (2)<\/td>\n<td>0-1<\/td>\n<\/tr>\n<tr>\n<td><\/td>\n<td>Ziganenko (5)<\/td>\n<td>Haxhiaj (1)<\/td>\n<td>0-1<\/td>\n<\/tr>\n<tr>\n<td><\/td>\n<td>Kohl (6)<\/td>\n<td>Ziegler A. (9)<\/td>\n<td>0-1<span style=\"color: #008000;\"><br \/>\n<\/span><\/td>\n<\/tr>\n<tr>\n<td><\/td>\n<td>Maier (7)<\/td>\n<td>Hoffmann (8)<\/td>\n<td>-\/+ (0-1)<\/td>\n<\/tr>\n<tr>\n<td>oder 28.02.2023<\/td>\n<td><\/td>\n<td><\/td>\n<td><\/td>\n<\/tr>\n<tr>\n<td><\/td>\n<td><\/td>\n<td><\/td>\n<td><\/td>\n<\/tr>\n<tr>\n<td>Runde 6<\/td>\n<td>M\u00e4dler (10)<\/td>\n<td>Hoffmann (8)<\/td>\n<td>0-1<\/td>\n<\/tr>\n<tr>\n<td>07.03.2023<\/td>\n<td>Ziegler A. (9)<\/td>\n<td>Maier (7)<\/td>\n<td>+\/-<\/td>\n<\/tr>\n<tr>\n<td><\/td>\n<td>Haxhiaj (1)<\/td>\n<td>Kohl (6)<\/td>\n<td>1-0<\/td>\n<\/tr>\n<tr>\n<td><\/td>\n<td>Lewien (2)<\/td>\n<td>Ziganenko (5)<\/td>\n<td>1-0<\/td>\n<\/tr>\n<tr>\n<td><\/td>\n<td>Wolf (3)<\/td>\n<td>Mohr (4)<\/td>\n<td>1-0<\/td>\n<\/tr>\n<tr>\n<td>oder 14.03.2023<\/td>\n<td><\/td>\n<td><\/td>\n<td><\/td>\n<\/tr>\n<tr>\n<td><\/td>\n<td><\/td>\n<td><\/td>\n<td><\/td>\n<\/tr>\n<tr>\n<td>Runde 7<\/td>\n<td>Mohr (4)<\/td>\n<td>M\u00e4dler (10)<\/td>\n<td>0-1<\/td>\n<\/tr>\n<tr>\n<td>21.03.2023<\/td>\n<td>Ziganenko (5)<\/td>\n<td>Wolf (3)<\/td>\n<td>1-0<\/td>\n<\/tr>\n<tr>\n<td><\/td>\n<td>Kohl (6)<\/td>\n<td>Lewien (2)<\/td>\n<td><span style=\"color: #333333;\">0-1<\/span><\/td>\n<\/tr>\n<tr>\n<td><\/td>\n<td>Maier (7)<\/td>\n<td>Haxhiaj (1)<\/td>\n<td>-\/+<\/td>\n<\/tr>\n<tr>\n<td><\/td>\n<td>Hoffmann (8)<\/td>\n<td>Ziegler A. (9)<\/td>\n<td>\u00bd-\u00bd<\/td>\n<\/tr>\n<tr>\n<td>oder 28.03.2023<\/td>\n<td><\/td>\n<td><\/td>\n<td><\/td>\n<\/tr>\n<tr>\n<td><\/td>\n<td><\/td>\n<td><\/td>\n<td><\/td>\n<\/tr>\n<tr>\n<td>Runde 8<\/td>\n<td>M\u00e4dler (10)<\/td>\n<td>Ziegler A. (9)<\/td>\n<td>1-0<span style=\"color: #008000;\"><br \/>\n<\/span><\/td>\n<\/tr>\n<tr>\n<td><\/td>\n<td>Haxhiaj (1)<\/td>\n<td>Hoffmann (8)<\/td>\n<td>1-0<\/td>\n<\/tr>\n<tr>\n<td><\/td>\n<td>Lewien (2)<\/td>\n<td>Maier (7)<\/td>\n<td>+\/-<\/td>\n<\/tr>\n<tr>\n<td><\/td>\n<td>Wolf (3)<\/td>\n<td>Kohl (6)<\/td>\n<td>1-0<\/td>\n<\/tr>\n<tr>\n<td><\/td>\n<td>Mohr (4)<\/td>\n<td>Ziganenko (5)<\/td>\n<td>0-1<\/td>\n<\/tr>\n<tr>\n<td>oder 11.04.2023<\/td>\n<td><\/td>\n<td><\/td>\n<td><\/td>\n<\/tr>\n<tr>\n<td><\/td>\n<td><\/td>\n<td><\/td>\n<td><\/td>\n<\/tr>\n<tr>\n<td>Runde 9<\/td>\n<td>Ziganenko (5)<\/td>\n<td>M\u00e4dler (10)<\/td>\n<td>1-0<\/td>\n<\/tr>\n<tr>\n<td>18.04.2023<\/td>\n<td>Kohl (6)<\/td>\n<td>Mohr (4)<\/td>\n<td><span style=\"color: #333333;\">1-0<\/span><\/td>\n<\/tr>\n<tr>\n<td><\/td>\n<td>Maier (7)<\/td>\n<td>Wolf (3)<\/td>\n<td>-\/+<\/td>\n<\/tr>\n<tr>\n<td><\/td>\n<td>Hoffmann (8)<\/td>\n<td>Lewien (2)<\/td>\n<td><span style=\"color: #333333;\">0-1<\/span><\/td>\n<\/tr>\n<tr>\n<td><\/td>\n<td>Ziegler A. (9)<\/td>\n<td>Haxhiaj (1)<\/td>\n<td><span style=\"color: #333333;\">0-1<\/span><\/td>\n<\/tr>\n<tr>\n<td>oder 25.04.2023<\/td>\n<td><\/td>\n<td><\/td>\n<td><\/td>\n<\/tr>\n<\/tbody>\n<\/table>\n","protected":false},"excerpt":{"rendered":"<p>Um auch unseren jugendlichen Spielerinnen und Spielern die Teilnahme am Vereinsturnier zu erm\u00f6glichen, wurde die Bedenkzeit weiter verk\u00fcrzt. Sie betr\u00e4gt 60 min f\u00fcr 40 Z\u00fcge und weitere 15 min f\u00fcr den Rest der Partie. Es gibt keinerlei Zeitzuschl\u00e4ge. Damit ist die H\u00f6chstdauer einer Partie auf 3 Stunden begrenzt. Die Vereinsmeisterschaft 2023 hat am 20.12.2022 begonnen. &hellip; <a href=\"http:\/\/schachclub-emmendingen.badischer-schachverband.de\/index.php\/turniere\/vereinsmeister\/2023-2\/\" class=\"more-link\"><span class=\"screen-reader-text\">2023<\/span> weiterlesen <span class=\"meta-nav\">&rarr;<\/span><\/a><\/p>\n","protected":false},"author":4,"featured_media":0,"parent":5846,"menu_order":0,"comment_status":"closed","ping_status":"closed","template":"","meta":{"footnotes":""},"class_list":["post-8108","page","type-page","status-publish","hentry"],"_links":{"self":[{"href":"http:\/\/schachclub-emmendingen.badischer-schachverband.de\/index.php\/wp-json\/wp\/v2\/pages\/8108","targetHints":{"allow":["GET"]}}],"collection":[{"href":"http:\/\/schachclub-emmendingen.badischer-schachverband.de\/index.php\/wp-json\/wp\/v2\/pages"}],"about":[{"href":"http:\/\/schachclub-emmendingen.badischer-schachverband.de\/index.php\/wp-json\/wp\/v2\/types\/page"}],"author":[{"embeddable":true,"href":"http:\/\/schachclub-emmendingen.badischer-schachverband.de\/index.php\/wp-json\/wp\/v2\/users\/4"}],"replies":[{"embeddable":true,"href":"http:\/\/schachclub-emmendingen.badischer-schachverband.de\/index.php\/wp-json\/wp\/v2\/comments?post=8108"}],"version-history":[{"count":10,"href":"http:\/\/schachclub-emmendingen.badischer-schachverband.de\/index.php\/wp-json\/wp\/v2\/pages\/8108\/revisions"}],"predecessor-version":[{"id":8278,"href":"http:\/\/schachclub-emmendingen.badischer-schachverband.de\/index.php\/wp-json\/wp\/v2\/pages\/8108\/revisions\/8278"}],"up":[{"embeddable":true,"href":"http:\/\/schachclub-emmendingen.badischer-schachverband.de\/index.php\/wp-json\/wp\/v2\/pages\/5846"}],"wp:attachment":[{"href":"http:\/\/schachclub-emmendingen.badischer-schachverband.de\/index.php\/wp-json\/wp\/v2\/media?parent=8108"}],"curies":[{"name":"wp","href":"https:\/\/api.w.org\/{rel}","templated":true}]}}