{"id":787,"date":"2010-04-25T20:20:51","date_gmt":"2010-04-25T20:20:51","guid":{"rendered":"http:\/\/schachclub-emmendingen.badischer-schachverband.de\/?page_id=787"},"modified":"2019-10-09T13:02:48","modified_gmt":"2019-10-09T13:02:48","slug":"saison-2010","status":"publish","type":"page","link":"http:\/\/schachclub-emmendingen.badischer-schachverband.de\/index.php\/mannschaften\/2-mannschaft\/saison-2010\/","title":{"rendered":"Saison 2010"},"content":{"rendered":"<h1>Auch die 2. Mannschaft vom SC Emmendingen schaffte den Aufstieg<\/h1>\n<figure id=\"attachment_301\" aria-describedby=\"caption-attachment-301\" style=\"width: 448px\" class=\"wp-caption alignnone\"><a href=\"\/wp-content\/uploads\/2015\/10\/PICT3058.jpg\" rel=\"attachment wp-att-301\"><img loading=\"lazy\" decoding=\"async\" class=\"wp-image-301 size-full\" src=\"\/wp-content\/uploads\/2015\/10\/PICT3058.jpg\" alt=\"DIGITAL CAMERA\" width=\"448\" height=\"323\" srcset=\"http:\/\/schachclub-emmendingen.badischer-schachverband.de\/wp-content\/uploads\/2015\/10\/PICT3058.jpg 448w, http:\/\/schachclub-emmendingen.badischer-schachverband.de\/wp-content\/uploads\/2015\/10\/PICT3058-300x216.jpg 300w, http:\/\/schachclub-emmendingen.badischer-schachverband.de\/wp-content\/uploads\/2015\/10\/PICT3058-208x150.jpg 208w, http:\/\/schachclub-emmendingen.badischer-schachverband.de\/wp-content\/uploads\/2015\/10\/PICT3058-150x108.jpg 150w\" sizes=\"auto, (max-width: 448px) 100vw, 448px\" \/><\/a><figcaption id=\"caption-attachment-301\" class=\"wp-caption-text\">Die 2. Mannschaft 2010 vom Schachclub Emmendingen in der Formation: v. l. Franz Sifnatsch, Bernd Zimmermann, Joachim Fleischer, Ulrich Steinke, Axel Wolf, Andreas Haas und Aryan Dehgan Nicht im Bild: Bruno Grohm\u00fcller, Bruno Savkovic und Andreas H\u00fcgle, die ganz wesentlich zum Erfolg der Mannschaft beigetragen haben. (Foto: Franz Sifnatsch)<\/figcaption><\/figure>\n<h5>25.04.2010 Runde 9<\/h5>\n<p><b>Emmendingen 2<\/b> musste zum Ausw\u00e4rtsspiel nach Endingen. Die Heimmannschaft Endingen 2 trat nicht mit der st\u00e4rksten Aufstellung an. So konnte Axel Wolf bereits nach gut 1 Std. gegen seinen Gegner punkten. Kurz danach siegten Franz Sifnatsch und Aryan Dehgan. Fast zeitgleich remisierten Bruno Grohm\u00fcller und Bruno Savkovic. So f\u00fchrte unsere Mannschaft bereits nach 1\u00bd Stunden mit 1:4. Etwa 30 Minuten sp\u00e4ter einigten sich Andreas Haas an Brett 1 und Ulrich Steinke an Brett 2 auf Punkteteilung mit dem Gegner. Damit hatte Emmendingen bereits gewonnen. Als Sahneh\u00e4ubchen siegte Bernd Zimmermann an Brett 7. Am Ende konnte die Mannschaft mit einem 2:6-Sieg heimkehren. Da Horben 3 gegen Merzhausen 3 siegte, reichte es Emmendingen 2 f\u00fcr den 3. Tabellenplatz und f\u00fcr den <span class=\"auto-style8\">Aufstieg in die Bezirksklasse Freiburg. <\/span><br \/>\nSpieler, die w\u00e4hrend der ganzen Saison kein Spiel verloren haben, waren Andreas Haas, Franz Sifnatsch, Axel Wolf und Andreas H\u00fcgle.<\/p>\n<h5>28.03.2010 Runde 8<\/h5>\n<p><b>Emmendingen 2<\/b> hatte als Gastmannschaft Denzlingen 2, die zum Zeitpunkt der Mannschaftsaufstellung nur mit 7 Spielern anwesend waren. Brett 8 musste der Gegner unbesetzt lassen, so dass bereits 1 Brettpunkt verbucht werden konnte. Nach 1,5 Std. erreichte Alexander M\u00e4dler durch eine Klassepartie an Brett 7 einen weiteren Brettpunkt. Etwa 1\/2 Std. sp\u00e4ter holten Bruno Grohm\u00fcller an Brett 2 und Axel Wolf an Brett 5 ihre Siegpunkte. Nachdem noch 3 Partien remis endeten, war der Mannschaftssieg mit 5,5:2,5 perfekt. Das f\u00fchrte zu einem Sprung auf Tabellenplatz 4.<\/p>\n<h5>07.03.2010 Runde 7<\/h5>\n<p>Ebringen 2 trat nicht an. <b>Emmendingen 2<\/b> konnte einen 8:0-Sieg verbuchen. Leider reichte auch dieser Sieg nicht zu einer Rangverbesserung. Ein Klassenerhalt wurde jetzt wahrscheinlicher. Die vorderen Rangpl\u00e4tze kamen in greifbare N\u00e4he.<\/p>\n<h5>31.01.2010 Runde 6<\/h5>\n<p>Einen erstklassigen 7,5:0,5-Sieg erreichte <b>Emmendingen 2<\/b> gegen die angereiste Mannschaft Badenweiler 1. Unsere Mannschaft setzte sich mit einem Vorsprung von 5 Punkten von der Abstiegszone ab. Zu einer Rangverbesserung f\u00fchrte dieser Sieg allerdings nicht.<\/p>\n<h5>10.01.2010 Runde 5<\/h5>\n<p>Eine gewonnene Partie reichte gegen Gundelfingen nicht aus, eine Revanche f\u00fcr die knappe Niederlage im letzten Jahr zu bekommen. Das Heimspiel endete 3,5:4,5 zu Lasten von <b>Emmendingen 2<\/b>. Damit landete die Mannschaft wieder auf dem 6. Rang.<\/p>\n<h5>13.12.2009 Runde 4<\/h5>\n<p><b>Emmendingen 2<\/b> konnte ohne Verlustpartie gegen S\u00f6lden 2 mit einem erstklassigen 2:6-Ausw\u00e4rtserfolg auf den 5. Tabellenrang vorr\u00fccken. Dieser notwendige Mannschaftssieg bremste ein weiteres Abgleiten an das Tabellenende. F\u00fcr die Spiele nach der Weihnachtspause konnte beruhigen, dass gegen die in dieser Saison offenbar st\u00e4rkeren Mannschaften bereits gespielt wurde.<\/p>\n<h5>22.11.2009 Runde 3<\/h5>\n<p>Im Heimspiel gegen Merzhausen 3, die verst\u00e4rkt angereist waren, konnte sich <b>Emmendingen 2<\/b> nicht durchsetzen. 2 gewonnene Partien waren nicht genug. Der Kampf endete 3:5. \u00dcber einen Protest von Merzhausen wegen Zeit\u00fcberschreitung an Brett 7 wurde gegen Emmendingen entschieden. Das bedeutete Abrutschen auf Rang 6.<\/p>\n<h5>25.10.2009 Runde 2<\/h5>\n<p><b>Emmendingen 2<\/b> musste nach Horben und verpasste gegen Horben 3 ein m\u00f6gliches Remis. Der Kampf endete 3,5:4,5. Damit rutschte die Mannschaft auf Rang 3.<\/p>\n\n\n<p class=\"rpbchessboard-spacerBefore\"><\/p>\n\n<div class=\"rpbchessboard-chessgame\">\n    <noscript>\n        <div class=\"rpbchessboard-javascriptWarning\">\n            Sie m\u00fcssen JavaScript aktivieren, um die Notation zu verbessern.        <\/div>\n    <\/noscript>\n    <div id=\"rpbchessboard-69e55a3d83644-1\"><\/div>\n    <script type=\"text\/javascript\">\n        (function() {\n            function renderThisPGN() {\n                RPBChessboard.renderPGN(\"rpbchessboard-69e55a3d83644-1\", {\"pgn\":\"[Event \\\"VR 09\\\/10 Horben 3-Em 2\\\"]\\r\\n[Site \\\"?\\\"]\\r\\n[Date \\\"2009.10.25\\\"]\\r\\n[Round \\\"2\\\"]\\r\\n[White \\\"Gorodin, Dmitry\\\"]\\r\\n[Black \\\"Wolf, Axel\\\"]\\r\\n[Result \\\"0-1\\\"]\\r\\n[ECO \\\"A48\\\"]\\r\\n[WhiteElo \\\"1579\\\"]\\r\\n[BlackElo \\\"1232\\\"]\\r\\n[PlyCount \\\"96\\\"]\\r\\n[EventDate \\\"2009.10.25\\\"]\\r\\n[EventType \\\"team-tourn\\\"]\\r\\n[EventRounds \\\"9\\\"]\\r\\n[EventCountry \\\"SUI\\\"]\\r\\n\\r\\n1. d4 Nf6 2. Nf3 g6 3. c3 Bg7 4. Bf4 d6 5. h3 O-O 6. e3 Nbd7 7. Bc4 c6 8. Nbd2\\r\\nb5 9. Bb3 a5 10. Ng5 d5 11. O-O Nh5 12. Bh2 Bh6 13. Ngf3 Nhf6 14. Bc2 Nb6 15.\\r\\nNe5 Bb7 16. Ndf3 Nc4 17. Nd3 Ne4 18. Rb1 Bc8 19. Nf4 Bf5 20. g4 Bd7 21. Bxe4\\r\\ndxe4 22. g5 Bg7 23. Nd2 Nd6 24. h4 e5 25. Ng2 Qe7 26. Kh1 Bf5 27. Rg1 Rad8 28.\\r\\nQe2 Qe6 29. b3 Bg4 30. Qf1 a4 31. f3 exf3 32. Nxf3 Ne4 33. Rb2 axb3 34. axb3\\r\\nNxc3 35. Nxe5 Bxe5 36. dxe5 Rd1 37. Qf2 Rfd8 38. Nf4 Qf5 39. Qg3 Qe4+ 40. Ng2\\r\\nBf3 41. Qf2 Rxg1+ 42. Kxg1 Nd1 43. Qc2 Nxb2 44. Qxb2 Rd1+ 45. Kf2 Bxg2 46. Qe2\\r\\nRc1 47. Kg3 Rc2 48. Qe1 Qf3# 0-1\",\"pieceSymbols\":\"localized\",\"navigationBoard\":\"floatLeft\",\"withPlayButton\":true,\"withFlipButton\":true,\"withDownloadButton\":true,\"nboSquareSize\":32,\"nboCoordinateVisible\":true,\"nboTurnVisible\":true,\"nboColorset\":\"original\",\"nboPieceset\":\"cburnett\",\"nboAnimated\":true,\"nboMoveArrowVisible\":true,\"nboMoveArrowColor\":\"b\",\"idoSquareSize\":32,\"idoCoordinateVisible\":true,\"idoTurnVisible\":true,\"idoColorset\":\"original\",\"idoPieceset\":\"cburnett\"});\n            }\n            if (document.readyState === 'loading') {\n                document.addEventListener('DOMContentLoaded', renderThisPGN);\n            }\n            else {\n                renderThisPGN();\n            }\n        })();\n    <\/script>\n<\/div>\n\n<p class=\"rpbchessboard-spacerAfter\"><\/p>\n\n<h5>11.10.2009 Runde 1<\/h5>\n<p><b>Emmendingen 2<\/b> erwischte mit einem 5,5:2,5-Sieg gegen Freiburg-Wiehre 3 einen guten Saisonstart und setzte sich auf den 2. Tabellenplatz.<\/p>\n","protected":false},"excerpt":{"rendered":"<p>Auch die 2. Mannschaft vom SC Emmendingen schaffte den Aufstieg 25.04.2010 Runde 9 Emmendingen 2 musste zum Ausw\u00e4rtsspiel nach Endingen. Die Heimmannschaft Endingen 2 trat nicht mit der st\u00e4rksten Aufstellung an. So konnte Axel Wolf bereits nach gut 1 Std. gegen seinen Gegner punkten. Kurz danach siegten Franz Sifnatsch und Aryan Dehgan. Fast zeitgleich remisierten &hellip; <a href=\"http:\/\/schachclub-emmendingen.badischer-schachverband.de\/index.php\/mannschaften\/2-mannschaft\/saison-2010\/\" class=\"more-link\"><span class=\"screen-reader-text\">Saison 2010<\/span> weiterlesen <span class=\"meta-nav\">&rarr;<\/span><\/a><\/p>\n","protected":false},"author":4,"featured_media":0,"parent":139,"menu_order":10,"comment_status":"closed","ping_status":"closed","template":"","meta":{"footnotes":""},"class_list":["post-787","page","type-page","status-publish","hentry"],"_links":{"self":[{"href":"http:\/\/schachclub-emmendingen.badischer-schachverband.de\/index.php\/wp-json\/wp\/v2\/pages\/787","targetHints":{"allow":["GET"]}}],"collection":[{"href":"http:\/\/schachclub-emmendingen.badischer-schachverband.de\/index.php\/wp-json\/wp\/v2\/pages"}],"about":[{"href":"http:\/\/schachclub-emmendingen.badischer-schachverband.de\/index.php\/wp-json\/wp\/v2\/types\/page"}],"author":[{"embeddable":true,"href":"http:\/\/schachclub-emmendingen.badischer-schachverband.de\/index.php\/wp-json\/wp\/v2\/users\/4"}],"replies":[{"embeddable":true,"href":"http:\/\/schachclub-emmendingen.badischer-schachverband.de\/index.php\/wp-json\/wp\/v2\/comments?post=787"}],"version-history":[{"count":10,"href":"http:\/\/schachclub-emmendingen.badischer-schachverband.de\/index.php\/wp-json\/wp\/v2\/pages\/787\/revisions"}],"predecessor-version":[{"id":2632,"href":"http:\/\/schachclub-emmendingen.badischer-schachverband.de\/index.php\/wp-json\/wp\/v2\/pages\/787\/revisions\/2632"}],"up":[{"embeddable":true,"href":"http:\/\/schachclub-emmendingen.badischer-schachverband.de\/index.php\/wp-json\/wp\/v2\/pages\/139"}],"wp:attachment":[{"href":"http:\/\/schachclub-emmendingen.badischer-schachverband.de\/index.php\/wp-json\/wp\/v2\/media?parent=787"}],"curies":[{"name":"wp","href":"https:\/\/api.w.org\/{rel}","templated":true}]}}