{"id":779,"date":"2014-01-08T20:16:24","date_gmt":"2014-01-08T20:16:24","guid":{"rendered":"http:\/\/schachclub-emmendingen.badischer-schachverband.de\/?page_id=779"},"modified":"2019-10-09T13:06:05","modified_gmt":"2019-10-09T13:06:05","slug":"saison-2014","status":"publish","type":"page","link":"http:\/\/schachclub-emmendingen.badischer-schachverband.de\/index.php\/mannschaften\/2-mannschaft\/saison-2014\/","title":{"rendered":"Saison 2014"},"content":{"rendered":"<h5>13.04.2014 Runde 9<\/h5>\n<h3>Am Ende reicht der klare Sieg gegen Horben 2 nicht zum Aufstieg<\/h3>\n<h6>Horben 2 &#8211; Emmendingen 2 (Ausw\u00e4rtsspiel) 2:6<\/h6>\n<p>Vor dem letzten Spieltag war f\u00fcr Emmendingen 2 klar, dass ein Aufstieg aus eigener Kraft nicht mehr m\u00f6glich ist. Doch bei bestimmten Konstellationen war er trotzdem noch m\u00f6glich. Voraussetzung war allerdings ein klarer Erfolg in Horben. Eine der beiden f\u00fchrenden Mannschaften musste straucheln. Der klare Sieg gelang, auch wenn es ein \u00e4u\u00dferst hartes St\u00fcck Arbeit war. Doch auch die anderen &#8222;lie\u00dfen keine Federn&#8220;. Am Ende der Saison ist Emmendingen 2 nur einen Sieg vom angestrebten Aufstiegsplatz entfernt und landet auf dem ungeliebten 3. Tabellenrang der Bezirksklasse Freiburg.<\/p>\n<figure id=\"attachment_319\" aria-describedby=\"caption-attachment-319\" style=\"width: 448px\" class=\"wp-caption alignnone\"><a href=\"\/wp-content\/uploads\/2015\/10\/zweite2014.jpg\" rel=\"attachment wp-att-319\"><img loading=\"lazy\" decoding=\"async\" class=\"wp-image-319 size-full\" src=\"\/wp-content\/uploads\/2015\/10\/zweite2014.jpg\" alt=\"zweite2014\" width=\"448\" height=\"316\" srcset=\"http:\/\/schachclub-emmendingen.badischer-schachverband.de\/wp-content\/uploads\/2015\/10\/zweite2014.jpg 448w, http:\/\/schachclub-emmendingen.badischer-schachverband.de\/wp-content\/uploads\/2015\/10\/zweite2014-300x212.jpg 300w, http:\/\/schachclub-emmendingen.badischer-schachverband.de\/wp-content\/uploads\/2015\/10\/zweite2014-213x150.jpg 213w, http:\/\/schachclub-emmendingen.badischer-schachverband.de\/wp-content\/uploads\/2015\/10\/zweite2014-150x106.jpg 150w\" sizes=\"auto, (max-width: 448px) 100vw, 448px\" \/><\/a><figcaption id=\"caption-attachment-319\" class=\"wp-caption-text\">Die 2. Mannschaft 2014 v. links vordere Reihe: Karl Ziegler, Joachim Fleischer, Daniel Reifsteck, Markus Roos, Toni Gens dahinter: Axel Wolf, Wolfgang Schmidt, Thomas M\u00e4dler (Vorsitzender des SCE), Sven Wasmer, Torsten Frank nicht im Bild: Andreas H\u00fcgle, Boris Litfin und Tomas Penya (Foto: Karl Ziegler)<\/figcaption><\/figure>\n<p>Die Ouvert\u00fcre gelang Karl Ziegler mit einem schnellen Sieg. Joachim Fleischer hatte keine Probleme. Daniel Reifsteck remisierte, und Markus Roos \u00fcberzeugte mit einem vollen Brettpunkt. Wolfgang Schmidt hatte ein fr\u00fches Remisangebot an Brett 1 abgelehnt, musste aber doch remisieren. Zwischenstand 4:1 f\u00fcr Emmendingen.<br \/>\nAn den Brettern 2 bis 4 wurde weiter hart gerungen. Torsten Frank versuchte einen Mattangriff, kam aber nicht \u00fcber ein Remis hinaus. Doch war der Mannschaftserfolg bereits sicher. Sven Wasmer leitete einen starken Angriff ein, der noch \u00fcberaus stark verteidigt wurde. Am Ende musste sein Gegner bei drohendem Damenverlust aufgeben. Stand 5,5:1,5 f\u00fcr Emmendingen.<br \/>\nToni Gens bot seinem Gegner 2x Remis an, was dieser ablehnte. So verz\u00f6gerte diese letzte Partie das Gesamtergebnis noch weitere 1,5 Stunden und endete schlie\u00dflich doch remis. Endstand 6:2. Dieses gute Ergebnis reichte jedoch nicht zum erstrebten Aufstieg, da auch Markgr\u00e4flerland und Denzlingen punkteten.<\/p>\n<p>Bester Spieler der Saison war Daniel Reifsteck mit 7,5 BP aus 9 Spielen (Score 83%).<\/p>\n<h5>23.03.2014 Runde 8<\/h5>\n<h3>Erwartungen nicht erf\u00fcllt<\/h3>\n<h6>Emmendingen 2 &#8211; Bad Krozingen (Heimspiel) 4:4<\/h6>\n<p>Von diesem Heimspiel hatte sich Emmendingen trotz etwas geschw\u00e4chter Aufstellung mehr erhofft. Die Mannschafts-DWZ war immerhin um 130 h\u00f6her. Die G\u00e4ste aus Bad Krozingen traten insbesondere an den hinteren Brettern nicht in gewohnt starker Aufstellung an. Doch der Kampf verlief anders. Markus Roos beendete seine Partie fr\u00fch mit einem Remis. Auch Karl Ziegler und Daniel Reifsteck kamen \u00fcber ein Remis nicht hinaus. Die Partie an Brett 8 ging verloren. Auch an den Brettern 2 bis 4 remisierten Toni Gens, Torsten Frank und Joachim Fleischer. Die einzige Gewinnpartie von Andreas H\u00fcgle an Brett 1 konnte den Spielstand nicht mehr zum gesamten Mannschaftserfolg revidieren. Mit dem Endergebnis von 4:4 verblieb Emmendingen 2 auf Rangplatz 3 der Tabelle. Ambitionen zum Aufstieg sind nur noch theoretischer Natur.<\/p>\n<p><span class=\"auto-style14\"><strong> <\/strong><\/span><\/p>\n<h5>09.03.2014 Runde 7<\/h5>\n<h3>Emmendingen 2 muss bei Schwarze Pumpe eine deutliche Niederlage akzeptieren<\/h3>\n<h6>Schwarze Pumpe 1 &#8211; Emmendingen 2 (Ausw\u00e4rtsspiel) 6,5:1,5<\/h6>\n<p>Emmendingen 2 konnte in Freiburg bei Schwarze Pumpe nicht in Bestform antreten. Hinzu kamen die relativ schnellen Verlustpartien an den Brettern 5 und 8. Erster Lichtblick war das Remis von Joachim Fleischer. Nach einer weiteren Punktabgabe an Brett 7 stand es bereits 3,5:0,5 gegen Emmendingen. Auch Brett 1 musste passen. Jetzt setzte unser Jugendspieler Daniel Reifsteck den Glanzpunkt des Tages durch souver\u00e4nen Abschluss seiner Partie mit dem einzigen Siegpunkt. Auch die beiden letzten Partien &#8211; beide in gedr\u00fcckter Stellung mit Minusbauern &#8211; gingen verloren. F\u00fcr Emmendingen 2 war dies ein schwarzer Spieltag. Verbleibt nur, soweit m\u00f6glich in den beiden letzten Runden &#8222;eine Schippe draufzulegen&#8220;. Die Mannschaften an der Spitze der Tabelle liegen in der Bezirksklasse so dicht beieinander, dass noch alles passieren kann.<\/p>\n<h5>16.02.2014 Runde 6<\/h5>\n<h3>Sieg \u00fcber Denzlingen bringt Emmendingen 2 die Tabellenf\u00fchrung<\/h3>\n<h6>Emmendingen 2 &#8211; Denzlingen 1 (Heimspiel) 4,5:3,5<\/h6>\n<p>Mit einem knappen Sieg \u00fcber den favorisierten Tabellenf\u00fchrer Denzlingen 1 l\u00f6st Emmendingen 2 diesen an der Spitze ab und \u00fcbernimmt selbst die Tabellenf\u00fchrung. In einem hart umk\u00e4mpften Heimspiel stand es gegen Ende durch Siege von Tomas Penya und Daniel Reifsteck unterst\u00fctzt mit Remis von Andreas H\u00fcgle und Joachim Fleischer ausgeglichen 3:3. Nur die Partien von Wolfgang Schmidt an Brett 1 und Torsten Frank an Brett 6 waren nicht entschieden. Wolfgang Schmidt hatte einen Vorteil herausgearbeitet, der ihm letztlich auch den Brettpunkt einbrachte. Torsten Frank kam in ein Endspiel L\u00e4ufer+Bauer gegen Springer+2 Bauern. Nach Abtausch der Bauern war die Partie theoretisch remis. Dieser halbe Brettpunkt brachte damit den Mannschaftserfolg mit 4,5:3,5 BP. Bei insgesamt 10:2 MP und 34:14 BP l\u00f6ste Emmendingen den besiegten Tabellenf\u00fchrer ab. Ein gro\u00dfartiger Erfolg! Interessant ist, dass Oberwinden den Bad Krozingern einen MP abringen konnte. Gegen beide Mannschaften muss Emmendingen noch spielen.<\/p>\n<h5>02.02.2014 Runde 5<\/h5>\n<h3>Keinesfalls so deutlicher Sieg wie das Ergebnis<\/h3>\n<h6>Emmendingen 2 &#8211; Ebringen 2 (Heimspiel) 5,5:2,5<\/h6>\n<p>Das h\u00e4tte durchaus auch schief gehen k\u00f6nnen. So eindeutig wie das Endergebnis war der Kampf gegen die G\u00e4ste aus Ebringen keinesfalls. Souver\u00e4n war der Sieg von Toni Gens. Wolfgang Schmidt und Andreas H\u00fcgle trugen mit ihren Remis an den Spitzenbrettern zum Mannschaftserfolg bei. Brett 4 ging f\u00fcr Emmendingen verloren, und an Brett 7 einigte sich Joachim Fleischer trotz deutlicher DWZ-\u00dcberlegenheit auf Remis. Zwischenstand 2,5:2,5. Torsten Frank patzte in der Er\u00f6ffnung, so dass der Beobachter die Partie als verloren w\u00e4hnte. Doch Torsten schaffte den Ausgleich und gewann die Partie. Boris Litfin stand an Brett 3 mit dem R\u00fccken zur Wand. Sein Gegner \u00fcberlegte bereits, wie er ihm den Todessto\u00df versetzen k\u00f6nnte. Doch dabei \u00fcbersah er ein einz\u00fcgiges Matt von Boris. Ein absoluter \u00dcberraschungssieg! Daniel Reifsteck hatte trotz 2 Mehrbauern ein schwieriges Turmendspiel. Im richtigen Moment trieb er den K\u00f6nig vor und erreichte einen doppelten Mattangriff, von denen nur einer vom Gegner abgedeckt werden konnte. Nach genialem Turmopfer war das Matt perfekt. Am Ende war der Mannschaftssieg dann deutlich. Die Mannschaft erreichte 8:2 MP bei 29,5:10,5 BP und h\u00e4lt weiterhin Rangplatz 2. Am n\u00e4chsten Spieltag muss Emmendingen 2 gegen die favorisierten Denzlinger zu Hause antreten.<\/p>\n<h5>12.01.2014 Runde 4<\/h5>\n<h3>Emmendingen r\u00fcckt n\u00e4her an die Spitze<\/h3>\n<h6>Dreisamtal 2 &#8211; Emmendingen 2 (Ausw\u00e4rtsspiel) 1,5:6,5<\/h6>\n<p>Die Zweite hatte in Kirchzarten gegen Dreisamtal 2 anzutreten. Die Gastgeber mussten auf ihre st\u00e4rkste Besetzung verzichten. So waren weder die vorderen Bretter gewohnt stark aufgestellt, noch konnten die beiden letzten Bretter besetzt werden. Der rangh\u00f6chste Spieler von Dreisamtal wurde in deren 3. Mannschaft eingesetzt, die parallel gegen Emmendingen 4 spielte. So dominierte Emmendingen 2. Wermutstropfen war allerdings die erste Entscheidung gegen Emmendingen. Markus Roos hatte nicht seinen besten Tag erwischt und musste nach dubiosen Z\u00fcgen beiderseits den Punkt abgeben. Nachdem bereits Daniel Reifsteck und Helmut Maier die Punkte kampflos einheimsten, war der Zwischenstand 2:1 f\u00fcr Emmendingen. Die \u00fcbrigen Emmendinger Spieler lie\u00dfen sich nicht beeindrucken. Nach einer weiteren Stunde er\u00f6ffnete Toni Gens den Reigen eingehender Siegpunkte, dicht gefolgt von Joachim Fleischer und Boris Litfin. Damit stand es bereits 5:1 f\u00fcr Emmendingen, und der Mannschaftssieg war perfekt. Einen weiteren vollen Brettpunkt steuerte Tomas Penya an Brett 3 bei. In der zuletzt noch laufenden Partie an Brett 1 einigte sich Wolfgang Schmidt in besserer Stellung auf Remis.<br \/>\nDurch den klaren Gesamtsieg von 6,5:1,5 BP bei 6:2 MP erreicht Emmendingen 2 Rangplatz 2 und kontaktiert den Spitzenreiter Bad Krozingen, der seine Punkte souver\u00e4n bei Emmendingen 3 holte.<\/p>\n<h5>08.12.2013 Runde 3<\/h5>\n<h3>Gl\u00e4nzendes Ergebnis in Runde 3<\/h3>\n<h6>Emmendingen 2 &#8211; Oberwinden 3 (Heimspiel) 7:1<\/h6>\n<p>Die Zweite konnte diesmal verst\u00e4rkt gegen die G\u00e4ste aus Oberwinden antreten. So waren alle hochmotiviert. In der ersten Partie einigte sich Wolfgang Schmidt an Brett 1 mit seinem Gegner auf Remis. Kurz darauf ging an Brett 3 auch die Partie von Andreas H\u00fcgle im Zweispringerspiel mit Remis zu Ende. Den ersten Sieg konnte Boris Litfin in einer furiosen Schottischen Er\u00f6ffnung an Brett 4 bereits nach 21 Z\u00fcgen erk\u00e4mpfen. Der n\u00e4chste Punkt wurde durch Joachim Fleischer errungen, der mit Schwarz die Caro-Kann-Er\u00f6ffnung w\u00e4hlte. Sein Gegner hielt auch theoretisch bis zu seinem Fehler im 23. Zug gut mit. Dann brach seine Verteidigung zusammen. Zwischenstand 3:1. An Brett 5 hatte sich Tomas Penya im Damenbauernspiel gegen die Richter-Weressow-Variante mit den schwarzen Figuren zu wehren. Nach seinem nicht optimalen 13. Zug stand er lange unter Druck bis sein Gegner im 29. Zug ebenfalls einen Fehler machte. Nach diesem gewann Tomas die \u00dcberhand und konnte den Punkt f\u00fcr Emmendingen verbuchen. Zwischenstand nach 3 Stunden Spielzeit 4:1. An Brett 2 f\u00fchrte Sven Wasmer die wei\u00dfen Figuren. Sein Gegner w\u00e4hlte die Holl\u00e4ndische Verteidigung und lief damit ins Messer. Sven konterte sensationell und \u00fcberrollte seinen Gegner. Nun hatte Emmendingen beim Zwischenstand von 5:1 bereits den Mannschaftssieg errungen.<br \/>\nIn der vorletzten Partie spielte Toni Gens mit Wei\u00df das Zentralsystem der Damenindischen Verteidigung. Er verbesserte seine Stellung Zug um Zug. Bereits im 20. Zug hatte er seinen Gegner fest im Griff und gewann einen L\u00e4ufer f\u00fcr einen Bauern. Diesen Vorteil gab er nicht mehr her und gewann. Jetzt lief noch die Partie von Axel Wolf an Brett 8. In der Cambridge-Springs-Variante des Damengambits kam es zun\u00e4chst zu einem geschlossenen Aufbau. Beide Gegner waren auf Sicherung bedacht. Ein Remisangebot lehnte Axel im 22. Zug ab, weil er trotz v\u00f6lliger Ausgeglichenheit noch einen Gewinnweg sah. Dieser ergab sich 2 Z\u00fcge sp\u00e4ter durch \u00d6ffnung und Angriff am K\u00f6nigsfl\u00fcgel. Mit 17,5:6,5 BP und 4:2 MP kletterte Emmendingen 2 auf Rang 3 der Tabelle.<\/p>\n\n\n<p class=\"rpbchessboard-spacerBefore\"><\/p>\n\n<div class=\"rpbchessboard-chessgame\">\n    <noscript>\n        <div class=\"rpbchessboard-javascriptWarning\">\n            Sie m\u00fcssen JavaScript aktivieren, um die Notation zu verbessern.        <\/div>\n    <\/noscript>\n    <div id=\"rpbchessboard-69df1bb7c8ba2-1\"><\/div>\n    <script type=\"text\/javascript\">\n        (function() {\n            function renderThisPGN() {\n                RPBChessboard.renderPGN(\"rpbchessboard-69df1bb7c8ba2-1\", {\"pgn\":\"[Event \\\"VR 13\\\/14 Em 2-Oberwinden 3\\\"]\\r\\n[Site \\\"?\\\"]\\r\\n[Date \\\"2013.12.08\\\"]\\r\\n[Round \\\"3.4\\\"]\\r\\n[White \\\"Litfin, Boris\\\"]\\r\\n[Black \\\"Wissler, Martin\\\"]\\r\\n[Result \\\"1-0\\\"]\\r\\n[ECO \\\"C45\\\"]\\r\\n[WhiteElo \\\"1759\\\"]\\r\\n[BlackElo \\\"1653\\\"]\\r\\n[PlyCount \\\"41\\\"]\\r\\n\\r\\n1. e4 e5 2. Nf3 Nc6 3. d4 exd4 4. Nxd4 Qf6 5. Be3 Bc5 6. c3 Nxd4 7. cxd4 Bb6 8.\\r\\nNc3 c6 9. Bc4 Qg6 10. O-O d6 11. Kh1 Ne7 12. Be2 d5 13. exd5 Nxd5 14. Nxd5 cxd5\\r\\n15. Bf3 Be6 16. Qa4+ Kd8 17. Qb5 Qf5 18. Rac1 Ke7 19. a4 g5? 20. a5 g4 21. Be2\\r\\n1-0\",\"pieceSymbols\":\"localized\",\"navigationBoard\":\"floatLeft\",\"withPlayButton\":true,\"withFlipButton\":true,\"withDownloadButton\":true,\"nboSquareSize\":32,\"nboCoordinateVisible\":true,\"nboTurnVisible\":true,\"nboColorset\":\"original\",\"nboPieceset\":\"cburnett\",\"nboAnimated\":true,\"nboMoveArrowVisible\":true,\"nboMoveArrowColor\":\"b\",\"idoSquareSize\":32,\"idoCoordinateVisible\":true,\"idoTurnVisible\":true,\"idoColorset\":\"original\",\"idoPieceset\":\"cburnett\"});\n            }\n            if (document.readyState === 'loading') {\n                document.addEventListener('DOMContentLoaded', renderThisPGN);\n            }\n            else {\n                renderThisPGN();\n            }\n        })();\n    <\/script>\n<\/div>\n\n<p class=\"rpbchessboard-spacerAfter\"><\/p>\n\n<h5>17.11.2013 Runde 2<\/h5>\n<h3>Bittere Niederlage im Markgr\u00e4flerland<\/h3>\n<h6>Markgr\u00e4flerland 1 &#8211; Emmendingen 2 (Ausw\u00e4rtsspiel) 5:3<\/h6>\n<p>Trotz geschw\u00e4chter Aufstellung waren Chancen durchaus vorhanden. Die Markgr\u00e4fler hatten sich gegen\u00fcber der letzten Begegnung an 2 Positionen verst\u00e4rkt. Den Reigen er\u00f6ffnete Toni Gens durch Punkteteilung an Brett 3. Gleich darauf endete auch die chaotische Partie an Brett 4 durch Punktverlust f\u00fcr Emmendingen. Nach weiteren 1 1\/2 Stunden konnte Axel Wolf punkten und f\u00fcr Emmendingen ausgleichen. In direkter Folge endete auch die Partie von Tomas Penya durch Remis. Zwischenstand somit 2:2. In Zeitnot konnte Boris Litfin an Brett 1 dem Druck nicht standhalten und musste den Punkt abgeben. Daniel Reifsteck spielte an Brett 7 lange eine geschlossene Partie nach Englischer Er\u00f6ffnung. Als er eine direkte Gewinnchance hatte, willigte er in ein Remis ein. Schade, er h\u00e4tte ausgleichen k\u00f6nnen. Darauf beendete auch Markus Roos in ausgeglichener Stellung seine Partie durch Remis. Die letzte Partie von Torsten Frank endete mit Punktverlust, nachdem er mit der Abtauschvariante in der franz\u00f6sischen Er\u00f6ffnung im 14. Zug in Nachteil geriet und gegen seinen um 200 DWZ st\u00e4rkeren Gegner M\u00fche hatte auszugleichen. Das Endspiel mit L\u00e4ufer + Springer gegen L\u00e4uferpaar + Mehrbauern war nicht zu gewinnen.<br \/>\nDas Ergebnis 5:3 f\u00fcr Markgr\u00e4flerland war deutlich. Es konnte nur eine Gewinnpartie verbucht werden. Emmendingen 2 rutschte auf Rang 4 bei 2:2 MP und 10,5:5,5 BP.<\/p>\n<h5>20.10.2013 Runde 1<\/h5>\n<h3>Kantersieg zum Saisonstart<\/h3>\n<h6>Emmendingen 2 &#8211; Emmendingen 3 (Heimspiel) 7,5:0,5<\/h6>\n<p>Zum Saisonauftakt spielte die Zweite gegen Emmendingen 3. Hier konnte prinzipiell nichts anbrennen. So war auch der Sieg mit 7,5 BP und 2 MP abzusehen. Die ganzen Punkte holten Boris Litfin, Tomas Penya, Markus Roos, Daniel Reifsteck, Karl Ziegler, Peter Sikolenko und Thomas M\u00e4dler. Einen halben Punkte trug Joachim Fleischer zum Mannschaftserfolg bei. Dieser Kantersieg brachte Emmendingen 2 den Tabellenplatz 1 ein.<\/p>\n","protected":false},"excerpt":{"rendered":"<p>13.04.2014 Runde 9 Am Ende reicht der klare Sieg gegen Horben 2 nicht zum Aufstieg Horben 2 &#8211; Emmendingen 2 (Ausw\u00e4rtsspiel) 2:6 Vor dem letzten Spieltag war f\u00fcr Emmendingen 2 klar, dass ein Aufstieg aus eigener Kraft nicht mehr m\u00f6glich ist. Doch bei bestimmten Konstellationen war er trotzdem noch m\u00f6glich. Voraussetzung war allerdings ein klarer &hellip; <a href=\"http:\/\/schachclub-emmendingen.badischer-schachverband.de\/index.php\/mannschaften\/2-mannschaft\/saison-2014\/\" class=\"more-link\"><span class=\"screen-reader-text\">Saison 2014<\/span> weiterlesen <span class=\"meta-nav\">&rarr;<\/span><\/a><\/p>\n","protected":false},"author":4,"featured_media":0,"parent":139,"menu_order":6,"comment_status":"closed","ping_status":"closed","template":"","meta":{"footnotes":""},"class_list":["post-779","page","type-page","status-publish","hentry"],"_links":{"self":[{"href":"http:\/\/schachclub-emmendingen.badischer-schachverband.de\/index.php\/wp-json\/wp\/v2\/pages\/779","targetHints":{"allow":["GET"]}}],"collection":[{"href":"http:\/\/schachclub-emmendingen.badischer-schachverband.de\/index.php\/wp-json\/wp\/v2\/pages"}],"about":[{"href":"http:\/\/schachclub-emmendingen.badischer-schachverband.de\/index.php\/wp-json\/wp\/v2\/types\/page"}],"author":[{"embeddable":true,"href":"http:\/\/schachclub-emmendingen.badischer-schachverband.de\/index.php\/wp-json\/wp\/v2\/users\/4"}],"replies":[{"embeddable":true,"href":"http:\/\/schachclub-emmendingen.badischer-schachverband.de\/index.php\/wp-json\/wp\/v2\/comments?post=779"}],"version-history":[{"count":10,"href":"http:\/\/schachclub-emmendingen.badischer-schachverband.de\/index.php\/wp-json\/wp\/v2\/pages\/779\/revisions"}],"predecessor-version":[{"id":2609,"href":"http:\/\/schachclub-emmendingen.badischer-schachverband.de\/index.php\/wp-json\/wp\/v2\/pages\/779\/revisions\/2609"}],"up":[{"embeddable":true,"href":"http:\/\/schachclub-emmendingen.badischer-schachverband.de\/index.php\/wp-json\/wp\/v2\/pages\/139"}],"wp:attachment":[{"href":"http:\/\/schachclub-emmendingen.badischer-schachverband.de\/index.php\/wp-json\/wp\/v2\/media?parent=779"}],"curies":[{"name":"wp","href":"https:\/\/api.w.org\/{rel}","templated":true}]}}