{"id":746,"date":"2014-01-08T19:54:32","date_gmt":"2014-01-08T19:54:32","guid":{"rendered":"http:\/\/schachclub-emmendingen.badischer-schachverband.de\/?page_id=746"},"modified":"2019-10-21T15:33:25","modified_gmt":"2019-10-21T15:33:25","slug":"saison-2014","status":"publish","type":"page","link":"http:\/\/schachclub-emmendingen.badischer-schachverband.de\/index.php\/mannschaften\/1-mannschaft\/saison-2014\/","title":{"rendered":"Saison 2014"},"content":{"rendered":"<h5>Verbandsliga &#8211; 13.04.2014 Runde 9<\/h5>\n<h3>Eindeutiger Sieg bringt Aufstieg in die Oberliga<\/h3>\n<h6>Horben 1 &#8211; Emmendingen 1 (Ausw\u00e4rtsspiel) 1:7<\/h6>\n<p>So deutlich wie das Ergebnis war der Spielverlauf keineswegs. Zwar hatte Gerhard Kiefer schnell eine aussichtsreiche Stellung erreicht, doch der endg\u00fcltige Erfolg lie\u00df auf sich warten. Er setzte die Signalpartie nach 3 Stunden. Dann ging es Schlag auf Schlag. Der Gegner von Christof Herbrechtsmeier sah wohl auch keine Chance mehr und gab spontan auf. Kurz darauf endete die Partie an Brett 1 remis. Hier hatte J\u00f6rg Weidemann eine Figur f\u00fcr 2 Bauern gewonnen, aber lange seinen Turm eingeklemmt. Dies f\u00fchrte zu einer Druckstellung, die J\u00f6rg aber verteidigen konnte. Letztlich waren beide mit Remis durch Zugwiederholung zufrieden. Thomas Ehret wurde nicht sonderlich gepr\u00fcft und kassierte den Brettpunkt. Andreas Bauer erreichte eine klare Gewinnstellung und f\u00fchrte die Partie souver\u00e4n zum Erfolg. Auch Iouri Sorokovski erk\u00e4mpfte \u00dcbergewicht, so dass sein Gegner passen musste. Zwischenstand 5,5:0,5. Damit war der Mannschaftssieg bereits gesichert.<br \/>\nJetzt liefen noch die Partien an den Brettern 3 und 7. Beide mussten noch hart ringen. Jens Rahnfeld schaffte das Remis, und Marcos Osorio konnte einen vollen Brettpunkt einbringen. Emmendingen hatte mit 7:1 einen sehr deutlichen Sieg errungen und den <b>Aufstieg in die Oberliga<\/b> verdient. Auch an diesem letzten Spieltag hatte kein Emmendinger seine Partie verloren.<\/p>\n<figure id=\"attachment_276\" aria-describedby=\"caption-attachment-276\" style=\"width: 382px\" class=\"wp-caption alignnone\"><a href=\"\/wp-content\/uploads\/2015\/10\/Erste2014.jpg\" rel=\"attachment wp-att-276\"><img loading=\"lazy\" decoding=\"async\" class=\"wp-image-276 size-full\" src=\"\/wp-content\/uploads\/2015\/10\/Erste2014.jpg\" alt=\"Erste2014\" width=\"382\" height=\"240\" srcset=\"http:\/\/schachclub-emmendingen.badischer-schachverband.de\/wp-content\/uploads\/2015\/10\/Erste2014.jpg 382w, http:\/\/schachclub-emmendingen.badischer-schachverband.de\/wp-content\/uploads\/2015\/10\/Erste2014-300x188.jpg 300w, http:\/\/schachclub-emmendingen.badischer-schachverband.de\/wp-content\/uploads\/2015\/10\/Erste2014-239x150.jpg 239w, http:\/\/schachclub-emmendingen.badischer-schachverband.de\/wp-content\/uploads\/2015\/10\/Erste2014-150x94.jpg 150w\" sizes=\"auto, (max-width: 382px) 100vw, 382px\" \/><\/a><figcaption id=\"caption-attachment-276\" class=\"wp-caption-text\">Emmendingens 1. Mannschaft 2014 nach dem errungenen Aufstieg in die Oberliga Baden. v. l. vorn sitzend: Jens Rahnfeld, Marcos Osorio, Christof Herbrechtsmeier, J\u00f6rg Weidemann dahinter: Sven Wasmer, Iouri Sorokovski, Thomas Ehret, Andreas Bauer, Thomas M\u00e4dler (Vorsitzender des SCE), Gerhard Kiefer Nicht im Bild: Wolfgang Schmidt, Andreas H\u00fcgle und Boris Litfin<\/figcaption><\/figure>\n<figure id=\"attachment_277\" aria-describedby=\"caption-attachment-277\" style=\"width: 339px\" class=\"wp-caption alignnone\"><a href=\"\/wp-content\/uploads\/2015\/10\/Erste2014Horben.jpg\" rel=\"attachment wp-att-277\"><img loading=\"lazy\" decoding=\"async\" class=\"wp-image-277 size-full\" src=\"\/wp-content\/uploads\/2015\/10\/Erste2014Horben.jpg\" alt=\"(Fotos: Karl Ziegler)\" width=\"339\" height=\"240\" srcset=\"http:\/\/schachclub-emmendingen.badischer-schachverband.de\/wp-content\/uploads\/2015\/10\/Erste2014Horben.jpg 339w, http:\/\/schachclub-emmendingen.badischer-schachverband.de\/wp-content\/uploads\/2015\/10\/Erste2014Horben-300x212.jpg 300w, http:\/\/schachclub-emmendingen.badischer-schachverband.de\/wp-content\/uploads\/2015\/10\/Erste2014Horben-212x150.jpg 212w, http:\/\/schachclub-emmendingen.badischer-schachverband.de\/wp-content\/uploads\/2015\/10\/Erste2014Horben-150x106.jpg 150w\" sizes=\"auto, (max-width: 339px) 100vw, 339px\" \/><\/a><figcaption id=\"caption-attachment-277\" class=\"wp-caption-text\">Die Mannschaft konzentriert im Wettkampf (Fotos: Karl Ziegler)<\/figcaption><\/figure>\n<p>Mit diesem grandiosen Ergebnis &#8211; dem \u00dcberschreiten der Schwelle zur h\u00f6chsten Spielklasse\u00a0des Landesverbandes Baden &#8211; kn\u00fcpft der SC Emmendingen an Ereignisse zu Anfang der 70er Jahre\u00a0des letzten Jahrhunderts an, als der SCE schon einmal in dieser Spielklasse vertreten war.<br \/>\nMehr dazu siehe Historie.<\/p>\n<p>Beste Spieler der Saison waren Marcos Osorio mit 6,5 BP aus 9 Spielen (Score 72%) und\u00a0insbesondere Andreas Bauer, der die 6 BP in nur 7 Spielen (Score 86%) erk\u00e4mpfte.<\/p>\n<p>Ohne Verlustpartie w\u00e4hrend der ganzen Saison blieben Christof Herbrechtsmeier (8),<br \/>\nAndreas Bauer (7) und Thomas Ehret (6).<br \/>\nErhebliche Leistungssteigerungen waren bei Andreas Bauer, Jens Rahnfeld und Thomas Ehret\u00a0zu verzeichnen. Alles Jugendspieler, die offenbar im \u00fcbrigen Feld der erfahrenen Spieler\u00a0des SC Emmendingen, ein gutes Umfeld gefunden haben und dort bestens aufgehoben sind.<\/p>\n<hr \/>\n<h5>Verbandsliga &#8211; 23.03.2014 Runde 8<\/h5>\n<h3>Emmendingen festigt Aufstiegsplatz<\/h3>\n<h6>Emmendingen 1 &#8211; Lahr 1 (Heimspiel) 5,5:2,5<\/h6>\n<p>Es bleibt spannend bis zum Schluss. Emmendingen 1 empfing die G\u00e4ste aus Lahr. Diese traten nicht<br \/>\nin ihrer st\u00e4rksten Besetzung an und kassierten eine herbe Niederlage. Markus Osorio, Andreas Bauer,<br \/>\nGerhard Kiefer, Jens Rahnfeld und Thomas Ehret brachten volle Brettpunkte ein und Christof<br \/>\nHerbrechtsmeier erg\u00e4nzte das Ergebnis mit einem halben Punkt zum 5,5:2,5 Mannschaftserfolg.<\/p>\n<p>Andreas Bauer und wiederum Jens Rahnfeld konnten \u00fcber den theoretischen Erwartungen spielen.<br \/>\nEmmendingen kann damit den zweiten Aufstiegsplatz absichern, obwohl der Verfolger Gottmadingen<br \/>\nebenfalls einen hohen Sieg errang. In der letzten Runde gen\u00fcgt nun ein Remis gegen Horben.<br \/>\nF\u00fcr Lahr ist die Abstiegsgefahr vergr\u00f6\u00dfert. Sie rutschten auf den 8. Rang ab und m\u00fcssen in der<br \/>\nSchlussrunde gegen den Tabellenletzten H\u00f6rden gewinnen. H\u00f6rden wird versuchen, dies zu verhindern.<br \/>\nKonstanz k\u00f6nnte von dieser Rivalit\u00e4t profitieren und den Klassenerhalt schaffen.<\/p>\n<p><a href=\"http:\/\/schachclub-emmendingen.badischer-schachverband.de\/index.php\/2014\/03\/23\/spielbericht-lahr\/\">Spielbericht<\/a><\/p>\n<hr \/>\n<h5>Verbandsliga &#8211; 09.03.2014 Runde 7<\/h5>\n<h3>Emmendingen wahrt Chance zum Aufstieg<\/h3>\n<h6>Konstanz 1 &#8211; Emmendingen 1 (Ausw\u00e4rtsspiel) 2:6<\/h6>\n<p>Mit einem deutlichen Sieg \u00fcber den Tabellenletzten Konstanz 1 bleibt Emmendingen 1 der zweite Tabellenrang und damit ein Aufstiegsplatz erhalten. Dies war der 4. Sieg in Folge. Volle Brettpunkte brachten Marcos Osorio, Iouri Sorokovski, Jens Rahnfeld und Boris Litfin ein, wobei Iouri und Jens \u00fcber den theoretischen Erwartungen spielten. J\u00f6rg Weidemann, Christof Herbrechtsmeier, Gerhard Kiefer und Wolfgang Schmidt vervollst\u00e4ndigten mit ihren Remis-Partien den Mannschaftserfolg. Kein Emmendinger verlor seine Partie.<br \/>\nIn den letzten beiden Runden kommt es zu Begegnungen mit Lahr (Rang 7) und Horben (Rang 5). Nachhaltiger Konkurrent um den 2. Aufstiegsplatz bleibt Gottmadingen mit ebenfalls 2 Minus-MP.<\/p>\n<p><a href=\"http:\/\/schachclub-emmendingen.badischer-schachverband.de\/index.php\/2014\/03\/09\/spielbericht-konstanz\/\">Spielbericht<\/a><\/p>\n<hr \/>\n<h5>Verbandsliga &#8211; 16.02.2014 Runde 6<\/h5>\n<h3>Nach Kantersieg gegen H\u00f6rden auf Rangplatz 2<\/h3>\n<h6>Emmendingen 1 &#8211; H\u00f6rden 1 (Heimspiel) 7:1<\/h6>\n<p>Etwas geschw\u00e4cht reisten die H\u00f6rdener an und mussten eine sehr deutliche Niederlage akzeptieren. Kein Emmendinger verlor seine Partie. Die Siege von J\u00f6rg Weidemann, Christof Herbrechtsmeier, Markos Osorio, Andreas Bauer, Gerhard Kiefer und Iouri Sorokovski waren ungef\u00e4hrdet. Jens Rahnfeld und Sven Wasmer konnten ein Remis beitragen. Mit diesem 7:1-Ergebnis errang Emmendingen den zweiten Tabellenrang hinter Spitzenreiter Brombach.<\/p>\n<p><a href=\"http:\/\/schachclub-emmendingen.badischer-schachverband.de\/index.php\/2014\/02\/16\/spielbericht-hoerden\/\">Spielbericht<\/a><\/p>\n<hr \/>\n<h5>Verbandsliga &#8211; 02.02.2014 Runde 5<\/h5>\n<h3>Knapper Sieg h\u00e4lt Emmendingen in der Spitzengruppe<\/h3>\n<h6>Emmendingen 1 &#8211; Oberwinden 1 (Heimspiel) 4,5:3,5<\/h6>\n<p>Emmendingen hatte sich f\u00fcr diesen Kampf im Heimspiel viel vorgenommen. Doch es wurde ein \u00e4u\u00dferst knapper Erfolg. Nach einem schnellen Remis von Markos Osorio und Siegen von Andreas Bauer und Thomas Ehret stand es zur Halbzeit noch 2,5:1,5 f\u00fcr Emmendingen. An Brett 5 zeichnete sich bereits ein Verlust ab, so dass die G\u00e4ste auf 2,5:2,5 verk\u00fcrzen konnten. Jetzt standen noch die Entscheidungen an den Spitzenbrettern 1 und 2 und an Brett 7 an. An Brett 1 remisierte J\u00f6rg Weidemann, und Christof Herbrechtsmeier konnte an Brett 2 einen Sieg erringen. In der Partie von Jens Rahnfeld sah es nicht gut aus, nachdem sein Gegner verbundene Freibauern erlangen konnte. Doch Jens zeigte keine Nerven und brachte die Partie nach verbissenem Ringen noch erfolgreich zu einem Remis. Dieser halbe Brettpunkt brachte den \u00e4u\u00dferst knappen Mannschaftssieg mit 4,5:3,5 BP. Emmendingen steht nun mit 6:4 MP auf Rangplatz 3 und h\u00e4lt weiter Anschluss an die Spitzengruppe.<\/p>\n<p><a href=\"http:\/\/schachclub-emmendingen.badischer-schachverband.de\/index.php\/2014\/02\/02\/spielbericht-oberwinden\/\">Spielbericht<\/a><\/p>\n<hr \/>\n<h5>Verbandsliga &#8211; 12.01.2014 Runde 4<\/h5>\n<h3>Starker Auftritt in Gottmadingen<\/h3>\n<h6>Gottmadingen 1 &#8211; Emmendingen 1 (Ausw\u00e4rtsspiel) 3:5<\/h6>\n<p>Nachdem die Gastgeber in der zweiten Runde den Favoriten Brombach vom Sockel st\u00fcrzen konnten, musste in Gottmadingen mit allem gerechnet werden. Die Mannschafts-DWZ waren ausgeglichen. Umso erfreulicher war der deutliche Sieg. Kein Emmendinger Spieler verlor seine Partie. So errangen Christof Herbrechtsmeier, Marcos Osorio, Andreas Bauer, Iouri Sorokovski, Jens Rahnfeld und Thomas Ehret alle ein Remis. Hervorzuheben sind die beiden Siege von J\u00f6rg Weidemann an Brett 1 und Gerhard Kiefer an Brett 5, der ein Endspiel gleichfarbige L\u00e4ufer + jeweils 3 Bauern tats\u00e4chlich noch zum Sieg f\u00fchren konnte. Beide erm\u00f6glichten damit den Mannschaftserfolg. Dieser wichtige 5:3-Erfolg katapultierte die Emmendinger wieder aus der Abstiegszone auf den 4. Tabellenplatz.<\/p>\n<p><a href=\"http:\/\/schachclub-emmendingen.badischer-schachverband.de\/index.php\/2014\/01\/12\/spielbericht-gottmadingen\/\">Spielbericht<\/a><\/p>\n<hr \/>\n<h5>Verbandsliga &#8211; 08.12.2013 Runde 3<\/h5>\n<h3>Der Favorit setzt sich durch<\/h3>\n<h6>Emmendingen 1 &#8211; Brombach 1 (Heimspiel) 2,5:5,5<\/h6>\n<p>Die Erste empfing am heutigen Spieltag die favorisierten G\u00e4ste aus Brombach. Trotz heftiger Gegenwehr konnten die Emmendinger an keinem Brett einen Sieg erringen. Christof Herbrechtsmeier, Marcos Osorio, Andreas Bauer, Iouri Sorokovski und Thomas Ehret konnten ein Remis erringen. Hatten in der letzten Runde gegen Baden-Baden 4 die meisten \u00fcber ihren Erwartungen gespielt, war es diesmal keiner. So war das Ergebnis mit 2,5:5,5 entsprechend. Die Emmendinger st\u00fcrzten in der Tabelle mit 2:4 MP und 12:12 BP auf Rang 8 der Tabelle und befinden sich damit in der Abstiegszone.<\/p>\n<hr \/>\n<h5>Verbandsliga &#8211; 17.11.2013 Runde 2<\/h5>\n<h3>Die Erste erringt grandiosen Sieg<\/h3>\n<h6>Baden-Baden 4 &#8211; Emmendingen 1 (Ausw\u00e4rtsspiel) 0,5:7,5<\/h6>\n<p>F\u00fcr die Erste war der heutige Spieltag nach der Niederlage gegen Offenburg eine hervorragende Rehabilitation. War man doch nicht in der st\u00e4rksten Besetzung angetreten. Die Baden-Badener konnten an keinem Brett einen Sieg erringen. J\u00f6rg Weidemann, Marcos Osorio, Andreas Bauer, Iouri Sorokovski, Jens Rahnfeld, Thomas Ehret und Wolfgang Schmidt holten volle Punkte. Andreas H\u00fcgle teilte sich mit dem Gegner den Punkt. Mit dem grandiosen 7,5:0,5-Sieg konnten die Emmendinger zufrieden nach Hause zur\u00fcckkehren. Bei 2:2 MP und 9,5 BP gelang in der Tabelle der Sprung auf Rang 4.<\/p>\n<hr \/>\n<h5>Verbandsliga &#8211; 20.10.2013 Runde 1<\/h5>\n<h3>Auftakt misslungen<\/h3>\n<h6>Emmendingen 1 &#8211; Offenburg 1 (Heimspiel) 2:6<\/h6>\n<p>Wie im Vorjahr konnte die Erste in Runde 1 nicht in der optimalen Besetzung gegen die G\u00e4ste aus Offenburg antreten. So waren diese diesmal wegen ihrer nicht nur rechnerischen Dominanz in der Lage, ihre Niederlage vom Vorjahr mehr als wettzumachen. Den Emmendingern gelang an keinem Brett ein Einzelsieg. Die Mannschaftspunkte f\u00fcr Emmendingen holten Christof Herbrechtsmeier, Iouri Sorokovski, Jens Rahnfeld und Andreas H\u00fcgle. Am Ende musste von Emmendingen die deutliche Heimniederlage mit 2:6 akzeptiert werden. Nach der 1. Runde steht Emmendingen auf Rang 8 der Tabelle.<\/p>\n","protected":false},"excerpt":{"rendered":"<p>Verbandsliga &#8211; 13.04.2014 Runde 9 Eindeutiger Sieg bringt Aufstieg in die Oberliga Horben 1 &#8211; Emmendingen 1 (Ausw\u00e4rtsspiel) 1:7 So deutlich wie das Ergebnis war der Spielverlauf keineswegs. Zwar hatte Gerhard Kiefer schnell eine aussichtsreiche Stellung erreicht, doch der endg\u00fcltige Erfolg lie\u00df auf sich warten. Er setzte die Signalpartie nach 3 Stunden. Dann ging es &hellip; <a href=\"http:\/\/schachclub-emmendingen.badischer-schachverband.de\/index.php\/mannschaften\/1-mannschaft\/saison-2014\/\" class=\"more-link\"><span class=\"screen-reader-text\">Saison 2014<\/span> weiterlesen <span class=\"meta-nav\">&rarr;<\/span><\/a><\/p>\n","protected":false},"author":4,"featured_media":0,"parent":126,"menu_order":6,"comment_status":"closed","ping_status":"closed","template":"","meta":{"footnotes":""},"class_list":["post-746","page","type-page","status-publish","hentry"],"_links":{"self":[{"href":"http:\/\/schachclub-emmendingen.badischer-schachverband.de\/index.php\/wp-json\/wp\/v2\/pages\/746","targetHints":{"allow":["GET"]}}],"collection":[{"href":"http:\/\/schachclub-emmendingen.badischer-schachverband.de\/index.php\/wp-json\/wp\/v2\/pages"}],"about":[{"href":"http:\/\/schachclub-emmendingen.badischer-schachverband.de\/index.php\/wp-json\/wp\/v2\/types\/page"}],"author":[{"embeddable":true,"href":"http:\/\/schachclub-emmendingen.badischer-schachverband.de\/index.php\/wp-json\/wp\/v2\/users\/4"}],"replies":[{"embeddable":true,"href":"http:\/\/schachclub-emmendingen.badischer-schachverband.de\/index.php\/wp-json\/wp\/v2\/comments?post=746"}],"version-history":[{"count":10,"href":"http:\/\/schachclub-emmendingen.badischer-schachverband.de\/index.php\/wp-json\/wp\/v2\/pages\/746\/revisions"}],"predecessor-version":[{"id":2616,"href":"http:\/\/schachclub-emmendingen.badischer-schachverband.de\/index.php\/wp-json\/wp\/v2\/pages\/746\/revisions\/2616"}],"up":[{"embeddable":true,"href":"http:\/\/schachclub-emmendingen.badischer-schachverband.de\/index.php\/wp-json\/wp\/v2\/pages\/126"}],"wp:attachment":[{"href":"http:\/\/schachclub-emmendingen.badischer-schachverband.de\/index.php\/wp-json\/wp\/v2\/media?parent=746"}],"curies":[{"name":"wp","href":"https:\/\/api.w.org\/{rel}","templated":true}]}}