{"id":730,"date":"2015-01-08T19:15:21","date_gmt":"2015-01-08T19:15:21","guid":{"rendered":"http:\/\/schachclub-emmendingen.badischer-schachverband.de\/?page_id=730"},"modified":"2019-10-21T15:33:53","modified_gmt":"2019-10-21T15:33:53","slug":"saison-2015","status":"publish","type":"page","link":"http:\/\/schachclub-emmendingen.badischer-schachverband.de\/index.php\/mannschaften\/1-mannschaft\/saison-2015\/","title":{"rendered":"Saison 2015"},"content":{"rendered":"<h5>Oberliga &#8211; 12.04.2015 Runde 9<\/h5>\n<h3>Punkteverlust in Baden-Baden<\/h3>\n<h6>Baden-Baden 3 &#8211; Emmendingen 1 (Ausw\u00e4rtsspiel) 5:3<\/h6>\n<p>Das Abschlussduell in Baden-Baden endete mit einer Niederlage f\u00fcr Emmendingen.<br \/>\nIm vorderen Mannschaftsteil errang Emmendingen mit dem Sieg von J\u00f6rg Weidemann an Brett 2 und den Remis von Andrei Sokolov (Brett 1) und Marcos Osorio (Brett 3) zwar 2 Mannschaftspunkte, im hinteren Mannschaftsteil reichte aber der Sieg von Christof Herbrechtsmeier (Brett 5) allein nicht aus, um insgesamt Erfolg zu haben. So musste die deutliche Niederlage akzeptiert werden. Mit dem abschlie\u00dfenden Tabellenrang 7 ist der Klassenerhalt sicher und damit das erste Ziel des SC Emmendingen nach dem Aufstieg in die Oberliga erreicht.<\/p>\n<p>W\u00e4hrend der ganzen Saison haben Theo Hommeles (4,5\/6) und Christof Herbrechtsmeier (6,5\/9) kein Spiel verloren, wobei Christof damit die meisten Brettpunkte zum Mannschaftserfolg beitrug. Die meisten Siegpunkte (5) erreichte Andreas Bauer, der damit auch am h\u00e4ufigsten die rechnerischen Erwartungen \u00fcbertraf. Beide landeten unter den Top10 der Liga.<\/p>\n<p><a href=\"\/index.php\/2015\/04\/12\/spielbericht-baden-baden-2\/\">Spielbericht<\/a><\/p>\n<hr \/>\n<h5>Oberliga &#8211; 15.03.2015 Runde 8<\/h5>\n<h3>Erfolg im Kellerduell gegen Eppingen 2<\/h3>\n<h6>Emmendingen 1 &#8211; Eppingen 2 (Heimspiel) 5:3<\/h6>\n<p>Emmendingen hatte mit den G\u00e4sten aus Eppingen einen weiteren Kandidaten im Kampf gegen den Abstieg. Beide mussten demnach punkten. Nominell hatte Emmendingen einen Vorteil. Doch der Spielverlauf war alles andere als sicher.<\/p>\n<figure id=\"attachment_278\" aria-describedby=\"caption-attachment-278\" style=\"width: 323px\" class=\"wp-caption alignnone\"><a href=\"\/wp-content\/uploads\/2015\/10\/erste2015.jpg\" rel=\"attachment wp-att-278\"><img loading=\"lazy\" decoding=\"async\" class=\"wp-image-278 size-full\" src=\"\/wp-content\/uploads\/2015\/10\/erste2015.jpg\" alt=\"erste2015\" width=\"323\" height=\"240\" srcset=\"http:\/\/schachclub-emmendingen.badischer-schachverband.de\/wp-content\/uploads\/2015\/10\/erste2015.jpg 323w, http:\/\/schachclub-emmendingen.badischer-schachverband.de\/wp-content\/uploads\/2015\/10\/erste2015-300x223.jpg 300w, http:\/\/schachclub-emmendingen.badischer-schachverband.de\/wp-content\/uploads\/2015\/10\/erste2015-202x150.jpg 202w, http:\/\/schachclub-emmendingen.badischer-schachverband.de\/wp-content\/uploads\/2015\/10\/erste2015-150x111.jpg 150w\" sizes=\"auto, (max-width: 323px) 100vw, 323px\" \/><\/a><figcaption id=\"caption-attachment-278\" class=\"wp-caption-text\">Die Oberliga-Mannschaft des SC Emmendingen sichert im letzten Heimspiel der Saison 2014\/2015 den Klassenerhalt hintere Reihe v. l.: GM Andrei Sokolov, FM J\u00f6rg Weidemann, Andreas Bauer, Gerhard Kiefer, IM Theo Hommeles vordere Reihe v. l.: GM Ogjnen Cvitan, FM Christof Herbrechtsmeier (Mannschaftsf\u00fchrer), Marcos Osorio-Ortis und Iouri Sorokovski nicht im Bild: Jens Rahnfeld (4) und Thomas Ehret (3) (Foto: Axel Wolf)<\/figcaption><\/figure>\n<p><span class=\"auto-style1\">Christof Herbrechtsmeier er\u00f6ffnete mit Remis an Brett 7. Doch Marcos Osorio an Brett 5 riskierte zu viel und musste den Brettpunkt abgeben. Wieder einmal konnte sich Jugendspieler Andreas Bauer souver\u00e4n durchsetzen und den Mannschaftsr\u00fcckstand ausgleichen. Nahezu zeitgleich endete auch die Partie an Brett 8 mit Gerhard Kiefer durch Remis. Zwischenstand 2:2.<br \/>\nJetzt war es Aufgabe der vorderen Mannschaftsh\u00e4lfte die notwendigen Brettpunkte einzubringen, obwohl eine Prognose zu diesem Zeitpunkt kaum m\u00f6glich wahr. Theo Hommeles kam im Turmendspiel zum Durchbruch und punktete an Brett 3. Ogjnen Cvitan erreichte ein Remis durch Zugwiederholung an Brett 2. Emmendingen hatte 3 1\/2 Brettpunkte, es fehlte noch einer. Diesen konnte J\u00f6rg Weidemann an Brett 4 beitragen, der einen verbundenen freien Mehrbauern im Turmendspiel zur Umwandlung brachte. Damit war er der Matchwinner. Andrei Sokolov geriet an Brett 1 im Endspiel etwas in Nachteil, erreichte aber gekonnt noch das Remis.<\/span><\/p>\n<p>Der Endstand mit 5:3 war erreicht und der Abstieg aus der Oberliga endg\u00fcltig vermieden. Im 2. Kellerduell trumpfte Z\u00e4hringen gegen Waldshut auf und verk\u00fcrzte den Abstand zu den davor platzierten Mannschaften Waldshut und Eppingen 2. Auch in der Spitze der Liga bleibt es bis zum letzten Spieltag sehr spannend.<\/p>\n<p><a href=\"\/index.php\/2015\/03\/15\/spielbericht-eppingen\/\">Spielbericht<\/a><\/p>\n<hr \/>\n<h5>Oberliga &#8211; 22.02.2015 Runde 7<\/h5>\n<h3>Erneute Niederlage gegen Karlsruhe<\/h3>\n<h6>Karlsruhe 1 &#8211; Emmendingen 1 (Ausw\u00e4rtsspiel) 4,5:3,5<\/h6>\n<p>Leider ist es auch dieses Mal nicht gelungen, einen Erfolg zu erreichen.<br \/>\nNach dem fr\u00fchen Remis von Christof Herbrechtsmeier, endeten nach weiteren 2 1\/2 Stunden auch die Partien von J\u00f6rg Weidemann und Marcos Osorio mit Remis. Doch dann kam der Einbruch f\u00fcr Emmendingen, die Bretter 7 und 8 gingen verloren. Emmendingen war mit 1,5:3,5 in R\u00fcckstand geraten.<br \/>\nDamit liefen noch 3 Partien an den Brettern 1, 2 und 5. Die vorderen Bretter mit Andrei Sokolov und Theo Hommeles kamen \u00fcber ein Remis nicht hinaus, der Kampf war damit bereits verloren. Einzig der Jugendspieler Andreas Bauer schaffte den Brettsieg, was das Endergebnis mit 3,5:4,5 noch abmilderte.<br \/>\nDa die Mannschaften Waldshut-Tiengen, Eppingen 2 und Z\u00e4hringen ebenfalls verloren haben, gilt der Klassenerhalt wohl als erreicht. Es stehen noch die Spiele gegen Eppingen 2 und Baden-Baden 3 auf dem Programm.<\/p>\n<p><a href=\"\/index.php\/2015\/02\/22\/spielbericht-karlsruhe\/\">Spielbericht<\/a><\/p>\n<hr \/>\n<h5>Oberliga &#8211; 01.02.2015 Runde 6<\/h5>\n<h3>Ungl\u00fcckliche Niederlage gegen Ettlingen<\/h3>\n<h6>Emmendingen 1 &#8211; Ettlingen (Heimspiel) 3,5:4,5<\/h6>\n<p>Voller Zuversicht empfing die Erste die Ranglistennachbarn aus Ettlingen. Den Reigen der Entscheidungen er\u00f6ffnete Christof Herbrechtsmeier mit einem Remis, gefolgt von Iouri Sorokovski ebenfalls mit Remis. An Brett 3 fiel die Entscheidung gegen Emmendingen. Thomas Ehret an Brett 7 und Andrei Sokolov an Brett 1 remisierten ebenfalls. Emmendingen lag somit 1:2 in R\u00fcckstand.<br \/>\nDie Partien an den Brettern 2, 4 und 5 standen zu diesem Zeitpunkt eher zu Gunsten von Emmendingen. Theo Hommeles hatte gute Voraussetzungen f\u00fcr ein erfolgreiches Endspiel, Marcos hatte 2 Mehrbauer gegen Qualit\u00e4t und eine vielsprechende Stellung und Andreas Bauer Turm+L\u00e4ufer gegen L\u00e4uferpaar+Mehrbauer bei sehr guter Stellung. Doch keiner schaffte den Durchbruch, so dass alle Partien mit Remis endeten und letztlich die knappe Niederlage der Mannschaft akzeptiert werden musste.<br \/>\nDiese f\u00fchrte zum Absturz in der Tabelle auf Rang 7. Ab Rang 8 beginnen momentan die Abstiegspl\u00e4tze.<\/p>\n<p><a href=\"\/index.php\/2015\/02\/01\/spielbericht-ettlingen\/\">Spielbericht<\/a><\/p>\n<hr \/>\n<h5>Oberliga &#8211; 18.01.2015 Runde 5<\/h5>\n<h3>\u00dcberzeugender Sieg in Waldshut<\/h3>\n<h6>Waldshut 1 &#8211; Emmendingen 1 (Ausw\u00e4rtsspiel) 2:6<\/h6>\n<p>Mit einer \u00fcberzeugenden Vorstellung hat Emmendingen 1 das neue Jahr begonnen. Mit Siegen von Andrei Sokolov, Theo Hommeles, Marcos Osorio, Christof Herbrechtsmeier und Iouri Sorokovski sowie den beiden Remis von Andreas Bauer und Jens Rahnfeld konnte die Erste einen deutlichen 6:2-Erfolg erzielen und klettert gleich um 2 Rangpl\u00e4tze auf Rang 4, punktgleich mit Walldorf (Rang 3), Ettlingen (Rang 5) und Dreisamtal (Rang 6). So bleibt die Oberliga interessant. Schon in der n\u00e4chsten Runde gegen Tabellennachbarn Ettlingen wird eine Vorentscheidung fallen.<\/p>\n<p><a href=\"\/index.php\/2015\/01\/19\/spielbericht-waldshut-2\/\">Spielbericht<\/a><\/p>\n<hr \/>\n<h5>Oberliga &#8211; 07.12.2014 Runde 4<\/h5>\n<h3>Knapper Derbysieg gegen Z\u00e4hringen<\/h3>\n<h6>Emmendingen 1 &#8211; Z\u00e4hringen 1 (Heimspiel) 4,5:3,5<\/h6>\n<p>In dieses Bezirks-Derby ging Emmendingen bei DWZ-\u00dcberlegenheit mit gro\u00dfer Zuversicht. Doch es wurden ein hartes St\u00fcck Arbeit und ein \u00e4u\u00dferst knapper Erfolg. Zu Beginn der Begegnung sah es noch sehr gut aus. GM Andrei Sokolov errang an Brett 1 souver\u00e4n ein Remis. Nach etwa 4 Stunden legte Christof Herbrechtsmeier den Grundstein f\u00fcr einen Mannschaftserfolg. Etwa zeitgleich endeten auch die Partien an den Brettern 4 und 7, wobei Jens Rahnfeld einen vollen Brettpunkt einbrachte. Emmendingen lag beim Zwischenstand mit 2,5:1,5 Brettpunkten in F\u00fchrung.<br \/>\nThomas Ehret kam nicht optimal aus der Er\u00f6ffnung, konnte aber noch ein Remis erk\u00e4mpfen. Auch Theo Hommeles einigte sich in v\u00f6llig ausgeglichener Partie auf ein Remis. J\u00f6rg Weidemann hatte ein Remisangebot seines Gegners abgelehnt, konnte sich am Ende aber nicht durchsetzen. Zwischenstand 3,5:3,5.<br \/>\nNun hing alles an Brett 5. Hier suchten beide den Erfolg. So kamen erst Andreas Bauer und dann auch sein Gegner in Zeitnot. Andreas behielt die Nerven und siegte in einem brilliant gef\u00fchrten Endspiel nach etwa 6 1\/2 Stunden Spielzeit. Damit rettete er den \u00e4u\u00dferst knappen Mannschaftserfolg f\u00fcr Emmendingen.<br \/>\nIn der Tabelle klettert Emmendingen auf Rangplatz 6. Mitkonkurrent Dreisamtal spielt z.Z. in bestechender Form und hat die Tabellenf\u00fchrung \u00fcbernommen. In Runde 5 treffen sie auf die Walldorfer und die Baden-Badener auf Ettlingen. Emmendingen muss nach Waldshut-Tiengen und dort klare Punkte machen.<\/p>\n<p><a href=\"http:\/\/schachclub-emmendingen.badischer-schachverband.de\/index.php\/2014\/12\/07\/spielbericht-zaehringen\/\">Spielbericht<\/a><\/p>\n<hr \/>\n<h5>Oberliga &#8211; 09.11.2014 Runde 3<\/h5>\n<h3>Erster Erfolg nach schwierigem Saisonstart<\/h3>\n<h6>Walldorf 1 &#8211; Emmendingen 1 (Ausw\u00e4rtsspiel) 3,5:4,5<\/h6>\n<p>Nach dem erfolgreichen Aufstieg in die Oberliga hatte Emmendingen in den ersten beiden Runden, zumal in Heimspielen gegen benachbarte Vereine, enorme Schwierigkeiten, den Rythmus der h\u00f6heren Spielklasse zu finden. Erst durch weitere Ma\u00dfnahmen gelang es nun, den ersten Erfolg einzufahren.<br \/>\nEmmendingen hatte sich zum ersten Ausw\u00e4rtsspiel beim Mitaufsteiger Walldorf bestens vorbereitet und wollte unbedingt den Erfolg. Walldorf trat in der bew\u00e4hrten Formation an. Emmendingen hatte sich verst\u00e4rkt und war nominell etwas besser.<br \/>\nNach gut 4 Stunden und 3 Entscheidungen lag Emmendingen mit 1 Minuspunkt durch Niederlagen an den Schwarzbrettern 2 und 8 in R\u00fcckstand. Den ersten Siegpunkt konnte Christof Herbrechtsmeier mit Wei\u00df an Brett 7 verbuchen. Dann ging Emmendingen mit Wei\u00dfsieg von Theo Hommeles an Brett 3 und Schwarzsieg von Andreas Bauer an Brett 6 mit 1 Pluspunkt erstmalig in F\u00fchrung. 5 Stunden waren gespielt.<br \/>\nNach einer weiteren Stunde gewann Marcos Osorio an Brett 5 seine Partie und Andrei Sokolov vervollst\u00e4ndigte den Mannschaftssieg mit einem Remis, beide mit Wei\u00df. Beide Mannschaften hatten sich nichts geschenkt, was auch durch die geringe Anzahl von Remispartien offenbar wird. Ein wichtiger Sieg war errungen. Allerdings ist das Brettverh\u00e4ltnis weiterhin negativ, und Emmendingen beh\u00e4lt den Tabellenrang 7.<br \/>\nKarlsruhe und Ettlingen trennten sich remis und sind weiter unangefochten an der Tabellenspitze.<\/p>\n<p><a href=\"http:\/\/schachclub-emmendingen.badischer-schachverband.de\/index.php\/2014\/11\/09\/spielbericht-walldorf\/\">Spielbericht<\/a><\/p>\n<hr \/>\n<h5>Oberliga &#8211; 27.10.2014 Runde 2<\/h5>\n<h3>Auch im 2. Derby ohne Punkte<\/h3>\n<h6>Emmendingen 1 &#8211; Brombach 1 (Heimspiel) 3,5:4,5<\/h6>\n<p>Die Ereignisse wiederholen sich. Wie in Runde 1 remisierte Christof Herbrechtsmeier sehr schnell. Dann geriet Emmendingen mit 2 Minuspunkten an den Brettern 4 und 7 ins Hintertreffen. J\u00f6rg Weidemann ritt an Brett 2 einen starken Angriff, brachte seinen Gegner in Zeitdruck und konnte den Anschlusstreffer erzielen. Gleichzeitig endete die Partie von Gerhard Kiefer, der an Brett 6 eine aussichtsreiche Stellung erk\u00e4mpft hatte, durch Zugwiederholung seines Gegners, die nicht verhindert werden konnte, mit Remis. Kurz danach remisierte auch Iouri Sorokovski an Brett 8. Emmendingen lag wieder 2,5:3,5 im R\u00fcckstand. Die Entscheidung musste an den Brettern 1 und 3 fallen. Nach Durchstehen der ersten Zeitnotphase standen beide Partien ausgeglichen. Marcos Osorio an Brett 3 konnte den gef\u00e4hrlichen L\u00e4ufer seines Gegners abtauschen und so vorerst die Bauernumwandlung verhindern, musste aber letztlich passen. An Brett 1 fand Andrei Sokolov kaum ausreichenden Angriff. Sein Gegner parierte alle Attacken. Am Ende reichte aber die bessere Stellung zum Punktgewinn. Nur 2 Gewinnpartien reichen f\u00fcr Emmendingen nicht aus. Emmendingen bleibt ohne Punktgewinn und &#8222;lieb\u00e4ugelt&#8220; mit den Abstiegspl\u00e4tzen.<\/p>\n<p><a href=\"\/index.php\/2014\/10\/27\/spielbericht-brombach\/\">Spielbericht<\/a><\/p>\n<hr \/>\n<h5>Oberliga &#8211; 21.09.2014 Runde 1<\/h5>\n<h3>Fehlstart in der Oberliga<\/h3>\n<h6>Emmendingen 1 &#8211; Dreisamtal 1 (Heimspiel) 3:5<\/h6>\n<p>Keineswegs deckten sich die Vorstellungen mit den Realit\u00e4ten an diesem ersten Spieltag in der Oberliga. Schon vor Beginn der Begegnung hatten einige Spieler (auch der G\u00e4ste) aufgrund eines Zugausfalls der Deutschen Bahn M\u00fche, den Spielort p\u00fcnktlich zu erreichen. Anfangs sah es dann noch recht ausgeglichen aus, was auch durch das fr\u00fche Remis von C. Herbrechtsmeier verdeutlicht wurde. Doch dann wurden die ersten Emmendinger Schw\u00e4chen sichtbar. An den hinteren Brettern gerieten die Emmendinger in Nachteil. Auch M. Osorio konnte an Brett 3 dem Druck seines Gegners nicht standhalten. Zwar gewannen J. Weidemann und A. Bauer ihre Partien, doch damit lag Emmendingen bereits mit einem Minuspunkt 2,5:3,5 im R\u00fcckstand. Zu diesem Zeitpunkt war zu vermuten, dass von den beiden letzten Partien Brett 1 bei einer Mehrfigur zugunsten von Emmendingen und Brett 6 wegen 2 Minusbauern zugunsten des Gegners ausgehen w\u00fcrden. Doch es kam anders. Die Attacke von A. Sokolov parierte sein Gegner hervorragend und gewann. G.Kiefer konnte seinen Gegner in dessen Zeitnot bei guter Stellung zum Remis bringen, mit dem er durchaus zufrieden sein konnte. Endstand 3:5.<\/p>\n<p><a href=\"\/index.php\/2014\/09\/22\/spielbericht-dreisamtal\/\">Spielbericht<\/a><\/p>\n","protected":false},"excerpt":{"rendered":"<p>Oberliga &#8211; 12.04.2015 Runde 9 Punkteverlust in Baden-Baden Baden-Baden 3 &#8211; Emmendingen 1 (Ausw\u00e4rtsspiel) 5:3 Das Abschlussduell in Baden-Baden endete mit einer Niederlage f\u00fcr Emmendingen. Im vorderen Mannschaftsteil errang Emmendingen mit dem Sieg von J\u00f6rg Weidemann an Brett 2 und den Remis von Andrei Sokolov (Brett 1) und Marcos Osorio (Brett 3) zwar 2 Mannschaftspunkte, &hellip; <a href=\"http:\/\/schachclub-emmendingen.badischer-schachverband.de\/index.php\/mannschaften\/1-mannschaft\/saison-2015\/\" class=\"more-link\"><span class=\"screen-reader-text\">Saison 2015<\/span> weiterlesen <span class=\"meta-nav\">&rarr;<\/span><\/a><\/p>\n","protected":false},"author":4,"featured_media":0,"parent":126,"menu_order":5,"comment_status":"closed","ping_status":"closed","template":"","meta":{"footnotes":""},"class_list":["post-730","page","type-page","status-publish","hentry"],"_links":{"self":[{"href":"http:\/\/schachclub-emmendingen.badischer-schachverband.de\/index.php\/wp-json\/wp\/v2\/pages\/730","targetHints":{"allow":["GET"]}}],"collection":[{"href":"http:\/\/schachclub-emmendingen.badischer-schachverband.de\/index.php\/wp-json\/wp\/v2\/pages"}],"about":[{"href":"http:\/\/schachclub-emmendingen.badischer-schachverband.de\/index.php\/wp-json\/wp\/v2\/types\/page"}],"author":[{"embeddable":true,"href":"http:\/\/schachclub-emmendingen.badischer-schachverband.de\/index.php\/wp-json\/wp\/v2\/users\/4"}],"replies":[{"embeddable":true,"href":"http:\/\/schachclub-emmendingen.badischer-schachverband.de\/index.php\/wp-json\/wp\/v2\/comments?post=730"}],"version-history":[{"count":11,"href":"http:\/\/schachclub-emmendingen.badischer-schachverband.de\/index.php\/wp-json\/wp\/v2\/pages\/730\/revisions"}],"predecessor-version":[{"id":2612,"href":"http:\/\/schachclub-emmendingen.badischer-schachverband.de\/index.php\/wp-json\/wp\/v2\/pages\/730\/revisions\/2612"}],"up":[{"embeddable":true,"href":"http:\/\/schachclub-emmendingen.badischer-schachverband.de\/index.php\/wp-json\/wp\/v2\/pages\/126"}],"wp:attachment":[{"href":"http:\/\/schachclub-emmendingen.badischer-schachverband.de\/index.php\/wp-json\/wp\/v2\/media?parent=730"}],"curies":[{"name":"wp","href":"https:\/\/api.w.org\/{rel}","templated":true}]}}