{"id":7006,"date":"2019-10-09T14:12:59","date_gmt":"2019-10-09T14:12:59","guid":{"rendered":"http:\/\/schachclub-emmendingen.badischer-schachverband.de\/?page_id=7006"},"modified":"2021-07-06T10:56:09","modified_gmt":"2021-07-06T10:56:09","slug":"saison-2020","status":"publish","type":"page","link":"http:\/\/schachclub-emmendingen.badischer-schachverband.de\/index.php\/mannschaften\/4-mannschaft-bis-2024\/saison-2020\/","title":{"rendered":"Saison 2020"},"content":{"rendered":"<h5>Kreisklasse B &#8211; Runde 8 und 9<\/h5>\n<h3>Saison 2020 beendet<\/h3>\n<p>Auf Beschluss des Schachbezirks Freiburg entfallen die achte und neunte Runde.<br \/>\nDie Vierte hat als Tabellenerster den Aufstieg in die Kreisklasse A erreicht.<\/p>\n<p><a href=\"\/index.php\/2021\/07\/05\/klarer-sieg-in-hofstetten\/\">siehe auch<\/a><\/p>\n<hr \/>\n<h5>Kreisklasse B &#8211; 08.03.2019 Runde 7<\/h5>\n<h3>Deutlicher Erfolg gegen Waldkirch<\/h3>\n<h6>Waldkirch 3 &#8211; Emmendingen 4 (Ausw\u00e4rtsspiel) 1,5:4,5<\/h6>\n<p>In der siebten Runde traf SCE 4 ausw\u00e4rts auf die dritte Mannschaft von Waldkirch.<br \/>\nDie Punkte holten Axel Wolf, Mohamed Salou, Bernhard Frank und Sebastian Sch\u00e4chtele; Karl Ziegler verbesserte das Ergebnis durch ein Remis.<br \/>\nDamit \u00fcbernimmt SCE 4 die Tabellenspitze und kann als Aufsteiger zwei Spiele vor Saisonschluss vom Aufstieg in die n\u00e4chsth\u00f6here Kreisklasse A tr\u00e4umen.<\/p>\n<p>Der n\u00e4chste Kampf am 22.03.2020 findet ausw\u00e4rts gegen Freiburg-West 5 statt.<\/p>\n<p><a href=\"\/index.php\/2020\/03\/09\/waldkirch-3-emmendingen-4-4\/\">Spielbericht<\/a><\/p>\n<hr \/>\n<h5>Kreisklasse B &#8211; 16.02.2020 Runde 6<\/h5>\n<h3>Knapper Erfolg gegen Horben<\/h3>\n<h6>Emmendingen 4 &#8211; Horben 3 (Heimspiel) 3,5:2,5<\/h6>\n<p>Die Horbener kamen nach Emmendingen mit einer sehr starken Mannschaft.<br \/>\nDie Punkte holten Andreas Heidenreich, Mohamed Salou und Hans Hipp. Thomas Mohr konnte einen halben Punkt beitragen.<br \/>\nSCE 4 h\u00e4lt den zweiten Tabellenrang.<\/p>\n<p>Zum n\u00e4chsten Spiel am 08.03. muss die Vierte nach Waldkirch.<\/p>\n<p><a href=\"\/index.php\/2020\/02\/17\/emmendingen-4-horben-3-2\/\">Spielbericht<\/a><\/p>\n<hr \/>\n<h5>Kreisklasse B &#8211; 02.02.2019 Runde 5<\/h5>\n<h3>Sieg gegen Umkirch 2<\/h3>\n<h6>Umkirch 2 &#8211; Emmendingen 4 (Ausw\u00e4rtsspiel) 2:4<\/h6>\n<p>In der f\u00fcnften Runde traf SCE 4 ausw\u00e4rts auf die zweite Mannschaft von Umkirch.<br \/>\nDie Punkte holten Karl Ziegler, Ulrich Steinke und Sebastian Sch\u00e4chtele; Jonas V\u00f6gtlin und Bernd Zimmermann verbesserten das Ergebnis durch je ein Remis.<br \/>\nDamit h\u00e4lt SCE 4 den zweiten Tabellenrang punktgleich mit Horben 3 und Z\u00e4hringen 5 und kann als Aufsteiger nach der H\u00e4lfte der zu absolvierenden Spiele vom Aufstieg in die n\u00e4chsth\u00f6here Kreisklasse A tr\u00e4umen.<\/p>\n<p>Pikant ist, dass der n\u00e4chste Kampf am 16.02.2020 daheim gegen den derzeitigen Tabellenf\u00fchrer Horben 3 stattfindet.<\/p>\n<hr \/>\n<h5>Kreisklasse B &#8211; 12.01.2020 Runde 4<\/h5>\n<h3>Niederlage gegen Wiehre 2<\/h3>\n<h6>Emmendingen 4 &#8211; Wiehre 2 (Heimspiel) 2:4<\/h6>\n<p>Die Wiehrer kamen nach Emmendingen mit einer sehr starken Mannschaft.<br \/>\nAls einziger Emmendinger punktete Bernhard Frank; Axel Wolf und Andreas Heidenreich konnten je einen halben Punkt beitragen.<br \/>\nSCE 4 h\u00e4lt den zweiten Tabellenrang.<\/p>\n<p>Zum n\u00e4chsten Spiel am 02.02. muss die Vierte nach Umkirch.<\/p>\n<hr \/>\n<h5>Kreisklasse B &#8211; 01.12.2019 Runde 3<\/h5>\n<h3>Sieg gegen S\u00f6lden 3<\/h3>\n<h6>S\u00f6lden 3 &#8211; Emmendingen 4 (Ausw\u00e4rtsspiel) 2:4<\/h6>\n<p>In der dritten Runde traf SCE 4 ausw\u00e4rts auf die dritte Mannschaft von S\u00f6lden.<br \/>\nDie Punkte holten Bernd Zimmermann, Bernhard Frank, Udo Berger und Richard Schweizer.<br \/>\nDamit \u00fcbernimmt SCE 4 die Tabellenspitze.<\/p>\n<p>Der n\u00e4chste Kampf findet am 12.01.2020 daheim gegen Freiburg-Wiehre 2 statt.<\/p>\n<hr \/>\n<h5>Kreisklasse B &#8211; 10.11.2019 Runde 2<\/h5>\n<h3>Sieg gegen Z\u00e4hringen 5<\/h3>\n<h6>Emmendingen 4 &#8211; Z\u00e4hringen 5 (Heimspiel) 4,5:1,5<\/h6>\n<p>Die Z\u00e4hringer konnten nicht komplett antreten und hatten am Ende das Nachsehen.<br \/>\nDie Punkte holten Axel Wolf, Andreas Heidenreich, Bernhard Frank und kampflos G\u00fcnter Mench.<\/p>\n<p>Zum n\u00e4chsten Spiel am 01.12. muss die Vierte nach S\u00f6lden.<\/p>\n<hr \/>\n<h5>Kreisklasse B &#8211; 29.09.2019 Runde 1<\/h5>\n<h3>Sieg gegen Dreisamtal 3<\/h3>\n<h6>Dreisamtal 3 &#8211; Emmendingen 4 (Ausw\u00e4rtsspiel) 2:4<\/h6>\n<p>Zum Saisonauftakt traf SCE 4 ausw\u00e4rts auf eine starke Dreisamt\u00e4ler Mannschaft.<br \/>\nDie Punkte holten Axel Wolf, Andreas Heidenreich und Bernd Zimmermann. Remis steuerten Wolfgang Dederichs und Bernhard Frank bei.<\/p>\n<hr \/>\n","protected":false},"excerpt":{"rendered":"<p>Kreisklasse B &#8211; Runde 8 und 9 Saison 2020 beendet Auf Beschluss des Schachbezirks Freiburg entfallen die achte und neunte Runde. Die Vierte hat als Tabellenerster den Aufstieg in die Kreisklasse A erreicht. siehe auch Kreisklasse B &#8211; 08.03.2019 Runde 7 Deutlicher Erfolg gegen Waldkirch Waldkirch 3 &#8211; Emmendingen 4 (Ausw\u00e4rtsspiel) 1,5:4,5 In der siebten &hellip; <a href=\"http:\/\/schachclub-emmendingen.badischer-schachverband.de\/index.php\/mannschaften\/4-mannschaft-bis-2024\/saison-2020\/\" class=\"more-link\"><span class=\"screen-reader-text\">Saison 2020<\/span> weiterlesen <span class=\"meta-nav\">&rarr;<\/span><\/a><\/p>\n","protected":false},"author":4,"featured_media":0,"parent":143,"menu_order":0,"comment_status":"closed","ping_status":"closed","template":"","meta":{"footnotes":""},"class_list":["post-7006","page","type-page","status-publish","hentry"],"_links":{"self":[{"href":"http:\/\/schachclub-emmendingen.badischer-schachverband.de\/index.php\/wp-json\/wp\/v2\/pages\/7006","targetHints":{"allow":["GET"]}}],"collection":[{"href":"http:\/\/schachclub-emmendingen.badischer-schachverband.de\/index.php\/wp-json\/wp\/v2\/pages"}],"about":[{"href":"http:\/\/schachclub-emmendingen.badischer-schachverband.de\/index.php\/wp-json\/wp\/v2\/types\/page"}],"author":[{"embeddable":true,"href":"http:\/\/schachclub-emmendingen.badischer-schachverband.de\/index.php\/wp-json\/wp\/v2\/users\/4"}],"replies":[{"embeddable":true,"href":"http:\/\/schachclub-emmendingen.badischer-schachverband.de\/index.php\/wp-json\/wp\/v2\/comments?post=7006"}],"version-history":[{"count":10,"href":"http:\/\/schachclub-emmendingen.badischer-schachverband.de\/index.php\/wp-json\/wp\/v2\/pages\/7006\/revisions"}],"predecessor-version":[{"id":7558,"href":"http:\/\/schachclub-emmendingen.badischer-schachverband.de\/index.php\/wp-json\/wp\/v2\/pages\/7006\/revisions\/7558"}],"up":[{"embeddable":true,"href":"http:\/\/schachclub-emmendingen.badischer-schachverband.de\/index.php\/wp-json\/wp\/v2\/pages\/143"}],"wp:attachment":[{"href":"http:\/\/schachclub-emmendingen.badischer-schachverband.de\/index.php\/wp-json\/wp\/v2\/media?parent=7006"}],"curies":[{"name":"wp","href":"https:\/\/api.w.org\/{rel}","templated":true}]}}