{"id":7000,"date":"2019-10-09T13:40:37","date_gmt":"2019-10-09T13:40:37","guid":{"rendered":"http:\/\/schachclub-emmendingen.badischer-schachverband.de\/?page_id=7000"},"modified":"2021-07-06T10:33:34","modified_gmt":"2021-07-06T10:33:34","slug":"saison-2020","status":"publish","type":"page","link":"http:\/\/schachclub-emmendingen.badischer-schachverband.de\/index.php\/mannschaften\/3-mannschaft\/saison-2020\/","title":{"rendered":"Saison 2020"},"content":{"rendered":"<hr \/>\n<h5>Bereichsliga &#8211; 04.07.2021 Runde 8<\/h5>\n<h3>Fulminanter Sieg in Hofstetten<\/h3>\n<h6>Hofstetten &#8211; Emmendingen 3 (Ausw\u00e4rtsspiel) 0,5:7,5<\/h6>\n<p>Nach der langen Corona-Pause fand nun nach Freigabe durch die Gremien das erste Ausw\u00e4rtsspiel in Hofstetten statt.<br \/>\nEmmendingen 3 konnte in einer starken Besetzung antreten. Das erm\u00f6glichte einen fulminanten Sieg.<br \/>\nDie Punkte holten Gerhard Kiefer, Hermann Schrems, Thomas Ehret, Iouri Sorokovski, Michael Gihr, Daniel Reifsteck und Ruben Gihr.<br \/>\nMatthias Deutschmann konnte einen halben Punkt zuf\u00fcgen.<\/p>\n<p>Das n\u00e4chste Spiel findet am 25.07. daheim gegen Neum\u00fchl statt.<\/p>\n<p><a href=\"\/index.php\/2021\/07\/05\/klarer-sieg-in-hofstetten\/\">Spielbericht<\/a><\/p>\n<hr \/>\n<h5>Bereichsliga &#8211; 08.03.2020 Runde 7<\/h5>\n<h3>Verdienter Erfolg in Haslach<\/h3>\n<h6>Haslach &#8211; Emmendingen 3 (Ausw\u00e4rtsspiel) 3:5<\/h6>\n<p>Zum Ausw\u00e4rtsspiel in Haslach war die Dritte gut aufgestellt und konnte einen sch\u00f6nen Erfolg einfahren.<br \/>\nDie Punkte holten Gerhard Kiefer, Torsten Frank, Wolfgang Dederichs und Ulrich Steinke.<br \/>\nMichael Gihr und Tomas Penya steuerten ein Remis bei.<br \/>\nSCE 3 klettert auf Rang 2.<\/p>\n<p>Das n\u00e4chste Spiel findet am 22.03. ausw\u00e4rts gegen Hofstetten statt.<\/p>\n<p><a href=\"\/index.php\/2020\/03\/10\/haslach-emmendingen-3-3\/\">Spielbericht<\/a><\/p>\n<hr \/>\n<h5>Bereichsliga &#8211; 16.02.2020 Runde 6<\/h5>\n<h3>Klarer Heimsieg gegen Ohlsbach<\/h3>\n<h6>Emmendingen 3 &#8211; Ohlsbach (Heimspiel) 6:2<\/h6>\n<p>Als Favorit ging die Dritte ins Rennen gegen die G\u00e4ste aus Ohlsbach.<br \/>\nDie Punkte holten Iouri Sorokovski, Michael Gihr, Tomas Penya und Karl Ziegler.<br \/>\nHermann Schrems, Ruben Gihr, Torsten Frank und Wolfgang Dederichs steuerten je ein Remis bei.<br \/>\nEmmendingen 3 festigt seine Position in der Spitzengruppe. Beim Blick auf das Restprogramm gilt der Klassenerhalt als gesichert.<\/p>\n<p>Der n\u00e4chste Kampf findet am 08.03. in Haslach statt.<\/p>\n<p><a href=\"\/index.php\/2020\/02\/18\/emmendingen-3-ohlsbach\/\">Spielbericht<\/a><\/p>\n<hr \/>\n<h5>Bereichsliga &#8211; 02.02.2020 Runde 5<\/h5>\n<h3>Knappe Niederlage in Oberwinden<\/h3>\n<h6>Oberwinden 2 &#8211; Emmendingen 3 (Ausw\u00e4rtsspiel) 4,5:3,5<\/h6>\n<p>Zum Ausw\u00e4rtsspiel in Oberwinden war die Dritte trotz kurzfristigen Spielerausfalls gut aufgestellt, aber spielerisch war es nicht unser Tag.<br \/>\nDie Punkte holten Matthias Deutschmann und Hermann Schrems.<br \/>\nMichael Gihr, Daniel Reifsteck und Axel Wolf steuerten ein Remis bei.<br \/>\nSCE 3 rutscht auf Rang 4 ab.<\/p>\n<p>Das n\u00e4chste Spiel findet am 16.02. daheim gegen Ohlsbach statt.<br \/>\nOhlsbach k\u00e4mpft massiv gegen den Abstieg, ist also nicht zu untersch\u00e4tzen. Im letzten Jahr haben wir dort deutlich mit 2:6 verloren.<\/p>\n<p><a href=\"\/index.php\/2020\/02\/04\/oberwinden-2-emmendingen-3\/\">Spielbericht<\/a><\/p>\n<hr \/>\n<h5>Bereichsliga &#8211; 12.01.2020 Runde 4<\/h5>\n<h3>Gl\u00fccklicher Heimsieg gegen Villingen<\/h3>\n<h6>Emmendingen 3 &#8211; Villingen 2 (Heimspiel) 4,5:3,5<\/h6>\n<p>Der Kampf gegen Villingen-Schwenningen war ausgeglichen. Am Ende reichte es mit etwas Gl\u00fcck zum knappen Erfolg.<br \/>\nDie Punkte holten Thomas Ehret, Iouri Sorokovski und Michael Gihr.<br \/>\nDaniel Reifsteck, Ruben Gihr und Wolfgang Dederichs steuerten je ein Remis bei.<\/p>\n<p>Der n\u00e4chste Kampf findet am 02.02. in Oberwinden statt.<\/p>\n<p><a href=\"\/index.php\/2020\/01\/15\/emmendingen-3-villingen-2\/\">Spielbericht<\/a><\/p>\n<hr \/>\n<h5>Bereichsliga &#8211; 01.12.2019 Runde 3<\/h5>\n<h3>Niederlage in Zell<\/h3>\n<h6>Zell &#8211; Emmendingen 3 (Ausw\u00e4rtsspiel) 3:5<\/h6>\n<p>Zum Ausw\u00e4rtsspiel in Zell startete SCE 3 mit sieben Spielern. Der erste Brettpunkt war schon im Voraus vergeben.<br \/>\nDie Punkte holten Ruben Gihr und Jonas V\u00f6gtlin.<br \/>\nChristof Herbrechtsmeier und Daniel Reifsteck steuerten ein Remis bei.<br \/>\nSCE 3 reiht sich auf Rang 2 ein.<\/p>\n<p>Das n\u00e4chste Spiel findet am 12.01. daheim gegen Villingen-Schwenningen 2 statt.<\/p>\n<hr \/>\n<h5>Bereichsliga &#8211; 10.11.2019 Runde 2<\/h5>\n<h3>Deutlicher Heimsieg gegen Denzlingen<\/h3>\n<h6>Emmendingen 3 &#8211; Denzlingen (Heimspiel) 5:3<\/h6>\n<p>Denzlingen trat geschw\u00e4cht an und konnte der verst\u00e4rkten Emmendinger Dritten nicht standhalten.<br \/>\nDie Punkte holten Hermann Schrems und Michael Gihr sowie kampflos Bernd Zimmermann.<br \/>\nGerhard Kiefer, Tomas Penya, Daniel Reifsteck und Ruben Gihr steuerten ein Remis bei.<\/p>\n<p>Der n\u00e4chste Kampf findet am 01.12. in Zell\/Harmersbach statt.<\/p>\n<hr \/>\n<h5>Bereichsliga &#8211; 29.09.2019 Runde 1<\/h5>\n<h3>Kantersieg in Hornberg<\/h3>\n<h6>Hornberg &#8211; Emmendingen 3 (Ausw\u00e4rtsspiel) 1:7<\/h6>\n<p>Zum Einstieg in die neue Saison startete SCE 3 mit einer verst\u00e4rkten Mannschaft beim Ausw\u00e4rtsspiel in Hornberg und traf auf einen geschw\u00e4chten Gegner. Das f\u00fchrte zu einem massiven \u00dcbergewicht und hohen Sieg.<br \/>\nDie Punkte holten Thomas Ehret, Michael Gihr, Tomas Penya, Daniel Reifsteck, Ruben Gihr und Torsten Frank.<br \/>\nGerhard Kiefer und Iouri Sorokovski steuerten ein Remis bei.<\/p>\n<hr \/>\n","protected":false},"excerpt":{"rendered":"<p>Bereichsliga &#8211; 04.07.2021 Runde 8 Fulminanter Sieg in Hofstetten Hofstetten &#8211; Emmendingen 3 (Ausw\u00e4rtsspiel) 0,5:7,5 Nach der langen Corona-Pause fand nun nach Freigabe durch die Gremien das erste Ausw\u00e4rtsspiel in Hofstetten statt. Emmendingen 3 konnte in einer starken Besetzung antreten. Das erm\u00f6glichte einen fulminanten Sieg. Die Punkte holten Gerhard Kiefer, Hermann Schrems, Thomas Ehret, Iouri &hellip; <a href=\"http:\/\/schachclub-emmendingen.badischer-schachverband.de\/index.php\/mannschaften\/3-mannschaft\/saison-2020\/\" class=\"more-link\"><span class=\"screen-reader-text\">Saison 2020<\/span> weiterlesen <span class=\"meta-nav\">&rarr;<\/span><\/a><\/p>\n","protected":false},"author":4,"featured_media":0,"parent":141,"menu_order":0,"comment_status":"closed","ping_status":"closed","template":"","meta":{"footnotes":""},"class_list":["post-7000","page","type-page","status-publish","hentry"],"_links":{"self":[{"href":"http:\/\/schachclub-emmendingen.badischer-schachverband.de\/index.php\/wp-json\/wp\/v2\/pages\/7000","targetHints":{"allow":["GET"]}}],"collection":[{"href":"http:\/\/schachclub-emmendingen.badischer-schachverband.de\/index.php\/wp-json\/wp\/v2\/pages"}],"about":[{"href":"http:\/\/schachclub-emmendingen.badischer-schachverband.de\/index.php\/wp-json\/wp\/v2\/types\/page"}],"author":[{"embeddable":true,"href":"http:\/\/schachclub-emmendingen.badischer-schachverband.de\/index.php\/wp-json\/wp\/v2\/users\/4"}],"replies":[{"embeddable":true,"href":"http:\/\/schachclub-emmendingen.badischer-schachverband.de\/index.php\/wp-json\/wp\/v2\/comments?post=7000"}],"version-history":[{"count":10,"href":"http:\/\/schachclub-emmendingen.badischer-schachverband.de\/index.php\/wp-json\/wp\/v2\/pages\/7000\/revisions"}],"predecessor-version":[{"id":7551,"href":"http:\/\/schachclub-emmendingen.badischer-schachverband.de\/index.php\/wp-json\/wp\/v2\/pages\/7000\/revisions\/7551"}],"up":[{"embeddable":true,"href":"http:\/\/schachclub-emmendingen.badischer-schachverband.de\/index.php\/wp-json\/wp\/v2\/pages\/141"}],"wp:attachment":[{"href":"http:\/\/schachclub-emmendingen.badischer-schachverband.de\/index.php\/wp-json\/wp\/v2\/media?parent=7000"}],"curies":[{"name":"wp","href":"https:\/\/api.w.org\/{rel}","templated":true}]}}