{"id":6994,"date":"2019-10-09T12:45:13","date_gmt":"2019-10-09T12:45:13","guid":{"rendered":"http:\/\/schachclub-emmendingen.badischer-schachverband.de\/?page_id=6994"},"modified":"2021-07-19T14:43:46","modified_gmt":"2021-07-19T14:43:46","slug":"saison-2020","status":"publish","type":"page","link":"http:\/\/schachclub-emmendingen.badischer-schachverband.de\/index.php\/mannschaften\/2-mannschaft\/saison-2020\/","title":{"rendered":"Saison 2020"},"content":{"rendered":"<h5>Oberliga &#8211; 18.07.2021 Runde 8<\/h5>\n<h3>Emmendingen gewinnt gegen Dreil\u00e4ndereck<\/h3>\n<h6>Emmendingen 2 &#8211; Dreil\u00e4ndereck (Heimspiel) 5,5:2,5<\/h6>\n<p>In der achten Runde, die durch die Corona-Pause erst jetzt nachgeholt werden konnte, kam SCE 2 zu einem deutlichen Sieg gegen den Tabellenletzten Dreil\u00e4ndereck.<br \/>\nDie Punkte holten Ognjen Cvitan, Andreas Bauer, J\u00f6rg Weidemann und Matthias Deutschmann. Normunds Miezis, Christian Maier und Christof Herbrechtsmeier konnte je ein Remis zuf\u00fcgen.<\/p>\n<p>Die n\u00e4chste Runde gegen Brombach wurde von Emmendingen abgesagt.<\/p>\n<p><a href=\"\/index.php\/2021\/07\/19\/emmendingen-2-dreilaendereck\/\">Spielbericht<\/a><\/p>\n<hr \/>\n<h5>Oberliga &#8211; 01.03.2020 Runde 7<\/h5>\n<h3>Entt\u00e4uschung in Ettlingen<\/h3>\n<h6>Ettlingen &#8211; Emmendingen 2 (Ausw\u00e4rtsspiel) 5,5:2,5<\/h6>\n<p>Emmendingen konnte in Ettlingen keinen vollen Brettpunkt ergattern. Mit einem Remis endeten die Partien von Normunds Miezis, Ognjen Cvitan, J\u00f6rg Weidemann, Hans-Joachim Vatter und Christof Herbrechtsmeier. Damit kassiert die Zweite in dieser Saison die vierte Niederlage aus sieben Runden bei einem Remis und ist der Abstiegszone noch nicht entronnen.<\/p>\n<p>Die n\u00e4chste Runde findet in Haltingen am 28.03. um 14:00 Uhr gegen SC Dreil\u00e4ndereck statt.<\/p>\n<p><a href=\"\/index.php\/2020\/03\/05\/ettlingen-emmendingen-2\/\">Spielbericht<\/a><\/p>\n<hr \/>\n<h5>Oberliga &#8211; 09.02.2020 Runde 6<\/h5>\n<h3>Wichtiger Sieg gegen Buchen<\/h3>\n<h6>Emmendingen 2 &#8211; Buchen (Heimspiel) 5:3<\/h6>\n<p>In der sechsten Runde kam SCE 2 zum wichtigen Heimsieg gegen den Abstieg.<br \/>\nDie Punkte holten Gerhard Kiefer und J\u00f6rg Weidemann. Remis konnten beitragen Normunds Miezis, Josip Stocko, Andreas Bauer, Hans-Joachim Vatter, Christof Herbrechtmeier und Matthias Deutschmann.<br \/>\nKein Emmendinger Spieler hatte seine Partie verloren.<\/p>\n<p>Das n\u00e4chste Spiel findet am 01.03. in Ettlingen statt.<\/p>\n<p><a href=\"\/index.php\/2020\/02\/10\/emmendingen-2-buchen\/\">Spielbericht<\/a><\/p>\n<hr \/>\n<h5>Oberliga &#8211; 19.01.2020 Runde 5<\/h5>\n<h3>Zweite kassiert Niederlage<\/h3>\n<h6>Baden-Baden 3 &#8211; Emmendingen 2 (Ausw\u00e4rtsspiel) 5:3<\/h6>\n<p>Den einzigen Siegpunkt holt Andreas Bauer. Mit einem Remis endeten die Partien von Normunds Miezis, Ognjen Cvitan, J\u00f6rg Weidemann und Gerhard Kiefer.<\/p>\n<p>Die n\u00e4chste Runde findet in Emmendingen in der Steinhalle am 09.02. gegen BG Buchen parallel zu den Bundesligak\u00e4mpfen statt.<\/p>\n<p><a href=\"\/index.php\/2020\/01\/24\/baden-baden-3-emmendingen-2\/\">Spielbericht<\/a><\/p>\n<hr \/>\n<h5>Oberliga &#8211; 08.12.2019 Runde 4<\/h5>\n<h3>Erfolg gegen Sasbach<\/h3>\n<h6>Emmendingen 2 &#8211; Sasbach (Heimspiel) 5:3<\/h6>\n<p>In der vierten Runde kam SCE 2 zum ersten Saisonsieg.<br \/>\nDie Punkte holten Gerhard Kiefer und Matthias Deutschmann. Remis konnten beitragen Normunds Miezis, Josip Stocko, Andreas Bauer, J\u00f6rg Weidemann, Hans-Joachim Vatter und Hermann Schrems.<br \/>\nKein Emmendinger Spieler hatte seine Partie verloren.<\/p>\n<p><a href=\"\/index.php\/2019\/12\/09\/erfolreiches-schachwochenende\/\">Spielbericht<\/a><\/p>\n<hr \/>\n<h5>Oberliga &#8211; 17.11.2019 Runde 3<\/h5>\n<h3>Achtungserfolg gegen \u00d6tigheim<\/h3>\n<h6>Emmendingen 2 &#8211; \u00d6tigheim (Heimspiel) 3,5:4,5<\/h6>\n<p>Mit \u00d6tigheim kam der Favorit der Oberliga nach Emmendingen. Trotz geschw\u00e4chter Aufstellung w\u00e4re fast ein Remis m\u00f6glich geworden.<br \/>\nDie Punkte holten Thomas Ehret und Michael Gihr. Remis konnten beitragen Normunds Miezis, Gerhard Kiefer und Iouri Sorokovski.<\/p>\n<p><a href=\"\/index.php\/2019\/11\/23\/emmendingen-2-oetigheim\/\">Spielbericht<\/a><\/p>\n<hr \/>\n<h5>Oberliga &#8211; 20.10.2019 Runde 2<\/h5>\n<h3>Spielausfall gegen Viernheim<\/h3>\n<h6>Viernheim 2 &#8211; Emmendingen 2 (Ausw\u00e4rtsspiel) 8:0<\/h6>\n<p>Das Spiel gegen Viernheim musste von Emmendingen wegen zu vieler Spielerausf\u00e4lle leider abgesagt werden.<\/p>\n<hr \/>\n<h5>Oberliga &#8211; 29.09.2019 Runde 1<\/h5>\n<h3>Punkteteilung gegen Untergrombach<\/h3>\n<h6>Emmendingen 2 &#8211; Untergrombach (Heimspiel) 4:4<\/h6>\n<p>Zur Saisoner\u00f6ffnung empfing SCE 2 die Untergrombacher.<br \/>\nEs entwickelte sich ein Kampf auf Augenh\u00f6he. Entsprechend war auch das Ergebnis.<br \/>\nDie Punkte holten Andreas Bauer und J\u00f6rg Weidemann. Remis konnten beitragen der kroatische Neuzugang Josip Stocko, Christian Maier, Hans-Joachim Vatter und Hermann Schrems.<\/p>\n<p><a href=\"\/index.php\/2019\/10\/03\/emmendingen-2-untergrombach\/\">Spielbericht<\/a><\/p>\n","protected":false},"excerpt":{"rendered":"<p>Oberliga &#8211; 18.07.2021 Runde 8 Emmendingen gewinnt gegen Dreil\u00e4ndereck Emmendingen 2 &#8211; Dreil\u00e4ndereck (Heimspiel) 5,5:2,5 In der achten Runde, die durch die Corona-Pause erst jetzt nachgeholt werden konnte, kam SCE 2 zu einem deutlichen Sieg gegen den Tabellenletzten Dreil\u00e4ndereck. Die Punkte holten Ognjen Cvitan, Andreas Bauer, J\u00f6rg Weidemann und Matthias Deutschmann. Normunds Miezis, Christian Maier &hellip; <a href=\"http:\/\/schachclub-emmendingen.badischer-schachverband.de\/index.php\/mannschaften\/2-mannschaft\/saison-2020\/\" class=\"more-link\"><span class=\"screen-reader-text\">Saison 2020<\/span> weiterlesen <span class=\"meta-nav\">&rarr;<\/span><\/a><\/p>\n","protected":false},"author":4,"featured_media":0,"parent":139,"menu_order":0,"comment_status":"closed","ping_status":"closed","template":"","meta":{"footnotes":""},"class_list":["post-6994","page","type-page","status-publish","hentry"],"_links":{"self":[{"href":"http:\/\/schachclub-emmendingen.badischer-schachverband.de\/index.php\/wp-json\/wp\/v2\/pages\/6994","targetHints":{"allow":["GET"]}}],"collection":[{"href":"http:\/\/schachclub-emmendingen.badischer-schachverband.de\/index.php\/wp-json\/wp\/v2\/pages"}],"about":[{"href":"http:\/\/schachclub-emmendingen.badischer-schachverband.de\/index.php\/wp-json\/wp\/v2\/types\/page"}],"author":[{"embeddable":true,"href":"http:\/\/schachclub-emmendingen.badischer-schachverband.de\/index.php\/wp-json\/wp\/v2\/users\/4"}],"replies":[{"embeddable":true,"href":"http:\/\/schachclub-emmendingen.badischer-schachverband.de\/index.php\/wp-json\/wp\/v2\/comments?post=6994"}],"version-history":[{"count":10,"href":"http:\/\/schachclub-emmendingen.badischer-schachverband.de\/index.php\/wp-json\/wp\/v2\/pages\/6994\/revisions"}],"predecessor-version":[{"id":7564,"href":"http:\/\/schachclub-emmendingen.badischer-schachverband.de\/index.php\/wp-json\/wp\/v2\/pages\/6994\/revisions\/7564"}],"up":[{"embeddable":true,"href":"http:\/\/schachclub-emmendingen.badischer-schachverband.de\/index.php\/wp-json\/wp\/v2\/pages\/139"}],"wp:attachment":[{"href":"http:\/\/schachclub-emmendingen.badischer-schachverband.de\/index.php\/wp-json\/wp\/v2\/media?parent=6994"}],"curies":[{"name":"wp","href":"https:\/\/api.w.org\/{rel}","templated":true}]}}