{"id":6916,"date":"2019-08-29T11:05:51","date_gmt":"2019-08-29T11:05:51","guid":{"rendered":"http:\/\/schachclub-emmendingen.badischer-schachverband.de\/?page_id=6916"},"modified":"2019-08-29T11:08:03","modified_gmt":"2019-08-29T11:08:03","slug":"schnellschachmeisterschaft-2019","status":"publish","type":"page","link":"http:\/\/schachclub-emmendingen.badischer-schachverband.de\/index.php\/turniere\/schnellschach\/schnellschachmeisterschaft-2019\/","title":{"rendered":"Schnellschachmeisterschaft 2019"},"content":{"rendered":"<p>Am 20.08. fand die Vereinsmeisterschaft im Schnellschach statt. Von urspr\u00fcnglich 16 Meldungen verblieben 13.<br \/>\nEs wurde erstmalig nach dem beschleunigten Schweizer System in f\u00fcnf Runden gespielt. F\u00fcr die komplette Partie standen 15 min pro Spieler zur Verf\u00fcgung.<\/p>\n<table>\n<tbody>\n<tr class=\"green\">\n<td>Rang<\/td>\n<td>Spieler<\/td>\n<td>Punkte<\/td>\n<td>BH<\/td>\n<td>vBH<\/td>\n<\/tr>\n<tr>\n<td>1<\/td>\n<td>Penya, Tomas<\/td>\n<td>6,0<\/td>\n<td>18,5<\/td>\n<td>117,0<\/td>\n<\/tr>\n<tr>\n<td>2<\/td>\n<td>Wolf, Axel<\/td>\n<td>5,0<\/td>\n<td>21,0<\/td>\n<td>122,0<\/td>\n<\/tr>\n<tr>\n<td>3<\/td>\n<td>Sifnatsch, Franz<\/td>\n<td>4,0<\/td>\n<td>16,5<\/td>\n<td>104,5<\/td>\n<\/tr>\n<tr>\n<td>4<\/td>\n<td>Steinke, Ulrich<\/td>\n<td>3,5<\/td>\n<td>21,5<\/td>\n<td>112,5<\/td>\n<\/tr>\n<tr>\n<td>5<\/td>\n<td>Frank, Bernhard<\/td>\n<td>3,5<\/td>\n<td>18,5<\/td>\n<td>119,0<\/td>\n<\/tr>\n<tr>\n<td>6<\/td>\n<td>Zimmermann, Bernd<\/td>\n<td>3,5<\/td>\n<td>15,5<\/td>\n<td>107,0<\/td>\n<\/tr>\n<tr>\n<td>7<\/td>\n<td>Sch\u00e4chtele, Sebastian<\/td>\n<td>3,5<\/td>\n<td>12,5<\/td>\n<td>97,0<\/td>\n<\/tr>\n<tr>\n<td>8<\/td>\n<td>Weilert, Arthur<\/td>\n<td>3,0<\/td>\n<td>25,5<\/td>\n<td>102,5<\/td>\n<\/tr>\n<tr>\n<td>9<\/td>\n<td>Ercan, Muhammed<\/td>\n<td>3,0<\/td>\n<td>16,5<\/td>\n<td>88,5<\/td>\n<\/tr>\n<tr>\n<td>10<\/td>\n<td>Mohr, Thomas<\/td>\n<td>2,0<\/td>\n<td>21,5<\/td>\n<td>101,5<\/td>\n<\/tr>\n<tr>\n<td>11<\/td>\n<td>Schweizer, Richard<\/td>\n<td>2,0<\/td>\n<td>16,5<\/td>\n<td>86,5<\/td>\n<\/tr>\n<tr>\n<td>12<\/td>\n<td>Berger, Udo<\/td>\n<td>2,0<\/td>\n<td>14,5<\/td>\n<td>90,0<\/td>\n<\/tr>\n<tr>\n<td>13<\/td>\n<td>Ercan, Salih<\/td>\n<td>1,0<\/td>\n<td>18,0<\/td>\n<td>80,5<\/td>\n<\/tr>\n<\/tbody>\n<\/table>\n<p>&nbsp;<br \/>\n<strong><em>Vereinsmeister 2019 im Schnellschach wurde Tomas Penya.<\/em><\/strong><\/p>\n","protected":false},"excerpt":{"rendered":"<p>Am 20.08. fand die Vereinsmeisterschaft im Schnellschach statt. Von urspr\u00fcnglich 16 Meldungen verblieben 13. Es wurde erstmalig nach dem beschleunigten Schweizer System in f\u00fcnf Runden gespielt. F\u00fcr die komplette Partie standen 15 min pro Spieler zur Verf\u00fcgung. Rang Spieler Punkte BH vBH 1 Penya, Tomas 6,0 18,5 117,0 2 Wolf, Axel 5,0 21,0 122,0 3 &hellip; <a href=\"http:\/\/schachclub-emmendingen.badischer-schachverband.de\/index.php\/turniere\/schnellschach\/schnellschachmeisterschaft-2019\/\" class=\"more-link\"><span class=\"screen-reader-text\">Schnellschachmeisterschaft 2019<\/span> weiterlesen <span class=\"meta-nav\">&rarr;<\/span><\/a><\/p>\n","protected":false},"author":4,"featured_media":0,"parent":225,"menu_order":0,"comment_status":"closed","ping_status":"closed","template":"","meta":{"footnotes":""},"class_list":["post-6916","page","type-page","status-publish","hentry"],"_links":{"self":[{"href":"http:\/\/schachclub-emmendingen.badischer-schachverband.de\/index.php\/wp-json\/wp\/v2\/pages\/6916","targetHints":{"allow":["GET"]}}],"collection":[{"href":"http:\/\/schachclub-emmendingen.badischer-schachverband.de\/index.php\/wp-json\/wp\/v2\/pages"}],"about":[{"href":"http:\/\/schachclub-emmendingen.badischer-schachverband.de\/index.php\/wp-json\/wp\/v2\/types\/page"}],"author":[{"embeddable":true,"href":"http:\/\/schachclub-emmendingen.badischer-schachverband.de\/index.php\/wp-json\/wp\/v2\/users\/4"}],"replies":[{"embeddable":true,"href":"http:\/\/schachclub-emmendingen.badischer-schachverband.de\/index.php\/wp-json\/wp\/v2\/comments?post=6916"}],"version-history":[{"count":2,"href":"http:\/\/schachclub-emmendingen.badischer-schachverband.de\/index.php\/wp-json\/wp\/v2\/pages\/6916\/revisions"}],"predecessor-version":[{"id":6918,"href":"http:\/\/schachclub-emmendingen.badischer-schachverband.de\/index.php\/wp-json\/wp\/v2\/pages\/6916\/revisions\/6918"}],"up":[{"embeddable":true,"href":"http:\/\/schachclub-emmendingen.badischer-schachverband.de\/index.php\/wp-json\/wp\/v2\/pages\/225"}],"wp:attachment":[{"href":"http:\/\/schachclub-emmendingen.badischer-schachverband.de\/index.php\/wp-json\/wp\/v2\/media?parent=6916"}],"curies":[{"name":"wp","href":"https:\/\/api.w.org\/{rel}","templated":true}]}}