{"id":663,"date":"2016-01-06T17:18:40","date_gmt":"2016-01-06T17:18:40","guid":{"rendered":"http:\/\/localhost\/wordpress\/?page_id=663"},"modified":"2016-02-09T06:02:08","modified_gmt":"2016-02-09T06:02:08","slug":"morphy","status":"publish","type":"page","link":"http:\/\/schachclub-emmendingen.badischer-schachverband.de\/index.php\/sonstiges\/meisterpartien\/morphy\/","title":{"rendered":"Paul Morphy"},"content":{"rendered":"<p>Der US-Amerikaner Paul Charles Morphy wurde am 22.06.1837 in New Orleans geboren, wo er auch am 10.07.1884 verstarb. Mit 12 Jahren hatte er bereits eine beachtliche Spielst\u00e4rke, wie die unten aufgef\u00fchrten Partien belegen. In den Jahren 1858 bis 1860 galt er als der st\u00e4rkste Spieler der Welt.<\/p>\n\n\n<p class=\"rpbchessboard-spacerBefore\"><\/p>\n\n<div class=\"rpbchessboard-chessgame\">\n    <noscript>\n        <div class=\"rpbchessboard-javascriptWarning\">\n            Sie m\u00fcssen JavaScript aktivieren, um die Notation zu verbessern.        <\/div>\n    <\/noscript>\n    <div id=\"rpbchessboard-69d378b29935e-1\"><\/div>\n    <script type=\"text\/javascript\">\n        (function() {\n            function renderThisPGN() {\n                RPBChessboard.renderPGN(\"rpbchessboard-69d378b29935e-1\", {\"pgn\":\"[Event \\\"New Orleans\\\"]\\r\\n[Site \\\"?\\\"]\\r\\n[Date \\\"1849.??.??\\\"]\\r\\n[Round \\\"?\\\"]\\r\\n[White \\\"Morphy\\\"]\\r\\n[Black \\\"Morphy,E\\\"]\\r\\n[Result \\\"1-0\\\"]\\r\\n[PlyCount \\\"39\\\"]\\r\\n\\r\\n1.e4 e5 2.Nf3 Nc6 3.Bc4 Bc5 4.c3 d6 5.O-O Nf6\\r\\n{Black should play either 5&#8230;Bb6 or 5&#8230;Qe7, since now his own e-pawn is weak.}\\r\\n6.d4 exd4\\r\\n{Now Black suffers from a nasty cramp. 6&#8230;Bb6 was a better, but still unhappy line.}\\r\\n7.cxd4 Bb6 8.h3\\r\\n{Keeping Black cramped. Now 8&#8230; Nxe4 is dangerous after 9 d5 or 9 Re1 d5 10 Bxd5 Qxd5 11 Nc3.}\\r\\nh6\\r\\n{Black fears 8&#8230;O-O, but now he&#8217;s dangerously behind in development.}\\r\\n9.Nc3 O-O 10.Be3 Re8\\r\\n{Weakening f7, though it shouldn&#8217;t be terminal.}\\r\\n11.d5 Bxe3\\r\\n{But this is a serious mistake. White can now open the a2-g8 diagonal and the tactics will be awful for Black.}\\r\\n12.dxc6 Bb6 13.e5\\r\\n{White encourages Black to give up pawn control of e5 so he can later use his knight against f7. Black doesn&#8217;t want to move his knight, since White will have threats like Qd5, hitting both f7 and b7, but that was the best chance.}\\r\\ndxe5 14.Qb3 Re7 15.Bxf7+ Rxf7\\r\\n{Black now loses because of the pin on the rook, but he probably didn&#8217;t like the idea of moving the king because of 16 Nh4.}\\r\\n16.Nxe5 Qe8 17.cxb7\\r\\n{Now Black has no chance of breaking the pin on his rook. [#]}\\r\\nBxb7 18.Rae1 Ba6 19.Ng6 Qd8 20.Re7 1-0\",\"pieceSymbols\":\"localized\",\"navigationBoard\":\"frame\",\"withPlayButton\":true,\"withFlipButton\":true,\"withDownloadButton\":true,\"nboSquareSize\":32,\"nboCoordinateVisible\":true,\"nboTurnVisible\":true,\"nboColorset\":\"original\",\"nboPieceset\":\"cburnett\",\"nboAnimated\":true,\"nboMoveArrowVisible\":true,\"nboMoveArrowColor\":\"b\",\"idoSquareSize\":32,\"idoCoordinateVisible\":true,\"idoTurnVisible\":true,\"idoColorset\":\"original\",\"idoPieceset\":\"cburnett\"});\n            }\n            if (document.readyState === 'loading') {\n                document.addEventListener('DOMContentLoaded', renderThisPGN);\n            }\n            else {\n                renderThisPGN();\n            }\n        })();\n    <\/script>\n<\/div>\n\n<p class=\"rpbchessboard-spacerAfter\"><\/p>\n\n\n\n<p class=\"rpbchessboard-spacerBefore\"><\/p>\n\n<div class=\"rpbchessboard-chessgame\">\n    <noscript>\n        <div class=\"rpbchessboard-javascriptWarning\">\n            Sie m\u00fcssen JavaScript aktivieren, um die Notation zu verbessern.        <\/div>\n    <\/noscript>\n    <div id=\"rpbchessboard-69d378b29935e-2\"><\/div>\n    <script type=\"text\/javascript\">\n        (function() {\n            function renderThisPGN() {\n                RPBChessboard.renderPGN(\"rpbchessboard-69d378b29935e-2\", {\"pgn\":\"[Event \\\"New Orleans\\\"]\\r\\n[Site \\\"?\\\"]\\r\\n[Date \\\"1849.??.??\\\"]\\r\\n[Round \\\"?\\\"]\\r\\n[White \\\"Morphy\\\"]\\r\\n[Black \\\"Morphy,A\\\"]\\r\\n[Result \\\"1-0\\\"]\\r\\n[PlyCount \\\"41\\\"]\\r\\n\\r\\n1.e4 e5 2.Nf3 Nc6 3.Bc4 Bc5 4.b4 Bxb4 5.c3 Bc5 6.d4 exd4 7.cxd4 Bb6 8.O-O\\r\\nNa5\\r\\n{This loses time and puts the knight out of the game. Black wants to play &#8230;d5, but he isn&#8217;t ready to castle, so his king will feel a draft.}\\r\\n9.Bd3 d5 10.exd5 Qxd5\\r\\n{After this Black is losing. With the e-file open White is ready to jump on the enemy king. Black had to play 10&#8230;Ne7, though after 11 Ba3 it&#8217;s pretty grim, since 11&#8230;O-O loses to 12 Re1 Re8 13 Ng5.}\\r\\n11.Ba3 Be6\\r\\n{Black sees the e-file needs protection, but this doesn&#8217;t help.}\\r\\n12.Nc3 Qd7 13.d5 Bxd5 14.Nxd5 Qxd5 15.Bb5+\\r\\n{This shot deflects the queen from the center files allowing White to invade. [#]}\\r\\nQxb5 16.Re1+ Ne7 17.Rb1\\r\\n{White gets a little carried away with the deflection theme, as Black might resist a little by giving up his queen with 17&#8230;Qd7. White should just capture on e7.}\\r\\nQa6 18.Rxe7+ Kf8 19.Qd5 Qc4 20.Rxf7+ Kg8 21.Rf8# 1-0\",\"pieceSymbols\":\"localized\",\"navigationBoard\":\"frame\",\"withPlayButton\":true,\"withFlipButton\":true,\"withDownloadButton\":true,\"nboSquareSize\":32,\"nboCoordinateVisible\":true,\"nboTurnVisible\":true,\"nboColorset\":\"original\",\"nboPieceset\":\"cburnett\",\"nboAnimated\":true,\"nboMoveArrowVisible\":true,\"nboMoveArrowColor\":\"b\",\"idoSquareSize\":32,\"idoCoordinateVisible\":true,\"idoTurnVisible\":true,\"idoColorset\":\"original\",\"idoPieceset\":\"cburnett\"});\n            }\n            if (document.readyState === 'loading') {\n                document.addEventListener('DOMContentLoaded', renderThisPGN);\n            }\n            else {\n                renderThisPGN();\n            }\n        })();\n    <\/script>\n<\/div>\n\n<p class=\"rpbchessboard-spacerAfter\"><\/p>\n\n\n\n<p class=\"rpbchessboard-spacerBefore\"><\/p>\n\n<div class=\"rpbchessboard-chessgame\">\n    <noscript>\n        <div class=\"rpbchessboard-javascriptWarning\">\n            Sie m\u00fcssen JavaScript aktivieren, um die Notation zu verbessern.        <\/div>\n    <\/noscript>\n    <div id=\"rpbchessboard-69d378b29935e-3\"><\/div>\n    <script type=\"text\/javascript\">\n        (function() {\n            function renderThisPGN() {\n                RPBChessboard.renderPGN(\"rpbchessboard-69d378b29935e-3\", {\"pgn\":\"[Event \\\"New Orleans\\\"]\\r\\n[Site \\\"?\\\"]\\r\\n[Date \\\"1850.??.??\\\"]\\r\\n[Round \\\"?\\\"]\\r\\n[White \\\"McConnell\\\"]\\r\\n[Black \\\"Morphy\\\"]\\r\\n[Result \\\"0-1\\\"]\\r\\n[PlyCount \\\"28\\\"]\\r\\n\\r\\n1.e4 e6 2.d4 d5\\r\\n{The French Defense has the reputation of giving Black a solid yet cramped game. Morphy favored open positions so it comes as no surprise that this is the only example of his defending the French Defense.}\\r\\n3.e5\\r\\n{The Advance Variation of the French Defense. White&#8217;s idea is to play against Black&#8217;s light squared bishop which is locked out of the game by his own pawns.}\\r\\nc5\\r\\n{Black follows the general rule that one should attack a pawn chain at it&#8217;s base.}\\r\\n4.c3\\r\\n{The strengthening of White&#8217;s pawn chain is the logical response to Black&#8217;s last move.}\\r\\nNc6 5.f4\\r\\n{This move is a mistake as White does not need to broaden his pawn chain especially at the expense of his development. Better was 5.Nf3. 5.Nf3 Qb6 6.Be2 Bd7 7.a3 c4}\\r\\nQb6 6.Nf3 Bd7 7.a3\\r\\n{Although in a closed position one doesn&#8217;t have to develop as quickly as in an open position. White has crossed the line in only developing one piece in position moves. 7.Bd3 cxd4 8.cxd4 Nxd4 9.Nxd4 Qxd4 We see the importance of Black&#8217;s 6&#8230;Bd7, otherwise White would have a discovered check with}\\r\\nNh6 8.b4 cxd4 9.cxd4 Rc8\\r\\n{Black stands much better due to his large lead in development.}\\r\\n10.Bb2 Nf5 11.Qd3 Bxb4+\\r\\n{This sacrifice is made possible because of Black&#8217;s lead in development.}\\r\\n12.axb4 Nxb4 13.Qd2 Rc2\\r\\n{Very pretty especially since most players would jump at the chance to win White&#8217;s rook by 13&#8230;Nc2+.}\\r\\n14.Qd1 Ne3\\r\\n{White resigned because his queen has been trapped. [#]}\\r\\n0-1\",\"pieceSymbols\":\"localized\",\"navigationBoard\":\"frame\",\"withPlayButton\":true,\"withFlipButton\":true,\"withDownloadButton\":true,\"nboSquareSize\":32,\"nboCoordinateVisible\":true,\"nboTurnVisible\":true,\"nboColorset\":\"original\",\"nboPieceset\":\"cburnett\",\"nboAnimated\":true,\"nboMoveArrowVisible\":true,\"nboMoveArrowColor\":\"b\",\"idoSquareSize\":32,\"idoCoordinateVisible\":true,\"idoTurnVisible\":true,\"idoColorset\":\"original\",\"idoPieceset\":\"cburnett\"});\n            }\n            if (document.readyState === 'loading') {\n                document.addEventListener('DOMContentLoaded', renderThisPGN);\n            }\n            else {\n                renderThisPGN();\n            }\n        })();\n    <\/script>\n<\/div>\n\n<p class=\"rpbchessboard-spacerAfter\"><\/p>\n\n\n\n<p class=\"rpbchessboard-spacerBefore\"><\/p>\n\n<div class=\"rpbchessboard-chessgame\">\n    <noscript>\n        <div class=\"rpbchessboard-javascriptWarning\">\n            Sie m\u00fcssen JavaScript aktivieren, um die Notation zu verbessern.        <\/div>\n    <\/noscript>\n    <div id=\"rpbchessboard-69d378b29935e-4\"><\/div>\n    <script type=\"text\/javascript\">\n        (function() {\n            function renderThisPGN() {\n                RPBChessboard.renderPGN(\"rpbchessboard-69d378b29935e-4\", {\"pgn\":\"[Event \\\"Mobile\\\"]\\r\\n[Site \\\"?\\\"]\\r\\n[Date \\\"1855.??.??\\\"]\\r\\n[Round \\\"?\\\"]\\r\\n[White \\\"Morphy\\\"]\\r\\n[Black \\\"Ayers\\\"]\\r\\n[Result \\\"1-0\\\"]\\r\\n[PlyCount \\\"51\\\"]\\r\\n\\r\\n1.e4 e5 2.Nf3 Nc6 3.Bc4 Bc5 4.b4 Bxb4 5.c3 Ba5 6.d4 d6 7.Qb3\\r\\n{7.dxe5 dxe 5 8.Qxd8+ Nxd8 9.Nxe5 Be6 Black has returned the pawn but enjoys a comfortable game.}\\r\\nQe7\\r\\n{The wrong square for the queen, though it seems logical. The e7-square is needed for a knight. 7&#8230;Qd7 8.dxe5 Bb6 9.e6 fxe6 10.Ng5 Na5 11. Bxe6 Nxb3 12.Bxd7+ Bxd7 13.axb3 Nf6}\\r\\n8.d5 Nd4\\r\\n{This looks like a clever move, since the knight cannot be captured by the pawn because of the pin. But now the game gets quite exciting as Morphy lets his king get chased around the board.}\\r\\n9.Bb5+ c6 10.Nxd4 exd4\\r\\n{10&#8230;cxb5 11.Qxb5+ Bd7 12.Qxa5 exd4 13. O-O Qxe4 14.c4 Ne7 15.Re1 Qg6 16.Qc7 b6 17.Ba3}\\r\\n11.dxc6 Qxe4+ 12.Kd1 Bg4+ 13.f3 Bxf3+ 14.gxf3 Qxf3+ 15.Kc2 Qe4+\\r\\n{Black does not have time to capture the rook because of the discovered check. 15&#8230;Qxh1 16.cxb7+ Kf8 17. bxa8Q+ Qxa8 18.Ba3 White has an extra piece.}\\r\\n16.Kb2 Bxc3+ 17.Nxc3 dxc3+ 18.Qxc3 O-O-O\\r\\n{Black seems to have castled to safety and has a pile of extra pawns. But Morphy will use the open files to attack.}\\r\\n19.Re1 Qd5 20.cxb7+ Kxb7\\r\\n{20&#8230;Kb8 The king would have been safer using the White pawn as a shield.}\\r\\n21.Rb1\\r\\n{A brilliant quiet move. White sets up future threats on the open b-file.}\\r\\nNf6\\r\\n{Now White unleashes a tremendous combination involving the open file and a discovered check.}\\r\\n22.Bc6+ Qxc6 23.Ka1+ Kc7 24.Qa5+ Kc8 25.Qxa7\\r\\n{Now the open c-file will bring the game to a rapid close. [#]}\\r\\nNd7 26.Bd2 1-0\",\"pieceSymbols\":\"localized\",\"navigationBoard\":\"frame\",\"withPlayButton\":true,\"withFlipButton\":true,\"withDownloadButton\":true,\"nboSquareSize\":32,\"nboCoordinateVisible\":true,\"nboTurnVisible\":true,\"nboColorset\":\"original\",\"nboPieceset\":\"cburnett\",\"nboAnimated\":true,\"nboMoveArrowVisible\":true,\"nboMoveArrowColor\":\"b\",\"idoSquareSize\":32,\"idoCoordinateVisible\":true,\"idoTurnVisible\":true,\"idoColorset\":\"original\",\"idoPieceset\":\"cburnett\"});\n            }\n            if (document.readyState === 'loading') {\n                document.addEventListener('DOMContentLoaded', renderThisPGN);\n            }\n            else {\n                renderThisPGN();\n            }\n        })();\n    <\/script>\n<\/div>\n\n<p class=\"rpbchessboard-spacerAfter\"><\/p>\n\n\n\n<p class=\"rpbchessboard-spacerBefore\"><\/p>\n\n<div class=\"rpbchessboard-chessgame\">\n    <noscript>\n        <div class=\"rpbchessboard-javascriptWarning\">\n            Sie m\u00fcssen JavaScript aktivieren, um die Notation zu verbessern.        <\/div>\n    <\/noscript>\n    <div id=\"rpbchessboard-69d378b29935e-5\"><\/div>\n    <script type=\"text\/javascript\">\n        (function() {\n            function renderThisPGN() {\n                RPBChessboard.renderPGN(\"rpbchessboard-69d378b29935e-5\", {\"pgn\":\"[Event \\\"Unknown\\\"]\\r\\n[Site \\\"?\\\"]\\r\\n[Date \\\"1855.??.??\\\"]\\r\\n[Round \\\"?\\\"]\\r\\n[White \\\"Morphy\\\"]\\r\\n[Black \\\"Maurian\\\"]\\r\\n[Result \\\"0-1\\\"]\\r\\n[PlyCount \\\"24\\\"]\\r\\n\\r\\n1.e4 e5 2.f4 exf4 3.Bc4 Qh4+\\r\\n{This check causes the White king some discomfort, but it also wastes a lot of time.}\\r\\n4.Kf1 b5\\r\\n{The idea behind this move is to gain some time back by annoying the bishop should it capture the pawn. But Morphy maintains the initiative by attacking the enemy rook.}\\r\\n5.Bd5 Nc6 6.Nf3 Qh5 7.d4\\r\\n{With each move, White attacks an enemy piece. This time it is the f-pawn.}\\r\\nNf6 8.Bb3 Ba6\\r\\n{Black plans a discovered check by advancing the b-pawn.}\\r\\n9.Qe2\\r\\n{Now the b-pawn is pinned. But Morphy has overlooked something. The White king has only two defenders, the knight and queen. Each of them can be drawn away from the monarch.}\\r\\nNxd4\\r\\n{First the knight is lured away.}\\r\\n10.Nxd4\\r\\n{Now the queen is forced to leave the area. [#]}\\r\\nb4 11.Qxa6\\r\\n{There wasn &#8218;t any real choice, as otherwise the queen is lost. But now the king is defenseless, and Black finishes neatly.}\\r\\nQd1+ 12.Kf2 Ng4# 0-1\",\"pieceSymbols\":\"localized\",\"navigationBoard\":\"frame\",\"withPlayButton\":true,\"withFlipButton\":true,\"withDownloadButton\":true,\"nboSquareSize\":32,\"nboCoordinateVisible\":true,\"nboTurnVisible\":true,\"nboColorset\":\"original\",\"nboPieceset\":\"cburnett\",\"nboAnimated\":true,\"nboMoveArrowVisible\":true,\"nboMoveArrowColor\":\"b\",\"idoSquareSize\":32,\"idoCoordinateVisible\":true,\"idoTurnVisible\":true,\"idoColorset\":\"original\",\"idoPieceset\":\"cburnett\"});\n            }\n            if (document.readyState === 'loading') {\n                document.addEventListener('DOMContentLoaded', renderThisPGN);\n            }\n            else {\n                renderThisPGN();\n            }\n        })();\n    <\/script>\n<\/div>\n\n<p class=\"rpbchessboard-spacerAfter\"><\/p>\n\n\n\n<p class=\"rpbchessboard-spacerBefore\"><\/p>\n\n<div class=\"rpbchessboard-chessgame\">\n    <noscript>\n        <div class=\"rpbchessboard-javascriptWarning\">\n            Sie m\u00fcssen JavaScript aktivieren, um die Notation zu verbessern.        <\/div>\n    <\/noscript>\n    <div id=\"rpbchessboard-69d378b29935e-6\"><\/div>\n    <script type=\"text\/javascript\">\n        (function() {\n            function renderThisPGN() {\n                RPBChessboard.renderPGN(\"rpbchessboard-69d378b29935e-6\", {\"pgn\":\"[Event \\\"New York\\\"]\\r\\n[Site \\\"?\\\"]\\r\\n[Date \\\"1857.??.??\\\"]\\r\\n[Round \\\"?\\\"]\\r\\n[White \\\"Lichtenhein\\\"]\\r\\n[Black \\\"Morphy\\\"]\\r\\n[Result \\\"0-1\\\"]\\r\\n[PlyCount \\\"38\\\"]\\r\\n\\r\\n1.e4 e5 2.Nf3 Nc6 3.d4 exd4 4.Bc4 Nf6\\r\\n{By a transposition of moves a variation of the Two Knight Defense has been reached.}\\r\\n5.e5 d5\\r\\n{A good move in which Black fights for the center by gaining a tempo on the White bishop.}\\r\\n6.Bb5\\r\\n{6.exf6 dxc4 7.fxg7 Bxg7 would be a winning position for Black who is a pawn ahead and has more pieces developed.}\\r\\nNe4 7.Nxd4 Bd7 8.Nxc6\\r\\n{8.Bxc6 The correct way to get rid of the knight as after&#8230;}\\r\\nbxc6\\r\\n{White would not have to lose time due to Black&#8217;s c-pawn attacking the bishop. bxc6 The correct way to recapture since Black gains yet another tempo on the White bishop. 8&#8230;Bxc6 9.Bxc6+ bxc6 10.O-O allows White to catch up in development.}\\r\\n9.Bd3 Bc5\\r\\n{Black develops another piece while creating a threat on White&#8217;s f-pawn.}\\r\\n10.Bxe4\\r\\n{10.O-O Qh4 gives Black the advantage due to his kingside initiative.}\\r\\nQh4\\r\\n{Once again Black develops with gain of tempo this time he is threatening to checkmate White with 11&#8230;Qxf2.}\\r\\n11.Qe2\\r\\n{11.g3 Qxe4+ 12.Qe2 Qxh1+}\\r\\ndxe4\\r\\n{The correct recapture, since Black has the initiative it will be much easier to attack White&#8217;s king with queens still on the board. 11&#8230;Qxe4 12.Qxe4 dxe4 would be fine for White due to Black&#8217;s broken pawn structure. [#]}\\r\\n12.Be3\\r\\n{This is the final mistake which allows Black to bring another piece into the attack with tempo. 12.O-O}\\r\\nBg4 13.Qc4\\r\\n{13.Qd2 Rd8 would leave White with no good response to Black&#8217;s threat of 14&#8230; Rd1+.}\\r\\nBxe3\\r\\n{Black takes advantage of the pin on White&#8217;s f-pawn.}\\r\\n14.g3\\r\\n{14.Qxc6+ Bd7 15.Qxa8+ Ke7 16.g3 Qg4 17.Qxh8 Bxf2+ 18.Kxf2 Qf3+ 19.Kg1 Bh3 would leave White&#8217;s king defenseless on the light squares 14.O-O Bb6 15.Qxc6+ Ke7 would leave Black a piece ahead.}\\r\\nQd8 15.fxe3 Qd1+ 16.Kf2 Qf3+ 17.Kg1 Bh3\\r\\n{With no piece to come to the king&#8217;s defense all White has left are a few spite checks.}\\r\\n18.Qxc6+ Kf8 19.Qxa8+ Ke7\\r\\n{White resigned.}\\r\\n0-1\",\"pieceSymbols\":\"localized\",\"navigationBoard\":\"frame\",\"withPlayButton\":true,\"withFlipButton\":true,\"withDownloadButton\":true,\"nboSquareSize\":32,\"nboCoordinateVisible\":true,\"nboTurnVisible\":true,\"nboColorset\":\"original\",\"nboPieceset\":\"cburnett\",\"nboAnimated\":true,\"nboMoveArrowVisible\":true,\"nboMoveArrowColor\":\"b\",\"idoSquareSize\":32,\"idoCoordinateVisible\":true,\"idoTurnVisible\":true,\"idoColorset\":\"original\",\"idoPieceset\":\"cburnett\"});\n            }\n            if (document.readyState === 'loading') {\n                document.addEventListener('DOMContentLoaded', renderThisPGN);\n            }\n            else {\n                renderThisPGN();\n            }\n        })();\n    <\/script>\n<\/div>\n\n<p class=\"rpbchessboard-spacerAfter\"><\/p>\n\n","protected":false},"excerpt":{"rendered":"<p>Der US-Amerikaner Paul Charles Morphy wurde am 22.06.1837 in New Orleans geboren, wo er auch am 10.07.1884 verstarb. Mit 12 Jahren hatte er bereits eine beachtliche Spielst\u00e4rke, wie die unten aufgef\u00fchrten Partien belegen. In den Jahren 1858 bis 1860 galt er als der st\u00e4rkste Spieler der Welt.<\/p>\n","protected":false},"author":3,"featured_media":0,"parent":850,"menu_order":0,"comment_status":"closed","ping_status":"closed","template":"","meta":{"footnotes":""},"class_list":["post-663","page","type-page","status-publish","hentry"],"_links":{"self":[{"href":"http:\/\/schachclub-emmendingen.badischer-schachverband.de\/index.php\/wp-json\/wp\/v2\/pages\/663","targetHints":{"allow":["GET"]}}],"collection":[{"href":"http:\/\/schachclub-emmendingen.badischer-schachverband.de\/index.php\/wp-json\/wp\/v2\/pages"}],"about":[{"href":"http:\/\/schachclub-emmendingen.badischer-schachverband.de\/index.php\/wp-json\/wp\/v2\/types\/page"}],"author":[{"embeddable":true,"href":"http:\/\/schachclub-emmendingen.badischer-schachverband.de\/index.php\/wp-json\/wp\/v2\/users\/3"}],"replies":[{"embeddable":true,"href":"http:\/\/schachclub-emmendingen.badischer-schachverband.de\/index.php\/wp-json\/wp\/v2\/comments?post=663"}],"version-history":[{"count":10,"href":"http:\/\/schachclub-emmendingen.badischer-schachverband.de\/index.php\/wp-json\/wp\/v2\/pages\/663\/revisions"}],"predecessor-version":[{"id":2113,"href":"http:\/\/schachclub-emmendingen.badischer-schachverband.de\/index.php\/wp-json\/wp\/v2\/pages\/663\/revisions\/2113"}],"up":[{"embeddable":true,"href":"http:\/\/schachclub-emmendingen.badischer-schachverband.de\/index.php\/wp-json\/wp\/v2\/pages\/850"}],"wp:attachment":[{"href":"http:\/\/schachclub-emmendingen.badischer-schachverband.de\/index.php\/wp-json\/wp\/v2\/media?parent=663"}],"curies":[{"name":"wp","href":"https:\/\/api.w.org\/{rel}","templated":true}]}}