{"id":5818,"date":"2018-11-11T12:01:09","date_gmt":"2018-11-11T12:01:09","guid":{"rendered":"http:\/\/schachclub-emmendingen.badischer-schachverband.de\/?page_id=5818"},"modified":"2019-10-21T15:39:38","modified_gmt":"2019-10-21T15:39:38","slug":"saison-2019","status":"publish","type":"page","link":"http:\/\/schachclub-emmendingen.badischer-schachverband.de\/index.php\/mannschaften\/1-mannschaft\/saison-2019\/","title":{"rendered":"Saison 2019"},"content":{"rendered":"<p>In der Saison 2018\/19 wird wieder nach Abstimmung der beteiligten Vereine in der 2. Bundesliga S\u00fcd mit Doppelrunden gespielt. Hierzu werden Paare von m\u00f6glichst benachbarten Mannschaften gebildet. Unsere Partnermannschaft ist die OSG Baden-Baden II. Die Paare treffen mit jeweils anderen Paaren an einem Wochenende aufeinander und spielen wechselseitig gegeneinander. Ein Wochenende gilt zur Festlegung der Spieler als ein Spieltag.<br \/>\nEs finden also an einem Samstag (14 Uhr) und Sonntag (10 Uhr) jeweils zwei Begegnungen statt.<\/p>\n<p>F\u00fcr die Begegnungen der benachbarten Paare untereinander gibt es separate Einzelrunden.<br \/>\nDie Einzelrunde mit OSG Baden-Baden II ist auf Freitag, den 22. M\u00e4rz 2019, ab 16 Uhr in Baden-Baden festgesetzt.<\/p>\n<hr \/>\n<p><em>Vierte Doppelrunde in Baden-Baden<br \/>\n<\/em><\/p>\n<h5>2. Bundesliga \u2013 23.03.2019 Runde 9<\/h5>\n<h3>Unentschieden gegen Heusenstamm<\/h3>\n<h6>Emmendingen &#8211; Heusenstamm (Heimspiel) 4:4<\/h6>\n<p>Den einzigen vollen Punkt holte Quentin Burri (8); Punkteteilung gab es mit Igors Rausis (2), Imre H\u00e9ra (3), Vladimir Baklan (4), Bence Korpa (5), Andrei Sokolov (6) und Normunds Miezis (7).<\/p>\n<table>\n<tbody>\n<tr class=\"green\">\n<td>Brett<\/td>\n<td>SC Emmendingen<\/td>\n<td>Titel<\/td>\n<td>Elo<\/td>\n<td>SC Heusenstamm<\/td>\n<td><\/td>\n<td>Elo<\/td>\n<td>Ergebnis<\/td>\n<\/tr>\n<tr>\n<td>1<\/td>\n<td class=\"lightgrey\">Bauer, Christian<\/td>\n<td>GM<\/td>\n<td>2654<\/td>\n<td>Sadzikowski, Daniel<\/td>\n<td>GM<\/td>\n<td>2521<\/td>\n<td>0 &#8211; 1<\/td>\n<\/tr>\n<tr>\n<td>2<\/td>\n<td>Rausis, Igors<\/td>\n<td>GM<\/td>\n<td>2657<\/td>\n<td class=\"lightgrey\">Krejci, Jan<\/td>\n<td>GM<\/td>\n<td>2570<\/td>\n<td>\u00bd \u2013 \u00bd<\/td>\n<\/tr>\n<tr>\n<td>3<\/td>\n<td class=\"lightgrey\">H\u00e9ra, Imre<\/td>\n<td>GM<\/td>\n<td>2605<\/td>\n<td>Polak, Tomas<\/td>\n<td>GM<\/td>\n<td>2514<\/td>\n<td>\u00bd \u2013 \u00bd<\/td>\n<\/tr>\n<tr>\n<td>4<\/td>\n<td>Baklan, Vladimir<\/td>\n<td>GM<\/td>\n<td>2614<\/td>\n<td class=\"lightgrey\">Wieczorek, Oskar<\/td>\n<td>IM<\/td>\n<td>2500<\/td>\n<td>\u00bd \u2013 \u00bd<\/td>\n<\/tr>\n<tr>\n<td>5<\/td>\n<td class=\"lightgrey\">Korpa, Bence<\/td>\n<td>GM<\/td>\n<td>2503<\/td>\n<td>Klekowski, Maciaj<\/td>\n<td>IM<\/td>\n<td>2499<\/td>\n<td>\u00bd \u2013 \u00bd<\/td>\n<\/tr>\n<tr>\n<td>6<\/td>\n<td>Sokolov, Andrei<\/td>\n<td>GM<\/td>\n<td>2497<\/td>\n<td class=\"lightgrey\">Barski, Radoslaw<\/td>\n<td>IM<\/td>\n<td>2476<\/td>\n<td>\u00bd \u2013 \u00bd<\/td>\n<\/tr>\n<tr>\n<td>7<\/td>\n<td class=\"lightgrey\">Miezis, Normunds<\/td>\n<td>GM<\/td>\n<td>2464<\/td>\n<td>Weichhold, Pawel<\/td>\n<td>IM<\/td>\n<td>2431<\/td>\n<td>\u00bd \u2013 \u00bd<\/td>\n<\/tr>\n<tr>\n<td>8<\/td>\n<td>Burri, Quentin<\/td>\n<td>IM<\/td>\n<td>2422<\/td>\n<td class=\"lightgrey\">Solonar, Stefan<\/td>\n<td>IM<\/td>\n<td>2303<\/td>\n<td>1 &#8211; 0<\/td>\n<\/tr>\n<tr class=\"yellow\">\n<td><\/td>\n<td><\/td>\n<td><\/td>\n<td>2552<\/td>\n<td><\/td>\n<td><\/td>\n<td>2477<\/td>\n<td>4 &#8211; 4<\/td>\n<\/tr>\n<\/tbody>\n<\/table>\n<p><a href=\"\/index.php\/2019\/03\/24\/4-doppelspieltag-in-der-2-bundesliga\/\">Spielbericht<\/a><\/p>\n<h5>2. Bundesliga \u2013 24.03.2019 Runde 10<\/h5>\n<h3>\u00a0Deutlicher Gewinn gegen Griesheim<\/h3>\n<h6>Griesheim \u2013 Emmendingen (Ausw\u00e4rtsspiel) 2:6<\/h6>\n<p>Am Sonntag trat Emmendingen gegen Griesheim an.<br \/>\nSchon fr\u00fch remisierte Igors Rausis (2). Ansonsten punkteten die vorderen Bretter mit Christian Bauer (1), Imre H\u00e9ra (3), Vladimir Baklan (4) und Bence Korpa (5); an den hinteren Brettern gab es Punkteteilung mit Andrei Sokolov (6), Normunds Miezis (7) und Quentin Burri (8).<\/p>\n<table>\n<tbody>\n<tr class=\"green\">\n<td>Brett<\/td>\n<td>SV Griesheim<\/td>\n<td>Titel<\/td>\n<td>Elo<\/td>\n<td>SC Emmendingen<\/td>\n<td>Titel<\/td>\n<td>Elo<\/td>\n<td>Ergebnis<\/td>\n<\/tr>\n<tr>\n<td>1<\/td>\n<td class=\"lightgrey\">Jarmula, Lukasz<\/td>\n<td>IM<\/td>\n<td>2477<\/td>\n<td>Bauer, Christian<\/td>\n<td>GM<\/td>\n<td>2654<\/td>\n<td>0 \u2013 1<\/td>\n<\/tr>\n<tr>\n<td>2<\/td>\n<td>Tazbir, Marcin<\/td>\n<td>GM<\/td>\n<td>2633<\/td>\n<td class=\"lightgrey\">Rausis, Igors<\/td>\n<td>GM<\/td>\n<td>2657<\/td>\n<td>\u00bd \u2013 \u00bd<\/td>\n<\/tr>\n<tr>\n<td>3<\/td>\n<td class=\"lightgrey\">Walter, Stefan<\/td>\n<td>IM<\/td>\n<td>2401<\/td>\n<td>H\u00e9ra, Imre<\/td>\n<td>GM<\/td>\n<td>2605<\/td>\n<td>0 \u2013 1<\/td>\n<\/tr>\n<tr>\n<td>4<\/td>\n<td>Baskin, Robert<\/td>\n<td>IM<\/td>\n<td>2395<\/td>\n<td class=\"lightgrey\">Baklan, Vladimir<\/td>\n<td>GM<\/td>\n<td>2614<\/td>\n<td>0 \u2013 1<\/td>\n<\/tr>\n<tr>\n<td>5<\/td>\n<td class=\"lightgrey\">Spitzl, Vinzent<\/td>\n<td>FM<\/td>\n<td>2270<\/td>\n<td>Korpa, Bence<\/td>\n<td>GM<\/td>\n<td>2503<\/td>\n<td>0 \u2013 1<\/td>\n<\/tr>\n<tr>\n<td>6<\/td>\n<td>Grimm, Julius<\/td>\n<td>FM<\/td>\n<td>2308<\/td>\n<td class=\"lightgrey\">Sokolov, Andrei<\/td>\n<td>GM<\/td>\n<td>2497<\/td>\n<td>\u00bd \u2013 \u00bd<\/td>\n<\/tr>\n<tr>\n<td>7<\/td>\n<td class=\"lightgrey\">Grabarczyk, Bogdan<\/td>\n<td>IM<\/td>\n<td>2378<\/td>\n<td>Miezis, Normunds<\/td>\n<td>GM<\/td>\n<td>2464<\/td>\n<td>\u00bd \u2013 \u00bd<\/td>\n<\/tr>\n<tr>\n<td>8<\/td>\n<td>De Visser, Leon<\/td>\n<td><\/td>\n<td>2228<\/td>\n<td class=\"lightgrey\">Burri, Quentin<\/td>\n<td>IM<\/td>\n<td>2422<\/td>\n<td>\u00bd \u2013 \u00bd<\/td>\n<\/tr>\n<tr class=\"yellow\">\n<td><\/td>\n<td><\/td>\n<td><\/td>\n<td>2386<\/td>\n<td><\/td>\n<td><\/td>\n<td>2552<\/td>\n<td>2 &#8211; 6<\/td>\n<\/tr>\n<\/tbody>\n<\/table>\n<p><a href=\"\/index.php\/2019\/03\/24\/4-doppelspieltag-in-der-2-bundesliga\/\">Spielbericht<\/a><\/p>\n<hr \/>\n<p><em>Einzelrunde in Baden-Baden<\/em><\/p>\n<h5>2. Bundesliga \u2013 23.03.2019 Runde 4<\/h5>\n<h3>Emmendingen siegt gegen Baden-Baden 2<\/h3>\n<h6>Baden-Baden 2 &#8211; Emmendingen (Ausw\u00e4rtsspiel) 3:5<\/h6>\n<p>Am Freitag trat Emmendingen gegen Reisepartner Baden-Baden 2 an.<\/p>\n<p>Volle Punkte holten Normunds Miezis (7) und Bence Korpa (5); an allen anderen Brettern gab es Punkteteilung mit Christian Bauer (1), Igors Rausis (2), Imre H\u00e9ra (3), Vladimir Baklan (4), Andrei Sokolov (6) und Quentin Burri (8).<\/p>\n<table>\n<tbody>\n<tr class=\"green\">\n<td>Brett<\/td>\n<td>OSG Baden-Baden 2<\/td>\n<td>Titel<\/td>\n<td>Elo<\/td>\n<td>SC Emmendingen<\/td>\n<td>Titel<\/td>\n<td>Elo<\/td>\n<td>Ergebnis<\/td>\n<\/tr>\n<tr>\n<td>1<\/td>\n<td class=\"lightgrey\">Muzychuk, Mariya<\/td>\n<td>GM<\/td>\n<td>2560<\/td>\n<td>Bauer, Christian<\/td>\n<td>GM<\/td>\n<td>2654<\/td>\n<td>\u00bd \u2013 \u00bd<\/td>\n<\/tr>\n<tr>\n<td>2<\/td>\n<td>Gozzoli, Yannick<\/td>\n<td>GM<\/td>\n<td>2633<\/td>\n<td class=\"lightgrey\">Rausis, Igors<\/td>\n<td>GM<\/td>\n<td>2657<\/td>\n<td>\u00bd \u2013 \u00bd<\/td>\n<\/tr>\n<tr>\n<td>3<\/td>\n<td class=\"lightgrey\">Martin, Julian<\/td>\n<td>IM<\/td>\n<td>2375<\/td>\n<td>H\u00e9ra, Imre<\/td>\n<td>GM<\/td>\n<td>2605<\/td>\n<td>\u00bd \u2013 \u00bd<\/td>\n<\/tr>\n<tr>\n<td>4<\/td>\n<td>Riff, Jean-Noel<\/td>\n<td>GM<\/td>\n<td>2493<\/td>\n<td class=\"lightgrey\">Baklan, Vladimir<\/td>\n<td>GM<\/td>\n<td>2614<\/td>\n<td>\u00bd \u2013 \u00bd<\/td>\n<\/tr>\n<tr>\n<td>5<\/td>\n<td class=\"lightgrey\">Bellahcene, Bilel<\/td>\n<td>GM<\/td>\n<td>2560<\/td>\n<td>Korpa, Bence<\/td>\n<td>GM<\/td>\n<td>2503<\/td>\n<td>0 \u2013 1<\/td>\n<\/tr>\n<tr>\n<td>6<\/td>\n<td>Schmaltz, Roland<\/td>\n<td>GM<\/td>\n<td>2452<\/td>\n<td class=\"lightgrey\">Sokolov, Andrei<\/td>\n<td>GM<\/td>\n<td>2497<\/td>\n<td>\u00bd \u2013 \u00bd<\/td>\n<\/tr>\n<tr>\n<td>7<\/td>\n<td class=\"lightgrey\">Mutschnik, Illya<\/td>\n<td>IM<\/td>\n<td>2398<\/td>\n<td>Miezis, Normunds<\/td>\n<td>GM<\/td>\n<td>2464<\/td>\n<td>0 \u2013 1<\/td>\n<\/tr>\n<tr>\n<td>8<\/td>\n<td>Kachiani-Gersinska, Ketino<\/td>\n<td>IM<\/td>\n<td>2304<\/td>\n<td class=\"lightgrey\">Burri, Quentin<\/td>\n<td>IM<\/td>\n<td>2422<\/td>\n<td>\u00bd \u2013 \u00bd<\/td>\n<\/tr>\n<tr class=\"yellow\">\n<td><\/td>\n<td><\/td>\n<td><\/td>\n<td>2472<\/td>\n<td><\/td>\n<td><\/td>\n<td>2552<\/td>\n<td>3 &#8211; 5<\/td>\n<\/tr>\n<\/tbody>\n<\/table>\n<p><a href=\"\/index.php\/2019\/03\/23\/einzelrunde-in-der-2-bundesliga\/\">Spielbericht<\/a><\/p>\n<hr \/>\n<p><em>Dritte Doppelrunde in Emmendingen<\/em><\/p>\n<h5>2. Bundesliga \u2013 23.02.2019 Runde 7<\/h5>\n<h3>Emmendingen verliert gegen Schwegenheim<\/h3>\n<h6>Emmendingen &#8211; Speyer-Schwegenheim (Heimspiel) 3:5<\/h6>\n<p>Am Samstag trat Emmendingen gegen Tabellenf\u00fchrer SG Speyer-Schwegenheim an; parallel spielte Reisepartner OSG Baden-Baden 2 gegen FB M\u00f6rlenbach-Birkenau.<\/p>\n<p>Einen vollen Punkt holte Vladimir Baklan (2); Remis erreichten Igors Rausis (1), Bence Korpa (4), Normunds Miezis (6) und Quentin Burri (7). Die Mannschaft verlor 3:5.<\/p>\n<table>\n<tbody>\n<tr class=\"green\">\n<td>Brett<\/td>\n<td>SC Emmendingen<\/td>\n<td>Titel<\/td>\n<td>Elo<\/td>\n<td>SG Speyer-Schwegenheim<\/td>\n<td>Titel<\/td>\n<td>Elo<\/td>\n<td>Ergebnis<\/td>\n<\/tr>\n<tr>\n<td>1<\/td>\n<td class=\"lightgrey\">Rausis, Igors<\/td>\n<td>GM<\/td>\n<td>2659<\/td>\n<td>Oleksiyenko, Mykhaylo<\/td>\n<td>GM<\/td>\n<td>2592<\/td>\n<td>\u00bd \u2013 \u00bd<\/td>\n<\/tr>\n<tr>\n<td>2<\/td>\n<td>Baklan, Vladimir<\/td>\n<td>GM<\/td>\n<td>2607<\/td>\n<td class=\"lightgrey\">Abasov, Nijat<\/td>\n<td>GM<\/td>\n<td>2630<\/td>\n<td>1 &#8211; 0<\/td>\n<\/tr>\n<tr>\n<td>3<\/td>\n<td class=\"lightgrey\">Shevchenko, Kirill<\/td>\n<td>GM<\/td>\n<td>2539<\/td>\n<td>Pavlidis, Antonios<\/td>\n<td>GM<\/td>\n<td>2535<\/td>\n<td>0 &#8211; 1<\/td>\n<\/tr>\n<tr>\n<td>4<\/td>\n<td>Korpa, Bence<\/td>\n<td>GM<\/td>\n<td>2497<\/td>\n<td class=\"lightgrey\">Neiksans, Arturs<\/td>\n<td>GM<\/td>\n<td>2555<\/td>\n<td>\u00bd \u2013 \u00bd<\/td>\n<\/tr>\n<tr>\n<td>5<\/td>\n<td class=\"lightgrey\">Sokolov, Andrei<\/td>\n<td>GM<\/td>\n<td>2507<\/td>\n<td>Meskovs, Nikita<\/td>\n<td>GM<\/td>\n<td>2557<\/td>\n<td>0 &#8211; 1<\/td>\n<\/tr>\n<tr>\n<td>6<\/td>\n<td>Miezis, Normunds<\/td>\n<td>GM<\/td>\n<td>2467<\/td>\n<td class=\"lightgrey\">Kantans, Toms<\/td>\n<td>GM<\/td>\n<td>2512<\/td>\n<td>\u00bd \u2013 \u00bd<\/td>\n<\/tr>\n<tr>\n<td>7<\/td>\n<td class=\"lightgrey\">Burri, Quentin<\/td>\n<td>IM<\/td>\n<td>2420<\/td>\n<td>Shytaj, Luca<\/td>\n<td>GM<\/td>\n<td>2480<\/td>\n<td>\u00bd \u2013 \u00bd<\/td>\n<\/tr>\n<tr>\n<td>8<\/td>\n<td>Maier, Christian<\/td>\n<td>IM<\/td>\n<td>2340<\/td>\n<td class=\"lightgrey\">Vlachos, Anatole<\/td>\n<td>FM<\/td>\n<td>2395<\/td>\n<td>0 &#8211; 1<\/td>\n<\/tr>\n<tr class=\"yellow\">\n<td><\/td>\n<td><\/td>\n<td><\/td>\n<td>2505<\/td>\n<td><\/td>\n<td><\/td>\n<td>2532<\/td>\n<td>3 &#8211; 5<\/td>\n<\/tr>\n<\/tbody>\n<\/table>\n<h5>2. Bundesliga \u2013 24.02.2019 Runde 8<\/h5>\n<h3>Knapper Sieg gegen M\u00f6rlenbach<\/h3>\n<h6>M\u00f6rlenbach \u2013 Emmendingen (Ausw\u00e4rtsspiel) 3\u00bd:4\u00bd<\/h6>\n<p>Am Sonntag trat Emmendingen gegen M\u00f6rlenbach an.<\/p>\n<p>Volle Punkte holten Vladimir Baklan (3), Kirill Shevchenko (4) und Quentin Burri (7). Remis erreichten Igors Rausis (1), Andrei Sokolov (5) und Normunds Miezis (6). Die Mannschaft gewann knapp 4,5:3,5.<\/p>\n<table>\n<tbody>\n<tr class=\"green\">\n<td>Brett<\/td>\n<td>FB M\u00f6rlenbach-Birkenau<\/td>\n<td>Titel<\/td>\n<td>Elo<\/td>\n<td>SC Emmendingen<\/td>\n<td>Titel<\/td>\n<td>Elo<\/td>\n<td>Ergebnis<\/td>\n<\/tr>\n<tr>\n<td>1<\/td>\n<td class=\"lightgrey\">Kunin, Vitaly<\/td>\n<td>GM<\/td>\n<td>2531<\/td>\n<td>Rausis, Igors<\/td>\n<td>GM<\/td>\n<td>2659<\/td>\n<td>\u00bd \u2013 \u00bd<\/td>\n<\/tr>\n<tr>\n<td>2<\/td>\n<td>Galdunts, Sergey<\/td>\n<td>GM<\/td>\n<td>2415<\/td>\n<td class=\"lightgrey\">H\u00e9ra, Imre<\/td>\n<td>GM<\/td>\n<td>2607<\/td>\n<td>+ : &#8211;<\/td>\n<\/tr>\n<tr>\n<td>3<\/td>\n<td class=\"lightgrey\">Legde, Georg<\/td>\n<td>FM<\/td>\n<td>2318<\/td>\n<td>Baklan, Vladimir<\/td>\n<td>GM<\/td>\n<td>2607<\/td>\n<td>0 \u2013 1<\/td>\n<\/tr>\n<tr>\n<td>4<\/td>\n<td>B\u00f6hmer, Christian<\/td>\n<td>CM<\/td>\n<td>2163<\/td>\n<td class=\"lightgrey\">Shevchenko, Kirill<\/td>\n<td>GM<\/td>\n<td>2539<\/td>\n<td>0 \u2013 1<\/td>\n<\/tr>\n<tr>\n<td>5<\/td>\n<td class=\"lightgrey\">Felgendreher, Heiko<\/td>\n<td><\/td>\n<td>2217<\/td>\n<td>Sokolov, Andrei<\/td>\n<td>GM<\/td>\n<td>2507<\/td>\n<td>\u00bd \u2013 \u00bd<\/td>\n<\/tr>\n<tr>\n<td>6<\/td>\n<td>Sch\u00e4fer, Michael<\/td>\n<td><\/td>\n<td>2186<\/td>\n<td class=\"lightgrey\">Miezis, Normunds<\/td>\n<td>GM<\/td>\n<td>2467<\/td>\n<td>\u00bd \u2013 \u00bd<\/td>\n<\/tr>\n<tr>\n<td>7<\/td>\n<td class=\"lightgrey\">Klings, Peter<\/td>\n<td><\/td>\n<td>2085<\/td>\n<td>Burri, Quentin<\/td>\n<td>IM<\/td>\n<td>2420<\/td>\n<td>0 \u2013 1<\/td>\n<\/tr>\n<tr>\n<td>8<\/td>\n<td>Wohlfahrt, Paulus<\/td>\n<td><\/td>\n<td>2081<\/td>\n<td class=\"lightgrey\">Maier, Christian<\/td>\n<td>IM<\/td>\n<td>2340<\/td>\n<td>1 \u2013 0<\/td>\n<\/tr>\n<tr class=\"yellow\">\n<td><\/td>\n<td><\/td>\n<td><\/td>\n<td>2250<\/td>\n<td><\/td>\n<td><\/td>\n<td>2506<\/td>\n<td>3\u00bd &#8211; 4\u00bd<\/td>\n<\/tr>\n<\/tbody>\n<\/table>\n<p><a href=\"\/index.php\/2019\/02\/24\/3-doppelspieltag-der-2-bundesliga\/\">Spielbericht<\/a><\/p>\n<hr \/>\n<p><em>Zweite Doppelrunde in Sch\u00f6naich<br \/>\n<\/em><\/p>\n<h5>2. Bundesliga \u2013 02.02.2019 Runde 5<\/h5>\n<h3>Emmendingen schl\u00e4gt Jedesheim<\/h3>\n<h6>Jedesheim \u2013 Emmendingen (Ausw\u00e4rtsspiel) 1\u00bd:6\u00bd<\/h6>\n<p>Im Samstagspiel trat Emmendingen gegen SV Jedesheim an; parallel spielte Ausrichter TSG Sch\u00f6naich gegen Reisepartner OSG Baden-Baden 2.<\/p>\n<p>Volle Punkte holten Christian Bauer (2), Igors Rausis (3), Imre H\u00e9ra (4), Andreas Bauer (7) und Hans-Joachim Vatter (8). Remis erreichten S.P. Sethuraman (1), Bence Korpa (5) und Andrei Sokolov (6). Kein Emmendinger verlor seine Partie. Die Mannschaft hatte 6,5:1,5 gewonnen.<\/p>\n<table>\n<tbody>\n<tr class=\"green\">\n<td>Brett<\/td>\n<td>SV Jedesheim<\/td>\n<td>Titel<\/td>\n<td>Elo<\/td>\n<td>SC Emmendingen<\/td>\n<td>Titel<\/td>\n<td>Elo<\/td>\n<td>Ergebnis<\/td>\n<\/tr>\n<tr>\n<td>1<\/td>\n<td class=\"lightgrey\">Krassowizkij, Jarolaw<\/td>\n<td>IM<\/td>\n<td>2474<\/td>\n<td>Sethuraman, S.P.<\/td>\n<td>GM<\/td>\n<td>2665<\/td>\n<td>\u00bd \u2013 \u00bd<\/td>\n<\/tr>\n<tr>\n<td>2<\/td>\n<td>Pikula, Dejan<\/td>\n<td>GM<\/td>\n<td>2471<\/td>\n<td class=\"lightgrey\">Bauer, Christian<\/td>\n<td>GM<\/td>\n<td>2637<\/td>\n<td>0 \u2013 1<\/td>\n<\/tr>\n<tr>\n<td>3<\/td>\n<td class=\"lightgrey\">Heidenfeld, Mark<\/td>\n<td>IM<\/td>\n<td>2358<\/td>\n<td>Rausis, Igors<\/td>\n<td>GM<\/td>\n<td>2653<\/td>\n<td>0 \u2013 1<\/td>\n<\/tr>\n<tr>\n<td>4<\/td>\n<td>Anistratov, Dmitriy<\/td>\n<td>FM<\/td>\n<td>2284<\/td>\n<td class=\"lightgrey\">H\u00e9ra, Imre<\/td>\n<td>GM<\/td>\n<td>2601<\/td>\n<td>0 \u2013 1<\/td>\n<\/tr>\n<tr>\n<td>5<\/td>\n<td class=\"lightgrey\">Trussevich, Sergey<\/td>\n<td>FM<\/td>\n<td>2287<\/td>\n<td>Korpa, Bence<\/td>\n<td>GM<\/td>\n<td>2498<\/td>\n<td>\u00bd \u2013 \u00bd<\/td>\n<\/tr>\n<tr>\n<td>6<\/td>\n<td>R\u00f6mer, Ulrich<\/td>\n<td>FM<\/td>\n<td>2194<\/td>\n<td class=\"lightgrey\">Sokolov, Andrei<\/td>\n<td>GM<\/td>\n<td>2487<\/td>\n<td>\u00bd \u2013 \u00bd<\/td>\n<\/tr>\n<tr>\n<td>7<\/td>\n<td class=\"lightgrey\">Engelhardt, Achim<\/td>\n<td><\/td>\n<td>2114<\/td>\n<td>Bauer, Andreas<\/td>\n<td><\/td>\n<td>2265<\/td>\n<td>0 \u2013 1<\/td>\n<\/tr>\n<tr>\n<td>8<\/td>\n<td>Bacquele, Fabrice<\/td>\n<td><\/td>\n<td>2002<\/td>\n<td class=\"lightgrey\">Vatter, Hans-Joachim<\/td>\n<td>FM<\/td>\n<td>2243<\/td>\n<td>0 \u2013 1<\/td>\n<\/tr>\n<tr class=\"yellow\">\n<td><\/td>\n<td><\/td>\n<td><\/td>\n<td>2273<\/td>\n<td><\/td>\n<td><\/td>\n<td>2506<\/td>\n<td>1\u00bd &#8211; 6\u00bd<\/td>\n<\/tr>\n<\/tbody>\n<\/table>\n<h5>2. Bundesliga \u2013 03.02.2019 Runde 6<\/h5>\n<h5>Deutlicher Erfolg gegen Sch\u00f6naich<\/h5>\n<h6>Emmendingen \u2013 Sch\u00f6naich (Heimspiel) 6,5:1,5<\/h6>\n<p>Am Sonntag kam es zum Kampf gegen den Gastgeber.<\/p>\n<p>Andreas Bauer war verhindert, daf\u00fcr wurde Vladimir Baklan (5) eingesetzt, der aber das Spiellokal nicht erreichen konnte und kampflos verlor. Doch die Mannschaft konnte dieses Manko mehr als ausgleichen. Schon zur Halbzeit f\u00fchrte Emmendingen durch Siege von S.P. Sethuraman (1), Christian Bauer (2), Igors Rausis (3), Imre H\u00e9ra (4) und Bence Korpa (6), erg\u00e4nzt durch das Remis von Hans-Joachim Vatter (8), mit 5,5:1,5.<br \/>\nDen Schlusspunkt setzte mit einem Sieg Andrei Sokolov (7) und erh\u00f6hte zum Endergebnis 6,5:1,5.<br \/>\nEmmendingen r\u00fcckt damit auf Rang 3 bei einem Spiel R\u00fcckstand vor.<\/p>\n<table>\n<tbody>\n<tr class=\"green\">\n<td>Brett<\/td>\n<td>SC Emmendingen<\/td>\n<td>Titel<\/td>\n<td>Elo<\/td>\n<td>TSV Sch\u00f6naich<\/td>\n<td>Titel<\/td>\n<td>Elo<\/td>\n<td>Ergebnis<\/td>\n<\/tr>\n<tr>\n<td>1<\/td>\n<td class=\"lightgrey\">Sethuraman, S.P.<\/td>\n<td>GM<\/td>\n<td>2665<\/td>\n<td>Hirneise, Tobias<\/td>\n<td>IM<\/td>\n<td>2460<\/td>\n<td>1-0<\/td>\n<\/tr>\n<tr>\n<td>2<\/td>\n<td>Bauer, Christian<\/td>\n<td>GM<\/td>\n<td>2637<\/td>\n<td class=\"lightgrey\">Hirneise, Jens<\/td>\n<td>FM<\/td>\n<td>2373<\/td>\n<td>1-0<\/td>\n<\/tr>\n<tr>\n<td>3<\/td>\n<td class=\"lightgrey\">Rausis, Igors<\/td>\n<td>GM<\/td>\n<td>2653<\/td>\n<td>Wenninger, Philipp<\/td>\n<td><\/td>\n<td>2391<\/td>\n<td>1-0<\/td>\n<\/tr>\n<tr>\n<td>4<\/td>\n<td>H\u00e9ra, Imre<\/td>\n<td>GM<\/td>\n<td>2501<\/td>\n<td class=\"lightgrey\">Lorscheid, Gerhard<\/td>\n<td>FM<\/td>\n<td>2198<\/td>\n<td>1 &#8211; 0<\/td>\n<\/tr>\n<tr>\n<td>5<\/td>\n<td class=\"lightgrey\">Baklan, Vladimir<\/td>\n<td>GM<\/td>\n<td>2604<\/td>\n<td>Schnadt, Florian<\/td>\n<td><\/td>\n<td>2123<\/td>\n<td>&#8211; : +<\/td>\n<\/tr>\n<tr>\n<td>6<\/td>\n<td>Korpa, Bence<\/td>\n<td>GM<\/td>\n<td>2498<\/td>\n<td class=\"lightgrey\">K\u00fcbler, Marcus<\/td>\n<td><\/td>\n<td>1988<\/td>\n<td>1 &#8211; 0<\/td>\n<\/tr>\n<tr>\n<td>7<\/td>\n<td class=\"lightgrey\">Sokolov, Andrei<\/td>\n<td>GM<\/td>\n<td>2487<\/td>\n<td>K\u00f6lle, Tobias<\/td>\n<td><\/td>\n<td>2193<\/td>\n<td>1 &#8211; 0<\/td>\n<\/tr>\n<tr>\n<td>8<\/td>\n<td>Vatter, Hans-Joachim<\/td>\n<td>FM<\/td>\n<td>2243<\/td>\n<td class=\"lightgrey\">Brunner, Jan<\/td>\n<td><\/td>\n<td>1946<\/td>\n<td>\u00bd \u2013 \u00bd<\/td>\n<\/tr>\n<tr class=\"yellow\">\n<td><\/td>\n<td><\/td>\n<td><\/td>\n<td>2536<\/td>\n<td><\/td>\n<td><\/td>\n<td>2209<\/td>\n<td>6\u00bd &#8211; 1\u00bd<\/td>\n<\/tr>\n<\/tbody>\n<\/table>\n<hr \/>\n<p><em>Erste Doppelrunde in Bad Mergentheim<br \/>\n<\/em><\/p>\n<h5>2. Bundesliga \u2013 10.11.2018 Runde 1<\/h5>\n<h3>Emmendingen schl\u00e4gt Eppingen<\/h3>\n<h6>Eppingen \u2013 Emmendingen (Ausw\u00e4rtsspiel) 2:6<\/h6>\n<p>An diesem Wochenende startete die Saison f\u00fcr die 2. Bundesliga.<\/p>\n<p>In Bad Mergentheim spielte am Samstag Emmendingen gegen den SC Eppingen; parallel trafen Baden-Baden 2 und Bad Mergentheim aufeinander.<\/p>\n<p>Volle Brettpukte holten GM Igors Rausis (1), GM Kirill Shevchenko (3), GM Andrei Sokolov (5) und GM Ognjen Cvitan (6); GM Vladimir Baklan (2), GM Bence Korpa (4), IM Quentin Burri (7) und FM J\u00f6rg Weidemann (8) steuerten je ein Remis bei.<br \/>\nDer Kampf gegen Eppingen endete 6:2.<\/p>\n<table>\n<tbody>\n<tr class=\"green\">\n<td>Brett<\/td>\n<td>SC Eppingen<\/td>\n<td>Titel<\/td>\n<td>Elo<\/td>\n<td>SC Emmendingen<\/td>\n<td>Titel<\/td>\n<td>Elo<\/td>\n<td>Ergebnis<\/td>\n<\/tr>\n<tr>\n<td>1<\/td>\n<td class=\"lightgrey\">Noe, Christopher<\/td>\n<td>IM<\/td>\n<td>2529<\/td>\n<td>Rausis, Igors<\/td>\n<td>GM<\/td>\n<td>2652<\/td>\n<td>0 \u2013 1<\/td>\n<\/tr>\n<tr>\n<td>2<\/td>\n<td>Medvegy, Zoltan<\/td>\n<td>GM<\/td>\n<td>2538<\/td>\n<td class=\"lightgrey\">Baklan, Vladimir<\/td>\n<td>GM<\/td>\n<td>2605<\/td>\n<td>\u00bd \u2013 \u00bd<\/td>\n<\/tr>\n<tr>\n<td>3<\/td>\n<td class=\"lightgrey\">Guliyev, Namig<\/td>\n<td>GM<\/td>\n<td>2505<\/td>\n<td>Shevchenko, Kirill<\/td>\n<td>GM<\/td>\n<td>2549<\/td>\n<td>0 \u2013 1<\/td>\n<\/tr>\n<tr>\n<td>4<\/td>\n<td>Ruck, Robert<\/td>\n<td>GM<\/td>\n<td>2515<\/td>\n<td class=\"lightgrey\">Korpa, Bence<\/td>\n<td>GM<\/td>\n<td>2505<\/td>\n<td>\u00bd \u2013 \u00bd<\/td>\n<\/tr>\n<tr>\n<td>5<\/td>\n<td class=\"lightgrey\">Bilchinski, Anton<\/td>\n<td>FM<\/td>\n<td>2310<\/td>\n<td>Sokolov, Andrei<\/td>\n<td>GM<\/td>\n<td>2486<\/td>\n<td>0 \u2013 1<\/td>\n<\/tr>\n<tr>\n<td>6<\/td>\n<td>Hacker, Jonas<\/td>\n<td>FM<\/td>\n<td>2350<\/td>\n<td class=\"lightgrey\">Cvitan, Ognjen<\/td>\n<td>GM<\/td>\n<td>2496<\/td>\n<td>0 \u2013 1<\/td>\n<\/tr>\n<tr>\n<td>7<\/td>\n<td class=\"lightgrey\">Gibicar, Danijel<\/td>\n<td>FM<\/td>\n<td>2286<\/td>\n<td>Burri, Quentin<\/td>\n<td>IM<\/td>\n<td>2415<\/td>\n<td>\u00bd \u2013 \u00bd<\/td>\n<\/tr>\n<tr>\n<td>8<\/td>\n<td>Hamid, Emran<\/td>\n<td><\/td>\n<td>2182<\/td>\n<td class=\"lightgrey\">Weidemann, J\u00f6rg<\/td>\n<td>\u00a0FM<\/td>\n<td>2280<\/td>\n<td>\u00bd \u2013 \u00bd<\/td>\n<\/tr>\n<tr class=\"yellow\">\n<td><\/td>\n<td><\/td>\n<td><\/td>\n<td>2402<\/td>\n<td><\/td>\n<td><\/td>\n<td>2499<\/td>\n<td>2-6<\/td>\n<\/tr>\n<\/tbody>\n<\/table>\n<p><a href=\"\/index.php\/2018\/11\/11\/1-doppelspieltag-der-zweitliga\/\">Spielbericht<\/a><\/p>\n<h5>2. Bundesliga \u2013 11.11.2018 Runde 2<\/h5>\n<h5>Kampf gegen Bad Mergentheim<\/h5>\n<h6>\u00a0Emmendingen \u2013 Bad Mergentheim (Heimspiel) 5:3<\/h6>\n<p>Am Sonntag kam es zum Kampf gegen den Gastgeber.<\/p>\n<p>Es remisierten GM Vladimir Baklan (2), GM Kirill Shevchenko (3), GM Bence Korpa (4), GM Andrei Sokolov (5), GM Ognjen Cvitan (6) und IM Christian Maier (8). Volle Punkte holten GM Igors Rausis am Spitzenbrett und Quentin Burri (7).<\/p>\n<p>Der Kampf endete 5:3. Damit reiht sich Emmendingen auf Rangplatz 3 ein.<\/p>\n<table>\n<tbody>\n<tr class=\"green\">\n<td>Brett<\/td>\n<td>SC Emmendingen<\/td>\n<td>Titel<\/td>\n<td>Elo<\/td>\n<td>SF Bad Mergentheim<\/td>\n<td>Titel<\/td>\n<td>Elo<\/td>\n<td>Ergebnis<\/td>\n<\/tr>\n<tr>\n<td>1<\/td>\n<td class=\"lightgrey\">Rausis, Igors<\/td>\n<td>GM<\/td>\n<td>2652<\/td>\n<td>Rakotomaharo, Fy Antenaina<\/td>\n<td>IM<\/td>\n<td>2429<\/td>\n<td>1-0<\/td>\n<\/tr>\n<tr>\n<td>2<\/td>\n<td>Baklan, Vladimir<\/td>\n<td>GM<\/td>\n<td>2605<\/td>\n<td class=\"lightgrey\">Karpatchev, Aleksandre<\/td>\n<td>GM<\/td>\n<td>2416<\/td>\n<td>\u00bd \u2013 \u00bd<\/td>\n<\/tr>\n<tr>\n<td>3<\/td>\n<td class=\"lightgrey\">Shevchenko, Kirill<\/td>\n<td>GM<\/td>\n<td>2549<\/td>\n<td>Ikonnikov, Vyacheslav<\/td>\n<td>GM<\/td>\n<td>2546<\/td>\n<td>\u00bd \u2013 \u00bd<\/td>\n<\/tr>\n<tr>\n<td>4<\/td>\n<td>Korpa, Bence<\/td>\n<td>GM<\/td>\n<td>2505<\/td>\n<td class=\"lightgrey\">Kazakovskiy, Valerij<\/td>\n<td>GM<\/td>\n<td>2416<\/td>\n<td>\u00bd \u2013 \u00bd<\/td>\n<\/tr>\n<tr>\n<td>5<\/td>\n<td class=\"lightgrey\">Sokolov, Andrei<\/td>\n<td>GM<\/td>\n<td>2486<\/td>\n<td>Gasthofer, Alexander<\/td>\n<td>IM<\/td>\n<td>2308<\/td>\n<td>\u00bd \u2013 \u00bd<\/td>\n<\/tr>\n<tr>\n<td>6<\/td>\n<td>Cvitan, Ognjen<\/td>\n<td>GM<\/td>\n<td>2496<\/td>\n<td class=\"lightgrey\">Ivanov, Mikail<\/td>\n<td>GM<\/td>\n<td>2383<\/td>\n<td>\u00bd \u2013 \u00bd<\/td>\n<\/tr>\n<tr>\n<td>7<\/td>\n<td class=\"lightgrey\">Burri, Quentin<\/td>\n<td>IM<\/td>\n<td>2415<\/td>\n<td>Reinhardt, Bernd<\/td>\n<td><\/td>\n<td>2157<\/td>\n<td>1-0<\/td>\n<\/tr>\n<tr>\n<td>8<\/td>\n<td>Maier, Christian<\/td>\n<td>\u00a0IM<\/td>\n<td>2341<\/td>\n<td class=\"lightgrey\">Gro\u00df, Willi<\/td>\n<td><\/td>\n<td>2122<\/td>\n<td>\u00bd \u2013 \u00bd<\/td>\n<\/tr>\n<tr class=\"yellow\">\n<td><\/td>\n<td><\/td>\n<td><\/td>\n<td>2506<\/td>\n<td><\/td>\n<td><\/td>\n<td>2347<\/td>\n<td>5-3<\/td>\n<\/tr>\n<\/tbody>\n<\/table>\n<p><a href=\"\/index.php\/2018\/11\/11\/1-doppelspieltag-der-zweitliga\/\">Spielbericht<\/a><\/p>\n","protected":false},"excerpt":{"rendered":"<p>In der Saison 2018\/19 wird wieder nach Abstimmung der beteiligten Vereine in der 2. Bundesliga S\u00fcd mit Doppelrunden gespielt. Hierzu werden Paare von m\u00f6glichst benachbarten Mannschaften gebildet. Unsere Partnermannschaft ist die OSG Baden-Baden II. Die Paare treffen mit jeweils anderen Paaren an einem Wochenende aufeinander und spielen wechselseitig gegeneinander. Ein Wochenende gilt zur Festlegung der &hellip; <a href=\"http:\/\/schachclub-emmendingen.badischer-schachverband.de\/index.php\/mannschaften\/1-mannschaft\/saison-2019\/\" class=\"more-link\"><span class=\"screen-reader-text\">Saison 2019<\/span> weiterlesen <span class=\"meta-nav\">&rarr;<\/span><\/a><\/p>\n","protected":false},"author":4,"featured_media":0,"parent":126,"menu_order":1,"comment_status":"closed","ping_status":"closed","template":"","meta":{"footnotes":""},"class_list":["post-5818","page","type-page","status-publish","hentry"],"_links":{"self":[{"href":"http:\/\/schachclub-emmendingen.badischer-schachverband.de\/index.php\/wp-json\/wp\/v2\/pages\/5818","targetHints":{"allow":["GET"]}}],"collection":[{"href":"http:\/\/schachclub-emmendingen.badischer-schachverband.de\/index.php\/wp-json\/wp\/v2\/pages"}],"about":[{"href":"http:\/\/schachclub-emmendingen.badischer-schachverband.de\/index.php\/wp-json\/wp\/v2\/types\/page"}],"author":[{"embeddable":true,"href":"http:\/\/schachclub-emmendingen.badischer-schachverband.de\/index.php\/wp-json\/wp\/v2\/users\/4"}],"replies":[{"embeddable":true,"href":"http:\/\/schachclub-emmendingen.badischer-schachverband.de\/index.php\/wp-json\/wp\/v2\/comments?post=5818"}],"version-history":[{"count":10,"href":"http:\/\/schachclub-emmendingen.badischer-schachverband.de\/index.php\/wp-json\/wp\/v2\/pages\/5818\/revisions"}],"predecessor-version":[{"id":5820,"href":"http:\/\/schachclub-emmendingen.badischer-schachverband.de\/index.php\/wp-json\/wp\/v2\/pages\/5818\/revisions\/5820"}],"up":[{"embeddable":true,"href":"http:\/\/schachclub-emmendingen.badischer-schachverband.de\/index.php\/wp-json\/wp\/v2\/pages\/126"}],"wp:attachment":[{"href":"http:\/\/schachclub-emmendingen.badischer-schachverband.de\/index.php\/wp-json\/wp\/v2\/media?parent=5818"}],"curies":[{"name":"wp","href":"https:\/\/api.w.org\/{rel}","templated":true}]}}