{"id":5734,"date":"2018-10-15T12:54:42","date_gmt":"2018-10-15T12:54:42","guid":{"rendered":"http:\/\/schachclub-emmendingen.badischer-schachverband.de\/?page_id=5734"},"modified":"2019-10-09T13:26:17","modified_gmt":"2019-10-09T13:26:17","slug":"saison-2019","status":"publish","type":"page","link":"http:\/\/schachclub-emmendingen.badischer-schachverband.de\/index.php\/mannschaften\/3-mannschaft\/saison-2019\/","title":{"rendered":"Saison 2019"},"content":{"rendered":"<h5>Bereichsliga &#8211; 05.05.2019 Runde 9<\/h5>\n<h3>Sieg gegen Furtwangen<\/h3>\n<h6>Emmendingen 3 &#8211; Furtwangen (Heimspiel) 5:3<\/h6>\n<p>Gegen eine geschw\u00e4chte Mannschaft aus Furtwangen konnte SCE 3 einen klaren Sieg erringen.<br \/>\nVolle Punkte holten Daniel Reifsteck (2), Jonas V\u00f6gtlin (6) und Ulrich Steinke (8); Tomas Penya (1), Ruben Gihr (3), Wolfgang Dederichs (4) und Axel Wolf (5) konnten je ein Remis beisteuern.<\/p>\n<p>Das anf\u00e4ngliche Saisonziel Klassenerhalt konnte deutlich \u00fcbertroffen werden.<\/p>\n<p><a href=\"\/index.php\/2019\/05\/06\/emmendingen-3-furtwangen\/\">Spielbericht<\/a><\/p>\n<hr \/>\n<h5>Bereichsliga &#8211; 31.03.2019 Runde 8<\/h5>\n<h3>Sieg in Oberkirch<\/h3>\n<h6>Oberkirch 2 &#8211; Emmendingen 3 (Ausw\u00e4rtsspiel) 3:5<\/h6>\n<p>Trotz Unterbesetzung gewann SCE 3 in Oberkirch.<br \/>\nVolle Punkte holten Iouri Sorokovski (1), Michael Gihr (2), Daniel Reifsteck (3) und Axel Wolf (7); Tomas Penya (3) und Karl Ziegler (6) konnten je ein Remis beisteuern.<\/p>\n<p>Die n\u00e4chste Runde findet am 05.05. daheim gegen Furtwangen statt.<\/p>\n<p><a href=\"\/index.php\/2019\/04\/01\/oberkirch-2-emmendingen-3\/\">Spielbericht<\/a><\/p>\n<hr \/>\n<h5>Bereichsliga &#8211; 10.03.2019 Runde 7<\/h5>\n<h3>Remis gegen Oberwinden 2<\/h3>\n<h6>Emmendingen 3 &#8211; Oberwinden 2 (Heimspiel) 4:4<\/h6>\n<p>Ein weiterer Mannschaftspunkt konnte gegen Oberwinden 2 erreicht werden.<br \/>\nVolle Punkte holten Michael Gihr (2), Daniel Reifsteck (3) und Torsten Frank (5); Iouri Sorokovski (1) und Wolfgang Dederichs (6) konnten je ein Remis hinzuf\u00fcgen.<\/p>\n<p>Die n\u00e4chste Runde findet am 31.03. in Oberkirch statt.<\/p>\n<p><a href=\"\/index.php\/2019\/03\/13\/emmendingen-3-oberwinden-2\/\">Spielbericht<\/a><\/p>\n<hr \/>\n<h5>Bereichsliga &#8211; 17.02.2019 Runde 6<\/h5>\n<h3>Wichtige Punkte in Haslach<\/h3>\n<h6>Haslach &#8211; Emmendingen 3 (Ausw\u00e4rtsspiel) 2:6<\/h6>\n<p>In diesem Kampf musste etwas gegen die drohende Abstiegsgefahr getan werden. Deswegen hatte sich Emmendingen 3 gegen\u00fcber der Vorsaison an den vorderen Brettern verst\u00e4rkt. Dadurch konnte ein deutlicher Mannschaftssieg errungen werden. Dieser ist ein wichtiger und unverzichtbarer Meilenstein im Kampf gegen den Abstieg.<br \/>\nDie Punkte holten Iouri Sorokovski (3), Michael Gihr (4), Ruben Gihr (5), Karl Ziegler (7) und Axel Wolf (8). Hermann Schrems (1) und Thomas Ehret (2) erreichten halbe Punkte.<\/p>\n<p>Die n\u00e4chste Runde am 10.03. ist ein Heimkampf gegen den Absteiger aus der Landesliga Oberwinden 2.<\/p>\n<p><a href=\"\/index.php\/2019\/02\/17\/haslach-emmendingen-3-2\/\">Spielbericht<\/a><\/p>\n<hr \/>\n<h5>Bereichsliga &#8211; 27.01.2019 Runde 5<\/h5>\n<h3>Herbe Niederlage in Ohlsbach<\/h3>\n<h6>Ohlsbach &#8211; Emmendingen 3 (Ausw\u00e4rtsspiel) 6:2<\/h6>\n<p>Mit nur 7 Spielern reiste die Dritte zum Tabellennachbar nach Ohlsbach und traf dort in hervorragendem Ambiente auf eine ebenfalls geschw\u00e4chte Mannschaft. Doch brachte das am Ende nichts.<br \/>\nEmmendingen holte nicht einen vollen Punkt. Die Remis von Michael Gihr (1), Tomas Penya (2), Daniel Reifsteck (3) und Karl Ziegler (5) reichten keineswegs. SCE 3 verliert einen Tabellenrang und kommt in die Abstiegszone.<\/p>\n<p>Die n\u00e4chste Runde findet am 17.02. in Haslach gegen den Tabellendritten statt.<\/p>\n<p><a href=\"\/index.php\/2019\/01\/27\/ohlsbach-emmendingen-3-2\/\">Spielbericht<\/a><\/p>\n<hr \/>\n<h5>Bereichsliga &#8211; 13.01.2019 Runde 4<\/h5>\n<h3>Sieg \u00fcber Hofstetten<\/h3>\n<h6>Emmendingen 3 &#8211; Hofstetten (Heimspiel) 5,5:2,5<\/h6>\n<p>Hofstetten war das erste Mal zu Gast in Emmendingen.<br \/>\nDie Punkte holten Thomas Ehret (2), Iouri Sorokovski (3) und Ruben Gihr (7); Remis konnten Gerhard Kiefer (1), Michael Gihr (4), Tomas Penya (5), Daniel Reifsteck (6) und Torsten Frank (8) beitragen. Kein Emmendinger verlor seine Partie.<br \/>\nDurch diesen Sieg konnte sich Emmendingen 3 um einen Rangplatz verbessern.<\/p>\n<p>In der n\u00e4chsten Runde am 27.01.2019 muss SCE 3 nach Ohlsbach.<\/p>\n<p><a href=\"\/index.php\/2019\/01\/22\/emmendingen-3-hofstetten-2\/\">Spielbericht<\/a><\/p>\n<hr \/>\n<h5>Bereichsliga &#8211; 02.12.2018 Runde 3<\/h5>\n<h3>Knappe Niederlage beim Tabellenf\u00fchrer<\/h3>\n<h6>Waldkirch &#8211; Emmendingen 3 (Ausw\u00e4rtsspiel) 4,5:3,5<\/h6>\n<p>In der dritten Runde musste SCE 3 zum Tabellenf\u00fchrer nach Waldkirch.<br \/>\nDie Wei\u00dfspiele endeten 3:1 f\u00fcr Emmendingen durch Siege von Tomas Penya (1) und Torsten Frank (5), bei Remis von Daniel Reifsteck (2) und Karl Ziegler (7).<br \/>\nDie Schwarzspiele endeten 0,5:3,5 mit dem Remis von Daniel Reifsteck an Brett 2.<\/p>\n<p>In der n\u00e4chsten Runde am 13.01.2019 empf\u00e4ngt SCE 3 die G\u00e4ste aus Hofstetten.<\/p>\n<p><a href=\"\/index.php\/2018\/12\/07\/waldkirch-1-emmendingen-3\/\">Spielbericht<\/a><\/p>\n<hr \/>\n<h5>Bereichsliga &#8211; 04.11.2018 Runde 2<\/h5>\n<h3>Remis gegen Hornberg<\/h3>\n<h6>Emmendingen 3 &#8211; Hornberg (Heimspiel) 4:4<\/h6>\n<p>In der 2. Runde konnte im Heimspiel gegen die G\u00e4ste aus Hornberg mit einem Remis der erste Erfolg der Saison verbucht werden.<br \/>\nNach Remisvereinbarungen von Karl Ziegler (7), Wolfgang Dederichs (6), Axel Wolf (8) und Ruben Gihr (3) war der Spielstand 2:2.<br \/>\nGewinne konnten Markus Roos (4) und Daniel Reifsteck (2) zum Abschluss erk\u00e4mpfen.<br \/>\nDas Mannschaftsremis war mit 4:4 erreicht.<\/p>\n<p>In der n\u00e4chsten Runde am 02.12. steht ein Ausw\u00e4rtsspiel in Waldkirch an.<\/p>\n<p><a href=\"\/index.php\/2018\/11\/05\/emmendingen-3-hornberg\/\">Spielbericht<\/a><\/p>\n<hr \/>\n<h5>Bereichsliga &#8211; 14.10.2018 Runde 1<\/h5>\n<h3>Knappe Niederlage in Zell<\/h3>\n<h6>Zell &#8211; Emmendingen 3 (Ausw\u00e4rtsspiel) 4,5:3,5<\/h6>\n<p>Die Dritte musste zur Saisoner\u00f6ffnung zum Ausw\u00e4rtsspiel nach Zell am Harmersbach.<br \/>\nNach Remisvereinbarungen von Wolfgang Dederichs (6), Iouri Sorokovski (1), Tomas Penya (2) und Daniel Reifsteck (3) war der Spielstand 2:2.<br \/>\nAxel Wolf (8) konnte die einzige Gewinnpartie erk\u00e4mpfen; Markus Roos (4) steuerte noch ein Remis bei.<br \/>\nDamit war die knappe 3,5:4,5-Niederlage der Mannschaft besiegelt.<\/p>\n<p>In der n\u00e4chsten Runde am 04.11. empf\u00e4ngt SCE 3 den SC Hornberg<\/p>\n<p><a href=\"\/index.php\/2018\/10\/15\/zell-emmendingen-3\/\">Spielbericht<\/a><\/p>\n","protected":false},"excerpt":{"rendered":"<p>Bereichsliga &#8211; 05.05.2019 Runde 9 Sieg gegen Furtwangen Emmendingen 3 &#8211; Furtwangen (Heimspiel) 5:3 Gegen eine geschw\u00e4chte Mannschaft aus Furtwangen konnte SCE 3 einen klaren Sieg erringen. Volle Punkte holten Daniel Reifsteck (2), Jonas V\u00f6gtlin (6) und Ulrich Steinke (8); Tomas Penya (1), Ruben Gihr (3), Wolfgang Dederichs (4) und Axel Wolf (5) konnten je &hellip; <a href=\"http:\/\/schachclub-emmendingen.badischer-schachverband.de\/index.php\/mannschaften\/3-mannschaft\/saison-2019\/\" class=\"more-link\"><span class=\"screen-reader-text\">Saison 2019<\/span> weiterlesen <span class=\"meta-nav\">&rarr;<\/span><\/a><\/p>\n","protected":false},"author":4,"featured_media":0,"parent":141,"menu_order":1,"comment_status":"closed","ping_status":"closed","template":"","meta":{"footnotes":""},"class_list":["post-5734","page","type-page","status-publish","hentry"],"_links":{"self":[{"href":"http:\/\/schachclub-emmendingen.badischer-schachverband.de\/index.php\/wp-json\/wp\/v2\/pages\/5734","targetHints":{"allow":["GET"]}}],"collection":[{"href":"http:\/\/schachclub-emmendingen.badischer-schachverband.de\/index.php\/wp-json\/wp\/v2\/pages"}],"about":[{"href":"http:\/\/schachclub-emmendingen.badischer-schachverband.de\/index.php\/wp-json\/wp\/v2\/types\/page"}],"author":[{"embeddable":true,"href":"http:\/\/schachclub-emmendingen.badischer-schachverband.de\/index.php\/wp-json\/wp\/v2\/users\/4"}],"replies":[{"embeddable":true,"href":"http:\/\/schachclub-emmendingen.badischer-schachverband.de\/index.php\/wp-json\/wp\/v2\/comments?post=5734"}],"version-history":[{"count":10,"href":"http:\/\/schachclub-emmendingen.badischer-schachverband.de\/index.php\/wp-json\/wp\/v2\/pages\/5734\/revisions"}],"predecessor-version":[{"id":6289,"href":"http:\/\/schachclub-emmendingen.badischer-schachverband.de\/index.php\/wp-json\/wp\/v2\/pages\/5734\/revisions\/6289"}],"up":[{"embeddable":true,"href":"http:\/\/schachclub-emmendingen.badischer-schachverband.de\/index.php\/wp-json\/wp\/v2\/pages\/141"}],"wp:attachment":[{"href":"http:\/\/schachclub-emmendingen.badischer-schachverband.de\/index.php\/wp-json\/wp\/v2\/media?parent=5734"}],"curies":[{"name":"wp","href":"https:\/\/api.w.org\/{rel}","templated":true}]}}