{"id":4567,"date":"2017-08-06T17:50:12","date_gmt":"2017-08-06T17:50:12","guid":{"rendered":"http:\/\/schachclub-emmendingen.badischer-schachverband.de\/?page_id=4567"},"modified":"2019-10-09T14:15:43","modified_gmt":"2019-10-09T14:15:43","slug":"saison-2018","status":"publish","type":"page","link":"http:\/\/schachclub-emmendingen.badischer-schachverband.de\/index.php\/mannschaften\/5-mannschaft\/saison-2018\/","title":{"rendered":"Saison 2018"},"content":{"rendered":"<h5>Kreisklasse C &#8211; 06.05.2018 Runde 9<\/h5>\n<h3>Remis in Simonswald<\/h3>\n<h6>Simonswald &#8211; Emmendingen 5 (Ausw\u00e4rtsspiel) 2,5:2,5<\/h6>\n<p>Das letzte Spiel von SCE 5 fand ausw\u00e4rts in Simonswald statt. Leider konnte ein Brett nicht besetzt werden, so dass der Kampf mit einem Minuspunkt begann. Bernhard Frank konnte am Spitzenbrett \u00fcberzeugen. Auch Janik Janzing (2) punktete, und Lutz Leimenstoll (3) konnte ein Remis zum Mannschaftsergebnis beitragen.<br \/>\nMit dem Ergebnis von 2,5:2,5 konnte Emmendingen zufrieden die Heimfahrt antreten.<\/p>\n<p>Zum Saisonabschluss hat Emmendingen 5 mit 9-7 Mannschaftspunkten bei 19: 21 Brettpunkten Rang 4 erreicht.<br \/>\nLutz Leimenstoll kam mit 4,5 BP aus 7 Spielen unter die Top10 der Kreisklasse C.<\/p>\n<hr \/>\n<h5>Kreisklasse C &#8211; 22.04.2018 Runde 8<\/h5>\n<h3>Der Tabellenf\u00fchrer war zu stark<\/h3>\n<h6>Emmendingen 5 &#8211; Heitersheim 3 (Heimspiel) 0,5:4,5<\/h6>\n<p>Die F\u00fcnfte empfing mit Heitersheim 3 den Tabellenf\u00fchrer der Kreisklasse C. Es war im Voraus klar, dass ein schweres Spiel zu erwarten war. Mit der m\u00f6glichen Verst\u00e4rkung stellte sich SCE 5 darauf ein. Doch die \u00dcberlegenheit war insgesamt zu gro\u00df, so dass am Ende eine hohe Niederlage hingenommen werden musste.<br \/>\nUnsere Spieler gaben ihr Bestes, aber nach und nach mussten Bernhard Frank (2), Lutz Leimenstoll (5), Daniel Ziganenko (4) und Janik Janzing (3) die Waffen strecken. Einzig Mohamed Salou konnte am Spitzenbrett standhalten und schlie\u00dflich ein Remis erk\u00e4mpfen.<br \/>\nTrotz der deutlichen 0,5-4,5 Niederlage h\u00e4lt Emmendingen 5 mit 8 Mannschaftspunkten den Rangplatz 4 und hat den Klassenerhalt gesichert.<br \/>\nDer letzte Kampf dieser Saison findet am 07.05. in Simonswald statt.<\/p>\n<hr \/>\n<h5>Kreisklasse C &#8211; 11.03.2018 Runde 7<\/h5>\n<h3>Deutliche Niederlage bei Z\u00e4hringen 7<\/h3>\n<h6>Z\u00e4hringen 7 &#8211; Emmendingen 5 (Ausw\u00e4rtsspiel) 4:1<\/h6>\n<p>Die F\u00fcnfte hatte in Freiburg gegen eine starke Mannschaft Z\u00e4hringen 5 anzutreten. Fast an allen Brettern waren die Chancen gering.<br \/>\nDen einzigen Punkt erk\u00e4mpfte an Brett 4 G\u00fcnter Mench. Diese 4:1 Niederlage konnte verkraftet werden. SCE 5 steht noch ungef\u00e4hrdet auf Rang 4.<br \/>\nDie letzten beiden Runden werden aber noch sehr hart.<br \/>\nDer n\u00e4chste Kampf findet am 22.04. daheim gegen Tabellenf\u00fchrer Heitersheim 3 statt.<\/p>\n<hr \/>\n<h5>Kreisklasse C &#8211; 18.02.2018 Runde 6<\/h5>\n<h3>Die F\u00fcnfte schl\u00e4gt dezimierte Oberwindener<\/h3>\n<h6>Emmendingen 5 &#8211; Oberwinden 4 (Heimspiel) 4:1<\/h6>\n<p>Die Oberwindener Teams waren sehr dezimiert. So trat die Oberwindener Vierte nur mit 3 Spielern an, was f\u00fcr Emmendingen bereits zwei kampflose Brettpunkte einbrachte. Spielfrei holten Lutz Leimenstoll (4) und G\u00fcnter Mench (5) die Punkte. Bernd Zimmermann erk\u00e4mpfte souver\u00e4n den Mannschaftssieg an Brett 2 in 30 Z\u00fcgen. Daniel Ziganenko (3) schaffte in etwa der selben Zeit mehr als doppelt soviel Z\u00fcge und lie\u00df sich das Matt vorf\u00fchren. Den vierten Brettpunkt sicherte Mohamed Salou am Spitzenbrett.<\/p>\n<p>Durch diesen hohen Sieg ist der Klassenerhalt f\u00fcr SCE 5 auf jeden Fall abgesichert, obwohl die K\u00e4mpfe gegen die st\u00e4rksten Mannschaften der Kreisklasse C in den letzten 3 Runden noch ausstehen. SCE 5 belegt momentan Rangplatz 3.<br \/>\nN\u00e4chster Gegner ist am 11.03. Z\u00e4hringen 7, die sich auf Rang 6 befinden.<\/p>\n<hr \/>\n<h5>Kreisklasse C &#8211; 28.01.2018 Runde 5<\/h5>\n<h3>Daniel Ziganenko rettet den Mannschaftssieg<\/h3>\n<h6>West 5 &#8211; Emmendingen 5 (Ausw\u00e4rtsspiel) 2:3<\/h6>\n<p>Nachdem SCE 5 in der 4. Runde spielfrei war, trafen sie in der 5. Runde in Freiburg-West auf eine starke Mannschaft. So lief es nicht so gut. Lutz Leimenstoll (4), Franz Sifnatsch (5) und Daniel Ziganenko (3) holten die Punkte.<br \/>\nDaniel zeigte beharrlich ein sehenswertes Endspiel und war damit der Matchwinner.<\/p>\n<hr \/>\n<h5>Kreisklasse C &#8211; 03.12.2017 Runde 3<\/h5>\n<h3>Die Jugend zeigt Potenzial<\/h3>\n<h6>Waldkirch 3 &#8211; Emmendingen 5 (Ausw\u00e4rtsspiel) 2:3<\/h6>\n<p>Die F\u00fcnfte hatte sich der um 300 DWZ st\u00e4rkeren 3. Mannschaft aus Waldkirch zu erwehren, demnach eine schwierige Aufgabe zu bew\u00e4ltigen. Kurzfristig musste noch ein Spieler ersetzt werden, weil er nicht erschienen war.<\/p>\n<p>Zum Spielablauf:<br \/>\nAm Spitzenbrett spielte Janik Janzing mit Bravour eine Wiener Partie gegen den nominal weit \u00fcberlegenen Gegner; er lie\u00df sich nicht provozieren und wickelte Zug um Zug seine Entwicklung ab. Dies wurde entsprechend belohnt, er gewann erst einen Turm und dann noch die Dame. Auch die Endstellung der Partie ist sehenswert. Nils Eckerle (2) hatte ebenfalls einen erfahrenen Gegner erwischt, der mit \u00fcber 300 DWZ deutlich \u00fcberlegen war. Um einen solchen zu knacken, fehlen Nils noch die n\u00f6tigen Mittel.<br \/>\nGro\u00dfes Pech hatte Daniel Ziganenko (3), dessen Gegner trotz seiner Jugend schon 400 DWZ mehr vorweisen konnte. Daniel wehrte sich tapfer und spielte eine souver\u00e4ne Partie; leider schlug er im 27. Zug den Bauern falsch und kam in Not.<br \/>\nIm Duell der Newcomer hatte nach einer wilden Partie am Ende Lutz Leimenstoll mit einem sch\u00f6nen Matt die Freude auf seiner Seite. Thomas M\u00e4dler (5), der eingesprungen war, konnte sich mit seiner Erfahrung deutlich durchsetzen.<br \/>\nSo siegte die Mannschaft trotz der Riesennachteile.<\/p>\n<p><a href=\"\/index.php\/2017\/12\/05\/waldkirch-3-emmendingen-5\/\">Spielbericht<\/a><br \/>\n<strong>In der n\u00e4chsten Runde ist SCE 5 spielfrei!<\/strong><br \/>\n\n\n<p class=\"rpbchessboard-spacerBefore\"><\/p>\n\n<div class=\"rpbchessboard-chessgame\">\n    <noscript>\n        <div class=\"rpbchessboard-javascriptWarning\">\n            Sie m\u00fcssen JavaScript aktivieren, um die Notation zu verbessern.        <\/div>\n    <\/noscript>\n    <div id=\"rpbchessboard-69e9fecc23d43-1\"><\/div>\n    <script type=\"text\/javascript\">\n        (function() {\n            function renderThisPGN() {\n                RPBChessboard.renderPGN(\"rpbchessboard-69e9fecc23d43-1\", {\"pgn\":\"[Event \\\"VR17\\\/18 Waldkirch3-Em5\\\"]\\r\\n[Site \\\"?\\\"]\\r\\n[Date \\\"2017.12.04\\\"]\\r\\n[Round \\\"3.1\\\"]\\r\\n[White \\\"Janzing, Janik\\\"]\\r\\n[Black \\\"Hertrich, Reinhold\\\"]\\r\\n[Result \\\"1-0\\\"]\\r\\n[ECO \\\"C25\\\"]\\r\\n[WhiteElo \\\"1146\\\"]\\r\\n[BlackElo \\\"1352\\\"]\\r\\n[PlyCount \\\"71\\\"]\\r\\n\\r\\n1. e4 e5 2. Bc4 d6 3. Nc3 c6 4. d3 f5 5. Be3 f4 6. Bd2 Nh6 7. h3 Be7 8. Nf3 Nf7\\r\\n9. Qe2 b5 10. Bb3 b4 11. Na4 c5 12. Bd5 Qa5 13. b3 Bd7 14. Bxa8 Bxa4 15. bxa4\\r\\nQxa4 16. Qd1 Qa5 17. Bd5 Nh6 18. Bb3 Nc6 19. a3 Nb8 20. axb4 cxb4 21. Ba4+ Qxa4\\r\\n22. Rxa4 Nc6 23. Nh2 O-O 24. Ng4 Nf7 25. O-O h5 26. Nh2 g6 27. g3 Bg5 28. h4\\r\\nBh6 29. c3 bxc3 30. Bxc3 Nfd8 31. Qb3+ Kh7 32. Ra6 Re8 33. Ba5 g5 34. Bxd8 Nxd8\\r\\n35. Rxd6 Rg8 36. Rxh6+ 1-0\",\"pieceSymbols\":\"localized\",\"navigationBoard\":\"floatLeft\",\"withPlayButton\":true,\"withFlipButton\":true,\"withDownloadButton\":true,\"nboSquareSize\":32,\"nboCoordinateVisible\":true,\"nboTurnVisible\":true,\"nboColorset\":\"original\",\"nboPieceset\":\"cburnett\",\"nboAnimated\":true,\"nboMoveArrowVisible\":true,\"nboMoveArrowColor\":\"b\",\"idoSquareSize\":32,\"idoCoordinateVisible\":true,\"idoTurnVisible\":true,\"idoColorset\":\"original\",\"idoPieceset\":\"cburnett\"});\n            }\n            if (document.readyState === 'loading') {\n                document.addEventListener('DOMContentLoaded', renderThisPGN);\n            }\n            else {\n                renderThisPGN();\n            }\n        })();\n    <\/script>\n<\/div>\n\n<p class=\"rpbchessboard-spacerAfter\"><\/p>\n<\/p>\n<hr \/>\n<h5>Kreisklasse C &#8211; 05.11.2017 Runde 2<\/h5>\n<h3>Niederlage gegen Denzlingen 3<\/h3>\n<h6>Emmendingen 5 &#8211; Denzlingen 3 (Heimspiel) 2:3<\/h6>\n<p>Die F\u00fcnfte hatte ein Heimspiel gegen Denzlingen 3 zu absolvieren. Leider trat auch SCE 5 nicht komplett an, so dass ein Brettpunkt kampflos abgegeben wurde.<\/p>\n<p>Spielverlauf:<br \/>\nBrett 2 \u00fcbersah einen Mattangriff. Das gleichwertig besetzte Spitzenbrett konnte nicht standhalten. Damit hatte die Mannschaft bereits verloren.<br \/>\nErfreulich waren die sauber erk\u00e4mpften Siegpunkte von Lutz Leimenstoll an Brett 3 und Stefan B\u00fchler an Brett 4.<\/p>\n<p>In der n\u00e4chsten Runde spielt SCE 5 gegen den SC Waldkirch 5. Emmendingen stellt hierf\u00fcr vereinbarungsgem\u00e4\u00df seine Spielr\u00e4ume in der Seniorenwohnanlage in Teningen, Rheinstr. 2a, am 03.12.2017 zur Verf\u00fcgung. F\u00fcr SCE 5 wirkt das quasi wie ein Heimspiel.<\/p>\n\n\n<p class=\"rpbchessboard-spacerBefore\"><\/p>\n\n<div class=\"rpbchessboard-chessgame\">\n    <noscript>\n        <div class=\"rpbchessboard-javascriptWarning\">\n            Sie m\u00fcssen JavaScript aktivieren, um die Notation zu verbessern.        <\/div>\n    <\/noscript>\n    <div id=\"rpbchessboard-69e9fecc23d43-2\"><\/div>\n    <script type=\"text\/javascript\">\n        (function() {\n            function renderThisPGN() {\n                RPBChessboard.renderPGN(\"rpbchessboard-69e9fecc23d43-2\", {\"pgn\":\"[Event \\\"VR17\\\/18 Em5-Denzlingen3\\\"]\\r\\n[Site \\\"?\\\"]\\r\\n[Date \\\"2017.11.05\\\"]\\r\\n[Round \\\"2.3\\\"]\\r\\n[White \\\"Sch\\u00f6pfle, Florian\\\"]\\r\\n[Black \\\"Leimenstoll, Lutz\\\"]\\r\\n[Result \\\"0-1\\\"]\\r\\n[ECO \\\"C46\\\"]\\r\\n[WhiteElo \\\"827\\\"]\\r\\n[PlyCount \\\"83\\\"]\\r\\n\\r\\n1. e4 e5 2. Nf3 Nc6 3. Nc3 Bb4 4. b3 Bxc3 5. dxc3 d6\\r\\n6. Bb5 Bd7 7. Bxc6 Bxc6 8. Qd3 Nf6 9. Bg5 h6 10. Bxf6 Qxf6 11. O-O O-O 12. h3\\r\\na6 13. a4 Bd7 14. Qc4 Rac8 15. Rfd1 Qg6 16. Nh4 Qg5 17. Nf3 Qg6 18. Nh4 Qh5 19.\\r\\nNf3 Bxh3 20. gxh3 Qxf3 21. Rd3 Qh5 22. Re1 Kh8 23. Ree3 f5 24. exf5 Rxf5 25.\\r\\nKf1 Qg6 26. Rf3 Qh5 27. Rxf5 Qxf5 28. Qg4 Rf8 29. Qxf5 Rxf5 30. Kg2 Kg8 31. Re3\\r\\nKf7 32. Re4 Ke6 33. f3 Rg5+ 34. Rg4 Kf5 35. Kg3 h5 36. Rxg5+ Kxg5 37. h4+ Kf5\\r\\n38. c4 c6 39. c3 d5 40. c5 d4 41. cxd4 exd4 42. Kf2 0-1\",\"pieceSymbols\":\"localized\",\"navigationBoard\":\"floatLeft\",\"withPlayButton\":true,\"withFlipButton\":true,\"withDownloadButton\":true,\"nboSquareSize\":32,\"nboCoordinateVisible\":true,\"nboTurnVisible\":true,\"nboColorset\":\"original\",\"nboPieceset\":\"cburnett\",\"nboAnimated\":true,\"nboMoveArrowVisible\":true,\"nboMoveArrowColor\":\"b\",\"idoSquareSize\":32,\"idoCoordinateVisible\":true,\"idoTurnVisible\":true,\"idoColorset\":\"original\",\"idoPieceset\":\"cburnett\"});\n            }\n            if (document.readyState === 'loading') {\n                document.addEventListener('DOMContentLoaded', renderThisPGN);\n            }\n            else {\n                renderThisPGN();\n            }\n        })();\n    <\/script>\n<\/div>\n\n<p class=\"rpbchessboard-spacerAfter\"><\/p>\n\n<hr \/>\n<h5>Kreisklasse C &#8211; 08.10.2017 Runde 1<\/h5>\n<h3>Saisoner\u00f6ffnung erfolgreich bestanden<\/h3>\n<h6>Umkirch 2 &#8211; Emmendingen 5 (Ausw\u00e4rtsspiel) 2:3<\/h6>\n<p>Die F\u00fcnfte trat zum ersten Kampf der Saison beim SC Umkirch gegen deren zweite Mannschaft an. Diese bot nur 4 Spieler auf; damit gewann Hans Hipp kampflos den ersten Brettpunkt f\u00fcr die Mannschaft. Auch unter Ber\u00fccksichtigung dieses Minus waren die Umkircher nach DWZ deutlich \u00fcberlegen.<\/p>\n<p>Doch unsere F\u00fcnfte wehrte sich heftig. Die entscheidenden Punkte holten am Spitzenbrett Janik Janzing (1), der seinen um 340 DWZ st\u00e4rker bewerteten Gegner bezwang, G\u00fcnter Mench (4) und Hans Hipp (5). Dieser wichtige Ausw\u00e4rtssieg brachte 2 Mannschaftspunkte aufs Konto. SCE 5 reiht sich auf Tabellenrang 4 ein. Ein guter Saisonbeginn!<\/p>\n<p>In der n\u00e4chsten Runde empf\u00e4ngt SCE 5 Denzlingen 3, die gegen Simonswald deutlich unterlegen waren.<\/p>\n","protected":false},"excerpt":{"rendered":"<p>Kreisklasse C &#8211; 06.05.2018 Runde 9 Remis in Simonswald Simonswald &#8211; Emmendingen 5 (Ausw\u00e4rtsspiel) 2,5:2,5 Das letzte Spiel von SCE 5 fand ausw\u00e4rts in Simonswald statt. Leider konnte ein Brett nicht besetzt werden, so dass der Kampf mit einem Minuspunkt begann. Bernhard Frank konnte am Spitzenbrett \u00fcberzeugen. Auch Janik Janzing (2) punktete, und Lutz Leimenstoll &hellip; <a href=\"http:\/\/schachclub-emmendingen.badischer-schachverband.de\/index.php\/mannschaften\/5-mannschaft\/saison-2018\/\" class=\"more-link\"><span class=\"screen-reader-text\">Saison 2018<\/span> weiterlesen <span class=\"meta-nav\">&rarr;<\/span><\/a><\/p>\n","protected":false},"author":4,"featured_media":0,"parent":215,"menu_order":2,"comment_status":"closed","ping_status":"closed","template":"","meta":{"footnotes":""},"class_list":["post-4567","page","type-page","status-publish","hentry"],"_links":{"self":[{"href":"http:\/\/schachclub-emmendingen.badischer-schachverband.de\/index.php\/wp-json\/wp\/v2\/pages\/4567","targetHints":{"allow":["GET"]}}],"collection":[{"href":"http:\/\/schachclub-emmendingen.badischer-schachverband.de\/index.php\/wp-json\/wp\/v2\/pages"}],"about":[{"href":"http:\/\/schachclub-emmendingen.badischer-schachverband.de\/index.php\/wp-json\/wp\/v2\/types\/page"}],"author":[{"embeddable":true,"href":"http:\/\/schachclub-emmendingen.badischer-schachverband.de\/index.php\/wp-json\/wp\/v2\/users\/4"}],"replies":[{"embeddable":true,"href":"http:\/\/schachclub-emmendingen.badischer-schachverband.de\/index.php\/wp-json\/wp\/v2\/comments?post=4567"}],"version-history":[{"count":10,"href":"http:\/\/schachclub-emmendingen.badischer-schachverband.de\/index.php\/wp-json\/wp\/v2\/pages\/4567\/revisions"}],"predecessor-version":[{"id":5466,"href":"http:\/\/schachclub-emmendingen.badischer-schachverband.de\/index.php\/wp-json\/wp\/v2\/pages\/4567\/revisions\/5466"}],"up":[{"embeddable":true,"href":"http:\/\/schachclub-emmendingen.badischer-schachverband.de\/index.php\/wp-json\/wp\/v2\/pages\/215"}],"wp:attachment":[{"href":"http:\/\/schachclub-emmendingen.badischer-schachverband.de\/index.php\/wp-json\/wp\/v2\/media?parent=4567"}],"curies":[{"name":"wp","href":"https:\/\/api.w.org\/{rel}","templated":true}]}}