{"id":3327,"date":"2016-10-09T12:58:43","date_gmt":"2016-10-09T12:58:43","guid":{"rendered":"http:\/\/schachclub-emmendingen.badischer-schachverband.de\/?page_id=3327"},"modified":"2019-10-09T14:15:16","modified_gmt":"2019-10-09T14:15:16","slug":"saison-2017","status":"publish","type":"page","link":"http:\/\/schachclub-emmendingen.badischer-schachverband.de\/index.php\/mannschaften\/5-mannschaft\/saison-2017\/","title":{"rendered":"Saison 2017"},"content":{"rendered":"<h5>Kreisklasse C &#8211; 14.05.2017 Runde 9<\/h5>\n<h3>Gl\u00fccklicher Abschlusssieg in Z\u00e4hringen<\/h3>\n<h6>Z\u00e4hringen 7 &#8211; Emmendingen 5 (Ausw\u00e4rtsspiel) 2:3<\/h6>\n<p>Einen sch\u00f6nen Erfolg konnte die F\u00fcnfte vorweisen, die mit ihrem Sieg den erfolgreichen Spieltag f\u00fcr den SC Emmendingen abrunden konnte. Alle 4 Mannschaften hatten gewonnen.<\/p>\n<p>In der F\u00fcnften konnten die beiden Jugendlichen Nils Eckerle (3) und Lutz Leimenstoll (4) durch schnelle Mattsiege \u00fcberzeugen. An Brett 2 kam es zu einem ausgeglichenen L\u00e4uferendspiel mit ungleichen Farben und gleicher Bauernzahl, Janik Janzing einigte sich auf Remis. Zwischenstand 2,5:0,5.<br \/>\nHans Hipp kam am Spitzenbrett in eine beengte Stellung, opferte die Dame, um Matt zu verhindern; dieser Verlust war zu gro\u00df, um die Partie halten zu k\u00f6nnen. Jetzt kam es auf die Partie von Daniel Ziganenko an Brett 5 an, der durch Dame und K\u00f6nig ziemlich in Druck geraten war. Sein Gegner \u00fcbersah eine Pattstellung, so dass Daniel noch gl\u00fccklich den fehlenden halben Punkt zum Mannschaftssieg einbringen konnte. Endstand 3:2 f\u00fcr Emmendingen.<\/p>\n<hr \/>\n<h5>Kreisklasse C &#8211; 02.04.2017 Runde 8<\/h5>\n<h3>Die F\u00fcnfte verliert gegen Z\u00e4hringen 6<\/h3>\n<h6>Emmendingen 5 &#8211; Z\u00e4hringen 6 (Heimspiel) 2:3<\/h6>\n<p>Nachdem in der letzten Runde Z\u00e4hringen 5 unsere Vierte deklassierte, hat auch Z\u00e4hringen 6 gegen unsere F\u00fcnfte gewonnen. Sch\u00f6ne Siege heimsten die Jugendlichen Lutz Leimenstoll und Daniel Ziganenko ein.<\/p>\n<p>In der Abschlussrunde trifft unsere F\u00fcnfte in einem Ausw\u00e4rtsspiel auf Z\u00e4hringen 7, die in der Rangliste vor ihrer Vereinsschwester Z\u00e4hringen 6 mit 9 Mannschaftspunkten auf Rang 4 steht und damit keineswegs zu untersch\u00e4tzen ist.<br \/>\n<a href=\"\/index.php\/2017\/04\/02\/emmendingen-5-zaehringen-6\/\">Spielbericht<\/a><\/p>\n<hr \/>\n<h5>Kreisklasse C &#8211; 12.03.2017 Runde 7<\/h5>\n<h3>Die F\u00fcnfte ohne Chance<\/h3>\n<h6>Emmendingen 5 &#8211; FR-West 4 (Heimspiel) 0:5<\/h6>\n<p>Eine totale Niederlage musste die F\u00fcnfte in der an diesem Spieltag einzig stattfindenden Begegnung einstecken.<br \/>\nHier gilt es, das Ergebnis so schnell wie m\u00f6glich abzuhaken. SCE 5 war ohne Chance.<\/p>\n<p>Die n\u00e4chste Runde findet am 02.04. zu Hause gegen Z\u00e4hringen 6 statt.<\/p>\n<hr \/>\n<h5>Kreisklasse C &#8211; 12.02.2017 Runde 6<\/h5>\n<h3>Kampfloser Punktgewinn durch R\u00fcckzug<\/h3>\n<h6>Markgr\u00e4flerland 3 &#8211; Emmendingen 5 (Ausw\u00e4rtsspiel) 0:5<\/h6>\n<p>Die Mannschaft aus M\u00fcllheim wurde zur\u00fcckgezogen. SCE 5 erh\u00e4lt damit 2 Mannschaftspunkte und 5 Brettpunkte kampflos zugebucht. Mit 6 MP ist Emmendingen 5 in die obere Tabellenh\u00e4lfte aufger\u00fcckt.<br \/>\n<a href=\"\/index.php\/2017\/02\/12\/markgraeflerland-3-emmendingen-5\/\">siehe auch<\/a><\/p>\n<hr \/>\n<h5>Kreisklasse C &#8211; 29.01.2017 Runde 5<\/h5>\n<h3>Die F\u00fcnfte kann sich nicht beweisen<\/h3>\n<h6>Emmendingen 5 &#8211; Bad Krozingen 2 (Heimspiel) 5:0<\/h6>\n<p>Ohne Hinweis ist Bad Krozingen nicht zum Spieltag erschienen.<br \/>\n<a href=\"\/index.php\/2017\/01\/29\/emmendingen-5-bad-krozingen-2\/\">siehe auch<\/a><\/p>\n<hr \/>\n<h5>Kreisklasse C &#8211; 11.12.2016 Runde 4<\/h5>\n<h3>SCE 5 planm\u00e4\u00dfig spielfrei<\/h3>\n<h6>Emmendingen 5 &#8211; ohne Gegner<\/h6>\n<p>In der Kreisklasse C spielen nur 9 Mannschaften, so dass an jedem Spieltag eine Mannschaft ohne Gegner ist. Am diesem Spieltag traf es Emmendingen 5.<\/p>\n<p>SCE 5 geht mit 2:4 Mannschaftspunkten bei 6,5:8,5 Brettpunkten auf Rang 6 in die Weinachtspause.<\/p>\n<hr \/>\n<figure id=\"attachment_3795\" aria-describedby=\"caption-attachment-3795\" style=\"width: 261px\" class=\"wp-caption alignnone\"><a href=\"http:\/\/schachclub-emmendingen.badischer-schachverband.de\/wp-content\/uploads\/2016\/11\/IMG_3525f.jpg\"><img loading=\"lazy\" decoding=\"async\" class=\"wp-image-3795 size-medium\" src=\"http:\/\/schachclub-emmendingen.badischer-schachverband.de\/wp-content\/uploads\/2016\/11\/IMG_3525f-261x300.jpg\" alt=\"img_3525f\" width=\"261\" height=\"300\" srcset=\"http:\/\/schachclub-emmendingen.badischer-schachverband.de\/wp-content\/uploads\/2016\/11\/IMG_3525f-261x300.jpg 261w, http:\/\/schachclub-emmendingen.badischer-schachverband.de\/wp-content\/uploads\/2016\/11\/IMG_3525f-768x882.jpg 768w, http:\/\/schachclub-emmendingen.badischer-schachverband.de\/wp-content\/uploads\/2016\/11\/IMG_3525f-891x1024.jpg 891w, http:\/\/schachclub-emmendingen.badischer-schachverband.de\/wp-content\/uploads\/2016\/11\/IMG_3525f.jpg 1028w\" sizes=\"auto, (max-width: 261px) 100vw, 261px\" \/><\/a><figcaption id=\"caption-attachment-3795\" class=\"wp-caption-text\">Nils Eckerle im Kampf<\/figcaption><\/figure>\n<h5>Kreisklasse C &#8211; 20.11.2016 Runde 3<\/h5>\n<h3>Umkirch schenkt der F\u00fcnften die Punkte<\/h3>\n<h6>Emmendingen 5 &#8211; Umkirch 2 (Heimspiel) 4:0<\/h6>\n<p>Nach der Papierform war SCE 5 ohne Chance. Umkirch konnte wegen eines Aufstellungsfehlers den Gewinn letztlich nicht realisieren.<br \/>\n<a href=\"\/index.php\/2016\/11\/24\/emmendingen-5-umkirch-2\/\">Spielbericht<\/a><\/p>\n<hr \/>\n<h5>Kreisklasse C &#8211; 23.10.2016 Runde 2<\/h5>\n<h3>Niederlage in Simonswald kassiert<\/h3>\n<h6>Simonswald &#8211; Emmendingen 5 (Ausw\u00e4rtsspiel) 3:2<\/h6>\n<p>Die SCE-F\u00fcnfer-Mannschaft musste nach Simonswald.<br \/>\nNach solidem Spiel konnte &#8230;<\/p>\n<p><a href=\"\/index.php\/2016\/10\/24\/simonswald-emmendingen-5\/\">Weiter&#8230;<\/a><\/p>\n<hr \/>\n<h5>Kreisklasse C &#8211; 09.10.2016 Runde 1<\/h5>\n<h3>In erster Runde war &#8222;Lehrgeld&#8220; f\u00e4llig<\/h3>\n<h6>Emmendingen 5 &#8211; Endingen 3 (Heimspiel) 0,5:4,5<\/h6>\n<p>Die F\u00fcnfte empfing die 3. Mannschaft aus Endingen. Diese kam in sehr starker und erfahrener Besetzung, so dass es f\u00fcr die Emmendinger schwer wurde, zumal hier 3 Spieler ihre &#8222;Jungfern-Partie&#8220; unter v\u00f6llig neuen Bedingungen absolvierten. Aber alle haben ihr Bestes gegeben. Mehr siehe&#8230;<\/p>\n<p><a href=\"\/index.php\/2016\/10\/12\/emmendingen-5-endingen-3\/\">Spielbericht<\/a><\/p>\n<p>&nbsp;<\/p>\n","protected":false},"excerpt":{"rendered":"<p>Kreisklasse C &#8211; 14.05.2017 Runde 9 Gl\u00fccklicher Abschlusssieg in Z\u00e4hringen Z\u00e4hringen 7 &#8211; Emmendingen 5 (Ausw\u00e4rtsspiel) 2:3 Einen sch\u00f6nen Erfolg konnte die F\u00fcnfte vorweisen, die mit ihrem Sieg den erfolgreichen Spieltag f\u00fcr den SC Emmendingen abrunden konnte. Alle 4 Mannschaften hatten gewonnen. In der F\u00fcnften konnten die beiden Jugendlichen Nils Eckerle (3) und Lutz Leimenstoll &hellip; <a href=\"http:\/\/schachclub-emmendingen.badischer-schachverband.de\/index.php\/mannschaften\/5-mannschaft\/saison-2017\/\" class=\"more-link\"><span class=\"screen-reader-text\">Saison 2017<\/span> weiterlesen <span class=\"meta-nav\">&rarr;<\/span><\/a><\/p>\n","protected":false},"author":4,"featured_media":0,"parent":215,"menu_order":3,"comment_status":"closed","ping_status":"closed","template":"","meta":{"footnotes":""},"class_list":["post-3327","page","type-page","status-publish","hentry"],"_links":{"self":[{"href":"http:\/\/schachclub-emmendingen.badischer-schachverband.de\/index.php\/wp-json\/wp\/v2\/pages\/3327","targetHints":{"allow":["GET"]}}],"collection":[{"href":"http:\/\/schachclub-emmendingen.badischer-schachverband.de\/index.php\/wp-json\/wp\/v2\/pages"}],"about":[{"href":"http:\/\/schachclub-emmendingen.badischer-schachverband.de\/index.php\/wp-json\/wp\/v2\/types\/page"}],"author":[{"embeddable":true,"href":"http:\/\/schachclub-emmendingen.badischer-schachverband.de\/index.php\/wp-json\/wp\/v2\/users\/4"}],"replies":[{"embeddable":true,"href":"http:\/\/schachclub-emmendingen.badischer-schachverband.de\/index.php\/wp-json\/wp\/v2\/comments?post=3327"}],"version-history":[{"count":10,"href":"http:\/\/schachclub-emmendingen.badischer-schachverband.de\/index.php\/wp-json\/wp\/v2\/pages\/3327\/revisions"}],"predecessor-version":[{"id":4326,"href":"http:\/\/schachclub-emmendingen.badischer-schachverband.de\/index.php\/wp-json\/wp\/v2\/pages\/3327\/revisions\/4326"}],"up":[{"embeddable":true,"href":"http:\/\/schachclub-emmendingen.badischer-schachverband.de\/index.php\/wp-json\/wp\/v2\/pages\/215"}],"wp:attachment":[{"href":"http:\/\/schachclub-emmendingen.badischer-schachverband.de\/index.php\/wp-json\/wp\/v2\/media?parent=3327"}],"curies":[{"name":"wp","href":"https:\/\/api.w.org\/{rel}","templated":true}]}}