{"id":3325,"date":"2016-10-09T12:58:19","date_gmt":"2016-10-09T12:58:19","guid":{"rendered":"http:\/\/schachclub-emmendingen.badischer-schachverband.de\/?page_id=3325"},"modified":"2019-10-09T13:56:02","modified_gmt":"2019-10-09T13:56:02","slug":"saison-2017","status":"publish","type":"page","link":"http:\/\/schachclub-emmendingen.badischer-schachverband.de\/index.php\/mannschaften\/4-mannschaft-bis-2024\/saison-2017\/","title":{"rendered":"Saison 2017"},"content":{"rendered":"<h5>Kreisklasse B &#8211; 14.05.2017 Runde 9<\/h5>\n<h3>Start mit Handikap<\/h3>\n<h3>Aufstieg in Kreisklasse A geschafft<\/h3>\n<h6>Oberwinden 4 &#8211; Emmendingen 4 (Ausw\u00e4rtsspiel) 3:5<\/h6>\n<p>Emmendingen 4 startete mit einem Handikap in die Begegnung, der Spieler vom Spitzenbrett war nicht rechtzeitig erschienen. Damit mussten alle nachfolgenden Spieler aufr\u00fccken und Brett 8 blieb unbesetzt. Ein Brettpunkt ging an den Gegner. Diesen konnte Markus Roos (1) durch einen Sieg ausgleichen. Gleich darauf kam Oberwinden an Brett 7 wieder in Vorlage, was Jonas V\u00f6gtlin (2) wiederum ausgleichen konnte. Zwischenstand 2:2.<br \/>\nNach weiteren 2 Stunden ging es Schlag auf Schlag. Den Verlust an Brett 6 konnte Florian B\u00f6ttcher (5) egalisieren. Die beiden letzten Partien gewannen Wolfgang Dederichs (4) und Axel Wolf (3). Endstand 5:3 f\u00fcr Emmendingen.<\/p>\n<p>Mit 14-4 MP bei 46:26 BP steigt Emmendingen 4 in die Kreisklasse A auf.<\/p>\n<p>Unter den TopTen-Spielern der Kreisklasse B befindet sich kein Emmendinger.<\/p>\n<p>100 % ihrer in der Kreisklasse B erspielten mit jeweils 1 Spiel:<br \/>\nR\u00fcdiger Schmedding, Bruno Grohm\u00fcller, Mohamed Salou und Florian B\u00f6ttcher<\/p>\n<p>Mit 4,5 aus 5 Spielen hat Ruben Gihr entscheidend zum Erfolg der Mannschaft beigetragen.<\/p>\n<hr \/>\n<h5>Kreisklasse B &#8211; 02.04.2017 Runde 8<\/h5>\n<h3>Die Vierte steigt in die Kreisklasse A auf<\/h3>\n<h6>Emmendingen 4 &#8211; M\u00fcnstertal (Heimspiel) 5:3<\/h6>\n<p>Bei M\u00fcnstertal fehlte der Spieler vom normalen Spitzenbrett, doch die Mannschaft trat komplett an, was sehr zu begr\u00fc\u00dfen ist. Schnelle Siege an den hinteren Brettern von Stefan B\u00fchler (6), Hans Hipp (7) und G\u00fcnter Mench (8) brachten die Vierte schnell in F\u00fchrung. Auch Mohamed Salou (5) punktete und brachte den Zwischenstand von 4:0.<br \/>\nZum Mannschaftssieg reichten dann die hart erk\u00e4mpften Remis von Wolfgang Dederichs (2) und Ruben Gihr (3). Damit konnte die Niederlage gegen Z\u00e4hringen 5 aus der 7. Runde kompensiert werden.<\/p>\n<p>Mit diesem Sieg hat SCE 4 den zweiten Tabellenrang gehalten und wird bei 2 Aufsteigern in die Kreisklasse A aufsteigen. In der letzten Runde trifft Emmendingen auf den Tabellenletzten Oberwinden 4.<br \/>\nDer SC Emmendingen hat am heutigen Tag erfolgreich die f\u00fcr diese Saison angepeilten Saisonziele mit dem Aufstieg von 3 Mannschaften bei weitem \u00fcbertroffen. Allen eingesetzten Spielern sei herzlich f\u00fcr die Teilnahme gedankt.<br \/>\n<a href=\"\/index.php\/2017\/04\/02\/emmendingen-4-muenstertal\/\">Spielbericht<\/a><\/p>\n<hr \/>\n<h5>SB Freiburg Kreisklasse B<\/h5>\n<table border=\"1\" width=\"80%\">\n<colgroup>\n<col width=\"3%\" \/>\n<col width=\"28%\" \/>\n<col width=\"5%\" \/>\n<col width=\"5%\" \/>\n<col width=\"5%\" \/>\n<col width=\"5%\" \/>\n<col width=\"5%\" \/>\n<col width=\"5%\" \/>\n<col width=\"5%\" \/>\n<col width=\"5%\" \/>\n<col width=\"5%\" \/>\n<col width=\"5%\" \/>\n<col width=\"4%\" \/>\n<col width=\"4%\" \/>\n<col width=\"4%\" \/>\n<col width=\"4%\" \/><\/colgroup>\n<tbody>\n<tr class=\"green\">\n<td align=\"center\"><\/td>\n<td>Mannschaft<\/td>\n<th align=\"center\">1<\/th>\n<td align=\"center\">2<\/td>\n<td align=\"center\">3<\/td>\n<td align=\"center\">4<\/td>\n<td align=\"center\">5<\/td>\n<td align=\"center\">6<\/td>\n<td align=\"center\">7<\/td>\n<td align=\"center\">8<\/td>\n<td align=\"center\">9<\/td>\n<td align=\"center\">10<\/td>\n<td align=\"center\">DWZ<\/td>\n<td align=\"center\">Sp<\/td>\n<td align=\"center\">MP<\/td>\n<td align=\"center\">BP<\/td>\n<td align=\"center\">BW<\/td>\n<\/tr>\n<tr>\n<td align=\"center\">1<\/td>\n<td>SC Waldkirch\u00a0\u00a0\u00a03<\/td>\n<th align=\"center\"><\/th>\n<td align=\"center\">2.5<\/td>\n<td align=\"center\">6<\/td>\n<td align=\"center\">4.5<\/td>\n<td align=\"center\">7<\/td>\n<td align=\"center\">+<\/td>\n<td align=\"center\"><\/td>\n<td align=\"center\">5.5<\/td>\n<td align=\"center\">7.5<\/td>\n<td align=\"center\">4.5<\/td>\n<td align=\"center\">1373<\/td>\n<td align=\"center\">8<\/td>\n<td align=\"center\">14<\/td>\n<td align=\"center\">45\u00bd<\/td>\n<td align=\"center\">191<\/td>\n<\/tr>\n<tr class=\"yellow\">\n<td align=\"center\">2<\/td>\n<td>SC Emmendingen\u00a0\u00a0\u00a04<\/td>\n<td align=\"center\">5.5<\/td>\n<th align=\"center\"><\/th>\n<td align=\"center\">6<\/td>\n<td align=\"center\">5<\/td>\n<td align=\"center\">2<\/td>\n<td align=\"center\">3.5<\/td>\n<td align=\"center\">6<\/td>\n<td align=\"center\">5<\/td>\n<td align=\"center\">+<\/td>\n<td align=\"center\"><\/td>\n<td align=\"center\">1357<\/td>\n<td align=\"center\">8<\/td>\n<td align=\"center\">12<\/td>\n<td align=\"center\">41<\/td>\n<td align=\"center\">167\u00bd<\/td>\n<\/tr>\n<tr>\n<td align=\"center\">3<\/td>\n<td>SK Endingen\u00a0\u00a0\u00a02\u00a0\u00a0\u00a0(A)<\/td>\n<td align=\"center\">2<\/td>\n<td align=\"center\">2<\/td>\n<th align=\"center\"><\/th>\n<td align=\"center\"><\/td>\n<td align=\"center\">6<\/td>\n<td align=\"center\">7<\/td>\n<td align=\"center\">5<\/td>\n<td align=\"center\">4.5<\/td>\n<td align=\"center\">5<\/td>\n<td align=\"center\">2.5<\/td>\n<td align=\"center\">1343<\/td>\n<td align=\"center\">8<\/td>\n<td align=\"center\">10<\/td>\n<td align=\"center\">34<\/td>\n<td align=\"center\">154<\/td>\n<\/tr>\n<tr>\n<td align=\"center\">4<\/td>\n<td>SF Ettenheim\u00a0\u00a0\u00a02\u00a0\u00a0\u00a0(N)<\/td>\n<td align=\"center\">3.5<\/td>\n<td align=\"center\">3<\/td>\n<td align=\"center\"><\/td>\n<th align=\"center\"><\/th>\n<td align=\"center\">5.5<\/td>\n<td align=\"center\">3.5<\/td>\n<td align=\"center\">3<\/td>\n<td align=\"center\">7.5<\/td>\n<td align=\"center\">6<\/td>\n<td align=\"center\">5.5<\/td>\n<td align=\"center\">1356<\/td>\n<td align=\"center\">8<\/td>\n<td align=\"center\">8<\/td>\n<td align=\"center\">37\u00bd<\/td>\n<td align=\"center\">172<\/td>\n<\/tr>\n<tr>\n<td align=\"center\">5<\/td>\n<td>SK FR-Z\u00e4hringen\u00a0\u00a0\u00a05<\/td>\n<td align=\"center\">1<\/td>\n<td align=\"center\">6<\/td>\n<td align=\"center\">2<\/td>\n<td align=\"center\">2.5<\/td>\n<th align=\"center\"><\/th>\n<td align=\"center\">5.5<\/td>\n<td align=\"center\">6<\/td>\n<td align=\"center\"><\/td>\n<td align=\"center\">3.5<\/td>\n<td align=\"center\">6<\/td>\n<td align=\"center\">1286<\/td>\n<td align=\"center\">8<\/td>\n<td align=\"center\">8<\/td>\n<td align=\"center\">32\u00bd<\/td>\n<td align=\"center\">147\u00bd<\/td>\n<\/tr>\n<tr>\n<td align=\"center\">6<\/td>\n<td>SC Horben\u00a0\u00a0\u00a03<\/td>\n<td align=\"center\">&#8211;<\/td>\n<td align=\"center\">4.5<\/td>\n<td align=\"center\">1<\/td>\n<td align=\"center\">4.5<\/td>\n<td align=\"center\">2.5<\/td>\n<th align=\"center\"><\/th>\n<td align=\"center\">5.5<\/td>\n<td align=\"center\">3.5<\/td>\n<td align=\"center\"><\/td>\n<td align=\"center\">+<\/td>\n<td align=\"center\">1200<\/td>\n<td align=\"center\">8<\/td>\n<td align=\"center\">8<\/td>\n<td align=\"center\">29\u00bd<\/td>\n<td align=\"center\">131<\/td>\n<\/tr>\n<tr>\n<td align=\"center\">7<\/td>\n<td>SC S\u00f6lden\u00a0\u00a0\u00a03\u00a0\u00a0\u00a0(N)<\/td>\n<td align=\"center\"><\/td>\n<td align=\"center\">2<\/td>\n<td align=\"center\">3<\/td>\n<td align=\"center\">5<\/td>\n<td align=\"center\">2<\/td>\n<td align=\"center\">2.5<\/td>\n<th align=\"center\"><\/th>\n<td align=\"center\">5<\/td>\n<td align=\"center\">4.5<\/td>\n<td align=\"center\">5.5<\/td>\n<td align=\"center\">1271<\/td>\n<td align=\"center\">8<\/td>\n<td align=\"center\">8<\/td>\n<td align=\"center\">29\u00bd<\/td>\n<td align=\"center\">114\u00bd<\/td>\n<\/tr>\n<tr>\n<td align=\"center\">8<\/td>\n<td>SV M\u00fcnstertal<\/td>\n<td align=\"center\">2.5<\/td>\n<td align=\"center\">3<\/td>\n<td align=\"center\">3.5<\/td>\n<td align=\"center\">0.5<\/td>\n<td align=\"center\"><\/td>\n<td align=\"center\">4.5<\/td>\n<td align=\"center\">3<\/td>\n<th align=\"center\"><\/th>\n<td align=\"center\">6<\/td>\n<td align=\"center\">5.5<\/td>\n<td align=\"center\">1352<\/td>\n<td align=\"center\">8<\/td>\n<td align=\"center\">6<\/td>\n<td align=\"center\">28\u00bd<\/td>\n<td align=\"center\">160\u00bd<\/td>\n<\/tr>\n<tr>\n<td align=\"center\">9<\/td>\n<td>SC Heitersheim\u00a0\u00a0\u00a03<\/td>\n<td align=\"center\">0.5<\/td>\n<td align=\"center\">&#8211;<\/td>\n<td align=\"center\">3<\/td>\n<td align=\"center\">2<\/td>\n<td align=\"center\">4.5<\/td>\n<td align=\"center\"><\/td>\n<td align=\"center\">3.5<\/td>\n<td align=\"center\">2<\/td>\n<th align=\"center\"><\/th>\n<td align=\"center\">7.5<\/td>\n<td align=\"center\">1191<\/td>\n<td align=\"center\">8<\/td>\n<td align=\"center\">4<\/td>\n<td align=\"center\">23<\/td>\n<td align=\"center\">113\u00bd<\/td>\n<\/tr>\n<tr>\n<td align=\"center\">10<\/td>\n<td>SC Oberwinden\u00a0\u00a0\u00a04\u00a0\u00a0\u00a0(N)<\/td>\n<td align=\"center\">3.5<\/td>\n<td align=\"center\"><\/td>\n<td align=\"center\">5.5<\/td>\n<td align=\"center\">2.5<\/td>\n<td align=\"center\">2<\/td>\n<td align=\"center\">&#8211;<\/td>\n<td align=\"center\">2.5<\/td>\n<td align=\"center\">2.5<\/td>\n<td align=\"center\">0.5<\/td>\n<th align=\"center\"><\/th>\n<td align=\"center\">1266<\/td>\n<td align=\"center\">8<\/td>\n<td align=\"center\">2<\/td>\n<td align=\"center\">19<\/td>\n<td align=\"center\">88\u00bd<\/td>\n<\/tr>\n<\/tbody>\n<\/table>\n\n\n<p class=\"rpbchessboard-spacerBefore\"><\/p>\n\n<div class=\"rpbchessboard-chessgame\">\n    <noscript>\n        <div class=\"rpbchessboard-javascriptWarning\">\n            Sie m\u00fcssen JavaScript aktivieren, um die Notation zu verbessern.        <\/div>\n    <\/noscript>\n    <div id=\"rpbchessboard-69f780c9b176c-1\"><\/div>\n    <script type=\"text\/javascript\">\n        (function() {\n            function renderThisPGN() {\n                RPBChessboard.renderPGN(\"rpbchessboard-69f780c9b176c-1\", {\"pgn\":\"[Event \\\"VR16\\\/17 Em4-M\\u00fcnstertal\\\"]\\r\\n[Site \\\"?\\\"]\\r\\n[Date \\\"2017.04.02\\\"]\\r\\n[Round \\\"8.2\\\"]\\r\\n[White \\\"Dederichs, Wolfgang\\\"]\\r\\n[Black \\\"Pfefferle, Adalbert\\\"]\\r\\n[Result \\\"1\\\/2-1\\\/2\\\"]\\r\\n[WhiteElo \\\"1496\\\"]\\r\\n[BlackElo \\\"1773\\\"]\\r\\n[PlyCount \\\"41\\\"]\\r\\n\\r\\n1. c4 e5 2. Nc3 f5 3. e3 Nf6 4. d4 exd4 5. exd4 Bb4 6. a3 Bxc3+ 7. bxc3 O-O 8.\\r\\nBd3 d5 9. Ne2 b6 10. O-O Bb7 11. Nf4 Qd7 12. cxd5 Nxd5 13. Bc4 Kh8 14. Nxd5\\r\\nBxd5 15. Bxd5 Qxd5 16. Bf4 Qc4 17. Qf3 Nd7 18. Qg3 c5 19. Rad1 Rae8 20. dxc5\\r\\nNxc5 21. Be5 1\\\/2-1\\\/2\",\"pieceSymbols\":\"localized\",\"navigationBoard\":\"floatLeft\",\"withPlayButton\":true,\"withFlipButton\":true,\"withDownloadButton\":true,\"nboSquareSize\":32,\"nboCoordinateVisible\":true,\"nboTurnVisible\":true,\"nboColorset\":\"original\",\"nboPieceset\":\"cburnett\",\"nboAnimated\":true,\"nboMoveArrowVisible\":true,\"nboMoveArrowColor\":\"b\",\"idoSquareSize\":32,\"idoCoordinateVisible\":true,\"idoTurnVisible\":true,\"idoColorset\":\"original\",\"idoPieceset\":\"cburnett\"});\n            }\n            if (document.readyState === 'loading') {\n                document.addEventListener('DOMContentLoaded', renderThisPGN);\n            }\n            else {\n                renderThisPGN();\n            }\n        })();\n    <\/script>\n<\/div>\n\n<p class=\"rpbchessboard-spacerAfter\"><\/p>\n\n<hr \/>\n<h5>Kreisklasse B &#8211; 12.03.2017 Runde 7<\/h5>\n<h3>Z\u00e4hringen deklassiert die Vierte<\/h3>\n<h6>Emmendingen 4 &#8211; Z\u00e4hringen 5 (Heimspiel) 2:6<\/h6>\n<p>Die Vierte hatte zuletzt die Tabellenspitze eingenommen und empfing mit dem Tabellenachten die Mannschaft Z\u00e4hringen 5. Die Z\u00e4hringer brauchten mit 8 MP unbedingt einen Sieg gegen den Abstieg und traten mit einer starken Mannschaft an, die auf eine geschw\u00e4chte Emmendinger Vierte traf. Das Ergebnis war entsprechend.<\/p>\n<p>Das Endergebnis war mit 2:6 sehr deutlich. SCE 4 gibt damit die Tabellenf\u00fchrung an Waldkirch 3 zur\u00fcck.<br \/>\nIm n\u00e4chsten Heimspiel am 02.04. empf\u00e4ngt Emmendingen die starken G\u00e4ste aus dem M\u00fcnstertal.<br \/>\n<a href=\"\/index.php\/2017\/03\/14\/emmendingen-4-zaehringen-5-2\/\">Spielbericht<\/a><\/p>\n<hr \/>\n<h5>Kreisklasse B &#8211; 12.02.2017 Runde 6<\/h5>\n<h3>Schwieriger Erfolg in Ettenheim<\/h3>\n<h6>Ettenheim 2 &#8211; Emmendingen 4 (Ausw\u00e4rtsspiel) 3:5<\/h6>\n<p>Um sich in der Spitzengruppe zu halten, wollte SCE 4 eine erfolgreiche Begegnung mit Ettenheim 2. Zum Vorteil von unserer Vierten traten beim Gastgeber nur 6 Spieler an die Bretter, so dass SCE 4 zum Start schon 2 Brettpunkte f\u00fcr sich verbuchen konnte.<br \/>\n<a href=\"\/index.php\/2017\/02\/12\/ettenheim-2-emmendingen-4\/\">siehe auch<\/a><\/p>\n\n\n<p class=\"rpbchessboard-spacerBefore\"><\/p>\n\n<div class=\"rpbchessboard-chessgame\">\n    <noscript>\n        <div class=\"rpbchessboard-javascriptWarning\">\n            Sie m\u00fcssen JavaScript aktivieren, um die Notation zu verbessern.        <\/div>\n    <\/noscript>\n    <div id=\"rpbchessboard-69f780c9b176c-2\"><\/div>\n    <script type=\"text\/javascript\">\n        (function() {\n            function renderThisPGN() {\n                RPBChessboard.renderPGN(\"rpbchessboard-69f780c9b176c-2\", {\"pgn\":\"[Event \\\"VR16\\\/17 Ettenheim2-Em4\\\"]\\r\\n[Site \\\"?\\\"]\\r\\n[Date \\\"2017.02.12\\\"]\\r\\n[Round \\\"6.5\\\"]\\r\\n[White \\\"Hipp, Hans\\\"]\\r\\n[Black \\\"Himmelsbach, Felix\\\"]\\r\\n[Result \\\"1-0\\\"]\\r\\n[ECO \\\"C02\\\"]\\r\\n[WhiteElo \\\"1103\\\"]\\r\\n[BlackElo \\\"979\\\"]\\r\\n[PlyCount \\\"99\\\"]\\r\\n\\r\\n1. e4 e6 2. d4 d5 3. e5 c5 4. c3 Nc6 5. Nf3 b6 6. Bb5 Bb7 7. Be3 c4 8. O-O Nge7\\r\\n9. Bg5 g6 10. Bf6 Rg8 11. Nbd2 Qc7 12. b3 a6 13. Bxc6+ Qxc6 14. bxc4 b5 15. c5\\r\\na5 16. Qc2 Ba6 17. Rfb1 Rb8 18. a4 Nf5 19. axb5 Rxb5 20. Rxb5 Qxb5 21. Rb1 Qe2\\r\\n22. Qd1 Qd3 23. Qf1 Kd7 24. Qxd3 Bxd3 25. Ra1 Bh6 26. Rxa5 Rb8 27. g4 Bxd2 28.\\r\\nNxd2 Rb2 29. Bg5 h6 30. gxf5 hxg5 31. fxe6+ Kxe6 32. Nf3 Be4 33. Nxg5+ Kf5 34.\\r\\nNxe4 Kxe4 35. Kg2 Rc2 36. Ra3 Kf5 37. c6 Ke6 38. Kg3 Rd2 39. h4 Rd3+ 40. f3 Ke7\\r\\n41. Kg4 Kd8 42. f4 Rd2 43. Kg5 Rf2 44. Ra7 Rf3 45. Rxf7 Rxc3 46. Rd7+ Ke8 47.\\r\\nRd6 Rg3+ 48. Kf6 Rd3 49. c7 Rc3 50. Rd8# 1-0\",\"pieceSymbols\":\"localized\",\"navigationBoard\":\"floatLeft\",\"withPlayButton\":true,\"withFlipButton\":true,\"withDownloadButton\":true,\"nboSquareSize\":32,\"nboCoordinateVisible\":true,\"nboTurnVisible\":true,\"nboColorset\":\"original\",\"nboPieceset\":\"cburnett\",\"nboAnimated\":true,\"nboMoveArrowVisible\":true,\"nboMoveArrowColor\":\"b\",\"idoSquareSize\":32,\"idoCoordinateVisible\":true,\"idoTurnVisible\":true,\"idoColorset\":\"original\",\"idoPieceset\":\"cburnett\"});\n            }\n            if (document.readyState === 'loading') {\n                document.addEventListener('DOMContentLoaded', renderThisPGN);\n            }\n            else {\n                renderThisPGN();\n            }\n        })();\n    <\/script>\n<\/div>\n\n<p class=\"rpbchessboard-spacerAfter\"><\/p>\n\n<hr \/>\n<h5>Kreisklasse B &#8211; 29.01.2017 Runde 5<\/h5>\n<h3>Heitersheim 3 mit Aufstellungsproblemen<\/h3>\n<h6>Emmendingen 4 &#8211; Heitersheim 3 (Heimspiel) 8:0<\/h6>\n<p>Nach Vorank\u00fcndigung konnte Heitersheim letztlich keine Mannschaft stellen.<br \/>\nSCE 4 erh\u00e4lt 2 MP und 8:0 Brettpunkte kampflos.<br \/>\n<a href=\"\/index.php\/2017\/01\/29\/emmendingen-4-heitersheim-3-2\/\">siehe auch<\/a><\/p>\n<hr \/>\n<h5>Kreisklasse B &#8211; 11.12.2016 Runde 4<\/h5>\n<h3>Klarer Sieg gegen Tabellenf\u00fchrer Waldkirch<\/h3>\n<h6>Waldkirch 3 &#8211; Emmendingen 4 (Ausw\u00e4rtsspiel) 2\u00bd:5\u00bd<\/h6>\n<p>Emmendingen 4 musste beim derzeitigen Tabellenf\u00fchrer antreten und konnte sich verst\u00e4rken. Nominal war Emmendingen \u00fcberlegen. Doch wie so oft ist der Spielverlauf dann anders als berechnet.<br \/>\nDaniel Reifsteck, Karl Ziegler, Axel Wolf, Andreas Haas und Ruben Gihr gewannen ihre Partien. Peter Sikolenko konnte einen halben Brettpunkt zum Mannschaftssieg beitragen.<\/p>\n<p>Emmendingen 4 geht damit mit 6:2 Mannschaftspunkten bei 21:11 Brettpunkten auf Rangplatz 2 hinter Waldkirch 3 in das n\u00e4chste Jahr. Auch SCE 4 ist bereits gegen die st\u00e4rksten Mannschaften der Kreisklasse B in den ersten Runden angetreten. Der Klassenerhalt d\u00fcrfte gesichert sein. Es darf auch nach Vorne geschaut werden.<br \/>\n<a href=\"\/index.php\/2016\/12\/11\/waldkirch-3-emmendingen-4-2\/\">Spielbericht<\/a><\/p>\n<hr \/>\n<figure id=\"attachment_3788\" aria-describedby=\"caption-attachment-3788\" style=\"width: 474px\" class=\"wp-caption alignnone\"><a href=\"http:\/\/schachclub-emmendingen.badischer-schachverband.de\/wp-content\/uploads\/2016\/11\/IMG_3508f.jpg\"><img loading=\"lazy\" decoding=\"async\" class=\"wp-image-3788 size-large\" src=\"http:\/\/schachclub-emmendingen.badischer-schachverband.de\/wp-content\/uploads\/2016\/11\/IMG_3508f-1024x430.jpg\" alt=\"Begr\u00fc\u00dfung Begegnungsst\u00e4tte\" width=\"474\" height=\"199\" srcset=\"http:\/\/schachclub-emmendingen.badischer-schachverband.de\/wp-content\/uploads\/2016\/11\/IMG_3508f-1024x430.jpg 1024w, http:\/\/schachclub-emmendingen.badischer-schachverband.de\/wp-content\/uploads\/2016\/11\/IMG_3508f-300x126.jpg 300w, http:\/\/schachclub-emmendingen.badischer-schachverband.de\/wp-content\/uploads\/2016\/11\/IMG_3508f-768x322.jpg 768w, http:\/\/schachclub-emmendingen.badischer-schachverband.de\/wp-content\/uploads\/2016\/11\/IMG_3508f.jpg 1417w\" sizes=\"auto, (max-width: 474px) 100vw, 474px\" \/><\/a><figcaption id=\"caption-attachment-3788\" class=\"wp-caption-text\">Der Vorsitzende Thomas M\u00e4dler (ganz rechts) begr\u00fc\u00dft die Gastmannschaften in der Begegnungsst\u00e4tte der AWO Teningen (Foto: Lothar Fritsch)<\/figcaption><\/figure>\n<h5>Kreisklasse B &#8211; 20.11.2016 Runde 3<\/h5>\n<h3>S\u00f6lden 3 konnte sicher geschlagen werden<\/h3>\n<h6>Emmendingen 4 &#8211; S\u00f6lden 3 (Heimspiel) 6:2<\/h6>\n<p>Mit etwa 300 DWZ mehr im Mannschaftsdurchschnitt war SCE 4 nominal eindeutig favorisiert. Im Spielverlauf best\u00e4tigte sich dieses. Schon nach kurzer Zeit ging Emmendingen in F\u00fchrung und hielt diese bis zum Schluss. Nur an einem Brett gab SCE 4 den Punkt ab bei 2 Remis. Die restlichen Partien wurden f\u00fcr Emmendingen entschieden.<br \/>\nEmmendingen 4 ist in der Tabelle auf Rangplatz 2 vorgedrungen hinter dem F\u00fchrenden Waldkirch 3. Letztere sind in der kommenden Runde am 11.12. der Gegner von SCE 4.<br \/>\n<a href=\"\/index.php\/2016\/11\/21\/emmendingen-4-soelden-3\/\">Spielbericht<\/a><\/p>\n<hr \/>\n<h5>Kreisklasse B &#8211; 23.10.2016 Runde 2<\/h5>\n<h3>Knappe Niederlage in Horben<\/h3>\n<h6>Horben 3 &#8211; Emmendingen 4 (Ausw\u00e4rtsspiel) 4,5:3,5<\/h6>\n<p>Wie das Wetter an diesem Spieltag verlief auch der Kampf in Horben.<br \/>\nSchon fr\u00fch geriet SCE 4&#8230;<\/p>\n<p><a href=\"\/index.php\/2016\/10\/24\/horben-3-emmendingen-4\/\">Weiter&#8230;<\/a><\/p>\n<hr \/>\n<h5>Kreisklasse B &#8211; 09.10.2016 Runde 1<\/h5>\n<h3>Deutlicher Erfolg gegen Endingen 2<\/h3>\n<h6>Emmendingen 4 &#8211; Endingen 2 (Heimspiel) 6:2<\/h6>\n<p>Offenbar hatte der Absteiger aus der Kreisklasse A Endingen 2 im ersten Saisonspiel sehr gro\u00dfe Aufstellungsprobleme. Konnte die erste Mannschaft am Spieltag nur mit 7 Spielern in der Bereichsliga spielen, trat Endingen 2 beim SC Emmendingen mit nur 6 Spielern an. Damit gingen bereits 2 Mannschaftspunkte kampflos an SCE 4.<\/p>\n<p>Die weiteren Punkte erk\u00e4mpften Bruno Grohm\u00fcller (2), Wolfgang Dederichs (3), Ruben Gihr (4) und Stefan B\u00fchler (6). &#8230;<\/p>\n<p><a href=\"\/index.php\/2016\/10\/12\/emmendingen-4-endingen-2\/\">Spielbericht<\/a><\/p>\n\n\n<p class=\"rpbchessboard-spacerBefore\"><\/p>\n\n<div class=\"rpbchessboard-chessgame\">\n    <noscript>\n        <div class=\"rpbchessboard-javascriptWarning\">\n            Sie m\u00fcssen JavaScript aktivieren, um die Notation zu verbessern.        <\/div>\n    <\/noscript>\n    <div id=\"rpbchessboard-69f780c9b176c-3\"><\/div>\n    <script type=\"text\/javascript\">\n        (function() {\n            function renderThisPGN() {\n                RPBChessboard.renderPGN(\"rpbchessboard-69f780c9b176c-3\", {\"pgn\":\"[Event \\\"Em 4-Endingen 2\\\"]\\r\\n[Site \\\"?\\\"]\\r\\n[Date \\\"2016.10.09\\\"]\\r\\n[Round \\\"1.6\\\"]\\r\\n[White \\\"B\\u00fchler, Stefan\\\"]\\r\\n[Black \\\"Issa, Ahmad\\\"]\\r\\n[Result \\\"1-0\\\"]\\r\\n[ECO \\\"C42\\\"]\\r\\n[WhiteElo \\\"1057\\\"]\\r\\n[BlackElo \\\"1111\\\"]\\r\\n[Annotator \\\"Wolf,Axel\\\"]\\r\\n[PlyCount \\\"59\\\"]\\r\\n\\r\\n1. e4 e5 2. Nf3 Nf6 3. Nc3 d6 4. Bc4 Nxe4 5. Nxe4 d5 6. Bb3 dxe4 7. Nxe5 Be6 8.\\r\\nc3 Qf6 9. d4 c5 10. O-O Bd6 11. Ng4 Bxg4 12. Qxg4 cxd4 13. Qxe4+ Qe5 14. Re1\\r\\nNc6 15. Qxe5+ Nxe5 16. cxd4 O-O 17. dxe5 Rfe8 18. Bf4 Bc7 19. e6 Kh8 20. exf7\\r\\nRf8 21. Bxc7 g6 22. Re2 (22. Be5#) 22... Rac8 23. Rae1 Rxc7 24. Re8 Kg7 25.\\r\\nRxf8 Kf6 26. h4 g5 27. hxg5+ Kf5 28. Be6+ Kf4 29. g3+ Kf3 30. Re3# 1-0\",\"pieceSymbols\":\"localized\",\"navigationBoard\":\"floatLeft\",\"withPlayButton\":true,\"withFlipButton\":true,\"withDownloadButton\":true,\"nboSquareSize\":32,\"nboCoordinateVisible\":true,\"nboTurnVisible\":true,\"nboColorset\":\"original\",\"nboPieceset\":\"cburnett\",\"nboAnimated\":true,\"nboMoveArrowVisible\":true,\"nboMoveArrowColor\":\"b\",\"idoSquareSize\":32,\"idoCoordinateVisible\":true,\"idoTurnVisible\":true,\"idoColorset\":\"original\",\"idoPieceset\":\"cburnett\"});\n            }\n            if (document.readyState === 'loading') {\n                document.addEventListener('DOMContentLoaded', renderThisPGN);\n            }\n            else {\n                renderThisPGN();\n            }\n        })();\n    <\/script>\n<\/div>\n\n<p class=\"rpbchessboard-spacerAfter\"><\/p>\n\n","protected":false},"excerpt":{"rendered":"<p>Kreisklasse B &#8211; 14.05.2017 Runde 9 Start mit Handikap Aufstieg in Kreisklasse A geschafft Oberwinden 4 &#8211; Emmendingen 4 (Ausw\u00e4rtsspiel) 3:5 Emmendingen 4 startete mit einem Handikap in die Begegnung, der Spieler vom Spitzenbrett war nicht rechtzeitig erschienen. Damit mussten alle nachfolgenden Spieler aufr\u00fccken und Brett 8 blieb unbesetzt. Ein Brettpunkt ging an den Gegner. &hellip; <a href=\"http:\/\/schachclub-emmendingen.badischer-schachverband.de\/index.php\/mannschaften\/4-mannschaft-bis-2024\/saison-2017\/\" class=\"more-link\"><span class=\"screen-reader-text\">Saison 2017<\/span> weiterlesen <span class=\"meta-nav\">&rarr;<\/span><\/a><\/p>\n","protected":false},"author":4,"featured_media":0,"parent":143,"menu_order":3,"comment_status":"closed","ping_status":"closed","template":"","meta":{"footnotes":""},"class_list":["post-3325","page","type-page","status-publish","hentry"],"_links":{"self":[{"href":"http:\/\/schachclub-emmendingen.badischer-schachverband.de\/index.php\/wp-json\/wp\/v2\/pages\/3325","targetHints":{"allow":["GET"]}}],"collection":[{"href":"http:\/\/schachclub-emmendingen.badischer-schachverband.de\/index.php\/wp-json\/wp\/v2\/pages"}],"about":[{"href":"http:\/\/schachclub-emmendingen.badischer-schachverband.de\/index.php\/wp-json\/wp\/v2\/types\/page"}],"author":[{"embeddable":true,"href":"http:\/\/schachclub-emmendingen.badischer-schachverband.de\/index.php\/wp-json\/wp\/v2\/users\/4"}],"replies":[{"embeddable":true,"href":"http:\/\/schachclub-emmendingen.badischer-schachverband.de\/index.php\/wp-json\/wp\/v2\/comments?post=3325"}],"version-history":[{"count":10,"href":"http:\/\/schachclub-emmendingen.badischer-schachverband.de\/index.php\/wp-json\/wp\/v2\/pages\/3325\/revisions"}],"predecessor-version":[{"id":4324,"href":"http:\/\/schachclub-emmendingen.badischer-schachverband.de\/index.php\/wp-json\/wp\/v2\/pages\/3325\/revisions\/4324"}],"up":[{"embeddable":true,"href":"http:\/\/schachclub-emmendingen.badischer-schachverband.de\/index.php\/wp-json\/wp\/v2\/pages\/143"}],"wp:attachment":[{"href":"http:\/\/schachclub-emmendingen.badischer-schachverband.de\/index.php\/wp-json\/wp\/v2\/media?parent=3325"}],"curies":[{"name":"wp","href":"https:\/\/api.w.org\/{rel}","templated":true}]}}