{"id":3321,"date":"2016-10-09T12:57:14","date_gmt":"2016-10-09T12:57:14","guid":{"rendered":"http:\/\/schachclub-emmendingen.badischer-schachverband.de\/?page_id=3321"},"modified":"2019-10-09T13:08:31","modified_gmt":"2019-10-09T13:08:31","slug":"saison-2017","status":"publish","type":"page","link":"http:\/\/schachclub-emmendingen.badischer-schachverband.de\/index.php\/mannschaften\/2-mannschaft\/saison-2017\/","title":{"rendered":"Saison 2017"},"content":{"rendered":"<h5>Landesliga &#8211; 14.05.2017 Runde 9<\/h5>\n<h3>Emmendingen steigt ungeschlagen in die Verbandsliga auf<\/h3>\n<h6>Auch gegen Lahr ohne Punktverlust<\/h6>\n<h6>Lahr 2 &#8211; Emmendingen 2 (Ausw\u00e4rtsspiel) 3:5<\/h6>\n<p>Nachdem der Aufstieg schon besiegelt war, trat die Zweite in Lahr nicht mit der st\u00e4rksten Mannschaft an und war trotzdem favorisiert. Auch Lahr brachte nicht das gesamte Potenzial an die Bretter, trat aber komplett an.<br \/>\nDie vorderen 5 Bretter brachten f\u00fcr Emmendingen 4 Brettpunkte ein, so dass f\u00fcr einen Sieg von den letzten 3 Brettern mindestens noch ein halber Punkt notwendig war. Mit einem Sieg brachte diesen G\u00fcnter Mench an Brett 8 ein.<br \/>\nDie \u00fcbrigen Siege errangen Andreas Bauer (1), Hermann Schrems (4) und Iouri Sorokovski (5), Marcos Osorio (2) und Christof Herbrechtsmeier (3) brachten je einen halben BP ein.<\/p>\n<p>Mit 6 Punkten aus 6 Spielen ist Iouri Sorokovski auf Rang 3 der TopTen; Hermann Schrems folgt mit 5,5 Punkten aus 7 Spielen auf Rang 7 der TopTen.<br \/>\nMit jeweils 100 % ihrer Eins\u00e4tze in der Zweiten konnten punkten:<br \/>\nIouri Sorokovski (6)<br \/>\nGerhard Kiefer (4)<br \/>\nAndreas Bauer, Wolfgang Schmidt, Boris Litfin (je 3)<br \/>\nTheo Hommeles, Jens Rahnfeld (je 2)<br \/>\nLorenzo Lodici (1)<br \/>\nHermann Schrems hat mit 5,5 aus 7 Spielen erheblich zum Mannschaftserfolg beigetragen.<\/p>\n<hr \/>\n<h5>Landesliga &#8211; 02.04.2017 Runde 8<\/h5>\n<h3>Die Zweite schafft einen Kantersieg und steigt auf<\/h3>\n<h6>Emmendingen 2 &#8211; Kuppenheim 2 (Heimspiel) 7\u00bd:\u00bd<\/h6>\n<p>Kuppenheim 2 trat in der vorletzten Runde beim SC Emmendingen 2 mit nur 6 Spielern an und \u00fcberlie\u00df damit vor Spielbeginn bereits 2 Brettpunkte unserer Zweiten, die wiederum stark aufgestellt werden konnte. So waren die G\u00e4ste auch an den \u00fcbrigen Brettern unterlegen.<br \/>\nDas Endergebnis glich mit 7,5:0,5 einem Kantersieg.<\/p>\n<p>SC Emmendingen 2 ist auch in der 8. Runde ungeschlagen und sichert sich den Aufstieg in die Verbandsliga, der vierth\u00f6chsten Spielklasse in Deutschland und bildet damit das Reservepotenzial f\u00fcr die Zweitligamannschaft.<br \/>\nIn der letzten Runde hat die Zweite noch ein Pflichtprogramm gegen den Tabellenletzten Lahr 2, ist aber bereits jetzt uneinholbar.<br \/>\nDamit ist das Hauptziel des Vereins f\u00fcr diese Saison &#8222;Aufstieg der Zweiten&#8220; bereits erreicht. F\u00fcr ihren Einsatz sei von dieser Stelle aus allen Spielern und Funktionstr\u00e4gern herzlich gedankt. Nur durch konsequentes Wirken kann der Erfolg gesichert werden.<\/p>\n<table width=\"86%\">\n<tbody>\n<tr class=\"green\">\n<td><strong>1<\/strong><\/td>\n<td><strong>\u00a0<\/strong><\/td>\n<td><strong>SC Emmendingen\u00a0\u00a0\u00a02\u00a0\u00a0\u00a0<\/strong><\/td>\n<td><strong>2021<\/strong><\/td>\n<td><\/td>\n<td><strong>SGR Kuppenheim\u00a0\u00a0\u00a02<\/strong><\/td>\n<td><strong>1818<\/strong><\/td>\n<td><strong>7\u00bd<\/strong><\/td>\n<td><strong>\u00bd<\/strong><\/td>\n<\/tr>\n<tr>\n<td>1<\/td>\n<td>\u00a012<\/td>\n<td>Hommeles,Theo<\/td>\n<td>2346<\/td>\n<td>12<\/td>\n<td>Hatz,Alexander<\/td>\n<td>2015<\/td>\n<td>1<\/td>\n<td>0<\/td>\n<\/tr>\n<tr>\n<td>2<\/td>\n<td>\u00a015<\/td>\n<td>Osorio-Ortiz,Marcos<\/td>\n<td>2275<\/td>\n<td>15<\/td>\n<td>Lorenz,Michael<\/td>\n<td>1978<\/td>\n<td>1<\/td>\n<td>0<\/td>\n<\/tr>\n<tr>\n<td>3<\/td>\n<td>\u00a023<\/td>\n<td>Schrems,Hermann<\/td>\n<td>2045<\/td>\n<td>20<\/td>\n<td>Gantner,Ralf<\/td>\n<td>1819<\/td>\n<td>\u00bd<\/td>\n<td>\u00bd<\/td>\n<\/tr>\n<tr>\n<td>4<\/td>\n<td>\u00a024<\/td>\n<td>Sorokovski,Iouri<\/td>\n<td>2037<\/td>\n<td>21<\/td>\n<td>Chaltchi,Hussain<\/td>\n<td>1723<\/td>\n<td>1<\/td>\n<td>0<\/td>\n<\/tr>\n<tr>\n<td>5<\/td>\n<td>\u00a026<\/td>\n<td>Schmidt,Wolfgang<\/td>\n<td>1918<\/td>\n<td>23<\/td>\n<td>Biskup,J\u00fcrgen<\/td>\n<td>1702<\/td>\n<td>1<\/td>\n<td>0<\/td>\n<\/tr>\n<tr>\n<td>6<\/td>\n<td>\u00a028<\/td>\n<td>Litfin,Boris<\/td>\n<td>1889<\/td>\n<td>28<\/td>\n<td>Hoppenworth,Rolf<\/td>\n<td>1668<\/td>\n<td>1<\/td>\n<td>0<\/td>\n<\/tr>\n<tr>\n<td>7<\/td>\n<td>\u00a030<\/td>\n<td>H\u00fcgle,Andreas<\/td>\n<td>1888<\/td>\n<td><\/td>\n<td><\/td>\n<td><\/td>\n<td>+<\/td>\n<td>&#8211;<\/td>\n<\/tr>\n<tr>\n<td>8<\/td>\n<td>\u00a032<\/td>\n<td>Pena,Tomas<\/td>\n<td>1754<\/td>\n<td><\/td>\n<td><\/td>\n<td><\/td>\n<td>+<\/td>\n<td>&#8211;<\/td>\n<\/tr>\n<\/tbody>\n<\/table>\n<p><a href=\"\/index.php\/2017\/04\/02\/emmendingen-2-kuppenheim-2\/\">Spielbericht<\/a><br \/>\n\n\n<p class=\"rpbchessboard-spacerBefore\"><\/p>\n\n<div class=\"rpbchessboard-chessgame\">\n    <noscript>\n        <div class=\"rpbchessboard-javascriptWarning\">\n            Sie m\u00fcssen JavaScript aktivieren, um die Notation zu verbessern.        <\/div>\n    <\/noscript>\n    <div id=\"rpbchessboard-69ecd16388a74-1\"><\/div>\n    <script type=\"text\/javascript\">\n        (function() {\n            function renderThisPGN() {\n                RPBChessboard.renderPGN(\"rpbchessboard-69ecd16388a74-1\", {\"pgn\":\"[Event \\\"VR16\\\/17 Em2-Kuppenheim2\\\"]\\r\\n[Site \\\"?\\\"]\\r\\n[Date \\\"2017.04.02\\\"]\\r\\n[Round \\\"8.1\\\"]\\r\\n[White \\\"Hatz, Alexander\\\"]\\r\\n[Black \\\"Hommeles, Theo\\\"]\\r\\n[Result \\\"0-1\\\"]\\r\\n[ECO \\\"A11\\\"]\\r\\n[WhiteElo \\\"2015\\\"]\\r\\n[BlackElo \\\"2347\\\"]\\r\\n[PlyCount \\\"82\\\"]\\r\\n\\r\\n1. Nf3 d5 2. g3 Bg4 3. Bg2 Nd7 4. c4 c6 5. cxd5 cxd5 6. Nc3 e6 7. Qa4 Ngf6 8.\\r\\nNe5 Bf5 9. g4 Bc2 10. b3 Bd6 11. Nxd7 Nxd7 12. Nb5 Bc5 13. Ba3 O-O 14. Bxc5\\r\\nNxc5 15. Qf4 Qa5 16. b4 Qxb5 17. bxc5 Qxc5 18. O-O Rfc8 19. d3 Rc6 20. h4 Rac8\\r\\n21. h5 h6 22. g5 Qd6 23. Qg4 hxg5 24. Qxg5 Qd8 25. Qf4 a5 26. Qg4 b5 27. f4 f5\\r\\n28. Qg6 Qf6 29. Qxf6 gxf6 30. Kf2 b4 31. Bf3 R6c7 32. Rg1+ Rg7 33. h6 Rxg1 34.\\r\\nRxg1+ Kh7 35. Rg7+ Kxh6 36. Rb7 Kg6 37. Rb5 Ra8 38. Rb7 Bb1 39. a3 Bc2 40. axb4\\r\\na4 41. Rb6 a3 0-1\",\"pieceSymbols\":\"localized\",\"navigationBoard\":\"floatLeft\",\"withPlayButton\":true,\"withFlipButton\":true,\"withDownloadButton\":true,\"nboSquareSize\":32,\"nboCoordinateVisible\":true,\"nboTurnVisible\":true,\"nboColorset\":\"original\",\"nboPieceset\":\"cburnett\",\"nboAnimated\":true,\"nboMoveArrowVisible\":true,\"nboMoveArrowColor\":\"b\",\"idoSquareSize\":32,\"idoCoordinateVisible\":true,\"idoTurnVisible\":true,\"idoColorset\":\"original\",\"idoPieceset\":\"cburnett\"});\n            }\n            if (document.readyState === 'loading') {\n                document.addEventListener('DOMContentLoaded', renderThisPGN);\n            }\n            else {\n                renderThisPGN();\n            }\n        })();\n    <\/script>\n<\/div>\n\n<p class=\"rpbchessboard-spacerAfter\"><\/p>\n<\/p>\n<hr \/>\n<h5>Landesliga &#8211; 12.03.2017 Runde 7<\/h5>\n<h3>Die Zweite weiterhin ohne Punktverlust<\/h3>\n<h6>Emmendingen 2 &#8211; Offenburg (Heimspiel) 5\u00bd:2\u00bd<\/h6>\n<p>Das Spitzenspiel der Landesliga S\u00fcd 1 fand am 12.03. in der Steinhalle in Emmendingen statt. Parallel wurde am selben Ort das Viertelfinale der Deutschen Pokalmeisterschaften f\u00fcr Mannschaften ausgetragen.<br \/>\nDer SC Emmendingen konnte als bisher ungeschlagener Tabellenf\u00fchrer auch diese Begegnung gegen den unmittelbaren Verfolger Offenburg mit 5,5:2,5 klar f\u00fcr sich entscheiden und ist auch nach 7 Runden mit 14-0 Mannschaftspunkten und 49 Brettpunkten weiterhin ohne Punktverlust.<\/p>\n<table width=\"86%\">\n<tbody>\n<tr class=\"green\">\n<td><strong>1<\/strong><\/td>\n<td><strong>\u00a0<\/strong><\/td>\n<td><strong>SC Emmendingen\u00a0\u00a0\u00a02\u00a0\u00a0\u00a0<\/strong><\/td>\n<td><strong>2164<\/strong><\/td>\n<td><strong>10<\/strong><\/td>\n<td><strong>SVG Offenburg\u00a0\u00a0\u00a0(A)<\/strong><\/td>\n<td><strong>2007<\/strong><\/td>\n<td><strong>5\u00bd<\/strong><\/td>\n<td><strong>2\u00bd<\/strong><\/td>\n<\/tr>\n<tr>\n<td>1<\/td>\n<td><\/td>\n<td>Lodici,Lorenzo<\/td>\n<td>2307<\/td>\n<td>4<\/td>\n<td>Dobschat,Benjamin<\/td>\n<td>2104<\/td>\n<td>1<\/td>\n<td>0<\/td>\n<\/tr>\n<tr>\n<td>2<\/td>\n<td><\/td>\n<td>Hommeles,Theo<\/td>\n<td>2346<\/td>\n<td>5<\/td>\n<td>Fei\u00dft,Simon<\/td>\n<td>1986<\/td>\n<td>1<\/td>\n<td>0<\/td>\n<\/tr>\n<tr>\n<td>3<\/td>\n<td><\/td>\n<td>Osorio-Ortiz,Marcos<\/td>\n<td>2275<\/td>\n<td>6<\/td>\n<td>Rauch,Uwe<\/td>\n<td>2118<\/td>\n<td>0<\/td>\n<td>1<\/td>\n<\/tr>\n<tr>\n<td>4<\/td>\n<td><\/td>\n<td>Herbrechtsmeier,Christof<\/td>\n<td>2167<\/td>\n<td>8<\/td>\n<td>Fischer,Daniel,Prof. Dr.<\/td>\n<td>1986<\/td>\n<td>1<\/td>\n<td>0<\/td>\n<\/tr>\n<tr>\n<td>5<\/td>\n<td><\/td>\n<td>Kiefer,Gerhard<\/td>\n<td>2180<\/td>\n<td>9<\/td>\n<td>Waslikowski,Benjamin<\/td>\n<td>1971<\/td>\n<td>1<\/td>\n<td>0<\/td>\n<\/tr>\n<tr>\n<td>6<\/td>\n<td><\/td>\n<td>Schrems,Hermann<\/td>\n<td>2039<\/td>\n<td>10<\/td>\n<td>Osthof,Alfred,Prof. Dr.<\/td>\n<td>2057<\/td>\n<td>\u00bd<\/td>\n<td>\u00bd<\/td>\n<\/tr>\n<tr>\n<td>7<\/td>\n<td><\/td>\n<td>Sorokovski,Iouri<\/td>\n<td>2037<\/td>\n<td>11<\/td>\n<td>Herlemann,Bernhard<\/td>\n<td>1933<\/td>\n<td>1<\/td>\n<td>0<\/td>\n<\/tr>\n<tr>\n<td>8<\/td>\n<td><\/td>\n<td>Gihr,Michael<\/td>\n<td>1958<\/td>\n<td>12<\/td>\n<td>Goldschmidtb\u00f6ing,Frank,Dr.<\/td>\n<td>1899<\/td>\n<td>0<\/td>\n<td>1<\/td>\n<\/tr>\n<\/tbody>\n<\/table>\n<p><a href=\"\/index.php\/2017\/03\/13\/emmendingen-2-offenburg\/\">Spielbericht<\/a><\/p>\n<hr \/>\n<h5>Landesliga &#8211; 12.02.2017 Runde 6<\/h5>\n<h3>Emmendingen verteidigt die Tabellenf\u00fchrung<\/h3>\n<h6>Oberkirch &#8211; Emmendingen 2 (Ausw\u00e4rtsspiel) 1\u00bd:6\u00bd<\/h6>\n<p>Unsere Zweite traf in Oberkirch auf einen geschw\u00e4chten Gastgeber. So war letztlich das positive Ergebnis f\u00fcr Emmendingen \u00fcberdeutlich. An keinem Brett wurde ein ganzer Brettpunkt abgegeben.<\/p>\n<p>Die vollen Brettpunkte brachten J\u00f6rg Weidemann (1), Gerhard Kiefer (2) und an den hinteren Brettern Iouri Sorokovski (6), Wolfgang Schmidt (7) und Boris Litfin (8) ein. Christof Herbrechtsmeier, Thomas Ehret und Hermann Schrems trugen je ein Remis bei. SCE 2 kann damit die Tabellenf\u00fchrung mit 12 Mannschaftspunkten bei 43,5 Brettpunkten knapp vor dem zweitplatzierten Offenburg mit 11 MP bei 32,5 BP verteidigen.<\/p>\n<p>Am n\u00e4chsten Spieltag, dem 12.03., kommt es in Runde 7 in der Steinhalle in Emmendingen zum Spitzenkampf gegen Offenburg. Es wird spannend.<\/p>\n<p><a href=\"\/index.php\/2017\/02\/12\/oberkirch-emmendingen-2\/\">Spielbericht<\/a><\/p>\n\n\n<p class=\"rpbchessboard-spacerBefore\"><\/p>\n\n<div class=\"rpbchessboard-chessgame\">\n    <noscript>\n        <div class=\"rpbchessboard-javascriptWarning\">\n            Sie m\u00fcssen JavaScript aktivieren, um die Notation zu verbessern.        <\/div>\n    <\/noscript>\n    <div id=\"rpbchessboard-69ecd16388a74-2\"><\/div>\n    <script type=\"text\/javascript\">\n        (function() {\n            function renderThisPGN() {\n                RPBChessboard.renderPGN(\"rpbchessboard-69ecd16388a74-2\", {\"pgn\":\"[Event \\\"Landesliga\\\"]\\r\\n[Site \\\"?\\\"]\\r\\n[Date \\\"2017.02.12\\\"]\\r\\n[Round \\\"6.1\\\"]\\r\\n[White \\\"Weidemann, Joerg\\\"]\\r\\n[Black \\\"Boos, Olivier\\\"]\\r\\n[Result \\\"1-0\\\"]\\r\\n[ECO \\\"C61\\\"]\\r\\n[WhiteElo \\\"2255\\\"]\\r\\n[BlackElo \\\"2134\\\"]\\r\\n[PlyCount \\\"65\\\"]\\r\\n[EventDate \\\"2016.??.??\\\"]\\r\\n[EventType \\\"team\\\"]\\r\\n[WhiteTeam \\\"Emmendingen II\\\"]\\r\\n[BlackTeam \\\"Oberkirch\\\"]\\r\\n\\r\\n1. e4 e5 2. Nf3 Nc6 3. Bb5 Nd4 4. Nxd4 exd4 5. O-O Bc5 6. d3 c6 7. Bc4 d5 8.\\r\\nexd5 cxd5 9. Bb5+ Kf8 10. Ba4 Ne7 11. Nd2 a6 12. a3 h5 13. b4 Ba7 14. Bb2 Bg4\\r\\n15. Qc1 Nf5 16. Re1 b5 17. Bb3 Qd6 18. Nf1 Rh6 19. c4 dxc3 20. Qxc3 Nd4 21.\\r\\nRac1 Rg6 22. Bd1 Bh3 23. Ng3 h4 24. gxh3 hxg3 25. Qc8+ Qd8 26. Qxd8+ Rxd8 27.\\r\\nhxg3 Nb3 28. Rc7 Rxg3+ 29. Kf1 Rxh3 30. Kg2 Rxd3 31. Rxa7 a5 32. Bh5 g6 33. Bf6\\r\\n1-0\",\"pieceSymbols\":\"localized\",\"navigationBoard\":\"floatLeft\",\"withPlayButton\":true,\"withFlipButton\":true,\"withDownloadButton\":true,\"nboSquareSize\":32,\"nboCoordinateVisible\":true,\"nboTurnVisible\":true,\"nboColorset\":\"original\",\"nboPieceset\":\"cburnett\",\"nboAnimated\":true,\"nboMoveArrowVisible\":true,\"nboMoveArrowColor\":\"b\",\"idoSquareSize\":32,\"idoCoordinateVisible\":true,\"idoTurnVisible\":true,\"idoColorset\":\"original\",\"idoPieceset\":\"cburnett\"});\n            }\n            if (document.readyState === 'loading') {\n                document.addEventListener('DOMContentLoaded', renderThisPGN);\n            }\n            else {\n                renderThisPGN();\n            }\n        })();\n    <\/script>\n<\/div>\n\n<p class=\"rpbchessboard-spacerAfter\"><\/p>\n\n<hr \/>\n<h5>Landesliga &#8211; 29.01.2017 Runde 5<\/h5>\n<h3>Die Zweite siegt kampflos<\/h3>\n<h6>Emmendingen 2 &#8211; Gernsbach (Heimspiel) 8:0<\/h6>\n<p>Die Gernsbacher entsandten keine Mannschaft nach Emmendingen, so dass SCE 2 kampflos zu 2 weiteren Mannschaftspunkten kam.<\/p>\n<p><a href=\"\/index.php\/2017\/01\/28\/emmendingen-2-gernsbach\/\">Siehe auch<\/a><\/p>\n<hr \/>\n<h5>Landesliga &#8211; 11.12.2016 Runde 4<\/h5>\n<h3>Kantersieg gegen Rumpfmannschaft<\/h3>\n<h6>Neum\u00fchl &#8211; Emmendingen 2 (Ausw\u00e4rtsspiel) \u00bd:7\u00bd<\/h6>\n<p>Was Gastgeber Neum\u00fchl da an die Bretter gebracht hat, war f\u00fcr Emmendingen schon eine Zumutung. Die starken Spieler der ersten Mannschaft verzichteten auf ihren Einsatz, so dass nur 6 Bretter namentlich besetzt waren. Offenbar war der Respekt vor der zweiten Mannschaft von Emmendingen zu gro\u00df. Das f\u00fchrte letztlich dazu, dass Emmendingen an allen Brettern punktete. Es siegten Christof Herbrechtsmeier, Jens Rahnfeld, Gerhard Kiefer, Hermann Schrems, Michael Gihr und kampflos Wolfgang Schmidt und Boris Litfin. Nur am F\u00fchrungsbrett ergatterte Neum\u00fchl einen halben Punkt.<\/p>\n<p>Somit geht Emmendingen 2 nach 4 Runden ungeschlagen mit 8:0 Mannschaftspunkten bei 29:3 Brettpunkten als Tabellenf\u00fchrer ins neue Jahr. Gefolgt punktgleich von Offenburg und auf Rang 3 Gernsbach. Letztere sind im neuen Jahr in einem Heimspiel der erste Gegner.<\/p>\n<hr \/>\n<h5>Landesliga &#8211; 20.11.2016 Runde 3<\/h5>\n<h3>Die Zweite siegt kampflos<\/h3>\n<h6>Emmendingen 2 &#8211; Baden-Lichtental (Heimspiel) 8:0<\/h6>\n<p>Die Baden-Lichtentaler entsandten keine Mannschaft nach Emmendingen, so dass SCE 2 kampflos zu 2 weiteren Mannschaftspunkten kam.<\/p>\n<p><a href=\"\/index.php\/2016\/11\/21\/emmendingen-2-baden-lichtental\/\">Siehe auch<\/a><\/p>\n<hr \/>\n<h5>Landesliga &#8211; 23.10.2016 Runde 2<\/h5>\n<h3>Baden-Baden 5 fast ohne Widerstand<\/h3>\n<h6>Baden-Baden 5 &#8211; Emmendingen 2 (Ausw\u00e4rtsspiel) 1:7<\/h6>\n<p>Am 23.10.2016 hatte SCE 2 in Baden-Baden anzutreten und traf auf eine unerwartet schwache Aufstellung der Baden-Badener. Kein Spieler hatte eine DWZ \u00fcber 2000.<br \/>\n<a href=\"\/index.php\/2016\/10\/24\/baden-baden-5-emmendingen-2\/\">Weiter&#8230;<\/a><\/p>\n<hr \/>\n<h5>Landesliga &#8211; 09.10.2016 Runde 1<\/h5>\n<h3>Saisonstart brilliant gelungen<\/h3>\n<h6>Emmendingen 2 &#8211; Vimbuch (Heimspiel) 6,5:1,5<\/h6>\n<p>Am 09.10.2016 startete der SC Emmendingen in der Landesliga mit seiner 2. Mannschaft nach dem Aufstieg mit einem Heimspiel gegen den SV Vimbuch. Vimbuch hatte in der Vorsaison den 8. Rang belegt und damit den Klassenerhalt geschafft. SCE 2 ist zwar Aufsteiger aus der Bereichsliga, galt aber in dieser Begegnung klar als Favorit.<\/p>\n<p>Entsprechend verlief auch das Spiel&#8230;.<\/p>\n<p><a href=\"\/index.php\/2016\/10\/11\/emmendingen-2-vimbuch\/\">Spielbericht<\/a><\/p>\n","protected":false},"excerpt":{"rendered":"<p>Landesliga &#8211; 14.05.2017 Runde 9 Emmendingen steigt ungeschlagen in die Verbandsliga auf Auch gegen Lahr ohne Punktverlust Lahr 2 &#8211; Emmendingen 2 (Ausw\u00e4rtsspiel) 3:5 Nachdem der Aufstieg schon besiegelt war, trat die Zweite in Lahr nicht mit der st\u00e4rksten Mannschaft an und war trotzdem favorisiert. Auch Lahr brachte nicht das gesamte Potenzial an die Bretter, &hellip; <a href=\"http:\/\/schachclub-emmendingen.badischer-schachverband.de\/index.php\/mannschaften\/2-mannschaft\/saison-2017\/\" class=\"more-link\"><span class=\"screen-reader-text\">Saison 2017<\/span> weiterlesen <span class=\"meta-nav\">&rarr;<\/span><\/a><\/p>\n","protected":false},"author":4,"featured_media":0,"parent":139,"menu_order":3,"comment_status":"closed","ping_status":"closed","template":"","meta":{"footnotes":""},"class_list":["post-3321","page","type-page","status-publish","hentry"],"_links":{"self":[{"href":"http:\/\/schachclub-emmendingen.badischer-schachverband.de\/index.php\/wp-json\/wp\/v2\/pages\/3321","targetHints":{"allow":["GET"]}}],"collection":[{"href":"http:\/\/schachclub-emmendingen.badischer-schachverband.de\/index.php\/wp-json\/wp\/v2\/pages"}],"about":[{"href":"http:\/\/schachclub-emmendingen.badischer-schachverband.de\/index.php\/wp-json\/wp\/v2\/types\/page"}],"author":[{"embeddable":true,"href":"http:\/\/schachclub-emmendingen.badischer-schachverband.de\/index.php\/wp-json\/wp\/v2\/users\/4"}],"replies":[{"embeddable":true,"href":"http:\/\/schachclub-emmendingen.badischer-schachverband.de\/index.php\/wp-json\/wp\/v2\/comments?post=3321"}],"version-history":[{"count":10,"href":"http:\/\/schachclub-emmendingen.badischer-schachverband.de\/index.php\/wp-json\/wp\/v2\/pages\/3321\/revisions"}],"predecessor-version":[{"id":4319,"href":"http:\/\/schachclub-emmendingen.badischer-schachverband.de\/index.php\/wp-json\/wp\/v2\/pages\/3321\/revisions\/4319"}],"up":[{"embeddable":true,"href":"http:\/\/schachclub-emmendingen.badischer-schachverband.de\/index.php\/wp-json\/wp\/v2\/pages\/139"}],"wp:attachment":[{"href":"http:\/\/schachclub-emmendingen.badischer-schachverband.de\/index.php\/wp-json\/wp\/v2\/media?parent=3321"}],"curies":[{"name":"wp","href":"https:\/\/api.w.org\/{rel}","templated":true}]}}