{"id":229,"date":"2015-10-18T12:28:22","date_gmt":"2015-10-18T12:28:22","guid":{"rendered":"http:\/\/localhost\/wordpress\/?page_id=229"},"modified":"2018-10-25T19:35:05","modified_gmt":"2018-10-25T19:35:05","slug":"ketre-pokal","status":"publish","type":"page","link":"http:\/\/schachclub-emmendingen.badischer-schachverband.de\/index.php\/turniere\/ketre-pokal\/","title":{"rendered":"KETRE-Pokal"},"content":{"rendered":"<h3>KETRE-Pokalturnier als Vorrunde zum Einzel-Pokalturnier im Schachbezirk Freiburg<\/h3>\n<p>Der KETRE-Pokal wurde erstmalig in den 1950er Jahren ausgespielt und erhielt seinen Namen von den damals noch vorhandenen und teilnehmenden Schachvereinen im Bereich des n\u00f6rdlichen Kaiserstuhls, n\u00e4mlich<br \/>\nKenzingen, Emmendingen, Teningen, Riegel, Endingen.<\/p>\n<p>Von den damaligen Vereinen verblieben nur Emmendingen und Endingen, die wechselseitig das j\u00e4hrliche Turnier ausrichteten.<\/p>\n<p>Heute wird das KETRE-Pokal-Turnier als Vorrunde f\u00fcr den Bezirks-Einzel-Pokal gewertet.<\/p>\n<p>Im Schachbezirk Freiburg wird damit der nordwestliche Bereich abgedeckt. Somit k\u00f6nnen auch Spieler der Schachvereine von Ettenheim und Umkirch teilnehmen.<br \/>\nDer \u00f6stliche Bereich wird durch den Elztal-Pokal von den Vereinen aus Waldkirch, Denzlingen, Oberwinden und Simonswald abgedeckt.<br \/>\nDer Bereich Mitte gilt f\u00fcr die Freiburger Vereine inkl. Dreisamtal.<br \/>\nDer 4. Bereich wird von den Vereinen s\u00fcdlich von Freiburg ausgespielt.<\/p>\n<p>Jeder Bereich kann 4 Spieler zu den weiteren Ausscheidungsk\u00e4mpfen entsenden, so dass insgesamt 16 Spieler teilnehmen. Kann von einem Bereich die Quote nicht erf\u00fcllt werden, d\u00fcrfen andere Bereiche\u00a0 zus\u00e4tzliche Teilnehmer entsenden.<br \/>\nAlle Spieler des Halbfinales qualifizieren sich f\u00fcr das Bezirks-Einzel-Pokal-Turnier.<br \/>\nAusschreibung und <a href=\"\/index.php\/turniere\/ketre-pokal\/ketre-pokal-2019-ergebnisse\/\">Ergebnisse<\/a> siehe unten.<\/p>\n<pre style=\"width: 500px; height: 89px;\">KETRE-Pokal-Turnier\r\ndes\r\nSchachclub Emmendingen 1937 e.V.<\/pre>\n<pre>Vorrunde-Nord zur Pokal-Endrunde des Schachbezirks Freiburg<\/pre>\n<pre>KO-System\r\n Es gelten die FIDE-Schachregeln (Stand: 01.01.2018).\r\n Die Auslosung der Startrunde erfolgt manuell, danach mit StChess2.\r\n Das Turnier wird DWZ-ausgewertet!\r\n Bedenkzeit pro Spieler: 90 min f\u00fcr 40 Z\u00fcge + 30 min f\u00fcr den Rest\r\n = Gesamtspielzeit 4 Std.\r\n Startgeld: 5 \u20ac<\/pre>\n<pre>Fixtermine:\r\n 1. Runde am <strong> 23.10.2018 um 19:30 Uhr<\/strong>\r\n 2. Runde am 06.11.2018\r\n 3. Runde am 27.11.2018\r\n 4. Runde am 18.12.2018\r\n 5. Runde am 15.01.2019 (Halbfinale)\r\n 6. Runde am 26.02.2019 (Finale)<\/pre>\n<pre>Anmeldeschluss: 23.10.2018 19:15 Uhr\r\nSpielort: Seniorenwohnanlage (AWO), Rheinstr. 2a, 79331 Teningen<\/pre>\n<pre>Sollte ein Spieler ab Runde 2 zum festgelegten Termin nicht spielen k\u00f6nnen, kann die Partie im Einvernehmen mit dem Gegner und nach vorheriger Zustimmung des Turnierleiters <strong>einmalig<\/strong> verschoben werden. Der f\u00fcr den Anlass verantwortliche Spieler muss sich um das Zustandekommen der Begegnung k\u00fcmmern. Hierbei hat er Zugest\u00e4ndnisse zu machen. In jedem Fall hat der Gewinner der Partie das Ergebnis bis 2 Tage vor dem Folgetermin an den Turnierleiter zu melden. Kommt die Partie nicht zustande, gilt sie f\u00fcr den f\u00fcr den urspr\u00fcnglichen Anlass verantwortlichen Spieler als verloren.<\/pre>\n<pre>Axel Wolf\r\nTurnierleiter<\/pre>\n","protected":false},"excerpt":{"rendered":"<p>KETRE-Pokalturnier als Vorrunde zum Einzel-Pokalturnier im Schachbezirk Freiburg Der KETRE-Pokal wurde erstmalig in den 1950er Jahren ausgespielt und erhielt seinen Namen von den damals noch vorhandenen und teilnehmenden Schachvereinen im Bereich des n\u00f6rdlichen Kaiserstuhls, n\u00e4mlich Kenzingen, Emmendingen, Teningen, Riegel, Endingen. Von den damaligen Vereinen verblieben nur Emmendingen und Endingen, die wechselseitig das j\u00e4hrliche Turnier ausrichteten. &hellip; <a href=\"http:\/\/schachclub-emmendingen.badischer-schachverband.de\/index.php\/turniere\/ketre-pokal\/\" class=\"more-link\"><span class=\"screen-reader-text\">KETRE-Pokal<\/span> weiterlesen <span class=\"meta-nav\">&rarr;<\/span><\/a><\/p>\n","protected":false},"author":4,"featured_media":0,"parent":160,"menu_order":2,"comment_status":"closed","ping_status":"closed","template":"","meta":{"footnotes":""},"class_list":["post-229","page","type-page","status-publish","hentry"],"_links":{"self":[{"href":"http:\/\/schachclub-emmendingen.badischer-schachverband.de\/index.php\/wp-json\/wp\/v2\/pages\/229","targetHints":{"allow":["GET"]}}],"collection":[{"href":"http:\/\/schachclub-emmendingen.badischer-schachverband.de\/index.php\/wp-json\/wp\/v2\/pages"}],"about":[{"href":"http:\/\/schachclub-emmendingen.badischer-schachverband.de\/index.php\/wp-json\/wp\/v2\/types\/page"}],"author":[{"embeddable":true,"href":"http:\/\/schachclub-emmendingen.badischer-schachverband.de\/index.php\/wp-json\/wp\/v2\/users\/4"}],"replies":[{"embeddable":true,"href":"http:\/\/schachclub-emmendingen.badischer-schachverband.de\/index.php\/wp-json\/wp\/v2\/comments?post=229"}],"version-history":[{"count":10,"href":"http:\/\/schachclub-emmendingen.badischer-schachverband.de\/index.php\/wp-json\/wp\/v2\/pages\/229\/revisions"}],"predecessor-version":[{"id":5780,"href":"http:\/\/schachclub-emmendingen.badischer-schachverband.de\/index.php\/wp-json\/wp\/v2\/pages\/229\/revisions\/5780"}],"up":[{"embeddable":true,"href":"http:\/\/schachclub-emmendingen.badischer-schachverband.de\/index.php\/wp-json\/wp\/v2\/pages\/160"}],"wp:attachment":[{"href":"http:\/\/schachclub-emmendingen.badischer-schachverband.de\/index.php\/wp-json\/wp\/v2\/media?parent=229"}],"curies":[{"name":"wp","href":"https:\/\/api.w.org\/{rel}","templated":true}]}}