{"id":215,"date":"2015-10-17T21:38:18","date_gmt":"2015-10-17T21:38:18","guid":{"rendered":"http:\/\/localhost\/wordpress\/?page_id=215"},"modified":"2023-07-23T12:04:26","modified_gmt":"2023-07-23T12:04:26","slug":"5-mannschaft","status":"publish","type":"page","link":"http:\/\/schachclub-emmendingen.badischer-schachverband.de\/index.php\/mannschaften\/5-mannschaft\/","title":{"rendered":"5. Mannschaft bis 2022"},"content":{"rendered":"<p>In der 5. Mannschaft k\u00f6nnen die Spieler erstmalig in das Wettkampfgeschehen innerhalb des BSV hineinschnuppern. Hier wird sich auch zeigen, ob ein nachhaltiges Interesse am Schachsport besteht.<\/p>\n<p>Der SCE hatte sich entschlossen, eine 5. Mannschaft ab der Saison 2015\/16 in der Kreisklasse D als 4er-Mannschaft starten zu lassen. Sie belegte dort den 1. Platz und ist in die Kreisklasse C aufgestiegen.<\/p>\n<p>In der Saison 2016\/17 konnte sich die Mannschaft in der Kreisklasse C etablieren. Sie erreichte mit einem ausgeglichenen Punktekonto einen sicheren Mittelplatz.<\/p>\n<p>In der Saison 2018\/19 spielte sie vorrangig mit jugendlichen Nachwuchsspielern in der <strong><em>Kreisklasse D<\/em><\/strong> und erreichte den sofortigen <strong><em>Wiederaufstieg in die Kreisklasse C<\/em><\/strong>. Hier schaffte sie den Klassenerhalt.<\/p>\n<p>Durch den R\u00fcckzug der Bereichsligamannschaft nach der Coronapause spielte sie wieder in der <em><strong>Kreisklasse D<\/strong><\/em>.<\/p>\n<p>F\u00fcr die Saison 2022\/23 wurde <em>keine<\/em> f\u00fcnfte Mannschaft gemeldet.<\/p>\n<p>Mannschaftsf\u00fchrer ist G\u00fcnter Mench.<\/p>\n<figure id=\"attachment_2718\" aria-describedby=\"caption-attachment-2718\" style=\"width: 448px\" class=\"wp-caption alignnone\"><a href=\"http:\/\/schachclub-emmendingen.badischer-schachverband.de\/wp-content\/uploads\/2016\/03\/DSC_0036web.jpg\" rel=\"attachment wp-att-2718\"><img loading=\"lazy\" decoding=\"async\" class=\"size-full wp-image-2718\" src=\"http:\/\/schachclub-emmendingen.badischer-schachverband.de\/wp-content\/uploads\/2016\/03\/DSC_0036web.jpg\" alt=\"Die F\u00fcnfte 2016\" width=\"448\" height=\"322\" srcset=\"http:\/\/schachclub-emmendingen.badischer-schachverband.de\/wp-content\/uploads\/2016\/03\/DSC_0036web.jpg 448w, http:\/\/schachclub-emmendingen.badischer-schachverband.de\/wp-content\/uploads\/2016\/03\/DSC_0036web-300x216.jpg 300w\" sizes=\"auto, (max-width: 448px) 100vw, 448px\" \/><\/a><figcaption id=\"caption-attachment-2718\" class=\"wp-caption-text\">Die 5. Mannschaft<br \/>v. l. Franz Sifnatsch, Helmut Maier, Hans Hipp, Richard Schweizer, Jonas V\u00f6gtlin, Stefan B\u00fchler, Ruben Gihr und G\u00fcnter Mench<br \/>(Foto: Franz Sifnatsch)<\/figcaption><\/figure>\n<p>Einzelheiten \u00fcber die Entwicklung der Mannschaft zeigt zusammenfassend die untenstehende Tabelle.<br \/>\nBeim Anklicken der Jahreszahl erh\u00e4lt man die Einzelberichte f\u00fcr die jeweilige Saison bis 2020.<br \/>\nDas Anklicken der Rangpl\u00e4tze \u00f6ffnet eine Auflistung aller Ergebnisse der jeweiligen Spielklasse\u00a0im BSV-Ergebnisdienst.<\/p>\n<table class=\"tabelle\">\n<tbody>\n<tr>\n<td>Jahr<\/td>\n<td>Liga<\/td>\n<td>+<\/td>\n<td>\u00bd<\/td>\n<td>&#8211;<\/td>\n<td>BP<\/td>\n<td>MP<\/td>\n<td>Rang<\/td>\n<\/tr>\n<tr>\n<td>2022<\/td>\n<td>Kreisklasse D<\/td>\n<td>5<\/td>\n<td>0<\/td>\n<td>2<\/td>\n<td>19,5:8,5<\/td>\n<td>10-4<\/td>\n<td><a href=\"https:\/\/bsv-ergebnisdienst.de\/?p1=0:pa:KK8D-21-8\">3 von 9<\/a><\/td>\n<\/tr>\n<tr>\n<td class=\"abstieg\"><a href=\"\/index.php\/mannschaften\/5-mannschaft\/saison-2020\/\">2020<\/a><\/td>\n<td>Kreisklasse C<\/td>\n<td>3<\/td>\n<td>2<\/td>\n<td>2<\/td>\n<td>17,5:17,5<\/td>\n<td>8-6<\/td>\n<td><a href=\"https:\/\/bsv-ergebnisdienst.de\/?p1=0:pa:KK8C-19-7\">5 von 10<\/a><\/td>\n<\/tr>\n<tr>\n<td class=\"aufstieg\"><a href=\"\/index.php\/mannschaften\/5-mannschaft\/saison-2019\/\">2019<\/a><\/td>\n<td>Kreisklasse D<\/td>\n<td>4<\/td>\n<td>2<\/td>\n<td>2<\/td>\n<td>20,5:11,5<\/td>\n<td>10-6<\/td>\n<td><a href=\"https:\/\/bsv-ergebnisdienst.de\/?p1=0:pa:KK8D-18-9\">3 von 9<\/a><\/td>\n<\/tr>\n<tr>\n<td class=\"abstieg\"><a href=\"\/index.php\/mannschaften\/5-mannschaft\/saison-2018\/\">2018<\/a><\/td>\n<td>Kreisklasse C<\/td>\n<td>4<\/td>\n<td>1<\/td>\n<td>3<\/td>\n<td>\u00a019:21<\/td>\n<td>9-7<\/td>\n<td><a href=\"https:\/\/bsv-ergebnisdienst.de\/index.php?p1=0:pa:KK8C-17-9\">4 von 9<\/a><\/td>\n<\/tr>\n<tr>\n<td><a href=\"\/index.php\/mannschaften\/5-mannschaft\/saison-2017\/\">2017<\/a><\/td>\n<td>Kreisklasse C<\/td>\n<td>4<\/td>\n<td>0<\/td>\n<td>4<\/td>\n<td>\u00a021,5:17,5<\/td>\n<td>8-8<\/td>\n<td><a href=\"http:\/\/bsv-ergebnisdienst.de\/index.php?p1=0:pa:KK8C-16\" target=\"_blank\" rel=\"noopener noreferrer\">6 von 9<\/a><\/td>\n<\/tr>\n<tr>\n<td class=\"aufstieg\"><a href=\"\/index.php\/mannschaften\/5-mannschaft\/saison-2016-2\/\">2016<\/a><\/td>\n<td>Kreisklasse D<\/td>\n<td>9<\/td>\n<td>0<\/td>\n<td>0<\/td>\n<td>\u00a029,5:6,5<\/td>\n<td>18-0<\/td>\n<td><a href=\"http:\/\/bsv-ergebnisdienst.de\/index.php?p1=0:pa:KK8D-15\" target=\"_blank\" rel=\"noopener noreferrer\">1 von 17<\/a><\/td>\n<\/tr>\n<\/tbody>\n<\/table>\n","protected":false},"excerpt":{"rendered":"<p>In der 5. Mannschaft k\u00f6nnen die Spieler erstmalig in das Wettkampfgeschehen innerhalb des BSV hineinschnuppern. Hier wird sich auch zeigen, ob ein nachhaltiges Interesse am Schachsport besteht. Der SCE hatte sich entschlossen, eine 5. Mannschaft ab der Saison 2015\/16 in der Kreisklasse D als 4er-Mannschaft starten zu lassen. Sie belegte dort den 1. Platz und &hellip; <a href=\"http:\/\/schachclub-emmendingen.badischer-schachverband.de\/index.php\/mannschaften\/5-mannschaft\/\" class=\"more-link\"><span class=\"screen-reader-text\">5. Mannschaft bis 2022<\/span> weiterlesen <span class=\"meta-nav\">&rarr;<\/span><\/a><\/p>\n","protected":false},"author":4,"featured_media":0,"parent":162,"menu_order":0,"comment_status":"closed","ping_status":"closed","template":"","meta":{"footnotes":""},"class_list":["post-215","page","type-page","status-publish","hentry"],"_links":{"self":[{"href":"http:\/\/schachclub-emmendingen.badischer-schachverband.de\/index.php\/wp-json\/wp\/v2\/pages\/215","targetHints":{"allow":["GET"]}}],"collection":[{"href":"http:\/\/schachclub-emmendingen.badischer-schachverband.de\/index.php\/wp-json\/wp\/v2\/pages"}],"about":[{"href":"http:\/\/schachclub-emmendingen.badischer-schachverband.de\/index.php\/wp-json\/wp\/v2\/types\/page"}],"author":[{"embeddable":true,"href":"http:\/\/schachclub-emmendingen.badischer-schachverband.de\/index.php\/wp-json\/wp\/v2\/users\/4"}],"replies":[{"embeddable":true,"href":"http:\/\/schachclub-emmendingen.badischer-schachverband.de\/index.php\/wp-json\/wp\/v2\/comments?post=215"}],"version-history":[{"count":11,"href":"http:\/\/schachclub-emmendingen.badischer-schachverband.de\/index.php\/wp-json\/wp\/v2\/pages\/215\/revisions"}],"predecessor-version":[{"id":8362,"href":"http:\/\/schachclub-emmendingen.badischer-schachverband.de\/index.php\/wp-json\/wp\/v2\/pages\/215\/revisions\/8362"}],"up":[{"embeddable":true,"href":"http:\/\/schachclub-emmendingen.badischer-schachverband.de\/index.php\/wp-json\/wp\/v2\/pages\/162"}],"wp:attachment":[{"href":"http:\/\/schachclub-emmendingen.badischer-schachverband.de\/index.php\/wp-json\/wp\/v2\/media?parent=215"}],"curies":[{"name":"wp","href":"https:\/\/api.w.org\/{rel}","templated":true}]}}