{"id":2128,"date":"2016-02-07T19:36:02","date_gmt":"2016-02-07T19:36:02","guid":{"rendered":"http:\/\/schachclub-emmendingen.badischer-schachverband.de\/?page_id=2128"},"modified":"2016-02-08T21:47:38","modified_gmt":"2016-02-08T21:47:38","slug":"pokal-2014","status":"publish","type":"page","link":"http:\/\/schachclub-emmendingen.badischer-schachverband.de\/index.php\/mannschaften\/pokal\/pokal-2014\/","title":{"rendered":"2014"},"content":{"rendered":"<h5>Badische Pokal-Mannschafts-Meisterschaft (BPMM) 2014<\/h5>\n<p>In diesem Jahr nahm der Schachclub Emmendingen mit nur einer Mannschaft am Pokal-Wettbewerb teil.<br \/>\nAuf Bezirksebene konnte diese mit einem Sieg \u00fcber Dreisamtal die Meisterschaft erringen. Damit hatten sich Emmendingen, wie auch der Zweitplatzierte Dreisamtal, f\u00fcr die Endrunde auf badischer Ebene qualifiziert.<\/p>\n<p>In der Endrunde hat die Pokal-Mannschaft des SC Emmendingen mit Siegen \u00fcber Villingen in Runde 1, Engen in Runde 2 und nunmehr am 29.06. auch Ettlingen in Runde 3 das Halbfinale erreicht. Die Halbfinalbegegnung gegen Ladenburg fand am 19.07. in Ladenburg statt und endete mit einem deutlichen 3\u00bd-\u00bd-Sieg. Am selben Tag fand auch die zweite Halbfinalbegegnung Eppingen gegen Walldorf statt, die Eppingen mit 2\u00bd-1\u00bd f\u00fcr sich entscheiden konnte. Die Walldorfer waren kurzfristig f\u00fcr die Waldshuter eingesprungen.<\/p>\n<p>Am Sonntag spielten die Sieger vom Samstag um die Meisterschaft und die Verlierer um den 3. Platz. Die Pokal-Mannschaft vom SC Emmendingen musste gegen die Eppinger antreten. Es spielten J\u00f6rg Weidemann, Marcos Osorio, Christof Herbrechtsmeier und Gerhard Kiefer. \u00dcberraschend setzten die Eppinger 2 neue Spieler ein. An Brett 1 musste sich J\u00f6rg Weidemann gegen den FM Christopher Noe (2310) erwehren und schlie\u00dflich passen. Der Sieg von Marcos Osorio und die beiden Remis von Christof Herbrechtsmeier und Gerhard Kiefer ergaben zwar einen 2:2-Endstand.<\/p>\n<figure id=\"attachment_2057\" aria-describedby=\"caption-attachment-2057\" style=\"width: 448px\" class=\"wp-caption alignnone\"><a href=\"http:\/\/schachclub-emmendingen.badischer-schachverband.de\/wp-content\/uploads\/2016\/02\/P1040662.jpg\" rel=\"attachment wp-att-2057\"><img loading=\"lazy\" decoding=\"async\" class=\"wp-image-2057 size-full\" src=\"http:\/\/schachclub-emmendingen.badischer-schachverband.de\/wp-content\/uploads\/2016\/02\/P1040662.jpg\" alt=\"P1040662\" width=\"448\" height=\"336\" srcset=\"http:\/\/schachclub-emmendingen.badischer-schachverband.de\/wp-content\/uploads\/2016\/02\/P1040662.jpg 448w, http:\/\/schachclub-emmendingen.badischer-schachverband.de\/wp-content\/uploads\/2016\/02\/P1040662-300x225.jpg 300w\" sizes=\"auto, (max-width: 448px) 100vw, 448px\" \/><\/a><figcaption id=\"caption-attachment-2057\" class=\"wp-caption-text\">Die Pokal-Mannschaft 2014 des SC Emmendingen erreicht die Vizemeisterschaft und kommt unter die letzten 32 Mannschaften beim Deutschland-Pokal. v. l.: Gerhard Kiefer, Marcos Osorio, Christof Herbrechtsmeier und J\u00f6rg Weidemann (Foto: Karl Ziegler)<\/figcaption><\/figure>\n<p>Aufgrund der Berliner Wertung hatte aber Emmendingen das Nachsehen. So war es am Ende f\u00fcr Emmendingen eine \u00e4u\u00dferst knappe Niederlage gegen den Bundesligisten Eppingen. Immerhin war die Badische Pokal-Vizemeisterschaft 2014 f\u00fcr Emmendingen gesichert und damit die Berechtigung zur Deutschen Pokal-Meisterschaft mit den 32 besten deutschen Pokal-Mannschaften errungen.<\/p>\n<p>Einzelheiten im <a href=\"http:\/\/schachclub-emmendingen.badischer-schachverband.de\/index.php\/2014\/07\/29\/bericht-pokalmannschaft\/\">Bericht Pokalmannschaft<\/a><\/p>\n","protected":false},"excerpt":{"rendered":"<p>Badische Pokal-Mannschafts-Meisterschaft (BPMM) 2014 In diesem Jahr nahm der Schachclub Emmendingen mit nur einer Mannschaft am Pokal-Wettbewerb teil. Auf Bezirksebene konnte diese mit einem Sieg \u00fcber Dreisamtal die Meisterschaft erringen. Damit hatten sich Emmendingen, wie auch der Zweitplatzierte Dreisamtal, f\u00fcr die Endrunde auf badischer Ebene qualifiziert. In der Endrunde hat die Pokal-Mannschaft des SC Emmendingen &hellip; <a href=\"http:\/\/schachclub-emmendingen.badischer-schachverband.de\/index.php\/mannschaften\/pokal\/pokal-2014\/\" class=\"more-link\"><span class=\"screen-reader-text\">2014<\/span> weiterlesen <span class=\"meta-nav\">&rarr;<\/span><\/a><\/p>\n","protected":false},"author":4,"featured_media":0,"parent":2055,"menu_order":9,"comment_status":"closed","ping_status":"closed","template":"","meta":{"footnotes":""},"class_list":["post-2128","page","type-page","status-publish","hentry"],"_links":{"self":[{"href":"http:\/\/schachclub-emmendingen.badischer-schachverband.de\/index.php\/wp-json\/wp\/v2\/pages\/2128","targetHints":{"allow":["GET"]}}],"collection":[{"href":"http:\/\/schachclub-emmendingen.badischer-schachverband.de\/index.php\/wp-json\/wp\/v2\/pages"}],"about":[{"href":"http:\/\/schachclub-emmendingen.badischer-schachverband.de\/index.php\/wp-json\/wp\/v2\/types\/page"}],"author":[{"embeddable":true,"href":"http:\/\/schachclub-emmendingen.badischer-schachverband.de\/index.php\/wp-json\/wp\/v2\/users\/4"}],"replies":[{"embeddable":true,"href":"http:\/\/schachclub-emmendingen.badischer-schachverband.de\/index.php\/wp-json\/wp\/v2\/comments?post=2128"}],"version-history":[{"count":4,"href":"http:\/\/schachclub-emmendingen.badischer-schachverband.de\/index.php\/wp-json\/wp\/v2\/pages\/2128\/revisions"}],"predecessor-version":[{"id":2141,"href":"http:\/\/schachclub-emmendingen.badischer-schachverband.de\/index.php\/wp-json\/wp\/v2\/pages\/2128\/revisions\/2141"}],"up":[{"embeddable":true,"href":"http:\/\/schachclub-emmendingen.badischer-schachverband.de\/index.php\/wp-json\/wp\/v2\/pages\/2055"}],"wp:attachment":[{"href":"http:\/\/schachclub-emmendingen.badischer-schachverband.de\/index.php\/wp-json\/wp\/v2\/media?parent=2128"}],"curies":[{"name":"wp","href":"https:\/\/api.w.org\/{rel}","templated":true}]}}