{"id":2126,"date":"2016-02-07T19:33:52","date_gmt":"2016-02-07T19:33:52","guid":{"rendered":"http:\/\/schachclub-emmendingen.badischer-schachverband.de\/?page_id=2126"},"modified":"2016-09-04T19:55:09","modified_gmt":"2016-09-04T19:55:09","slug":"pokal-2015","status":"publish","type":"page","link":"http:\/\/schachclub-emmendingen.badischer-schachverband.de\/index.php\/mannschaften\/pokal\/pokal-2015\/","title":{"rendered":"2015"},"content":{"rendered":"<h3>Badische Pokal-Mannschafts-Meisterschaft (BPMM) 2015<\/h3>\n<h5>Emmendingen holt sich den Badischen Pokal<\/h5>\n<p>Die Endrunde fand am 25.07. und 26.07. in Emmendingen statt.<br \/>\nAm 25.07. kam es in der 4. Runde zu folgenden Begegnungen:<\/p>\n<table class=\"spiel\">\n<colgroup>\n<col width=\"40%\" \/>\n<col width=\"40%\" \/><\/colgroup>\n<tbody>\n<tr>\n<td align=\"left\">BG Buchen<\/td>\n<td align=\"left\">SC Dreil\u00e4ndereck<\/td>\n<\/tr>\n<tr>\n<td align=\"left\">SF Sasbach<\/td>\n<td align=\"left\">SC Emmendingen<\/td>\n<\/tr>\n<\/tbody>\n<\/table>\n<p>Spielort: Seniorenwohnanlage Teningen, Rheinstr. 2a ab 14:00 Uhr<\/p>\n<h6>Badischer Pokal 2015 Runde 5<\/h6>\n<p>Die jeweiligen Sieger spielten am Sonntag um den Badischen Pokal. In einem spannenden Finale k\u00e4mpften am Sonntag in der AWO in Teningen der SC Emmendingen und BG Buchen gegeneinander:<\/p>\n<table class=\"spiel\">\n<colgroup>\n<col width=\"40%\" \/>\n<col width=\"5%\" \/>\n<col width=\"40%\" \/>\n<col width=\"5%\" \/>\n<col width=\"5%\" \/>\n<col width=\"5%\" \/> <\/colgroup>\n<tbody>\n<tr>\n<th align=\"left\">SC Emmendingen<\/th>\n<th align=\"center\">2347<\/th>\n<th align=\"left\">BG Buchen<\/th>\n<th align=\"center\">2254<\/th>\n<th align=\"center\">2<\/th>\n<th align=\"center\">2<\/th>\n<\/tr>\n<tr>\n<td>GM Sokolov, Andrei<\/td>\n<td align=\"center\">2472<\/td>\n<td>IM Eisenbeiser, Amadeus<\/td>\n<td align=\"center\">2354<\/td>\n<td align=\"center\">\u00bd<\/td>\n<td align=\"center\">\u00bd<\/td>\n<\/tr>\n<tr>\n<td>IM Hommeles, Theo<\/td>\n<td align=\"center\">2391<\/td>\n<td>IM Dobosz, Hendryk<\/td>\n<td align=\"center\">2352<\/td>\n<td align=\"center\">\u00bd<\/td>\n<td align=\"center\">\u00bd<\/td>\n<\/tr>\n<tr>\n<td>FM Weidemann, J\u00f6rg<\/td>\n<td align=\"center\">2281<\/td>\n<td>Engel, Berthold<\/td>\n<td align=\"center\">2128<\/td>\n<td align=\"center\">1<\/td>\n<td align=\"center\">0<\/td>\n<\/tr>\n<tr>\n<td>Bauer, Andreas<\/td>\n<td align=\"center\">2242<\/td>\n<td>Reinhardt, Bernd<\/td>\n<td align=\"center\">2180<\/td>\n<td align=\"center\">0<\/td>\n<td align=\"center\">1<\/td>\n<\/tr>\n<\/tbody>\n<\/table>\n<p>Bei einem Remis gilt die Berliner Wertung, bei der die vorderen Bretter mehr z\u00e4hlen. Brett 1 und 2 waren punktgleich, also z\u00e4hlte die gewonnene Partie an Brett 3 f\u00fcr Emmendingen. FM J\u00f6rg Weidemann konnte in einem Turmendspiel seinen Mehrbauern zur Umwandlung f\u00fchren. <strong>Emmendingen war Sieger und Badischer Pokalmeister 2015<\/strong>. Dieses gro\u00dfartige Ergebnis schaffte der SC Emmendingen schon einmal im Jahr 2011.<\/p>\n<figure id=\"attachment_2056\" aria-describedby=\"caption-attachment-2056\" style=\"width: 1920px\" class=\"wp-caption alignnone\"><a href=\"http:\/\/schachclub-emmendingen.badischer-schachverband.de\/wp-content\/uploads\/2016\/02\/2015BPMM-133.jpg\" rel=\"attachment wp-att-2056\"><img loading=\"lazy\" decoding=\"async\" class=\"wp-image-2056 size-full\" src=\"http:\/\/schachclub-emmendingen.badischer-schachverband.de\/wp-content\/uploads\/2016\/02\/2015BPMM-133.jpg\" alt=\"2015BPMM 133\" width=\"1920\" height=\"1080\" srcset=\"http:\/\/schachclub-emmendingen.badischer-schachverband.de\/wp-content\/uploads\/2016\/02\/2015BPMM-133.jpg 1920w, http:\/\/schachclub-emmendingen.badischer-schachverband.de\/wp-content\/uploads\/2016\/02\/2015BPMM-133-300x169.jpg 300w, http:\/\/schachclub-emmendingen.badischer-schachverband.de\/wp-content\/uploads\/2016\/02\/2015BPMM-133-768x432.jpg 768w, http:\/\/schachclub-emmendingen.badischer-schachverband.de\/wp-content\/uploads\/2016\/02\/2015BPMM-133-1024x576.jpg 1024w\" sizes=\"auto, (max-width: 1920px) 100vw, 1920px\" \/><\/a><figcaption id=\"caption-attachment-2056\" class=\"wp-caption-text\">Der Badische Pokalmeister 2015 v.l. Wolfgang Schmidt, Schiedsrichter Oliver Bacher, IM Theo Hommeles, BSV-Vertreter Winfried Sch\u00fcler, FM Christof Herbrechtsmeier (Mannschaftsf\u00fchrer), Thomas M\u00e4dler (Vorsitzender SC Emmendingen), FM J\u00f6rg Weidemann, Jens Rahnfeld und Andreas Bauer Nicht im Bild: GM Andrei Sokolov, Thomas Ehret, Iouri Sorokovski, Marcos Osorio und Gerhard Kiefer (Foto: Axel Wolf)<\/figcaption><\/figure>\n<p>Das Spiel um Platz 3 konnte SC Dreil\u00e4ndereck in der Besetzung Patrik Grandadam, Nicolas Grandadam, Mosko Gr\u00fcnberger und J\u00f6rg Fiedler gegen SF Sasbach f\u00fcr sich entscheiden.<br \/>\n<a href=\"http:\/\/schachclub-emmendingen.badischer-schachverband.de\/index.php\/2015\/07\/27\/emmendingen-ist-badischer-pokalmeister\/\">Spielbericht<\/a><\/p>\n<hr>\n<h6>Badischer Pokal 2015 Runde 4<\/h6>\n<p>Am Samstag, den 25.07.2015, trafen im Halbfinale der Badischen Pokal-Mannschafts-Meisterschaft die verbliebenen 4 Mannschaften BG Buchen, SC Dreil\u00e4ndereck, SF Sasbach (Ortenau) und SC Emmendingen in Teningen aufeinander. Nach der Aufstellung waren die Mannschaften von Buchen und Emmendingen favorisiert. Diese setzten sich auch souver\u00e4n durch:<\/p>\n<table class=\"spiel\">\n<colgroup>\n<col width=\"40%\" \/>\n<col width=\"5%\" \/>\n<col width=\"40%\" \/>\n<col width=\"5%\" \/>\n<col width=\"5%\" \/>\n<col width=\"5%\" \/> <\/colgroup>\n<tbody>\n<tr>\n<td align=\"left\">BG Buchen<\/td>\n<td align=\"center\">2254 <\/td>\n<td align=\"left\">SC Dreil\u00e4ndereck<\/td>\n<td align=\"center\">2014<\/td>\n<td align=\"center\">3<\/td>\n<td align=\"center\">1<\/td>\n<\/tr>\n<tr>\n<td align=\"left\">SF Sasbach<\/td>\n<td align=\"center\">2072 <\/td>\n<td align=\"left\">SC Emmendingen<\/td>\n<td align=\"center\">2347 <\/td>\n<td align=\"center\">\u00bd<\/td>\n<td align=\"center\">3\u00bd<\/td>\n<\/tr>\n<\/tbody>\n<\/table>\n<p>Damit kommt es am Sonntag im Finale zur Begegnung:<\/p>\n<table class=\"spiel\">\n<tbody>\n<tr>\n<th align=\"center\">SC Emmendingen<\/th>\n<th align=\"center\">BG Buchen<\/th>\n<\/tr>\n<\/tbody>\n<\/table>\n<p>Der Sieger wird Badischer Pokal-Mannschafts-Meister 2015. Es wird ein spannender Kampf erwartet.<br \/>\nSF Sasbach und SC Dreil\u00e4ndereck k\u00e4mpfen um den 3. Platz.<\/p>\n<hr>\n<h6>Badischer Pokal 2015 Runde 3<\/h6>\n<p>Die dritte Runde fand am 05.07.2015 in Emmendingen statt.<\/p>\n<table class=\"spiel\">\n<colgroup>\n<col width=\"40%\" \/>\n<col width=\"5%\" \/>\n<col width=\"40%\" \/>\n<col width=\"5%\" \/>\n<col width=\"5%\" \/>\n<col width=\"5%\" \/> <\/colgroup>\n<tbody>\n<tr>\n<th align=\"left\">SC Emmendingen<\/th>\n<th align=\"center\">2251 <\/th>\n<th align=\"left\">SC Eppingen<\/th>\n<th align=\"center\">2121<\/th>\n<th align=\"center\">3<\/th>\n<th align=\"center\">1<\/th>\n<\/tr>\n<tr>\n<td align=\"left\" class=\"black\">Sokolov, Andrei<\/td>\n<td align=\"center\">2476<\/td>\n<td align=\"left\">Noe, Christopher<\/td>\n<td align=\"center\">2389<\/td>\n<td align=\"center\">\u00bd<\/td>\n<td align=\"center\">\u00bd<\/td>\n<\/tr>\n<tr>\n<td align=\"left\" class=\"white\">Weidemann, J\u00f6rg<\/td>\n<td align=\"center\">2281<\/td>\n<td align=\"left\">Dekan, Hans<\/td>\n<td align=\"center\">2111<\/td>\n<td align=\"center\">1<\/td>\n<td align=\"center\">0<\/td>\n<\/tr>\n<tr>\n<td align=\"left\" class=\"white\">Bauer, Andreas<\/td>\n<td align=\"center\">2242<\/td>\n<td align=\"left\">Beer, Markus<\/td>\n<td align=\"center\">2024<\/td>\n<td align=\"center\">\u00bd<\/td>\n<td align=\"center\">\u00bd<\/td>\n<\/tr>\n<tr>\n<td align=\"left\" class=\"black\">Ehret, Thomas<\/td>\n<td align=\"center\">2010<\/td>\n<td align=\"left\">Reimold, Jonas<\/td>\n<td align=\"center\">1961<\/td>\n<td align=\"center\">1<\/td>\n<td align=\"center\">0<\/td>\n<\/tr>\n<\/tbody>\n<\/table>\n<p>Fr\u00fch einigte sich Andrei Sokolov an Brett 1 auf ein Remis. An Brett 2 konnte J\u00f6rg Weidemann seinen Gegner bereits in der Er\u00f6ffnung in Nachteil bringen, den er nicht mehr aus der Hand gab. Als dann auch Thomas Ehret seine Partie mit Schwarz zum Erfolg bringen konnte, war der Mannschaftskampf f\u00fcr Emmendingen bereits gewonnen, und man remisierte an Brett 3. Der Endstand von 3:1 bringt Emmendingen ins Halbfinale.<\/p>\n<p>Dieses findet am Samstag, den 25.07.2015, in Emmendingen statt. Am Sonntag, den 26.07.2015, folgen dann der Kampf um den 3. Platz und das Finale.<\/p>\n<hr>\n<h6>Badischer Pokal 2015 Runde 2<\/h6>\n<p>Die zweite Runde fand am 14.06.2015 in Emmendingen statt.<\/p>\n<table class=\"spiel\">\n<colgroup>\n<col width=\"40%\" \/>\n<col width=\"5%\" \/>\n<col width=\"40%\" \/>\n<col width=\"5%\" \/>\n<col width=\"5%\" \/>\n<col width=\"5%\" \/> <\/colgroup>\n<tbody>\n<tr>\n<th align=\"left\">SC Emmendingen<\/th>\n<th align=\"center\">2177<\/th>\n<th align=\"left\">SVG Konstanz<\/th>\n<th align=\"center\">1871<\/th>\n<th align=\"center\">4<\/th>\n<th align=\"center\">0<\/th>\n<\/tr>\n<tr>\n<td align=\"left\" class=\"black\">Weidemann, J\u00f6rg<\/td>\n<td align=\"center\">2281<\/td>\n<td align=\"left\">Penzel, J\u00f6rn-Kai<\/td>\n<td align=\"center\">1954<\/td>\n<td align=\"center\">1<\/td>\n<td align=\"center\">0<\/td>\n<\/tr>\n<tr>\n<td align=\"left\" class=\"white\">Bauer, Andreas<\/td>\n<td align=\"center\">2242<\/td>\n<td align=\"left\">Petras, Nils<\/td>\n<td align=\"center\">1839<\/td>\n<td align=\"center\">1<\/td>\n<td align=\"center\">0<\/td>\n<\/tr>\n<tr>\n<td align=\"left\" class=\"white\">Ehret, Thomas<\/td>\n<td align=\"center\">2010<\/td>\n<td align=\"left\">Schmid, Joachim, Dr.<\/td>\n<td align=\"center\">1820<\/td>\n<td align=\"center\">1<\/td>\n<td align=\"center\">0<\/td>\n<\/tr>\n<tr>\n<td align=\"left\" class=\"black\">Kiefer, Gerhard<\/td>\n<td align=\"center\">2175<\/td>\n<td align=\"left\">unbesetzt<\/td>\n<td align=\"center\"><\/td>\n<td align=\"center\">+<\/td>\n<td align=\"center\">&#8211;<\/td>\n<\/tr>\n<\/tbody>\n<\/table>\n<p>Schon dadurch, dass die Konstanzer nur mit 3 Spielern anreisten, war f\u00fcr Emmendingen die Aufgabe in Runde 2 gut l\u00f6sbar. Damit ist Emmendingen unter die letzten 8 Mannschaften auf Badischer Ebene vorgedrungen.<\/p>\n<hr>\n<h6>Badischer Pokal 2015 Runde 1<\/h6>\n<p>In Kuppenheim wurde am 17.05.2015 in der ersten Runde ein Remis erreicht. Durch den Sieg von Andreas Bauer an Brett 3 gelang nach der Berliner Wertung der Mannschaftssieg.<\/p>\n<table class=\"spiel\">\n<colgroup>\n<col width=\"40%\" \/>\n<col width=\"5%\" \/>\n<col width=\"40%\" \/>\n<col width=\"5%\" \/>\n<col width=\"5%\" \/>\n<col width=\"5%\" \/> <\/colgroup>\n<tbody>\n<tr>\n<th align=\"left\">SGR Kuppenheim<\/th>\n<th align=\"center\">2218 <\/th>\n<th align=\"left\">SC Emmendingen<\/th>\n<th align=\"center\">2296<\/th>\n<th align=\"center\">2<\/th>\n<th align=\"center\">2<\/th>\n<\/tr>\n<tr>\n<td align=\"left\" class=\"black\">Roos,Jean-Luc<\/td>\n<td align=\"center\">2217<\/td>\n<td align=\"left\">Hommeles,Theo<\/td>\n<td align=\"center\">2391<\/td>\n<td align=\"center\">\u00bd<\/td>\n<td align=\"center\">\u00bd<\/td>\n<\/tr>\n<tr>\n<td align=\"left\" class=\"white\">Metz,Hartmut<\/td>\n<td align=\"center\">2243<\/td>\n<td align=\"left\">Weidemann,J\u00f6rg<\/td>\n<td align=\"center\">2281<\/td>\n<td align=\"center\">\u00bd<\/td>\n<td align=\"center\">\u00bd<\/td>\n<\/tr>\n<tr>\n<td align=\"left\" class=\"white\">Kresovic,Velimir<\/td>\n<td align=\"center\">2137<\/td>\n<td align=\"left\">Bauer,Andreas<\/td>\n<td align=\"center\">2242<\/td>\n<td align=\"center\">0<\/td>\n<td align=\"center\">1<\/td>\n<\/tr>\n<tr>\n<td align=\"left\" class=\"black\">Schuh,Hubert<\/td>\n<td align=\"center\">2275<\/td>\n<td align=\"left\">Herbrechtsmeier,Christof<\/td>\n<td align=\"center\">2270<\/td>\n<td align=\"center\">1<\/td>\n<td align=\"center\">0<\/td>\n<\/tr>\n<\/tbody>\n<\/table>\n<p>Am 14.06.2015 empf\u00e4ngt der SC Emmendingen zum Heimspiel in Runde 2 die SVG Konstanz.<\/p>\n<hr>\n<h4>Bezirkspokal 2014\/15<\/h4>\n<h5>Emmendingen wird Pokal-Mannschafts-Meister des Schachbezirks Freiburg 2015<\/h5>\n<p>In der Saison 2014\/15 stellte Emmendingen wiederum eine Pokal-Mannschaft. Als letztj\u00e4hriger Bezirksmeister war der Titel zu verteidigen. Dieses ist souver\u00e4n gelungen:<\/p>\n<h6>Runde 2<\/h6>\n<table class=\"spiel\">\n<colgroup>\n<col width=\"40%\" \/>\n<col width=\"40%\" \/>\n<col width=\"5%\" \/>\n<col width=\"5%\" \/> <\/colgroup>\n<tbody>\n<tr>\n<th align=\"left\">SC Emmendingen<\/th>\n<th align=\"left\">Umkirch<\/th>\n<th align=\"center\">4<\/th>\n<th align=\"center\">0<\/th>\n<\/tr>\n<tr>\n<td align=\"left\">Herbrechtsmeier<\/td>\n<td align=\"left\">Risch<\/td>\n<td align=\"center\">1<\/td>\n<td align=\"center\">0<\/td>\n<\/tr>\n<tr>\n<td align=\"left\">Ehret<\/td>\n<td align=\"left\">Ufheil<\/td>\n<td align=\"center\">1<\/td>\n<td align=\"center\">0<\/td>\n<\/tr>\n<tr>\n<td align=\"left\">Sorokovski<\/td>\n<td align=\"left\">Rahnfeld<\/td>\n<td align=\"center\">1<\/td>\n<td align=\"center\">0<\/td>\n<\/tr>\n<tr>\n<td align=\"left\">Schmidt<\/td>\n<td align=\"left\">Saffran<\/td>\n<td align=\"center\">1<\/td>\n<td align=\"center\">0<\/td>\n<\/tr>\n<\/tbody>\n<\/table>\n<h6>Runde 3<\/h6>\n<table class=\"spiel\">\n<colgroup>\n<col width=\"40%\" \/>\n<col width=\"40%\" \/>\n<col width=\"5%\" \/>\n<col width=\"5%\" \/> <\/colgroup>\n<tbody>\n<tr>\n<th align=\"left\">Schwarze Pumpe FR<\/th>\n<th align=\"left\">Emmendingen<\/th>\n<th align=\"center\">0<\/th>\n<th align=\"center\">4<\/th>\n<\/tr>\n<tr>\n<td align=\"left\">Trost<\/td>\n<td align=\"left\">Weidemann<\/td>\n<td align=\"center\">0<\/td>\n<td align=\"center\">1<\/td>\n<\/tr>\n<tr>\n<td align=\"left\">Steinbrenner<\/td>\n<td align=\"left\">Osorio<\/td>\n<td align=\"center\">0<\/td>\n<td align=\"center\">1<\/td>\n<\/tr>\n<tr>\n<td align=\"left\">Glockmann<\/td>\n<td align=\"left\">Rahnfeld<\/td>\n<td align=\"center\">0<\/td>\n<td align=\"center\">1<\/td>\n<\/tr>\n<tr>\n<td align=\"left\">Hirscher<\/td>\n<td align=\"left\">Ehret<\/td>\n<td align=\"center\">0<\/td>\n<td align=\"center\">1<\/td>\n<\/tr>\n<\/tbody>\n<\/table>\n<h6>Runde 4<\/h6>\n<table  class=\"spiel\">\n<colgroup>\n<col width=\"40%\" \/>\n<col width=\"40%\" \/>\n<col width=\"5%\" \/>\n<col width=\"5%\" \/> <\/colgroup>\n<tbody>\n<tr>\n<th align=\"left\">Emmendingen<\/th>\n<th align=\"left\">Oberwinden<\/th>\n<th align=\"center\">3<\/th>\n<th align=\"center\">1<\/th>\n<\/tr>\n<tr>\n<td align=\"left\">Weidemann<\/td>\n<td align=\"left\">R\u00f6sch<\/td>\n<td align=\"center\">\u00bd<\/td>\n<td align=\"center\">\u00bd<\/td>\n<\/tr>\n<tr>\n<td align=\"left\">Osorio<\/td>\n<td align=\"left\">Lang<\/td>\n<td align=\"center\">1<\/td>\n<td align=\"center\">0<\/td>\n<\/tr>\n<tr>\n<td align=\"left\">Bauer<\/td>\n<td align=\"left\">V\u00f6lker<\/td>\n<td align=\"center\">\u00bd<\/td>\n<td align=\"center\">\u00bd<\/td>\n<\/tr>\n<tr>\n<td align=\"left\">Sorokovski<\/td>\n<td align=\"left\">Germer<\/td>\n<td align=\"center\">1<\/td>\n<td align=\"center\">0<\/td>\n<\/tr>\n<\/tbody>\n<\/table>\n<h6>Runde 5<\/h6>\n<table class=\"spiel\">\n<colgroup>\n<col width=\"40%\" \/>\n<col width=\"40%\" \/>\n<col width=\"5%\" \/>\n<col width=\"5%\" \/> <\/colgroup>\n<tbody>\n<tr>\n<th align=\"left\">Heitersheim 2<\/th>\n<th align=\"left\">Emmendingen<\/th>\n<th align=\"center\">\u00bd<\/th>\n<th align=\"center\">3\u00bd<\/th>\n<\/tr>\n<tr>\n<td align=\"left\">Grunau<\/td>\n<td align=\"left\">Weidemann<\/td>\n<td align=\"center\">0<\/td>\n<td align=\"center\">1<\/td>\n<\/tr>\n<tr>\n<td align=\"left\">Winter<\/td>\n<td align=\"left\">Sorokovski<\/td>\n<td align=\"center\">\u00bd<\/td>\n<td align=\"center\">\u00bd<\/td>\n<\/tr>\n<tr>\n<td align=\"left\">Goldbach<\/td>\n<td align=\"left\">Bauer<\/td>\n<td align=\"center\">0<\/td>\n<td align=\"center\">1<\/td>\n<\/tr>\n<tr>\n<td align=\"left\">Stich<\/td>\n<td align=\"left\">Schmidt<\/td>\n<td align=\"center\">0<\/td>\n<td align=\"center\">1<\/td>\n<\/tr>\n<\/tbody>\n<\/table>\n<p>Damit wurde Emmendingen auch 2015 <strong>Bezirks-Pokal-Mannschafts-Meister<\/strong>.<br \/>\nGleichzeitig wurde die Qualifikation zur Runde im Badenpokal erreicht. Das erste Spiel findet am 17.05.2015 in Kuppenheim statt. (siehe oben)<\/p>\n","protected":false},"excerpt":{"rendered":"<p>Badische Pokal-Mannschafts-Meisterschaft (BPMM) 2015 Emmendingen holt sich den Badischen Pokal Die Endrunde fand am 25.07. und 26.07. in Emmendingen statt. Am 25.07. kam es in der 4. Runde zu folgenden Begegnungen: BG Buchen SC Dreil\u00e4ndereck SF Sasbach SC Emmendingen Spielort: Seniorenwohnanlage Teningen, Rheinstr. 2a ab 14:00 Uhr Badischer Pokal 2015 Runde 5 Die jeweiligen Sieger &hellip; <a href=\"http:\/\/schachclub-emmendingen.badischer-schachverband.de\/index.php\/mannschaften\/pokal\/pokal-2015\/\" class=\"more-link\"><span class=\"screen-reader-text\">2015<\/span> weiterlesen <span class=\"meta-nav\">&rarr;<\/span><\/a><\/p>\n","protected":false},"author":4,"featured_media":0,"parent":2055,"menu_order":8,"comment_status":"closed","ping_status":"closed","template":"","meta":{"footnotes":""},"class_list":["post-2126","page","type-page","status-publish","hentry"],"_links":{"self":[{"href":"http:\/\/schachclub-emmendingen.badischer-schachverband.de\/index.php\/wp-json\/wp\/v2\/pages\/2126","targetHints":{"allow":["GET"]}}],"collection":[{"href":"http:\/\/schachclub-emmendingen.badischer-schachverband.de\/index.php\/wp-json\/wp\/v2\/pages"}],"about":[{"href":"http:\/\/schachclub-emmendingen.badischer-schachverband.de\/index.php\/wp-json\/wp\/v2\/types\/page"}],"author":[{"embeddable":true,"href":"http:\/\/schachclub-emmendingen.badischer-schachverband.de\/index.php\/wp-json\/wp\/v2\/users\/4"}],"replies":[{"embeddable":true,"href":"http:\/\/schachclub-emmendingen.badischer-schachverband.de\/index.php\/wp-json\/wp\/v2\/comments?post=2126"}],"version-history":[{"count":9,"href":"http:\/\/schachclub-emmendingen.badischer-schachverband.de\/index.php\/wp-json\/wp\/v2\/pages\/2126\/revisions"}],"predecessor-version":[{"id":3283,"href":"http:\/\/schachclub-emmendingen.badischer-schachverband.de\/index.php\/wp-json\/wp\/v2\/pages\/2126\/revisions\/3283"}],"up":[{"embeddable":true,"href":"http:\/\/schachclub-emmendingen.badischer-schachverband.de\/index.php\/wp-json\/wp\/v2\/pages\/2055"}],"wp:attachment":[{"href":"http:\/\/schachclub-emmendingen.badischer-schachverband.de\/index.php\/wp-json\/wp\/v2\/media?parent=2126"}],"curies":[{"name":"wp","href":"https:\/\/api.w.org\/{rel}","templated":true}]}}