{"id":2055,"date":"2015-11-03T21:33:40","date_gmt":"2015-11-03T21:33:40","guid":{"rendered":"http:\/\/schachclub-emmendingen.badischer-schachverband.de\/?page_id=2055"},"modified":"2018-10-11T16:02:23","modified_gmt":"2018-10-11T16:02:23","slug":"pokal","status":"publish","type":"page","link":"http:\/\/schachclub-emmendingen.badischer-schachverband.de\/index.php\/mannschaften\/pokal\/","title":{"rendered":"Pokal"},"content":{"rendered":"<p>Emmendingen nimmt regelm\u00e4\u00dfig mit einer Mannschaft an den Pokal-Meisterschaften teil. Sie errang einige Male die Bezirksmeisterschaft. Die gr\u00f6\u00dften Erfolge waren im Jahr 2011 der Gewinn des Badischen Pokals und die Teilnahme an der Deutschen Pokal-Meisterschaft.<br \/>\nDieser Erfolg konnte in der Saison 2014\/15 wiederholt werden. Die Wettk\u00e4mpfe der Deutschen Pokal-Meisterschaft 2015\/16 fanden am 05. und 06.03.2016 im Spiellokal des Schachclub Emmendingen statt. Hier erreichte der SCE ein Remis gegen den amtierenden Deutschen Pokalmeister Baden-Baden, war aber im folgenden Blitzstechen unterlegen.<\/p>\n<p>In der Saison 2015\/16 traten 2 Emmendinger Mannschaften an. SCE1 erreichte die Finalrunde im Badischen Pokal, unterlag hier aber dem Pokalsieger SV Hockenheim und errang den 3. Platz .<\/p>\n<p>In der Saison 2016\/17 ging wieder nur eine Mannschaft an den Start. In der 2. Hauptrunde zum Badischen Pokal gelang die Sensation, den amtierenden Pokalmeister OSG Baden-Baden aus dem Turnier zu werfen. In der Endrunde setzte sich Emmendingen durch und wurde <em><strong>Badischer Pokalmeister<\/strong><\/em>.<\/p>\n<p>In der Saison 2017\/18 stieg der vorqualifizierte SCE in der Hauptrunde ein. In der 3. Runde wurde der Pokalsieger 2015\/16 SV Hockenheim mit 2,5:1,5 besiegt, so dass es zur Endrunde mit Karlsruhe, Mosbach und Horben in Horben kam. Emmendingen besiegte klar Mosbach und im Endspiel Horben und wurde <em><strong>Badischer Pokalmeister<\/strong><\/em>.<\/p>\n<p>Emmendingen wurde Badischer Pokalmeister:<br \/>\n2011 in Baden-Baden<br \/>\n2015 in Emmendingen<br \/>\n2017 in Mosbach<br \/>\n2018 in Horben<\/p>\n<p>Als Badischer Pokalmeister nimmt der SC Emmendingen in der Saison 2018\/19 an der Deutschen Pokalmeisterschaft teil.<\/p>\n","protected":false},"excerpt":{"rendered":"<p>Emmendingen nimmt regelm\u00e4\u00dfig mit einer Mannschaft an den Pokal-Meisterschaften teil. Sie errang einige Male die Bezirksmeisterschaft. Die gr\u00f6\u00dften Erfolge waren im Jahr 2011 der Gewinn des Badischen Pokals und die Teilnahme an der Deutschen Pokal-Meisterschaft. Dieser Erfolg konnte in der Saison 2014\/15 wiederholt werden. Die Wettk\u00e4mpfe der Deutschen Pokal-Meisterschaft 2015\/16 fanden am 05. und 06.03.2016 &hellip; <a href=\"http:\/\/schachclub-emmendingen.badischer-schachverband.de\/index.php\/mannschaften\/pokal\/\" class=\"more-link\"><span class=\"screen-reader-text\">Pokal<\/span> weiterlesen <span class=\"meta-nav\">&rarr;<\/span><\/a><\/p>\n","protected":false},"author":4,"featured_media":0,"parent":162,"menu_order":9,"comment_status":"closed","ping_status":"closed","template":"","meta":{"footnotes":""},"class_list":["post-2055","page","type-page","status-publish","hentry"],"_links":{"self":[{"href":"http:\/\/schachclub-emmendingen.badischer-schachverband.de\/index.php\/wp-json\/wp\/v2\/pages\/2055","targetHints":{"allow":["GET"]}}],"collection":[{"href":"http:\/\/schachclub-emmendingen.badischer-schachverband.de\/index.php\/wp-json\/wp\/v2\/pages"}],"about":[{"href":"http:\/\/schachclub-emmendingen.badischer-schachverband.de\/index.php\/wp-json\/wp\/v2\/types\/page"}],"author":[{"embeddable":true,"href":"http:\/\/schachclub-emmendingen.badischer-schachverband.de\/index.php\/wp-json\/wp\/v2\/users\/4"}],"replies":[{"embeddable":true,"href":"http:\/\/schachclub-emmendingen.badischer-schachverband.de\/index.php\/wp-json\/wp\/v2\/comments?post=2055"}],"version-history":[{"count":11,"href":"http:\/\/schachclub-emmendingen.badischer-schachverband.de\/index.php\/wp-json\/wp\/v2\/pages\/2055\/revisions"}],"predecessor-version":[{"id":5706,"href":"http:\/\/schachclub-emmendingen.badischer-schachverband.de\/index.php\/wp-json\/wp\/v2\/pages\/2055\/revisions\/5706"}],"up":[{"embeddable":true,"href":"http:\/\/schachclub-emmendingen.badischer-schachverband.de\/index.php\/wp-json\/wp\/v2\/pages\/162"}],"wp:attachment":[{"href":"http:\/\/schachclub-emmendingen.badischer-schachverband.de\/index.php\/wp-json\/wp\/v2\/media?parent=2055"}],"curies":[{"name":"wp","href":"https:\/\/api.w.org\/{rel}","templated":true}]}}