{"id":2051,"date":"2016-02-06T21:17:29","date_gmt":"2016-02-06T21:17:29","guid":{"rendered":"http:\/\/schachclub-emmendingen.badischer-schachverband.de\/?page_id=2051"},"modified":"2016-02-08T21:47:56","modified_gmt":"2016-02-08T21:47:56","slug":"themablitzschach","status":"publish","type":"page","link":"http:\/\/schachclub-emmendingen.badischer-schachverband.de\/index.php\/turniere\/themablitzschach\/","title":{"rendered":"Themablitzschach"},"content":{"rendered":"<h3>Information \u00fcber thematische Blitzschachturniere des Schachclub Emmendingen<\/h3>\n<p>Eine Sonderform des Blitzturniers ist das Themablitz. Zeitlich wird es abgewickelt, wie ein normales Blitzturnier.<br \/>\nEs kommt lediglich eine Bedingung hinzu: Alle Spieler bekommen die ersten Z\u00fcge vorgegeben. Erst danach beginnt die Uhr zu laufen.<br \/>\nSinn des Ganzen ist, die Mitglieder an bestimmte Er\u00f6ffnungen heranzuf\u00fchren. Am besten werden Er\u00f6ffnungen gew\u00e4hlt, die in der Turnierpraxis nicht so h\u00e4ufig anzutreffen sind.<\/p>\n","protected":false},"excerpt":{"rendered":"<p>Information \u00fcber thematische Blitzschachturniere des Schachclub Emmendingen Eine Sonderform des Blitzturniers ist das Themablitz. Zeitlich wird es abgewickelt, wie ein normales Blitzturnier. Es kommt lediglich eine Bedingung hinzu: Alle Spieler bekommen die ersten Z\u00fcge vorgegeben. Erst danach beginnt die Uhr zu laufen. Sinn des Ganzen ist, die Mitglieder an bestimmte Er\u00f6ffnungen heranzuf\u00fchren. Am besten werden &hellip; <a href=\"http:\/\/schachclub-emmendingen.badischer-schachverband.de\/index.php\/turniere\/themablitzschach\/\" class=\"more-link\"><span class=\"screen-reader-text\">Themablitzschach<\/span> weiterlesen <span class=\"meta-nav\">&rarr;<\/span><\/a><\/p>\n","protected":false},"author":4,"featured_media":0,"parent":160,"menu_order":1,"comment_status":"closed","ping_status":"closed","template":"","meta":{"footnotes":""},"class_list":["post-2051","page","type-page","status-publish","hentry"],"_links":{"self":[{"href":"http:\/\/schachclub-emmendingen.badischer-schachverband.de\/index.php\/wp-json\/wp\/v2\/pages\/2051","targetHints":{"allow":["GET"]}}],"collection":[{"href":"http:\/\/schachclub-emmendingen.badischer-schachverband.de\/index.php\/wp-json\/wp\/v2\/pages"}],"about":[{"href":"http:\/\/schachclub-emmendingen.badischer-schachverband.de\/index.php\/wp-json\/wp\/v2\/types\/page"}],"author":[{"embeddable":true,"href":"http:\/\/schachclub-emmendingen.badischer-schachverband.de\/index.php\/wp-json\/wp\/v2\/users\/4"}],"replies":[{"embeddable":true,"href":"http:\/\/schachclub-emmendingen.badischer-schachverband.de\/index.php\/wp-json\/wp\/v2\/comments?post=2051"}],"version-history":[{"count":1,"href":"http:\/\/schachclub-emmendingen.badischer-schachverband.de\/index.php\/wp-json\/wp\/v2\/pages\/2051\/revisions"}],"predecessor-version":[{"id":2052,"href":"http:\/\/schachclub-emmendingen.badischer-schachverband.de\/index.php\/wp-json\/wp\/v2\/pages\/2051\/revisions\/2052"}],"up":[{"embeddable":true,"href":"http:\/\/schachclub-emmendingen.badischer-schachverband.de\/index.php\/wp-json\/wp\/v2\/pages\/160"}],"wp:attachment":[{"href":"http:\/\/schachclub-emmendingen.badischer-schachverband.de\/index.php\/wp-json\/wp\/v2\/media?parent=2051"}],"curies":[{"name":"wp","href":"https:\/\/api.w.org\/{rel}","templated":true}]}}