{"id":2043,"date":"2016-02-06T21:13:13","date_gmt":"2016-02-06T21:13:13","guid":{"rendered":"http:\/\/schachclub-emmendingen.badischer-schachverband.de\/?page_id=2043"},"modified":"2016-03-12T18:48:23","modified_gmt":"2016-03-12T18:48:23","slug":"sonstige-turniere","status":"publish","type":"page","link":"http:\/\/schachclub-emmendingen.badischer-schachverband.de\/index.php\/turniere\/sonstige-turniere\/","title":{"rendered":"Sonstige Turniere"},"content":{"rendered":"<h6>Information \u00fcber weitere Turniere des Schachclub Emmendingen bzw. anderer Ausrichter<\/h6>\n<p>Hier ist Raum vorhanden, um \u00fcber Turniere zu berichten, die auf den bisher angebotenen Seiten nicht richtig zugeordnet werden k\u00f6nnen.<\/p>\n<hr \/>\n<h3>Sommerturnier im Haus Leonhardt in Emmendingen<\/h3>\n<p>Am 25.07. fand das 6. Sommerfest des SCE im Haus Leonhardt statt. Damit m\u00f6chte sich der Schachclub der \u00d6ffentlichkeit pr\u00e4sentieren. Gleichzeitig dient es zur Gewinnung von neuen Mitgliedern, vor allem aus der Jugend. Dar\u00fcber hinaus gilt es als Er\u00f6ffnungsveranstaltung f\u00fcr die neue Saison 2015\/16.<\/p>\n<p><a href=\"http:\/\/schachclub-emmendingen.badischer-schachverband.de\/index.php\/2015\/07\/27\/sommerturnier-2015\/\">Pressebericht BZ Emmendingen, 27.07.2015<\/a><\/p>\n<hr \/>\n<h3>Offene Schweizer Einzel-Meisterschaften in Leukerbad<\/h3>\n<p>Vom 09.07. bis 17.07.2015 fand in Leukerbad\/Schweiz das &#8222;Schweizer Nationalturnier&#8220; statt, in dessen Rahmen auch die Einzel-Meisterschaft ausgetragen wurde. An diesem offenen Turnier nahmen auch die Emmendinger GM Normunds Miezis und GM Andrei Sokolov teil. Unter 111 Teilnehmern belegten sie mit jeweils 6,5 Punkten aus 9 Runden ausgezeichnete Pl\u00e4tze:<br \/>\n8. GM Miezis, Normunds<br \/>\n9. GM Sokolov, Andrei<br \/>\nDamit waren sie auch punktgleich zum Schweizer Meister GM Vadim Milov (Biel) auf Rang 5.<br \/>\nTurniersieger wurde GM Christian Bauer (Fr) mit 7,5 Punkten vor GM Pavel Tregubow (Rus) mit 7 P.<\/p>\n<hr \/>\n<h3>Schachkongress 2015 &#8211; BW-Amateurmeisterschaften in Walzbachtal<\/h3>\n<p>Vom 04.06. bis 07.06.2015 fanden in W\u00f6ssingen (Gemeinde Walzbachtal) im Kraichgau die diesj\u00e4hringen BW-Amateurmeisterschaften statt. Diese mussten nach einigen Jahren der gemeinsamen Veranstaltung mit den Badischen Meisterschaften und den Badischen Senioren-Meisterschaften mangels Ausrichter zeitlich und \u00f6rtlich getrennt durchgef\u00fchrt werden. Der SK J\u00f6hlingen hatte die Ausrichtung in der B\u00f6hnlich-Halle \u00fcbernommen. Es nahmen insgesamt 82 Schachspieler\/-innen teil.<br \/>\nVon Emmendingen waren es mit Torsten Frank, Jonas V\u00f6gtlin und Axel Wolf 3 Teilnehmer in 3 verschiedenen Wertungsklassen (WK). Torsten Frank erreichte in der Gruppe bis 1800 DWZ mit 4 Punkten den 10. Rang, Axel Wolf in der Gruppe bis 1600 DWZ mit 3,5 Punkten den 11. Rang.<\/p>\n<p>Nach einem \u00fcberragenden Turnier konnte Jonas V\u00f6gtlin (in Bildmitte) in der Gruppe bis 1200 DWZ mit 6,5 Punkten aus 7 Runden den Gruppensieg erringen und wurde Baden-W\u00fcrttembergischer Amateurmeister 2015 in WK 1200.<br \/>\nWir gratulieren herzlich.<\/p>\n<figure id=\"attachment_293\" aria-describedby=\"caption-attachment-293\" style=\"width: 430px\" class=\"wp-caption alignnone\"><a href=\"http:\/\/schachclub-emmendingen.badischer-schachverband.de\/wp-content\/uploads\/2015\/10\/Kongress2015_1.jpg\" rel=\"attachment wp-att-293\"><img loading=\"lazy\" decoding=\"async\" class=\"wp-image-293 size-full\" src=\"http:\/\/schachclub-emmendingen.badischer-schachverband.de\/wp-content\/uploads\/2015\/10\/Kongress2015_1.jpg\" alt=\"\" width=\"430\" height=\"336\" srcset=\"http:\/\/schachclub-emmendingen.badischer-schachverband.de\/wp-content\/uploads\/2015\/10\/Kongress2015_1.jpg 430w, http:\/\/schachclub-emmendingen.badischer-schachverband.de\/wp-content\/uploads\/2015\/10\/Kongress2015_1-300x234.jpg 300w, http:\/\/schachclub-emmendingen.badischer-schachverband.de\/wp-content\/uploads\/2015\/10\/Kongress2015_1-192x150.jpg 192w, http:\/\/schachclub-emmendingen.badischer-schachverband.de\/wp-content\/uploads\/2015\/10\/Kongress2015_1-150x117.jpg 150w\" sizes=\"auto, (max-width: 430px) 100vw, 430px\" \/><\/a><figcaption id=\"caption-attachment-293\" class=\"wp-caption-text\">Die Baden-W\u00fcrttembergischen Amateurmeister 2015<\/figcaption><\/figure>\n<hr \/>\n<h3>Sommerturnier im Haus Leonhardt<\/h3>\n<p>Am 26.07.2014 fand im Haus Leonhardt das schon traditionelle Sommerturnier statt. F\u00fcr die Verpflegung war durch Haus Leonhardt und SC bestens gesorgt. Hierf\u00fcr besten Dank.<\/p>\n<p>Gespielt wurde in 3 Gruppen:<\/p>\n<p>&#8211; <a href=\"http:\/\/schachclub-emmendingen.badischer-schachverband.de\/Schach_20140726\/Schach_20140726\/Jugend\/HTML\/Start3_html.html\">Jugendturnier<\/a> am Vormittag<br \/>\n&#8211; <a href=\"http:\/\/schachclub-emmendingen.badischer-schachverband.de\/Schach_20140726\/Schach_20140726\/Gruppe_A\/HTML\/Start_html.html\">Meisterturnier<\/a> und<br \/>\n&#8211; <a href=\"http:\/\/schachclub-emmendingen.badischer-schachverband.de\/Schach_20140726\/Schach_20140726\/Gruppe_B\/HTML\/Start2_html.html\">allgemeines Turnier<\/a> am Nachmittag<\/p>\n<p>Die Ergebnisse sind im einzelnen durch Anklicken den Tabellen des Turnierleiters Iouri Sorokovski zu entnehmen, der selbst am Turnier teilnahm.<\/p>\n<p>Bei der Jugend holte Janik Janzing (im Bild mit gelbem T-Shirt) den Titel des Besten. Er konnte sich in dem Rundenturnier gegen alle anderen Teilnehmer durchsetzen und erreichte mit 7 Punkten aus 7 Partien ungeschlagen Rangplatz 1. Lutz Leimenstoll konnte mit 5 Punkten Rang 2 erringen. Den 3. Platz teilten sich Daniel Schmidt und Luca Galli mit jeweils 4,5 Punkten.<\/p>\n<p>Bei den Meistern (\u00fcber 2000 DWZ) errang Christof Herbrechtsmeier den 1. Rangplatz. Den zweiten Rang teilten sich punktgleich J\u00f6rg Weidemann, Gerhard Kiefer und Andreas Bauer.<\/p>\n<p>Im allgemeinen Turnier (unter 2000 DWZ) waren trotz des sehr differenzierten Leistungsniveaus sehr spannende K\u00e4mpfe zu beobachten. Souver\u00e4n und ungeschlagen setzte sich hier Jugendspieler Daniel Reifsteck durch, der lediglich 2 Remis akzeptieren musste. Auf Platz 2 folgte &#8211; ebenfalls ungeschlagen &#8211; Knut Litz mit 3 Remis. Punktgleich, aber mit einer Verlustpartie konnte sich Jugendspieler Peter Sikolenko den 3. Platz sichern. F\u00fcr ihn ein absolutes Topergebnis.<\/p>\n<p>F\u00fcr alle Gewinner eine herzliche Gratulation.<\/p>\n<figure id=\"attachment_2046\" aria-describedby=\"caption-attachment-2046\" style=\"width: 448px\" class=\"wp-caption alignnone\"><a href=\"http:\/\/schachclub-emmendingen.badischer-schachverband.de\/wp-content\/uploads\/2016\/02\/P1040647.jpg\" rel=\"attachment wp-att-2046\"><img loading=\"lazy\" decoding=\"async\" class=\"wp-image-2046 size-full\" src=\"http:\/\/schachclub-emmendingen.badischer-schachverband.de\/wp-content\/uploads\/2016\/02\/P1040647.jpg\" alt=\"Jugend-Sommerturnier 2014 im Hause Leonhardt (Foto: Karl Ziegler)\" width=\"448\" height=\"336\" srcset=\"http:\/\/schachclub-emmendingen.badischer-schachverband.de\/wp-content\/uploads\/2016\/02\/P1040647.jpg 448w, http:\/\/schachclub-emmendingen.badischer-schachverband.de\/wp-content\/uploads\/2016\/02\/P1040647-300x225.jpg 300w\" sizes=\"auto, (max-width: 448px) 100vw, 448px\" \/><\/a><figcaption id=\"caption-attachment-2046\" class=\"wp-caption-text\">Jugend-Sommerturnier 2014 im Hause Leonhardt<br \/> (Foto: Karl Ziegler)<\/figcaption><\/figure>\n<p><a href=\"http:\/\/schachclub-emmendingen.badischer-schachverband.de\/index.php\/2014\/07\/29\/sommerturnier-2014\/\">Pressebericht BZ Emmendingen, 29.07.2014<\/a><\/p>\n","protected":false},"excerpt":{"rendered":"<p>Information \u00fcber weitere Turniere des Schachclub Emmendingen bzw. anderer Ausrichter Hier ist Raum vorhanden, um \u00fcber Turniere zu berichten, die auf den bisher angebotenen Seiten nicht richtig zugeordnet werden k\u00f6nnen. Sommerturnier im Haus Leonhardt in Emmendingen Am 25.07. fand das 6. Sommerfest des SCE im Haus Leonhardt statt. Damit m\u00f6chte sich der Schachclub der \u00d6ffentlichkeit &hellip; <a href=\"http:\/\/schachclub-emmendingen.badischer-schachverband.de\/index.php\/turniere\/sonstige-turniere\/\" class=\"more-link\"><span class=\"screen-reader-text\">Sonstige Turniere<\/span> weiterlesen <span class=\"meta-nav\">&rarr;<\/span><\/a><\/p>\n","protected":false},"author":4,"featured_media":0,"parent":160,"menu_order":6,"comment_status":"closed","ping_status":"closed","template":"","meta":{"footnotes":""},"class_list":["post-2043","page","type-page","status-publish","hentry"],"_links":{"self":[{"href":"http:\/\/schachclub-emmendingen.badischer-schachverband.de\/index.php\/wp-json\/wp\/v2\/pages\/2043","targetHints":{"allow":["GET"]}}],"collection":[{"href":"http:\/\/schachclub-emmendingen.badischer-schachverband.de\/index.php\/wp-json\/wp\/v2\/pages"}],"about":[{"href":"http:\/\/schachclub-emmendingen.badischer-schachverband.de\/index.php\/wp-json\/wp\/v2\/types\/page"}],"author":[{"embeddable":true,"href":"http:\/\/schachclub-emmendingen.badischer-schachverband.de\/index.php\/wp-json\/wp\/v2\/users\/4"}],"replies":[{"embeddable":true,"href":"http:\/\/schachclub-emmendingen.badischer-schachverband.de\/index.php\/wp-json\/wp\/v2\/comments?post=2043"}],"version-history":[{"count":10,"href":"http:\/\/schachclub-emmendingen.badischer-schachverband.de\/index.php\/wp-json\/wp\/v2\/pages\/2043\/revisions"}],"predecessor-version":[{"id":2625,"href":"http:\/\/schachclub-emmendingen.badischer-schachverband.de\/index.php\/wp-json\/wp\/v2\/pages\/2043\/revisions\/2625"}],"up":[{"embeddable":true,"href":"http:\/\/schachclub-emmendingen.badischer-schachverband.de\/index.php\/wp-json\/wp\/v2\/pages\/160"}],"wp:attachment":[{"href":"http:\/\/schachclub-emmendingen.badischer-schachverband.de\/index.php\/wp-json\/wp\/v2\/media?parent=2043"}],"curies":[{"name":"wp","href":"https:\/\/api.w.org\/{rel}","templated":true}]}}