{"id":200,"date":"2015-10-17T20:27:48","date_gmt":"2015-10-17T20:27:48","guid":{"rendered":"http:\/\/localhost\/wordpress\/?page_id=200"},"modified":"2025-07-30T11:05:40","modified_gmt":"2025-07-30T11:05:40","slug":"spielbetrieb","status":"publish","type":"page","link":"http:\/\/schachclub-emmendingen.badischer-schachverband.de\/index.php\/verein\/spielbetrieb\/","title":{"rendered":"Spielbetrieb"},"content":{"rendered":"<p>Der Schachclub Emmendingen e.V. bietet f\u00fcr Schachspieler\/innen und solche, die es werden wollen, im n\u00f6rdlichen Breisgau eine Plattform, auf der sie ihrem Hobby &#8211; dem k\u00f6niglichen Spiel &#8211; fr\u00f6nen k\u00f6nnen.<br \/>\nEr hat momentan 44 Mitglieder, die \u00fcberwiegend aktiv f\u00fcr 4 Mannschaften beim Badischen Schachverband gemeldet sind und an den Mannschaftsk\u00e4mpfen teilnehmen.<\/p>\n<table>\n<tbody>\n<tr>\n<td>1. Mannschaft<\/td>\n<td>Verbandsliga Baden<\/td>\n<\/tr>\n<tr>\n<td>2. Mannschaft<\/td>\n<td>Bezirksklasse Freiburg<\/td>\n<\/tr>\n<tr>\n<td>3. Mannschaft<\/td>\n<td>Kreisklasse Freiburg D,  (4 Spieler\/Mannschaft)<\/td>\n<\/tr>\n<td>4. Mannschaft<\/td>\n<td>Kreisklasse Freiburg D,  (4 Spieler\/Mannschaft)<\/td>\n<\/tr>\n<\/tbody>\n<\/table>\n<p>Das Aush\u00e4ngeschild des Vereins ist die <a href=\"http:\/\/schachclub-emmendingen.badischer-schachverband.de\/index.php\/mannschaften\/1-mannschaft\/\">1. Mannschaft<\/a>. Ihr gelang in der Saison 2013\/14 der Aufstieg in die Oberliga Baden, der h\u00f6chsten Spielklasse des Landesverbandes. <\/p>\n<p>In der Saison 2015\/16 schaffte der SC Emmendingen den ganz gro\u00dfen Wurf und erreichte mit der 1. Mannschaft das Traumziel 2. Bundesliga. Dort errang sie einmal den dritten Rang und dreimal die Vizemeisterschaft. Nach der Corona-Pause spielte sie ab der Saison 2021\/22 wieder in der Oberliga und danach in der Verbandsliga S\u00fcd, in der der sofortige Wiederaufstieg gelang. <\/p>\n<p>In der Saison 2025\/26 spielt die 1. Mannschaft in der Verbandsliga. <\/p>\n<p>Die <a href=\"\/index.php\/mannschaften\/2-mannschaft\/\">2. Mannschaft<\/a> wurde nach dem lange angestrebten Aufstieg in die Bereichsliga S\u00fcd dort Meister und spielte in der Saison 2016\/17 in der Landesliga. Ungeschlagen wurde sie auch hier Meister und spielte ab 2017\/18 in der Verbandsliga, der zweith\u00f6chsten Klasse im Landesverband Baden. Der Schritt in die h\u00f6chste Klasse im Landesverband Baden &#8211; der Oberliga &#8211; gelang mit Ablauf der Saison 2018\/19. Ab 2021\/22 spielte sie wieder in der Landesliga S\u00fcd und danach in der Bereichsliga S\u00fcd,aus der sie freiwillig abstieg.<\/p>\n<p>F\u00fcr die Saison 2025\/26 ist sie f\u00fcr die Bezirksklasse Freiburg gemeldet. <\/p>\n<p>Die \u00fcbrigen Mannschaften spielten \u00fcberwiegend im Schachbezirk Freiburg.<br \/>\nIn der Saison 2016\/17 landete die <a href=\"http:\/\/schachclub-emmendingen.badischer-schachverband.de\/index.php\/mannschaften\/3-mannschaft\/\">3. Mannschaft<\/a> auf dem zweiten Rang in der Bezirksklasse, der zum Aufstieg in die Bereichsliga berechtigte. Mit Ablauf der Saison 2017\/18 errang die Dritte mit dem ersten Tabellenplatz das Spielrecht f\u00fcr die Landesliga, nahm dieses aber nicht wahr. Ab 2021\/22 spielte sie in der Kreisklasse A im Schachbezirk Freiburg und in der Folgesaison in der Kreisklasse B, wo sie einen Aufstiegsplatz errang.<\/p>\n<p>Ab 2015\/16 starteten wir mit einer 4er-Mannschaft in der Kreisklasse D. Sie hatte in dieser Klasse kein Spiel verloren und wurde Meister von 17 teilnehmenden Mannschaften. Damit war der Aufstieg perfekt. Seit 2016\/17 spielte die <a href=\"http:\/\/schachclub-emmendingen.badischer-schachverband.de\/index.php\/mannschaften\/4-mannschaft-bis-2024\/\">4. Mannschaft<\/a> in der Kreisklasse C als 5er-Mannschaft, in der sie 2022\/23 aufsteigen konnte.<\/p>\n<p>In der Saison 2025\/26 spielen die 3. und 4. Mannschaft in der untersten Liga (Kreisklasse D). Hier werden haupts\u00e4chlich unsere j\u00fcngsten Mitglieder zum Einsatz kommen, um Erfahrungen im Turnierschch sammeln zu k\u00f6nnen.<\/p>\n<p>Engagierte Mitglieder des SC Emmendingen nehmen dar\u00fcber hinaus an Einzelmeisterschaften und Turnieren auf nationaler und internationaler Ebene teil.<\/p>\n<p>Treffpunkt und Trainingsabend:<\/p>\n<table>\n<tbody>\n<tr>\n<td>Dienstag ab 18:00 Uhr<\/td>\n<td>Seniorenwohnanlage in 79331 Teningen, Rheinstr. 2a<\/td>\n<\/tr>\n<\/tbody>\n<\/table>\n<p>Der Schachclub Emmendingen bietet in seinem Schachraum in der Seniorenwohnanlage AWO Teningen, Rheinstrasse 2a, jeden Dienstag zwischen 18:00 und 22:45 Uhr f\u00fcr die Spieler\/innen einen Trainings- und Spielabend an.<\/p>\n<figure id=\"attachment_282\" aria-describedby=\"caption-attachment-282\" style=\"width: 448px\" class=\"wp-caption alignnone TextWrapLeft\"><img loading=\"lazy\" decoding=\"async\" class=\"wp-image-282 size-full\" src=\"http:\/\/schachclub-emmendingen.badischer-schachverband.de\/wp-content\/uploads\/2015\/10\/IMG_AWO2.jpg\" alt=\"Eingang zum Schachraum im linken Geb\u00e4udefl\u00fcgel (Foto: Lothar Fritsch) \" width=\"448\" height=\"298\" srcset=\"http:\/\/schachclub-emmendingen.badischer-schachverband.de\/wp-content\/uploads\/2015\/10\/IMG_AWO2.jpg 448w, http:\/\/schachclub-emmendingen.badischer-schachverband.de\/wp-content\/uploads\/2015\/10\/IMG_AWO2-300x200.jpg 300w, http:\/\/schachclub-emmendingen.badischer-schachverband.de\/wp-content\/uploads\/2015\/10\/IMG_AWO2-226x150.jpg 226w, http:\/\/schachclub-emmendingen.badischer-schachverband.de\/wp-content\/uploads\/2015\/10\/IMG_AWO2-150x100.jpg 150w\" sizes=\"auto, (max-width: 448px) 100vw, 448px\" \/><figcaption id=\"caption-attachment-282\" class=\"wp-caption-text\">Eingang zum Schachraum im linken Geb\u00e4udefl\u00fcgel (Foto: Lothar Fritsch)<\/figcaption><\/figure>\n<figure id=\"attachment_281\" aria-describedby=\"caption-attachment-281\" style=\"width: 448px\" class=\"wp-caption alignnone TextWrapRight\"><img loading=\"lazy\" decoding=\"async\" class=\"wp-image-281 size-full\" src=\"http:\/\/schachclub-emmendingen.badischer-schachverband.de\/wp-content\/uploads\/2015\/10\/IMG_AWO1.jpg\" alt=\"Sonntagsspiele finden in der zentralen Begegnungsst\u00e4tte (Foto: Lothar Fritsch)\" width=\"448\" height=\"298\" srcset=\"http:\/\/schachclub-emmendingen.badischer-schachverband.de\/wp-content\/uploads\/2015\/10\/IMG_AWO1.jpg 448w, http:\/\/schachclub-emmendingen.badischer-schachverband.de\/wp-content\/uploads\/2015\/10\/IMG_AWO1-300x200.jpg 300w, http:\/\/schachclub-emmendingen.badischer-schachverband.de\/wp-content\/uploads\/2015\/10\/IMG_AWO1-226x150.jpg 226w, http:\/\/schachclub-emmendingen.badischer-schachverband.de\/wp-content\/uploads\/2015\/10\/IMG_AWO1-150x100.jpg 150w\" sizes=\"auto, (max-width: 448px) 100vw, 448px\" \/><figcaption id=\"caption-attachment-281\" class=\"wp-caption-text\">Sonntagsspiele finden in der zentralen Begegnungsst\u00e4tte statt (Foto: Lothar Fritsch)<\/figcaption><\/figure>\n","protected":false},"excerpt":{"rendered":"<p>Der Schachclub Emmendingen e.V. bietet f\u00fcr Schachspieler\/innen und solche, die es werden wollen, im n\u00f6rdlichen Breisgau eine Plattform, auf der sie ihrem Hobby &#8211; dem k\u00f6niglichen Spiel &#8211; fr\u00f6nen k\u00f6nnen. Er hat momentan 44 Mitglieder, die \u00fcberwiegend aktiv f\u00fcr 4 Mannschaften beim Badischen Schachverband gemeldet sind und an den Mannschaftsk\u00e4mpfen teilnehmen. 1. Mannschaft Verbandsliga Baden &hellip; <a href=\"http:\/\/schachclub-emmendingen.badischer-schachverband.de\/index.php\/verein\/spielbetrieb\/\" class=\"more-link\"><span class=\"screen-reader-text\">Spielbetrieb<\/span> weiterlesen <span class=\"meta-nav\">&rarr;<\/span><\/a><\/p>\n","protected":false},"author":4,"featured_media":0,"parent":158,"menu_order":0,"comment_status":"closed","ping_status":"closed","template":"","meta":{"footnotes":""},"class_list":["post-200","page","type-page","status-publish","hentry"],"_links":{"self":[{"href":"http:\/\/schachclub-emmendingen.badischer-schachverband.de\/index.php\/wp-json\/wp\/v2\/pages\/200","targetHints":{"allow":["GET"]}}],"collection":[{"href":"http:\/\/schachclub-emmendingen.badischer-schachverband.de\/index.php\/wp-json\/wp\/v2\/pages"}],"about":[{"href":"http:\/\/schachclub-emmendingen.badischer-schachverband.de\/index.php\/wp-json\/wp\/v2\/types\/page"}],"author":[{"embeddable":true,"href":"http:\/\/schachclub-emmendingen.badischer-schachverband.de\/index.php\/wp-json\/wp\/v2\/users\/4"}],"replies":[{"embeddable":true,"href":"http:\/\/schachclub-emmendingen.badischer-schachverband.de\/index.php\/wp-json\/wp\/v2\/comments?post=200"}],"version-history":[{"count":11,"href":"http:\/\/schachclub-emmendingen.badischer-schachverband.de\/index.php\/wp-json\/wp\/v2\/pages\/200\/revisions"}],"predecessor-version":[{"id":9090,"href":"http:\/\/schachclub-emmendingen.badischer-schachverband.de\/index.php\/wp-json\/wp\/v2\/pages\/200\/revisions\/9090"}],"up":[{"embeddable":true,"href":"http:\/\/schachclub-emmendingen.badischer-schachverband.de\/index.php\/wp-json\/wp\/v2\/pages\/158"}],"wp:attachment":[{"href":"http:\/\/schachclub-emmendingen.badischer-schachverband.de\/index.php\/wp-json\/wp\/v2\/media?parent=200"}],"curies":[{"name":"wp","href":"https:\/\/api.w.org\/{rel}","templated":true}]}}