{"id":184,"date":"2016-01-01T20:15:01","date_gmt":"2016-01-01T20:15:01","guid":{"rendered":"http:\/\/localhost\/wordpress\/?page_id=184"},"modified":"2019-10-09T13:23:41","modified_gmt":"2019-10-09T13:23:41","slug":"saison-2016-3","status":"publish","type":"page","link":"http:\/\/schachclub-emmendingen.badischer-schachverband.de\/index.php\/mannschaften\/3-mannschaft\/saison-2016-3\/","title":{"rendered":"Saison 2016"},"content":{"rendered":"<h5>Bezirksklasse \u2013 17.04.2016 Runde 9<\/h5>\n<h3>Emmendingen muss wieder bangen<\/h3>\n<h6> Ebringen 2 &#8211; Emmendingen 3 (Ausw\u00e4rtsspiel) 3,5:3,5<\/h6>\n<p>Der Kampf verlief weitgehend ausgeglichen, nur Ulrich Steinke konnte einen vollen Brettpunkt einbringen. Da an Brett 3 der Brettpunkt wieder zur\u00fcckgegeben werden musste, endete der Mannschaftskampf unentschieden. Gegen Ebringen kann dieses als Erfolg gewertet werden, die Mannschaft war \u00fcber die gesamte Saison wesentlich st\u00e4rker angetreten.<br \/>\nRangplatzver\u00e4nderungen waren f\u00fcr die Dritte nach dem letzten Spieltag der Saison nicht mehr zu erwarten. Konnte Emmendingen bisher davon ausgehen, die Klasse erhalten zu haben, muss es jetzt wieder bangen.<br \/>\nweiter<\/p>\n<p><a href=\"\/index.php\/2016\/04\/18\/ebringen-2-emmendingen-3\/\">Spielbericht<\/a><\/p>\n<h5>Bezirksklasse \u2013 20.03.2016 Runde 8<\/h5>\n<h3>Kein Mittel gegen starke Dreisamt\u00e4ler<\/h3>\n<h6>\u00a0Emmendingen 3 &#8211; Dreisamtal 2 (Heimspiel) 3:5<\/h6>\n<p>Die G\u00e4ste der SGEM Dreisamtal reisten nur mit 7 Spielern an, aber mit einer Mannschafts-DWZ, die um 400 h\u00f6her lag als bei Emmendingen. SCE 3 war sich dieser \u00dcbermacht bewusst und rechnete auch nicht mit einem Mannschaftssieg. Durch das freie Brett ging zum Start 1 BP auf das Konto von Emmendingen. Doch Dreisamtal gab Gas und siegte an 4 Brettern. Die Niederlage war bereits besiegelt. Die beiden Remis von Andreas Haas und Ulrich Steinke konnten das Ergebnis besch\u00f6nigen. Grandios war aber der hart erk\u00e4mpfte Sieg von Daniel Reifsteck an Brett 1 gegen den mit DWZ 2153 nominierten und klar favorisierten Dreisamt\u00e4ler Parwis Nabani, der fast 600 DWZ-Punkte mehr aufwies als Daniel.<\/p>\n\n\n<p class=\"rpbchessboard-spacerBefore\"><\/p>\n\n<div class=\"rpbchessboard-chessgame\">\n    <noscript>\n        <div class=\"rpbchessboard-javascriptWarning\">\n            Sie m\u00fcssen JavaScript aktivieren, um die Notation zu verbessern.        <\/div>\n    <\/noscript>\n    <div id=\"rpbchessboard-69f2f955686c6-1\"><\/div>\n    <script type=\"text\/javascript\">\n        (function() {\n            function renderThisPGN() {\n                RPBChessboard.renderPGN(\"rpbchessboard-69f2f955686c6-1\", {\"pgn\":\"[Event \\\"VR 15\\\/16 Em 3-Dreisamtal 2\\\"]\\r\\n[Site \\\"?\\\"]\\r\\n[Date \\\"2016.03.20\\\"]\\r\\n[Round \\\"8.1\\\"]\\r\\n[White \\\"Nabavi, Parwis\\\"]\\r\\n[Black \\\"Reifsteck, Daniel\\\"]\\r\\n[Result \\\"0-1\\\"]\\r\\n[ECO \\\"D36\\\"]\\r\\n[WhiteElo \\\"2156\\\"]\\r\\n[BlackElo \\\"1593\\\"]\\r\\n[Annotator \\\"?\\\"]\\r\\n[PlyCount \\\"130\\\"]\\r\\n\\r\\n{D36: Damengambit (Abtausch-Variante)} 1. d4 d5 2. c4 e6 3. Nc3 Nf6 4. cxd5\\r\\nexd5 5. Bg5 Be7 6. e3 O-O 7. Qc2 c6 8. Bd3 h6 9. Bf4 Bd6 10. Bxd6 Qxd6 11. Nf3\\r\\nBg4 12. Ne5 Nbd7 13. f4 Nb6 14. f5 Nbd7 15. Nxd7 Qxd7 16. O-O Rae8 17. Rae1 Bh5\\r\\n18. h3 Qd6 19. Kh1 Re7 20. Qf2 Rfe8 21. Rg1 Bg4 22. Bc2 Nh5 23. g3 $2 Bxh3 24.\\r\\ng4 Nf6 25. Bd1 c5 26. dxc5 Qxc5 27. Na4 $2 Qb4 28. a3 Qe4+ 29. Qf3 Qxf3+ 30.\\r\\nBxf3 Rxe3 31. Rxe3 Rxe3 32. Bd1 Re4 33. Nc5 Rd4 34. Nxb7 Bxg4 35. Bxg4 Rxg4 36.\\r\\nRf1 Rd4 37. Kg1 Rd2 38. b4 Ne4 39. Re1 g6 40. fxg6 fxg6 41. Rc1 Ra2 42. Rc6\\r\\nRxa3 43. Rxg6+ Kh7 44. Rc6 Rb3 45. Nc5 Rxb4 46. Nxe4 Rxe4 47. Rd6 Re5 48. Ra6\\r\\nRf5 49. Kg2 h5 50. Rxa7+ Kg6 51. Re7 Kf6 52. Re8 Re5 53. Rd8 Ke7 54. Ra8 Kd6\\r\\n55. Rc8 Rf5 56. Ra8 Ke5 57. Ra4 d4 58. Ra1 d3 59. Ra2 Ke4 60. Ra4+ Ke3 61. Ra8\\r\\nKe2 62. Re8+ Kd1 63. Rd8 d2 64. Rd7 Rc5 65. Rd5 Rxd5 0-1\",\"pieceSymbols\":\"localized\",\"navigationBoard\":\"floatLeft\",\"withPlayButton\":true,\"withFlipButton\":true,\"withDownloadButton\":true,\"nboSquareSize\":32,\"nboCoordinateVisible\":true,\"nboTurnVisible\":true,\"nboColorset\":\"original\",\"nboPieceset\":\"cburnett\",\"nboAnimated\":true,\"nboMoveArrowVisible\":true,\"nboMoveArrowColor\":\"b\",\"idoSquareSize\":32,\"idoCoordinateVisible\":true,\"idoTurnVisible\":true,\"idoColorset\":\"original\",\"idoPieceset\":\"cburnett\"});\n            }\n            if (document.readyState === 'loading') {\n                document.addEventListener('DOMContentLoaded', renderThisPGN);\n            }\n            else {\n                renderThisPGN();\n            }\n        })();\n    <\/script>\n<\/div>\n\n<p class=\"rpbchessboard-spacerAfter\"><\/p>\n\n<p><a href=\"\/index.php\/2016\/03\/20\/emmendingen-3-dreisamtal-2\/\">Spielbericht<\/a><\/p>\n<hr \/>\n<h5>Bezirksklasse \u2013 06.03.2016 Runde 7<\/h5>\n<h3>Deutliche Niederlage in Bad Krozingen<\/h3>\n<h6>Bad Krozingen \u2013 Emmendingen 3 (Ausw\u00e4rtsspiel) 6\u00bd:1\u00bd<\/h6>\n<p>Durch einige Ausf\u00e4lle stark geschw\u00e4cht musste die Dritte gegen die favorisierten Bad Krozinger antreten. Zu allem \u00dcberfluss erschien ein Spieler nicht p\u00fcnktlich am vereinbarten Treffpunkt. Emmendingen hatte bereits ein Brett verloren. So war die deutliche Niederlage auch keine \u00dcberraschung. Lediglich Achtungserfolge durch Remis konnten Andreas Heidenreich, Jonas V\u00f6gtlin und Wolfgang Dederichs gegen wesentlich st\u00e4rkere Gegner erreichen.<\/p>\n<p><a href=\"\/index.php\/2016\/03\/06\/bad-krozingen-emmendingen-3\/\">Spielbericht<\/a><\/p>\n<hr \/>\n<h5>Bezirksklasse \u2013 14.02.2016 Runde 6<\/h5>\n<h3>Achtungserfolg trotz deutlicher Niederlage<\/h3>\n<h6>SC Emmendingen 3 (N) &#8211; Schwarze Pumpe (Heimspiel) 2:6<\/h6>\n<p>Die Dritte empfing den Tabellenf\u00fchrer und hatte damit eine schwere Aufgabe zu erf\u00fcllen. Den Reigen der Entscheidungen<br \/>\n&#8230;mehr siehe<\/p>\n<p><a href=\"http:\/\/schachclub-emmendingen.badischer-schachverband.de\/index.php\/2016\/02\/14\/emmendingen-3-schwarze-pumpe\/\">Spielbericht<\/a><\/p>\n<hr \/>\n<h5>Bezirksklasse \u2013 24.01.2016 Runde 5<\/h5>\n<h3>Die Dritte muss Federn lassen<\/h3>\n<h6>SC Emmendingen 3 (N) &#8211; SC Oberwinden 3 (Heimspiel) 3,5:4,5<\/h6>\n<p>Die G\u00e4ste aus Oberwinden waren mit einer starken Mannschaft angetreten. An Brett 1 war mit einer DWZ von 2060 Joachim Diehl aufgeboten, was in der Bezirksklasse schon zu den Ausnahmen z\u00e4hlt. Mit unserem Spieler Wolfgang Schmidt einigte man sich fr\u00fch auf Punkteteilung. Leider hatte die dritte Mannschaft mit einem Handikap zu k\u00e4mpfen. 2 Spieler standen nicht zur Verf\u00fcgung, so dass aufger\u00fcckt werden musste. &#8230;mehr siehe<\/p>\n<p><a href=\"http:\/\/schachclub-emmendingen.badischer-schachverband.de\/index.php\/2016\/01\/24\/emmendingen-3-oberwinden-3\/\">Spielbericht<\/a><\/p>\n<hr \/>\n<h5>Bezirksklasse \u2013 13.12.2015 Runde 4<\/h5>\n<h3>Favorit Wiehre setzt sich durch<\/h3>\n<h6>Wiehre &#8211; Emmendingen 3 (Ausw\u00e4rtsspiel) 5,5:2,5<\/h6>\n<p>Die Dritte musste in die Wiehre zu den leicht favorisierten Gastgebern. Nat\u00fcrlich wollte SCE 3 erfolgreich sein, doch ein Sieg von Ulrich Steinke und die Remis von Markus Roos, Andreas Haas und Bruno Grohm\u00fcller reichten nicht, um Wiehre ernsthaft zu gef\u00e4hrden.<br \/>\nDie erste Entscheidung brachte an Brett 5 Emmendingen in R\u00fcckstand. Andreas Haas remisierte in ausgeglichener Stellung. Den ersten vollen Brettpunkt brachte der Sieg von Ulrich Steinke an Brett 7. Auch Bruno Grohm\u00fcller steuerte ein Remis bei, so dass der Mannschaftskampf nach der H\u00e4lfte der Entscheidungen mit 2:2 v\u00f6llig ausgeglichen war. Es liefen noch alle Partien der vorderen Mannschaftsh\u00e4lfte. Doch danach konnte nur noch Markus Roos an Brett 3 ein Remis beitragen. Jugendspieler Peter Sikolenko hatte sich zwar nach toller Partie gegen seinen nominell st\u00e4rkeren Gegner eine starke Position erk\u00e4mpft, \u00fcbersah aber einen Mattangriff und musste passen.<br \/>\nMit 5 Mannschaftspunkten bei 14 Brettpunkten verbleibt SCE 3 im unteren Mittelfeld.<\/p>\n<hr \/>\n<h5>Bezirksklasse \u2013 22.11.2015 Runde 3<\/h5>\n<h3>Wichtige Punkte f\u00fcr SCE 3<\/h3>\n<h6>Emmendingen 3 &#8211; Merzhausen 3 (Heimspiel) 6,5:1,5<\/h6>\n<p>Die Merzhausener G\u00e4ste konnten nur mit einer 5er-Rumpfmannschaft anreisen, so dass SCE 3 bereits zu Beginn 3 Brettpunkte verbuchen konnte.<br \/>\nSchon fr\u00fch setzte Torsten Frank an Brett 1 mit einem klaren Sieg die Vorgabe. Sogleich remisierte Markus Roos an Brett 2 und sicherte den Mannschaftssieg. Gleich darauf f\u00fcgte Karl Ziegler noch einen Brettpunkt zum Ergebnis hinzu. Jungspieler Peter Sikolenko spulte seine Partie an Brett 3 sauber ab und remisierte. In der letzten Partie hatte Axel Wolf gepatzt, konnte aber seinem Gegner noch ein Remis abtrotzen.<br \/>\nEmmendingen hatte diese beiden Mannschaftspunkte bitter n\u00f6tig.<\/p>\n<hr \/>\n<h5>Bezirksklasse \u2013 25.10.2015 Runde 2<\/h5>\n<h3>Chance verpasst<\/h3>\n<h6>Heitersheim 2 &#8211; Emmendingen 3 (Ausw\u00e4rtsspiel) 5:1<\/h6>\n<p>Das war ein seltsamer Spieltag. Konnte der morgendliche Ausfall eines Spielers noch kurzfristig ausgeglichen werden, waren weitere Unzul\u00e4nglichkeiten zu erwarten. Mit 2 Autos starteten wir am Treffpunkt in Emmendingen, doch nur eines erreichte p\u00fcnktlich den Spielort. So musste die Mannschaft spontan umgebildet werden. Die Dritte hatte nur 5 Spieler. Positiv ist, dass niemand zu Schaden gekommen ist (z.B. durch Autounfall).<br \/>\nVorteilhaft f\u00fcr Emmendingen war, dass auch Heitersheim nur 5 Spieler aufzubieten hatte. Innerhalb der notwendigen Wartezeit traf noch der 6. Spieler von Heitersheim ein. Somit wurden die Bretter 7 und 8 nicht gewertet. Eine Partie war kampflos verloren.<br \/>\nWolfgang Dederichs, jetzt an Brett 5, konnte mit Wei\u00df eine Er\u00f6ffnung spielen, die sein Gegner nicht ausreichend kannte. Er fuhr nach bereits etwa einer Stunde Spielzeit den ersten Siegpunkt ein. Die anderen Partien entwickelten sich zu Ungunsten von Emmendingen und gingen allesamt verloren.<br \/>\nLeider hat Emmendingen eine gute Chance verpasst.<\/p>\n<hr \/>\n<h5>Bezirksklasse \u2013 27.09.2015 Runde 1<\/h5>\n<h3>Gutes Ergebnis gegen Z\u00e4hringen 3<\/h3>\n<h6>Emmendingen 3 &#8211; Z\u00e4hringen 3 (Heimspiel) 4:4<\/h6>\n<p>Nur mit 6 Spielern reisten die Z\u00e4hringer an, womit Emmendingen zu Beginn 2 Brettpunkte im Plus verbuchen konnte. Die Chancen f\u00fcr Emmendingen waren erheblich gestiegen.<br \/>\nIm Verlauf des Kampfes konnte Bruno Grohm\u00fcller mit einem Remis vorlegen. Doch Peter Sikolenko und Axel Wolf vergaben ihre Partien. Somit war der Kampf wieder offen. In sehr guten Partien konnten an Brett 1 Torsten Frank einen vollen Siegpunkt und an Brett 2 Markus Roos ein Remis gegen nominal st\u00e4rkere Gegner einbringen. Emmendingen lag also mit 4-3 in F\u00fchrung. Somit wurde in der letzten Partie an Brett 5 verbissen gerungen. In einem Bauernendspiel kamen beide zum Umwandlungsfeld f\u00fcr eine Dame. Als Karl Ziegler die Schachgebote ausgingen, \u00fcbernahm sein Gegner die Initiative und gewann.<br \/>\nDas Remis ist f\u00fcr Emmendingen ein Erfolg.<\/p>\n","protected":false},"excerpt":{"rendered":"<p>Bezirksklasse \u2013 17.04.2016 Runde 9 Emmendingen muss wieder bangen Ebringen 2 &#8211; Emmendingen 3 (Ausw\u00e4rtsspiel) 3,5:3,5 Der Kampf verlief weitgehend ausgeglichen, nur Ulrich Steinke konnte einen vollen Brettpunkt einbringen. Da an Brett 3 der Brettpunkt wieder zur\u00fcckgegeben werden musste, endete der Mannschaftskampf unentschieden. Gegen Ebringen kann dieses als Erfolg gewertet werden, die Mannschaft war \u00fcber &hellip; <a href=\"http:\/\/schachclub-emmendingen.badischer-schachverband.de\/index.php\/mannschaften\/3-mannschaft\/saison-2016-3\/\" class=\"more-link\"><span class=\"screen-reader-text\">Saison 2016<\/span> weiterlesen <span class=\"meta-nav\">&rarr;<\/span><\/a><\/p>\n","protected":false},"author":4,"featured_media":0,"parent":141,"menu_order":5,"comment_status":"closed","ping_status":"closed","template":"","meta":{"footnotes":""},"class_list":["post-184","page","type-page","status-publish","hentry"],"_links":{"self":[{"href":"http:\/\/schachclub-emmendingen.badischer-schachverband.de\/index.php\/wp-json\/wp\/v2\/pages\/184","targetHints":{"allow":["GET"]}}],"collection":[{"href":"http:\/\/schachclub-emmendingen.badischer-schachverband.de\/index.php\/wp-json\/wp\/v2\/pages"}],"about":[{"href":"http:\/\/schachclub-emmendingen.badischer-schachverband.de\/index.php\/wp-json\/wp\/v2\/types\/page"}],"author":[{"embeddable":true,"href":"http:\/\/schachclub-emmendingen.badischer-schachverband.de\/index.php\/wp-json\/wp\/v2\/users\/4"}],"replies":[{"embeddable":true,"href":"http:\/\/schachclub-emmendingen.badischer-schachverband.de\/index.php\/wp-json\/wp\/v2\/comments?post=184"}],"version-history":[{"count":11,"href":"http:\/\/schachclub-emmendingen.badischer-schachverband.de\/index.php\/wp-json\/wp\/v2\/pages\/184\/revisions"}],"predecessor-version":[{"id":2803,"href":"http:\/\/schachclub-emmendingen.badischer-schachverband.de\/index.php\/wp-json\/wp\/v2\/pages\/184\/revisions\/2803"}],"up":[{"embeddable":true,"href":"http:\/\/schachclub-emmendingen.badischer-schachverband.de\/index.php\/wp-json\/wp\/v2\/pages\/141"}],"wp:attachment":[{"href":"http:\/\/schachclub-emmendingen.badischer-schachverband.de\/index.php\/wp-json\/wp\/v2\/media?parent=184"}],"curies":[{"name":"wp","href":"https:\/\/api.w.org\/{rel}","templated":true}]}}