{"id":182,"date":"2016-01-01T20:14:50","date_gmt":"2016-01-01T20:14:50","guid":{"rendered":"http:\/\/localhost\/wordpress\/?page_id=182"},"modified":"2019-10-09T13:08:02","modified_gmt":"2019-10-09T13:08:02","slug":"saison-2016-2","status":"publish","type":"page","link":"http:\/\/schachclub-emmendingen.badischer-schachverband.de\/index.php\/mannschaften\/2-mannschaft\/saison-2016-2\/","title":{"rendered":"Saison 2016"},"content":{"rendered":"<h5>Bereichsliga S\u00fcd 3 \u2013 17.04.2016 Runde 9<\/h5>\n<h3>Die Zweite wird Meister der Bereichsliga S\u00fcd 3 und steigt in die Landesliga auf<\/h3>\n<h6>SC Umkirch &#8211; SC Emmendingen 2 (Ausw\u00e4rtsspiel) 2,5:5,5<\/h6>\n<p>Die letzte Runde der Saison war Emmendingen 2 zu Gast in Umkirch. SCE 2 war klar favorisiert, hatte man doch den Aufstieg in die Landesliga deutlich vor Augen.<br \/>\nDer Spielverlauf war aber doch etwas anders als erwartet:<br \/>\nIn einem ersten Res\u00fcmee nach 1\u00bd Stunden verlief der Kampf recht offen und schleppend. Brett 1 hatte Qualit\u00e4t gewonnen,<br \/>\nweiter&#8230;<\/p>\n<p><a href=\"\/index.php\/2016\/04\/18\/umkirch-emmendingen-2\/\">Spielbericht<\/a><\/p>\n<hr \/>\n<h5>Bereichsliga S\u00fcd 3 &#8211; 20.03.2016 Runde 8<\/h5>\n<h3>Der Aufstieg in die Landesliga ist gesichert<\/h3>\n<h6>Emmendingen 2 &#8211; Merzhausen 2 (Heimspiel) 7:1<\/h6>\n<p>Nachdem bereits in der vorherigen Runde die entscheidende H\u00fcrde zum Aufstieg in die Landesliga genommen wurde, ging es an diesem Sonntag darum, mit einem Sieg den Aufstieg endg\u00fcltig abzusichern. Im Heimspiel empfing SCE 2 eine nicht ganz so starke Mannschaft aus Merzhausen.<\/p>\n<p>Der Spielverlauf war dann auch eindeutig. Schon fr\u00fch konnte Michael Gihr den ersten Sieg f\u00fcr Emmendingen erringen. Kurz darauf beendete auch Boris Litfin seine Partie siegreich. Dann musste man lange auf die n\u00e4chste Entscheidung warten. Diese fielen fast gleichzeitig durch Siege von Wolfgang Schmidt, Andreas H\u00fcgle und Iouri Sorokovski. Zwischenstand 5:0. Damit hatte die Mannschaft bereits gewonnen. Der Sieg von Thomas Ehret sowie die beiden Remis von Gerhard Kiefer und Axel Wolf verbesserten das Ergenis auf einen sehr deutlichen 7:1-Erfolg.<\/p>\n<p><a href=\"\/index.php\/2016\/03\/20\/emmendingen-2-merzhausen-2\/\">Spielbericht<\/a><\/p>\n<hr \/>\n<h5>Bereichsliga S\u00fcd 3 &#8211; 06.03.2016 Runde 7<\/h5>\n<h3>Entscheidende H\u00fcrde zum Aufstieg in die Landesliga gepackt<\/h3>\n<h6>Dreil\u00e4ndereck 2 &#8211; Emmendingen 2 (Ausw\u00e4rtsspiel) 5,5:2,5<\/h6>\n<p>Am Sonntag kam es nun zum Spitzenspiel der bisher ungeschlagenen und damit punktgleichen Mannschaften in der Bereichsliga S\u00fcd Staffel 3. Emmendingen hatte vor dem Spiel nur bei der Feinwertung einen hauchd\u00fcnnen Vorteil von 1,5 Brettpunkten. So wurde der Kampf mit gro\u00dfem Interesse erwartet.<\/p>\n<p>Der Spielverlauf entwickelte sich bald f\u00fcr den SCE: Jens Rahnfeld (3) brachte seine Partie sicher zum Sieg, gefolgt von Michael Gihr (8). Iouri Sorokovski (4) kam mit Schwarz auf ein Remis und Hermann Schrems (5) trug einen vollen Punkt zum Mannschaftsergebnis bei. Zwischenstand 3,5:1,5.<br \/>\nDer Matchwinner war dann Christof Herbrechtsmeier (1) mit einem klaren Sieg. Wolfgang Schmidt (6) verbesserte das Ergebnis noch um einen ganzen Brettpunkt.<\/p>\n\n\n<p class=\"rpbchessboard-spacerBefore\"><\/p>\n\n<div class=\"rpbchessboard-chessgame\">\n    <noscript>\n        <div class=\"rpbchessboard-javascriptWarning\">\n            Sie m\u00fcssen JavaScript aktivieren, um die Notation zu verbessern.        <\/div>\n    <\/noscript>\n    <div id=\"rpbchessboard-69e4b9e6ed904-1\"><\/div>\n    <script type=\"text\/javascript\">\n        (function() {\n            function renderThisPGN() {\n                RPBChessboard.renderPGN(\"rpbchessboard-69e4b9e6ed904-1\", {\"pgn\":\"[Event \\\"Dreil\\u00e4ndereck 2 - Emmendingen 2\\\"]\\r\\n[Site \\\"?\\\"]\\r\\n[Date \\\"06.03.2016\\\"]\\r\\n[Round \\\"7.8\\\"]\\r\\n[White \\\"Bender, Stefan\\\"]\\r\\n[Black \\\"Gihr, Michael\\\"]\\r\\n[Result \\\"0-1\\\"]\\r\\n\\r\\n1. d4 Nf6 2. Nf3 g6 3. g3 Bg7 4. Bg2 O-O 5. O-O d5 6. Nbd2 Re8 7. Re1 c5 8. c3\\r\\ncxd4 9. cxd4 Nc6 10. b3 Qb6 11. Bb2 Ne4 12. e3 Nb4 13. Bf1 Bg4 14. Be2 Bxf3 15.\\r\\nNxf3 Rac8 16. Bd3 Qf6 17. Kg2 g5 18. Rf1 h5 19. Bb5 Red8 20. Ne1 h4 21. a3 h3+\\r\\n22. Kg1 Nc2 23. Be2 Nxa1 24. Bxa1 Nc3 25. Bxc3 Rxc3 26. Bg4 Qh6 27. Nd3 b6 28.\\r\\nf4 e6 29. f5 Rdc8 30. fxe6 fxe6 31. Nb4 a5 32. Nd3 Qg6 33. Be2 Qe4 34. Rf3 g4\\r\\n35. Nf2 gxf3 36. Nxe4 fxe2 37. Qxe2 dxe4 38. Qg4 Rc1+\\r\\n0-1\",\"pieceSymbols\":\"localized\",\"navigationBoard\":\"floatLeft\",\"withPlayButton\":true,\"withFlipButton\":true,\"withDownloadButton\":true,\"nboSquareSize\":32,\"nboCoordinateVisible\":true,\"nboTurnVisible\":true,\"nboColorset\":\"original\",\"nboPieceset\":\"cburnett\",\"nboAnimated\":true,\"nboMoveArrowVisible\":true,\"nboMoveArrowColor\":\"b\",\"idoSquareSize\":32,\"idoCoordinateVisible\":true,\"idoTurnVisible\":true,\"idoColorset\":\"original\",\"idoPieceset\":\"cburnett\"});\n            }\n            if (document.readyState === 'loading') {\n                document.addEventListener('DOMContentLoaded', renderThisPGN);\n            }\n            else {\n                renderThisPGN();\n            }\n        })();\n    <\/script>\n<\/div>\n\n<p class=\"rpbchessboard-spacerAfter\"><\/p>\n\n<p><a href=\"http:\/\/schachclub-emmendingen.badischer-schachverband.de\/index.php\/2016\/03\/07\/dreilaendereck-2-emmendingen-2\/\">Spielbericht<\/a><\/p>\n<hr \/>\n<h5>Bereichsliga S\u00fcd 3 &#8211; 14.02.2016 Runde 6<\/h5>\n<h3>Emmendingen bleibt vorn<\/h3>\n<h6>Emmendingen 2 &#8211; Wutachtal (Heimspiel) 6,5:1,5<\/h6>\n<p>Gegen Wutachtal ging die Zweite als Favorit ins Match. Doch die Wutacht\u00e4ler lie\u00dfen sich nicht beirren und k\u00e4mpften erbittert um jede Partie. So entspricht das Ergebnis auch nicht ganz dem Spielverlauf.<\/p>\n<p><!--more--><br \/>\n&#8230;mehr siehe<\/p>\n<p><a href=\"http:\/\/schachclub-emmendingen.badischer-schachverband.de\/index.php\/2016\/02\/14\/emmendingen-2-wutachtal\/\">Spielbericht<\/a><\/p>\n<hr \/>\n<h5>Bereichsliga S\u00fcd 3 &#8211; 24.01.2016 Runde 5<\/h5>\n<h3>Kantersieg gegen Horben<\/h3>\n<h6>Emmendingen 2 &#8211; Horben (Heimspiel) 7:1<\/h6>\n<p>Das war heute ein \u00e4u\u00dferst erfolgreicher Spieltag f\u00fcr den Schachclub Emmendingen. Zuvorderst ist der eindeutige Sieg der Zweiten zu benennen, die die G\u00e4ste aus Horben empfingen, welche deutlich geschw\u00e4cht antraten. So war Emmendingen favorisiert.<br \/>\nDer Spielverlauf war dementsprechend: Schon fr\u00fch konnte Michael Gihr mit einer bravour\u00f6sen Attacke seinen Gegner zur Aufgabe zwingen, gefolgt von Iouri Sorokovski mit klarer Gewinnpartie. Tomas Penya lie\u00df seinem jungen Kontrahenten keine Chance und Christof Herbrechtsmeier distanzierte Thomas Ahner an Brett 1. Gerhard Kiefer trug an Brett 2 ein Remis zum Mannschaftserfolg bei. Auch Boris Litfin konnte seinem Gegner den Punkt abnehmen. An Brett 4 k\u00e4mpfte Hermann Schrems um die Initiative, willigte aber dann zum Remis ein. Die l\u00e4ngste Partie hatte Andreas H\u00fcgle zu bestehen. Er kam in ein Endspiel 2 Springer plus Bauer gegen L\u00e4ufer, was sehr schwierig zu spielen war. Als er eine Stellung erreichte, bei der er mit dem Springer die Laufrichtung des L\u00e4ufers auf den vorr\u00fcckenden Bauern unterbrechen konnte, gab der Gegner nach fast 90 Z\u00fcgen auf. Kein Emmendinger hatte sein Spiel verloren.<\/p>\n<p>Mit dem 7:1 Sieg bleibt Emmendingen 2 an der Tabellenspitze, punktgleich mit Dreil\u00e4ndereck 2. Der Tabellendritte Umkirch ist schon etwas abgeschlagen. In der n\u00e4chsten Runde hat Emmendingen ein Heimspiel gegen den zweiten Aufsteiger Wutachtal am 14.02.<\/p>\n<p><a href=\"http:\/\/schachclub-emmendingen.badischer-schachverband.de\/index.php\/2016\/01\/24\/emmendingen-2-horben-1\/\">Spielbericht<\/a><\/p>\n\n\n<p class=\"rpbchessboard-spacerBefore\"><\/p>\n\n<div class=\"rpbchessboard-chessgame\">\n    <noscript>\n        <div class=\"rpbchessboard-javascriptWarning\">\n            Sie m\u00fcssen JavaScript aktivieren, um die Notation zu verbessern.        <\/div>\n    <\/noscript>\n    <div id=\"rpbchessboard-69e4b9e6ed904-2\"><\/div>\n    <script type=\"text\/javascript\">\n        (function() {\n            function renderThisPGN() {\n                RPBChessboard.renderPGN(\"rpbchessboard-69e4b9e6ed904-2\", {\"pgn\":\"[Event \\\"VR 15\\\/16 Em 2-Horben 1\\\"]\\r\\n[Site \\\"?\\\"]\\r\\n[Date \\\"2016.01.24\\\"]\\r\\n[Round \\\"5.7\\\"]\\r\\n[White \\\"Murek, Philip\\\"]\\r\\n[Black \\\"Gihr, Michael\\\"]\\r\\n[Result \\\"0-1\\\"]\\r\\n[ECO \\\"E81\\\"]\\r\\n[WhiteElo \\\"1525\\\"]\\r\\n[BlackElo \\\"1958\\\"]\\r\\n[Annotator \\\"Wolf\\\"]\\r\\n[PlyCount \\\"44\\\"]\\r\\n\\r\\n{E81: K\\u00f6nigsindisch (S\\u00e4misch-Angriff)} 1. d4 Nf6 2. c4 g6 3. Nc3 Bg7 4. e4 d6\\r\\n5. Bd3 O-O 6. Nge2 Nbd7 7. f3 c5 8. d5 Ne5 9. Be3 a6 10. a4 h5 11. O-O Rb8 12.\\r\\nQd2 Bd7 13. Rfb1 h4 14. h3 Bxh3 15. b4 $2 Qc8 16. bxc5 Bxg2 17. Kxg2 Nxf3 18.\\r\\nKxf3 Qh3+ 19. Kf2 $4 (19. Ng3 Qxg3+ 20. Ke2 Ng4 21. Ra3) 19... Ng4+ 20. Ke1\\r\\nNxe3 21. Ng1 Qg3+ 22. Ke2 $2 Qg2+ 0-1\",\"pieceSymbols\":\"localized\",\"navigationBoard\":\"floatLeft\",\"withPlayButton\":true,\"withFlipButton\":true,\"withDownloadButton\":true,\"nboSquareSize\":32,\"nboCoordinateVisible\":true,\"nboTurnVisible\":true,\"nboColorset\":\"original\",\"nboPieceset\":\"cburnett\",\"nboAnimated\":true,\"nboMoveArrowVisible\":true,\"nboMoveArrowColor\":\"b\",\"idoSquareSize\":32,\"idoCoordinateVisible\":true,\"idoTurnVisible\":true,\"idoColorset\":\"original\",\"idoPieceset\":\"cburnett\"});\n            }\n            if (document.readyState === 'loading') {\n                document.addEventListener('DOMContentLoaded', renderThisPGN);\n            }\n            else {\n                renderThisPGN();\n            }\n        })();\n    <\/script>\n<\/div>\n\n<p class=\"rpbchessboard-spacerAfter\"><\/p>\n\n<hr \/>\n<h5>Bereichsliga S\u00fcd 3 &#8211; 13.12.2015 Runde 4<\/h5>\n<h3>Kantersieg gegen zahnlose Markgr\u00e4fler<\/h3>\n<h6>Markgr\u00e4flerland &#8211; Emmendingen 2 (Ausw\u00e4rtsspiel) 1:7<\/h6>\n<p>Ohne ihre Spitzenspieler und stark geschw\u00e4cht traten die Markgr\u00e4fler gegen die Zweite von Emmendingen an. In dieser Aufstellung waren sie chancenlos und wurden geradezu \u00fcberrollt. Doch dieser Kampf bot keinen Ma\u00dfstab f\u00fcr die k\u00fcnftigen Spiele.<br \/>\nIouri Sorokovski, Wolfgang Schmidt, Andreas H\u00fcgle, Michael Gihr, Tomas Penya, Toni Gens und Daniel Reifsteck gewannen ihre Partien. Mit diesem Sieg \u00fcbernimmt Emmendingen 2 die Tabellenspitze in der Bereichsliga S\u00fcd 3 punktgleich mit Dreil\u00e4ndereck 2, die ebenfalls gewonnen haben, aber nun einen Brettpunkt hinten liegen.<\/p>\n<p><a href=\"\/index.php\/2015\/12\/13\/markgraeflerland-emmendingen-2\/\">Spielbericht<\/a><\/p>\n<hr \/>\n<h5>Bereichsliga S\u00fcd 3 &#8211; 22.11.2015 Runde 3<\/h5>\n<h3>Emmendingen auch im 3. Spiel ohne Punktverlust<\/h3>\n<h6>Emmendingen 2 &#8211; Neustadt (Heimspiel) 6:2<\/h6>\n<p>Die G\u00e4ste aus Neustadt mussten sich leider zu Beginn etwas gedulden, nachdem die neu eingesetzten Uhren nicht der Programmierung folgten. Doch das tat dem Kampfesgeist keinen Abbruch. Die Zweite hatte aber leichten DWZ-Vorteil und wollte unbedingt gewinnen.<br \/>\nSchon nach 2 1\/2 Stunden konnte Toni Gens den ersten Sieg verbuchen. Bald danach remisierte Wolfgang Schmidt an Brett 2. Boris Litfin und Daniel Reifsteck brachten ebenfalls volle Brettpunkte ein. Damit waren alle Wei\u00dfbretter entschieden und SCE 2 hatte 3,5 Brettpunkte erreicht.<br \/>\nAn den Schwarzbrettern wurde noch gek\u00e4mpft. Doch nach dem souver\u00e4nen Sieg von Gerhard Kiefer an Brett 1 war der Wettkampf bereits in trockenen T\u00fcchern. Das Remis von Tomas Penya und der z\u00e4h erk\u00e4mpfte Sieg von Joachim Fleischer waren noch Zugabe.<br \/>\nIn der n\u00e4chsten Runde muss Emmendingen 2 ins Markgr\u00e4flerland.<br \/>\n\n\n<p class=\"rpbchessboard-spacerBefore\"><\/p>\n\n<div class=\"rpbchessboard-chessgame\">\n    <noscript>\n        <div class=\"rpbchessboard-javascriptWarning\">\n            Sie m\u00fcssen JavaScript aktivieren, um die Notation zu verbessern.        <\/div>\n    <\/noscript>\n    <div id=\"rpbchessboard-69e4b9e6ed904-3\"><\/div>\n    <script type=\"text\/javascript\">\n        (function() {\n            function renderThisPGN() {\n                RPBChessboard.renderPGN(\"rpbchessboard-69e4b9e6ed904-3\", {\"pgn\":\"[Event \\\"VR 15\\\/16 Em 2-Neustadt\\\"]\\r\\n[Site \\\"?\\\"]\\r\\n[Date \\\"2015.11.22\\\"]\\r\\n[Round \\\"3.1\\\"]\\r\\n[White \\\"Rombach, Michael\\\"]\\r\\n[Black \\\"Kiefer, Gerhard\\\"]\\r\\n[Result \\\"0-1\\\"]\\r\\n[ECO \\\"E99\\\"]\\r\\n[WhiteElo \\\"2076\\\"]\\r\\n[BlackElo \\\"2169\\\"]\\r\\n[Annotator \\\"Wolf,Axel\\\"]\\r\\n[PlyCount \\\"76\\\"]\\r\\n\\r\\n1. Nf3 Nf6 2. d4 g6 3. c4 Bg7 4. Nc3 O-O 5. e4 d6 6. Be2 e5 7. O-O Nc6 8. d5\\r\\nNe7 9. Ne1 Nd7 10. Nd3 f5 11. f3 f4 12. g4 g5 13. Bd2 h5 14. h3 Rf6 15. Be1 Rh6\\r\\n16. Kg2 Ng6 17. Rh1 Kf7 18. Bf2 Nf6 19. c5 Bf8 20. b4 Bd7 21. Rc1 Be7 22. a4\\r\\nhxg4 23. hxg4 Nh4+ 24. Bxh4 gxh4 25. c6 bxc6 26. dxc6 Bxc6 27. Nb5 h3+ 28. Kh2\\r\\nBxb5 29. axb5 Qd7 30. g5 Rg8 31. Rg1 (31. Nxe5+ dxe5 32. Bc4+ Ke8 33. Bxg8 Rg6\\r\\n34. Qxd7+ Nxd7 35. Bh7) 31... Rhg6 32. Qb3+ Kf8 33. gxf6 Rg2+ 34. Kh1 Bxf6 35.\\r\\nQd5 Rxg1+ 36. Rxg1 Rxg1+ 37. Kxg1 Qg7+ 38. Kf1 h2 0-1\",\"pieceSymbols\":\"localized\",\"navigationBoard\":\"floatLeft\",\"withPlayButton\":true,\"withFlipButton\":true,\"withDownloadButton\":true,\"nboSquareSize\":32,\"nboCoordinateVisible\":true,\"nboTurnVisible\":true,\"nboColorset\":\"original\",\"nboPieceset\":\"cburnett\",\"nboAnimated\":true,\"nboMoveArrowVisible\":true,\"nboMoveArrowColor\":\"b\",\"idoSquareSize\":32,\"idoCoordinateVisible\":true,\"idoTurnVisible\":true,\"idoColorset\":\"original\",\"idoPieceset\":\"cburnett\"});\n            }\n            if (document.readyState === 'loading') {\n                document.addEventListener('DOMContentLoaded', renderThisPGN);\n            }\n            else {\n                renderThisPGN();\n            }\n        })();\n    <\/script>\n<\/div>\n\n<p class=\"rpbchessboard-spacerAfter\"><\/p>\n<\/p>\n<p><a href=\"\/wp-content\/uploads\/2015\/10\/emtor3.jpg\" rel=\"attachment wp-att-774\"><img loading=\"lazy\" decoding=\"async\" class=\"alignnone wp-image-774 size-full\" src=\"\/wp-content\/uploads\/2015\/10\/emtor3.jpg\" alt=\"emtor3\" width=\"777\" height=\"771\" srcset=\"http:\/\/schachclub-emmendingen.badischer-schachverband.de\/wp-content\/uploads\/2015\/10\/emtor3.jpg 777w, http:\/\/schachclub-emmendingen.badischer-schachverband.de\/wp-content\/uploads\/2015\/10\/emtor3-150x150.jpg 150w, http:\/\/schachclub-emmendingen.badischer-schachverband.de\/wp-content\/uploads\/2015\/10\/emtor3-300x298.jpg 300w, http:\/\/schachclub-emmendingen.badischer-schachverband.de\/wp-content\/uploads\/2015\/10\/emtor3-768x762.jpg 768w\" sizes=\"auto, (max-width: 777px) 100vw, 777px\" \/><\/a><\/p>\n<hr \/>\n<h5>Bereichsliga S\u00fcd 3 &#8211; 25.10.2015 Runde 2<\/h5>\n<h3>Emmendingen festigt seine Form<\/h3>\n<h6>Denzlingen &#8211; Emmendingen 2 (Ausw\u00e4rtsspiel) 3:5<\/h6>\n<p>Beide Mannschaften traten nicht in Bestbesetzung an. Trotz leichter Favoritenrolle musste Emmendingen hart ringen. Anfangs sah es f\u00fcr Emmendingen noch sehr gut aus. Alle Spieler hatten aussichtsreiche Stellungen erreicht. Doch die ersten Entscheidungen fielen gegen Emmendingen. Um 12:00 Uhr lag die Zweite mit 1\/2:2 1\/2 hinten und musste nunmehr punkten.<br \/>\nNach 5 Stunden war der Zwischenstand mit 3:3 absolut ausgeglichen, nachdem insbesondere die Schwarzbretter 2 mit Iouri Sorokovski, 4 mit Andreas H\u00fcgle und 8 mit Daniel Reifsteck die Punkte geholt hatten. Von den Wei\u00dfbrettern konnte nur Jens Rahnfeld an Brett 1 einen halben Punkt beitragen.<br \/>\nAn den Brettern 5 und 6 wurde noch gek\u00e4mpft. Eine Beurteilung der Spielausg\u00e4nge war zu diesem Zeitpunkt kaum m\u00f6glich. Eher schien ein Mannschaftserfolg fraglich. Umso erfreulicher ist das Ergebnis. Beide Spieler, Boris Litfin und Michael Gihr, konnten ihre Partien gewinnen.<br \/>\nDamit festigt die Zweite ihre Form und kann in der Tabelle auf Rang 2 vorr\u00fccken.<\/p>\n<p><a href=\"\/wp-content\/uploads\/2015\/10\/EmTor281015.jpg\" rel=\"attachment wp-att-775\"><img loading=\"lazy\" decoding=\"async\" class=\"alignnone wp-image-775 size-full\" src=\"\/wp-content\/uploads\/2015\/10\/EmTor281015.jpg\" alt=\"EmTor281015\" width=\"1173\" height=\"936\" srcset=\"http:\/\/schachclub-emmendingen.badischer-schachverband.de\/wp-content\/uploads\/2015\/10\/EmTor281015.jpg 1173w, http:\/\/schachclub-emmendingen.badischer-schachverband.de\/wp-content\/uploads\/2015\/10\/EmTor281015-300x239.jpg 300w, http:\/\/schachclub-emmendingen.badischer-schachverband.de\/wp-content\/uploads\/2015\/10\/EmTor281015-768x613.jpg 768w, http:\/\/schachclub-emmendingen.badischer-schachverband.de\/wp-content\/uploads\/2015\/10\/EmTor281015-1024x817.jpg 1024w\" sizes=\"auto, (max-width: 1173px) 100vw, 1173px\" \/><\/a><\/p>\n<hr \/>\n<h5>Bereichsliga S\u00fcd 3 &#8211; 27.09.2015 Runde 1<\/h5>\n<h3>Auftaktspiel mit M\u00fche erfolgreich<\/h3>\n<h6>Emmendingen 2 &#8211; Endingen (Heimspiel) 5:3<\/h6>\n<p>Das Auftaktspiel in der neuen Saison war keineswegs so deutlich, wie das Ergebnis vermuten l\u00e4sst.<br \/>\nDie Endinger konnten nicht die st\u00e4rkste Mannschaft aufbieten und mussten im Vorhinein auf einen Spieler verzichten, was f\u00fcr Emmendingen bereits einen Brettpunkt einbrachte. Doch dadurch waren sie besonders motiviert, was im Spielablauf sehr deutlich wurde.<br \/>\nDie erste Partie an Brett 4 endete remis, nachdem Andreas H\u00fcgle keinen Gewinnweg mehr sah. Kurz darauf gab Iouri Sorokovski an Brett 2 nach fehlerhaftem Schlagen frustriert auf. Auch Joachim Fleischer musste sich an Brett 7 geschlagen geben. Einzig Toni Gens konnte souver\u00e4n einen Siegpunkt an Brett 6 erk\u00e4mpfen und damit beim Zwischenstand von 2,5-2,5 f\u00fcr die Mannschaft trotz Bonuspunkt durch das unbesetzte Brett ausgleichen.<br \/>\nJetzt hing alles von den noch laufenden Partien ab. An Brett 3 hatte Wolfgang Schmidt in aussichtsreicher Stellung ein Remisangebot seines Gegners abgelehnt, erkannte aber nicht den klaren Gewinnweg und musste schlie\u00dflich in das Remis einwilligen. Gerhard Kiefer setzte an Brett 1 seinen Gegner Zug um Zug mehr unter Druck, gab seine Dame f\u00fcr 2 T\u00fcrme und brachte einen Bauern in Richtung Umwandlungsfeld, was nicht mehr verteidigt werden konnte. Mit diesem Siegpunkt ging Emmendingen mit 4-3 in F\u00fchrung.<br \/>\nDie letzte Partie an Brett 5 musste die Entscheidung bringen. Hier stand Michael Gihr extrem unter Druck. Doch sein Gegner konnte den Vorteil durch die hervorragende Verteidigung von Michael nicht in einen Sieg umsetzen und gab nach einem Mattangriff auf.<\/p>\n","protected":false},"excerpt":{"rendered":"<p>Bereichsliga S\u00fcd 3 \u2013 17.04.2016 Runde 9 Die Zweite wird Meister der Bereichsliga S\u00fcd 3 und steigt in die Landesliga auf SC Umkirch &#8211; SC Emmendingen 2 (Ausw\u00e4rtsspiel) 2,5:5,5 Die letzte Runde der Saison war Emmendingen 2 zu Gast in Umkirch. SCE 2 war klar favorisiert, hatte man doch den Aufstieg in die Landesliga deutlich &hellip; <a href=\"http:\/\/schachclub-emmendingen.badischer-schachverband.de\/index.php\/mannschaften\/2-mannschaft\/saison-2016-2\/\" class=\"more-link\"><span class=\"screen-reader-text\">Saison 2016<\/span> weiterlesen <span class=\"meta-nav\">&rarr;<\/span><\/a><\/p>\n","protected":false},"author":4,"featured_media":0,"parent":139,"menu_order":4,"comment_status":"closed","ping_status":"closed","template":"","meta":{"footnotes":""},"class_list":["post-182","page","type-page","status-publish","hentry"],"_links":{"self":[{"href":"http:\/\/schachclub-emmendingen.badischer-schachverband.de\/index.php\/wp-json\/wp\/v2\/pages\/182","targetHints":{"allow":["GET"]}}],"collection":[{"href":"http:\/\/schachclub-emmendingen.badischer-schachverband.de\/index.php\/wp-json\/wp\/v2\/pages"}],"about":[{"href":"http:\/\/schachclub-emmendingen.badischer-schachverband.de\/index.php\/wp-json\/wp\/v2\/types\/page"}],"author":[{"embeddable":true,"href":"http:\/\/schachclub-emmendingen.badischer-schachverband.de\/index.php\/wp-json\/wp\/v2\/users\/4"}],"replies":[{"embeddable":true,"href":"http:\/\/schachclub-emmendingen.badischer-schachverband.de\/index.php\/wp-json\/wp\/v2\/comments?post=182"}],"version-history":[{"count":12,"href":"http:\/\/schachclub-emmendingen.badischer-schachverband.de\/index.php\/wp-json\/wp\/v2\/pages\/182\/revisions"}],"predecessor-version":[{"id":2808,"href":"http:\/\/schachclub-emmendingen.badischer-schachverband.de\/index.php\/wp-json\/wp\/v2\/pages\/182\/revisions\/2808"}],"up":[{"embeddable":true,"href":"http:\/\/schachclub-emmendingen.badischer-schachverband.de\/index.php\/wp-json\/wp\/v2\/pages\/139"}],"wp:attachment":[{"href":"http:\/\/schachclub-emmendingen.badischer-schachverband.de\/index.php\/wp-json\/wp\/v2\/media?parent=182"}],"curies":[{"name":"wp","href":"https:\/\/api.w.org\/{rel}","templated":true}]}}