{"id":162,"date":"2015-10-17T20:06:18","date_gmt":"2015-10-17T20:06:18","guid":{"rendered":"http:\/\/localhost\/wordpress\/?page_id=162"},"modified":"2024-08-01T18:52:07","modified_gmt":"2024-08-01T18:52:07","slug":"mannschaften","status":"publish","type":"page","link":"http:\/\/schachclub-emmendingen.badischer-schachverband.de\/index.php\/mannschaften\/","title":{"rendered":"Mannschaften"},"content":{"rendered":"<p>1937 gegr\u00fcndet, z\u00e4hlt der SCE momentan 44 Mitglieder, die zum gr\u00f6\u00dften Teil als Aktive f\u00fcr die drei Mannschaften beim Badischen Schachverband gemeldet sind und an den Mannschaftsk\u00e4mpfen teilnehmen.\u00a0Neben <a href=\"\/index.php\/mannschaften\/1-mannschaft\/\">der ersten Mannschaft<\/a>, die von 2017 bis 2020 in der zweith\u00f6chsten Spielklasse in Deutschland &#8211; n\u00e4mlich der 2. Bundesliga &#8211; ihre Spiele ausgetragen hat, sind die \u00fcbrigen Teams in der Bezirksklasse und in der Kreisklasse B aktiv.<\/p>\n<p>Eine Mannschaft wird normal durch 8 Spieler gebildet. Ausnahmen gelten f\u00fcr die 3. Mannschaft, die in der Kreisklasse B mit nur 6 Spielern antritt. Nach Beschluss durch die Bezirksversammlung gelten ab der Saison 2019\/20 f\u00fcr alle Kreisklassen verminderte Mannschaftsst\u00e4rken, wobei je niedriger die Klasse eingestuft ist, jeweils ein Spieler weniger zum Einsatz kommt.<br \/>\nIn jeder Klasse treffen in der Regel 10 Mannschaften aufeinander, so dass pro Runde jeweils 5 Paarungen zustande kommen. Ausnahmen sind auch hier zugelassen. Es werden 9 Runden in der Saison gespielt. Die Saison beginnt im September des Vorjahres und endet im April.<br \/>\nDie Termine f\u00fcr die 2. Bundesliga und die Oberliga sind in der Regel von denen f\u00fcr die allgemeine Verbandsrunde getrennt.<br \/>\nMit Zustimmung des zust\u00e4ndigen Turnierleiters sind in begr\u00fcndeten Ausnahmef\u00e4llen Spielverlegungen m\u00f6glich, wenn die betroffenen Mannschaften beide zustimmen.<\/p>\n","protected":false},"excerpt":{"rendered":"<p>1937 gegr\u00fcndet, z\u00e4hlt der SCE momentan 44 Mitglieder, die zum gr\u00f6\u00dften Teil als Aktive f\u00fcr die drei Mannschaften beim Badischen Schachverband gemeldet sind und an den Mannschaftsk\u00e4mpfen teilnehmen.\u00a0Neben der ersten Mannschaft, die von 2017 bis 2020 in der zweith\u00f6chsten Spielklasse in Deutschland &#8211; n\u00e4mlich der 2. Bundesliga &#8211; ihre Spiele ausgetragen hat, sind die \u00fcbrigen &hellip; <a href=\"http:\/\/schachclub-emmendingen.badischer-schachverband.de\/index.php\/mannschaften\/\" class=\"more-link\"><span class=\"screen-reader-text\">Mannschaften<\/span> weiterlesen <span class=\"meta-nav\">&rarr;<\/span><\/a><\/p>\n","protected":false},"author":4,"featured_media":0,"parent":0,"menu_order":3,"comment_status":"closed","ping_status":"closed","template":"","meta":{"footnotes":""},"class_list":["post-162","page","type-page","status-publish","hentry"],"_links":{"self":[{"href":"http:\/\/schachclub-emmendingen.badischer-schachverband.de\/index.php\/wp-json\/wp\/v2\/pages\/162","targetHints":{"allow":["GET"]}}],"collection":[{"href":"http:\/\/schachclub-emmendingen.badischer-schachverband.de\/index.php\/wp-json\/wp\/v2\/pages"}],"about":[{"href":"http:\/\/schachclub-emmendingen.badischer-schachverband.de\/index.php\/wp-json\/wp\/v2\/types\/page"}],"author":[{"embeddable":true,"href":"http:\/\/schachclub-emmendingen.badischer-schachverband.de\/index.php\/wp-json\/wp\/v2\/users\/4"}],"replies":[{"embeddable":true,"href":"http:\/\/schachclub-emmendingen.badischer-schachverband.de\/index.php\/wp-json\/wp\/v2\/comments?post=162"}],"version-history":[{"count":11,"href":"http:\/\/schachclub-emmendingen.badischer-schachverband.de\/index.php\/wp-json\/wp\/v2\/pages\/162\/revisions"}],"predecessor-version":[{"id":8833,"href":"http:\/\/schachclub-emmendingen.badischer-schachverband.de\/index.php\/wp-json\/wp\/v2\/pages\/162\/revisions\/8833"}],"wp:attachment":[{"href":"http:\/\/schachclub-emmendingen.badischer-schachverband.de\/index.php\/wp-json\/wp\/v2\/media?parent=162"}],"curies":[{"name":"wp","href":"https:\/\/api.w.org\/{rel}","templated":true}]}}