{"id":139,"date":"2015-10-17T19:47:36","date_gmt":"2015-10-17T19:47:36","guid":{"rendered":"http:\/\/localhost\/wordpress\/?page_id=139"},"modified":"2025-05-20T16:03:04","modified_gmt":"2025-05-20T16:03:04","slug":"2-mannschaft","status":"publish","type":"page","link":"http:\/\/schachclub-emmendingen.badischer-schachverband.de\/index.php\/mannschaften\/2-mannschaft\/","title":{"rendered":"2. Mannschaft"},"content":{"rendered":"<p>Nach mehreren Anl\u00e4ufen gelang in der Saison 2014\/15 endlich der Aufstieg in die Bereichsliga S\u00fcd. Hier spielte die Zweite in der Staffel 3 und hatte in der gesamten Saison kein Spiel verloren.<br \/>\nDer direkte Verfolger Dreil\u00e4ndereck 2 konnte in der 7. Runde besiegt werden. Nach diesem Durchmarsch durch die Bereichsliga hatte die 2. Mannschaft als <em><strong>Meister der Bereichsliga<\/strong><\/em> den weiteren <em><strong>Aufstieg in die Landesliga<\/strong><\/em> zum Ende der Saison 2015\/16 geschafft.<\/p>\n<p>Auch in der Landesliga gelang in der Staffel 1 der direkte Durchmarsch. Ungeschlagen wurde SCE 2 in der Saison 2016\/17 <em><strong>Meister der Landesliga<\/strong><\/em> und <em><strong>stieg in die Verbandsliga auf<\/strong><\/em>. Hier wurde sie 2017\/18 <em><strong>Vizemeister<\/strong><\/em>.<\/p>\n<p>In der Saison 2018\/19 errang die Zweite nach dem knappen Sieg \u00fcber den starken Neuling \u00d6tigheim in Runde 6 den ersten Tabellenrang in der Verbandsliga S\u00fcd. Als Meister der Klasse stieg sie in die h\u00f6chste Klasse im Landesverband Baden &#8211; <strong><em>die Oberliga Baden<\/em><\/strong> &#8211; auf. Durch den R\u00fcckzug der Zweitligamannschaft in der Corona-Saison 2020\/22 musste die Zweite wegen des Regelwerks ebenfalls absteigen. Damit hatte die Reservemannschaft SCE 2 ihren H\u00f6hepunkt vor der Corona-Saison 2020\/22 erreicht. Danach spielte sie wieder in der <em><strong>Landesliga S\u00fcd<\/strong><\/em>.<br \/>\nWegen Spielerabg\u00e4ngen wurde zur Saison 2022\/23 auf das Spielrecht in der Landesliga verzichtet.<br \/>\nSCE 2 war damit Teilnehmer der <em><strong>Bereichsliga S\u00fcd Staffel 2<\/strong><\/em> und schaffte den Klassenerhalt.<br \/>\nIn der Saison 2024\/25 spielt die Zweite nach freiwilligem Abstieg in der Bezirksklasse Freiburg.<\/p>\n<figure id=\"attachment_8509\" aria-describedby=\"caption-attachment-8509\" style=\"width: 384px\" class=\"wp-caption alignnone\"><a href=\"http:\/\/schachclub-emmendingen.badischer-schachverband.de\/wp-content\/uploads\/2023\/10\/DSC0001.jpg\"><img loading=\"lazy\" decoding=\"async\" class=\"wp-image-8509\" src=\"http:\/\/schachclub-emmendingen.badischer-schachverband.de\/wp-content\/uploads\/2023\/10\/DSC0001-300x225.jpg\" alt=\"\" width=\"384\" height=\"288\" srcset=\"http:\/\/schachclub-emmendingen.badischer-schachverband.de\/wp-content\/uploads\/2023\/10\/DSC0001-300x225.jpg 300w, http:\/\/schachclub-emmendingen.badischer-schachverband.de\/wp-content\/uploads\/2023\/10\/DSC0001-1024x767.jpg 1024w, http:\/\/schachclub-emmendingen.badischer-schachverband.de\/wp-content\/uploads\/2023\/10\/DSC0001-768x575.jpg 768w, http:\/\/schachclub-emmendingen.badischer-schachverband.de\/wp-content\/uploads\/2023\/10\/DSC0001-1536x1150.jpg 1536w, http:\/\/schachclub-emmendingen.badischer-schachverband.de\/wp-content\/uploads\/2023\/10\/DSC0001.jpg 1954w\" sizes=\"auto, (max-width: 384px) 100vw, 384px\" \/><\/a><figcaption id=\"caption-attachment-8509\" class=\"wp-caption-text\">Die 2. Mannschaft: v.l. vorn: Daniel Reifsteck, Christof Herbrechtsmeier, Yarob Orabi hinten: Kosai Alsamman, Andreas Heidenreich, Sebastian Sch\u00e4chtele, Matthias Deutschmann, Premtim Haxhiaj<\/figcaption><\/figure>\n<p>Mannschaftsf\u00fchrer ist Sebastian Sch\u00e4chtele.<\/p>\n<p>Einzelheiten \u00fcber die Entwicklung der Mannschaft zeigt zusammenfassend die untenstehende Tabelle.<br \/>\nBeim Anklicken der Jahreszahl erh\u00e4lt man die Einzelberichte f\u00fcr die jeweilige Saison bis 2020.<br \/>\nDas Anklicken der Rangpl\u00e4tze \u00f6ffnet eine Auflistung aller Ergebnisse der jeweiligen Spielklasse\u00a0im BSV-Ergebnisdienst.<\/p>\n<table class=\"tabelle\">\n<tbody>\n<tr>\n<td>Jahr<\/td>\n<td>Liga<\/td>\n<td>+<\/td>\n<td>\u00bd<\/td>\n<td>&#8211;<\/td>\n<td>BP<\/td>\n<td>MP<\/td>\n<td>Rang<\/td>\n<\/tr>\n<tr>\n<td>2025<\/td>\n<td>Bezirksklasse<\/td>\n<td>2<\/td>\n<td>1<\/td>\n<td>6<\/td>\n<td>31<\/td>\n<td>5<\/td>\n<td>9von10<\/td>\n<\/tr>\n<tr>\n<td class=\"abstieg\">2024<\/td>\n<td>Bereichsliga freiwilliger Abstieg<\/td>\n<td>4<\/td>\n<td>0<\/td>\n<td>5<\/td>\n<td>31,5:40,5<\/td>\n<td>8-10<\/td>\n<td><a href=\"https:\/\/bsv-ergebnisdienst.de\/?p1=0:pa:BLS2-23-9\">8 von 10<\/a><\/td>\n<\/tr>\n<tr>\n<td>2023<\/td>\n<td>Bereichsliga<\/td>\n<td>5<\/td>\n<td>1<\/td>\n<td>2<\/td>\n<td>35:28<\/td>\n<td>10-6<\/td>\n<td><a href=\"https:\/\/bsv-ergebnisdienst.de\/?p1=0:pa:BLS2-22-9\">4 von 9<\/a><\/td>\n<\/tr>\n<tr>\n<td class=\"abstieg\">2022<\/td>\n<td>Landesliga<\/td>\n<td>7<\/td>\n<td>1<\/td>\n<td>1<\/td>\n<td>49,5:21,5<\/td>\n<td>13-5<\/td>\n<td><a href=\"https:\/\/bsv-ergebnisdienst.de\/index.php?p1=0:pa:LLS1-21-9\">3 von 10<\/a><\/td>\n<\/tr>\n<tr>\n<td class=\"abstieg\"><a href=\"\/index.php\/mannschaften\/2-mannschaft\/saison-2020\/\">2020<\/a><\/td>\n<td>Oberliga<\/td>\n<td>3<\/td>\n<td>1<\/td>\n<td>4<\/td>\n<td>28,5:35,5<\/td>\n<td>7-9<\/td>\n<td><a href=\"https:\/\/bsv-ergebnisdienst.de\/?p1=0:pa:OL-19-8\">7 von 10<\/a><\/td>\n<\/tr>\n<tr>\n<td class=\"aufstieg\"><a href=\"\/index.php\/mannschaften\/2-mannschaft\/saison-2019\/\">2019<\/a><\/td>\n<td>Verbandsliga<\/td>\n<td>8<\/td>\n<td>1<\/td>\n<td>0<\/td>\n<td>49,5:22,5<\/td>\n<td>17-1<\/td>\n<td><a href=\"https:\/\/bsv-ergebnisdienst.de\/?p1=0:pa:VLS-18-9\">1 von 10<\/a><\/td>\n<\/tr>\n<tr>\n<td><a href=\"\/index.php\/mannschaften\/2-mannschaft\/saison-2018\/\">2018<\/a><\/td>\n<td>Verbandsliga<\/td>\n<td>7<\/td>\n<td>0<\/td>\n<td>2<\/td>\n<td>48,5:23,5<\/td>\n<td>14-4<\/td>\n<td><a href=\"https:\/\/bsv-ergebnisdienst.de\/index.php?p1=0:pa:VLS-17-9\">2 von 10<\/a><\/td>\n<\/tr>\n<tr>\n<td class=\"aufstieg\"><a href=\"\/index.php\/mannschaften\/2-mannschaft\/saison-2017\/\">2017<\/a><\/td>\n<td>Landesliga<\/td>\n<td>9<\/td>\n<td>0<\/td>\n<td>0<\/td>\n<td>61,5:10,5<\/td>\n<td>18-0<\/td>\n<td><a href=\"http:\/\/bsv-ergebnisdienst.de\/?p1=0:pa:LLS1-16\" target=\"_blank\" rel=\"noopener noreferrer\">1 von 10<\/a><\/td>\n<\/tr>\n<tr>\n<td class=\"aufstieg\"><a href=\"\/index.php\/mannschaften\/2-mannschaft\/saison-2016-2\/\">2016<\/a><\/td>\n<td>Bereichsliga<\/td>\n<td>9<\/td>\n<td>0<\/td>\n<td>0<\/td>\n<td>54,5:17,5<\/td>\n<td>18-0<\/td>\n<td><a href=\"http:\/\/bsv-ergebnisdienst.de\/?p1=0:pa:BLS3-15\" target=\"_blank\" rel=\"noopener noreferrer\">1 von 10<\/a><\/td>\n<\/tr>\n<tr>\n<td class=\"aufstieg\"><a href=\"\/index.php\/mannschaften\/2-mannschaft\/saison-2015\/\">2015<\/a><\/td>\n<td>Bezirksklasse<\/td>\n<td>8<\/td>\n<td>0<\/td>\n<td>1<\/td>\n<td>51:21<\/td>\n<td>16-2<\/td>\n<td><a href=\"http:\/\/bsv-ergebnisdienst.de\/?p1=0:pa:BK8-14\" target=\"_blank\" rel=\"noopener noreferrer\">1 von 10<\/a><\/td>\n<\/tr>\n<tr>\n<td><a href=\"http:\/\/schachclub-emmendingen.badischer-schachverband.de\/index.php\/mannschaften\/2-mannschaft\/saison-2014\/\">2014<\/a><\/td>\n<td>Bezirksklasse<\/td>\n<td>6<\/td>\n<td>1<\/td>\n<td>2<\/td>\n<td>45,5:26,5<\/td>\n<td>13-5<\/td>\n<td><a href=\"http:\/\/bsv-ergebnisdienst.de\/?p1=0:pa:BK8-13\" target=\"_blank\" rel=\"noopener noreferrer\">3 von 10<\/a><\/td>\n<\/tr>\n<tr>\n<td><a href=\"\/index.php\/mannschaften\/2-mannschaft\/saison-2013\/\">2013<\/a><\/td>\n<td>Bezirksklasse<\/td>\n<td>6<\/td>\n<td>0<\/td>\n<td>3<\/td>\n<td>41,5:30,5<\/td>\n<td>12<\/td>\n<td><a href=\"http:\/\/www.bsv-ergebnisdienst.de\/?p1=0:pa:BK8-12\" target=\"_blank\" rel=\"noopener noreferrer\">4 von 10<\/a><\/td>\n<\/tr>\n<tr>\n<td><a href=\"\/index.php\/mannschaften\/2-mannschaft\/saison-2012\/\">2012<\/a><\/td>\n<td>Bezirksklasse<\/td>\n<td>6<\/td>\n<td>1<\/td>\n<td>2<\/td>\n<td>43,5:28,5<\/td>\n<td>19<\/td>\n<td><a href=\"http:\/\/www.bsv-ergebnisdienst.de\/?p1=0:pa:BK8-11\" target=\"_blank\" rel=\"noopener noreferrer\">4 von 10<\/a><\/td>\n<\/tr>\n<tr>\n<td><a href=\"\/index.php\/mannschaften\/2-mannschaft\/saison-2011\/\">2011<\/a><\/td>\n<td>Bezirksklasse<\/td>\n<td>2<\/td>\n<td>2<\/td>\n<td>5<\/td>\n<td>30:42<\/td>\n<td>8<\/td>\n<td><a href=\"http:\/\/www.bsv-ergebnisdienst.de\/?p1=0:pa:BK8-10\" target=\"_blank\" rel=\"noopener noreferrer\">8 von 10<\/a><\/td>\n<\/tr>\n<tr>\n<td class=\"aufstieg\"><a href=\"\/index.php\/mannschaften\/2-mannschaft\/saison-2010\/\">2010<\/a><\/td>\n<td>Kreisklasse A<\/td>\n<td>6<\/td>\n<td>0<\/td>\n<td>3<\/td>\n<td>48,5:23,5<\/td>\n<td>18<\/td>\n<td><a href=\"http:\/\/www.bsv-ergebnisdienst.de\/?p1=0:pa:KK8A-09\" target=\"_blank\" rel=\"noopener noreferrer\">3 von 10<\/a><\/td>\n<\/tr>\n<tr>\n<td><a href=\"\/index.php\/mannschaften\/2-mannschaft\/saison-2009\/\">2009<\/a><\/td>\n<td>Kreisklasse A<\/td>\n<td>3<\/td>\n<td>2<\/td>\n<td>4<\/td>\n<td>35,5:36,5<\/td>\n<td>11<\/td>\n<td><a href=\"http:\/\/bsv-ergebnisdienst.de\/?p1=0:pa:KK8A-08\" target=\"_blank\" rel=\"noopener noreferrer\">7 von 10<\/a><\/td>\n<\/tr>\n<\/tbody>\n<\/table>\n<p>&nbsp;<\/p>\n","protected":false},"excerpt":{"rendered":"<p>Nach mehreren Anl\u00e4ufen gelang in der Saison 2014\/15 endlich der Aufstieg in die Bereichsliga S\u00fcd. Hier spielte die Zweite in der Staffel 3 und hatte in der gesamten Saison kein Spiel verloren. Der direkte Verfolger Dreil\u00e4ndereck 2 konnte in der 7. Runde besiegt werden. Nach diesem Durchmarsch durch die Bereichsliga hatte die 2. Mannschaft als &hellip; <a href=\"http:\/\/schachclub-emmendingen.badischer-schachverband.de\/index.php\/mannschaften\/2-mannschaft\/\" class=\"more-link\"><span class=\"screen-reader-text\">2. Mannschaft<\/span> weiterlesen <span class=\"meta-nav\">&rarr;<\/span><\/a><\/p>\n","protected":false},"author":4,"featured_media":0,"parent":162,"menu_order":0,"comment_status":"closed","ping_status":"closed","template":"","meta":{"footnotes":""},"class_list":["post-139","page","type-page","status-publish","hentry"],"_links":{"self":[{"href":"http:\/\/schachclub-emmendingen.badischer-schachverband.de\/index.php\/wp-json\/wp\/v2\/pages\/139","targetHints":{"allow":["GET"]}}],"collection":[{"href":"http:\/\/schachclub-emmendingen.badischer-schachverband.de\/index.php\/wp-json\/wp\/v2\/pages"}],"about":[{"href":"http:\/\/schachclub-emmendingen.badischer-schachverband.de\/index.php\/wp-json\/wp\/v2\/types\/page"}],"author":[{"embeddable":true,"href":"http:\/\/schachclub-emmendingen.badischer-schachverband.de\/index.php\/wp-json\/wp\/v2\/users\/4"}],"replies":[{"embeddable":true,"href":"http:\/\/schachclub-emmendingen.badischer-schachverband.de\/index.php\/wp-json\/wp\/v2\/comments?post=139"}],"version-history":[{"count":11,"href":"http:\/\/schachclub-emmendingen.badischer-schachverband.de\/index.php\/wp-json\/wp\/v2\/pages\/139\/revisions"}],"predecessor-version":[{"id":9031,"href":"http:\/\/schachclub-emmendingen.badischer-schachverband.de\/index.php\/wp-json\/wp\/v2\/pages\/139\/revisions\/9031"}],"up":[{"embeddable":true,"href":"http:\/\/schachclub-emmendingen.badischer-schachverband.de\/index.php\/wp-json\/wp\/v2\/pages\/162"}],"wp:attachment":[{"href":"http:\/\/schachclub-emmendingen.badischer-schachverband.de\/index.php\/wp-json\/wp\/v2\/media?parent=139"}],"curies":[{"name":"wp","href":"https:\/\/api.w.org\/{rel}","templated":true}]}}